{"id":9570,"date":"2020-07-29T02:34:44","date_gmt":"2020-07-29T07:34:44","guid":{"rendered":"http:\/\/www.clinicaazul.co\/?page_id=9570"},"modified":"2025-08-13T17:32:06","modified_gmt":"2025-08-13T22:32:06","slug":"trabaja-con-nosotros","status":"publish","type":"page","link":"https:\/\/azulcima.com\/index.php\/trabaja-con-nosotros\/","title":{"rendered":"Trabaja con nosotros"},"content":{"rendered":"<div class=\"wpb-content-wrapper\"><p>[vc_row full_width=&#8221;stretch_row&#8221; tlg_large_container=&#8221;extra-container&#8221; tlg_padding=&#8221;pt180 pb180 pt-xs-80 pb-xs-80&#8243; css=&#8221;.vc_custom_1598104723918{background: #ffffff url(http:\/\/azulcima.com\/wp-content\/uploads\/2020\/08\/Banner_trabaja.jpg?id=9834) !important;}&#8221;][vc_column]<div class=\"tlg-spacer  \" data-height=\"80\" data-height-tablet=\"60\" data-height-mobile=\"50\" style=\"clear:both;display:block;height:80px;\"><\/div>[\/vc_column][\/vc_row][vc_row css_animation=&#8221;slideInUp&#8221; tlg_padding=&#8221;pb0&#8243; css=&#8221;.vc_custom_1590698168137{background-color: #ffffff !important;}&#8221;][vc_column]<div class=\"headings-title \"><div class=\"mb0 mb-xs-40 text-left\"><h1 style=\"color:#00498b!important;font-size:52px;line-height:62px;letter-spacing:1px!important;text-transform: none!important;\" class=\"widgettitle mb0\">Trabaja con nosotros<\/h1><\/div><\/div>[\/vc_column][\/vc_row][vc_row tlg_padding=&#8221;pb0&#8243;][vc_column][vc_column_text]\u00danete al mejor equipo de profesionales de la salud, que d\u00eda a d\u00eda trabajan por la salud de los colombianos con la m\u00e1s alta tecnolog\u00eda y el respaldo que MedPlus Holding Group puede dar. Env\u00edanos tu hoja de vida.[\/vc_column_text][\/vc_column][\/vc_row][vc_row full_width=&#8221;stretch_row_content&#8221; tlg_padding=&#8221;pb0&#8243;][vc_column][vc_single_image image=&#8221;9784&#8243; img_size=&#8221;full&#8221; alignment=&#8221;center&#8221; style=&#8221;vc_box_shadow_3d&#8221;][\/vc_column][\/vc_row][vc_row tlg_padding=&#8221;pb0&#8243; css=&#8221;.vc_custom_1596218867043{padding-bottom: 5px !important;}&#8221;][vc_column width=&#8221;1\/6&#8243;][\/vc_column][vc_column width=&#8221;1\/6&#8243;][\/vc_column][vc_column width=&#8221;1\/6&#8243;]<div class=\"tlg-spacer  \" data-height=\"10\" data-height-tablet=\"7\" data-height-mobile=\"3\" style=\"clear:both;display:block;height:10px;\"><\/div>[vc_single_image image=&#8221;9571&#8243; img_size=&#8221;200&#215;57&#8243; alignment=&#8221;center&#8221; onclick=&#8221;custom_link&#8221; img_link_target=&#8221;_blank&#8221; css_animation=&#8221;fadeInUp&#8221; link=&#8221;https:\/\/www.elempleo.com\/co\/base-empresarial\/medplus\/1336449116&#8243; el_class=&#8221;boton_imagen&#8221;][\/vc_column][vc_column width=&#8221;1\/6&#8243;][vc_single_image image=&#8221;9572&#8243; img_size=&#8221;70*70&#8243; alignment=&#8221;center&#8221; onclick=&#8221;custom_link&#8221; img_link_target=&#8221;_blank&#8221; css_animation=&#8221;fadeInUp&#8221; link=&#8221;https:\/\/www.linkedin.com\/company\/cl%C3%ADnica-azul\/&#8221; el_class=&#8221;boton_imagen&#8221;][\/vc_column][vc_column width=&#8221;1\/6&#8243;][\/vc_column][vc_column width=&#8221;1\/6&#8243;][\/vc_column][\/vc_row][vc_row tlg_padding=&#8221;pb0&#8243;][vc_column width=&#8221;1\/4&#8243;][\/vc_column][vc_column width=&#8221;1\/2&#8243;][vc_column_text]<strong>Para la comunicaci\u00f3n con el \u00e1rea de n\u00f3mina del personal retirado:<\/strong><\/p>\n<ul>\n<li>Celular Corporativo N\u00f3mina: 3183473929<\/li>\n<li>Correo Electr\u00f3nico Institucional:\u00a0<a href=\"mailto:nominacsc@cienogroup.com\" target=\"_blank\" rel=\"noopener noreferrer\">nominacsc@<wbr \/>cienogroup.com<\/a><\/li>\n<li>Direcci\u00f3n de Correspondencia: Carrera 65 No. 9 A &#8211; 75<\/li>\n<li>Tel\u00e9fono fijo: 7477222 Ext 131<\/li>\n<li>Para trabaje con nosotros y remisi\u00f3n de HV el correo es\u00a0<a title=\"mailto:talentoscieno@cienogroup.com\" href=\"mailto:talentoscieno@cienogroup.com\" target=\"_blank\" rel=\"noopener noreferrer\">talentoscieno@cienogroup.<wbr \/>com<\/a><\/li>\n<\/ul>\n<p>[\/vc_column_text]<div class=\"tlg-spacer  \" data-height=\"20\" data-height-tablet=\"15\" data-height-mobile=\"12\" style=\"clear:both;display:block;height:20px;\"><\/div>[\/vc_column][vc_column width=&#8221;1\/4&#8243;][\/vc_column][\/vc_row]<\/p>\n<\/div>","protected":false},"excerpt":{"rendered":"<p>[vc_row full_width=&#8221;stretch_row&#8221; tlg_large_container=&#8221;extra-container&#8221; tlg_padding=&#8221;pt180 pb180 pt-xs-80 pb-xs-80&#8243; css=&#8221;.vc_custom_1598104723918{background: #ffffff url(http:\/\/azulcima.com\/wp-content\/uploads\/2020\/08\/Banner_trabaja.jpg?id=9834) !important;}&#8221;][vc_column][\/vc_column][\/vc_row][vc_row css_animation=&#8221;slideInUp&#8221; tlg_padding=&#8221;pb0&#8243; css=&#8221;.vc_custom_1590698168137{background-color: #ffffff !important;}&#8221;][vc_column][\/vc_column][\/vc_row][vc_row tlg_padding=&#8221;pb0&#8243;][vc_column][vc_column_text]\u00danete al mejor equipo de profesionales de la salud, que d\u00eda a d\u00eda trabajan por la salud de los colombianos con la m\u00e1s alta tecnolog\u00eda y el respaldo que MedPlus Holding Group puede dar. Env\u00edanos tu hoja de vida.[\/vc_column_text][\/vc_column][\/vc_row][vc_row&#8230;<\/p>\n","protected":false},"author":3,"featured_media":0,"parent":0,"menu_order":0,"comment_status":"closed","ping_status":"closed","template":"","meta":{"footnotes":""},"class_list":["post-9570","page","type-page","status-publish","hentry"],"yoast_head":"<!-- This site is optimized with the Yoast SEO plugin v23.5 - https:\/\/yoast.com\/wordpress\/plugins\/seo\/ -->\n<title>Trabaja con nosotros | Azul Cima | Servisalud urgencias<\/title>\n<meta name=\"description\" content=\"\u00danete al mejor equipo de profesionales de la salud, que d\u00eda a d\u00eda trabajan por la salud de los colombianos. Trabaja con nosotros\" \/>\n<meta name=\"robots\" content=\"index, follow, max-snippet:-1, max-image-preview:large, max-video-preview:-1\" \/>\n<link rel=\"canonical\" href=\"https:\/\/azulcima.com\/index.php\/trabaja-con-nosotros\/\" \/>\n<meta property=\"og:locale\" content=\"es_ES\" \/>\n<meta property=\"og:type\" content=\"article\" \/>\n<meta property=\"og:title\" content=\"Trabaja con nosotros | Azul Cima | Servisalud urgencias\" \/>\n<meta property=\"og:description\" content=\"\u00danete al mejor equipo de profesionales de la salud, que d\u00eda a d\u00eda trabajan por la salud de los colombianos. Trabaja con nosotros\" \/>\n<meta property=\"og:url\" content=\"https:\/\/azulcima.com\/index.php\/trabaja-con-nosotros\/\" \/>\n<meta property=\"og:site_name\" content=\"M\u00e1s que una cl\u00ednica, una experiencia en salud | Azul Cima\" \/>\n<meta property=\"article:modified_time\" content=\"2025-08-13T22:32:06+00:00\" \/>\n<meta name=\"twitter:card\" content=\"summary_large_image\" \/>\n<meta name=\"twitter:label1\" content=\"Tiempo de lectura\" \/>\n\t<meta name=\"twitter:data1\" content=\"2 minutos\" \/>\n<script type=\"application\/ld+json\" class=\"yoast-schema-graph\">{\"@context\":\"https:\/\/schema.org\",\"@graph\":[{\"@type\":\"WebPage\",\"@id\":\"https:\/\/azulcima.com\/index.php\/trabaja-con-nosotros\/\",\"url\":\"https:\/\/azulcima.com\/index.php\/trabaja-con-nosotros\/\",\"name\":\"Trabaja con nosotros | Azul Cima | Servisalud urgencias\",\"isPartOf\":{\"@id\":\"https:\/\/azulcima.com\/#website\"},\"datePublished\":\"2020-07-29T07:34:44+00:00\",\"dateModified\":\"2025-08-13T22:32:06+00:00\",\"description\":\"\u00danete al mejor equipo de profesionales de la salud, que d\u00eda a d\u00eda trabajan por la salud de los colombianos. Trabaja con nosotros\",\"breadcrumb\":{\"@id\":\"https:\/\/azulcima.com\/index.php\/trabaja-con-nosotros\/#breadcrumb\"},\"inLanguage\":\"es-CO\",\"potentialAction\":[{\"@type\":\"ReadAction\",\"target\":[\"https:\/\/azulcima.com\/index.php\/trabaja-con-nosotros\/\"]}]},{\"@type\":\"BreadcrumbList\",\"@id\":\"https:\/\/azulcima.com\/index.php\/trabaja-con-nosotros\/#breadcrumb\",\"itemListElement\":[{\"@type\":\"ListItem\",\"position\":1,\"name\":\"Home\",\"item\":\"https:\/\/azulcima.com\/\"},{\"@type\":\"ListItem\",\"position\":2,\"name\":\"Trabaja con nosotros\"}]},{\"@type\":\"WebSite\",\"@id\":\"https:\/\/azulcima.com\/#website\",\"url\":\"https:\/\/azulcima.com\/\",\"name\":\"M\u00e1s que una cl\u00ednica, una experiencia en salud | Azul Cima\",\"description\":\"M\u00e1s que una cl\u00ednica, una experiencia en salud |  Somos Azul Cima una de las m\u00e1s innovadoras de Colombia, pensada para brindarte una experiencia en Salud, con servicios de alta complejidad.\",\"publisher\":{\"@id\":\"https:\/\/azulcima.com\/#organization\"},\"potentialAction\":[{\"@type\":\"SearchAction\",\"target\":{\"@type\":\"EntryPoint\",\"urlTemplate\":\"https:\/\/azulcima.com\/?s={search_term_string}\"},\"query-input\":{\"@type\":\"PropertyValueSpecification\",\"valueRequired\":true,\"valueName\":\"search_term_string\"}}],\"inLanguage\":\"es-CO\"},{\"@type\":\"Organization\",\"@id\":\"https:\/\/azulcima.com\/#organization\",\"name\":\"Clinica Azul - Una Experiencia en Salud\",\"url\":\"https:\/\/azulcima.com\/\",\"logo\":{\"@type\":\"ImageObject\",\"inLanguage\":\"es-CO\",\"@id\":\"https:\/\/azulcima.com\/#\/schema\/logo\/image\/\",\"url\":\"http:\/\/azulcima.com\/wp-content\/uploads\/2020\/05\/logo_clinicaAzul_color2X.png\",\"contentUrl\":\"http:\/\/azulcima.com\/wp-content\/uploads\/2020\/05\/logo_clinicaAzul_color2X.png\",\"width\":664,\"height\":132,\"caption\":\"Clinica Azul - Una Experiencia en Salud\"},\"image\":{\"@id\":\"https:\/\/azulcima.com\/#\/schema\/logo\/image\/\"}}]}<\/script>\n<!-- \/ Yoast SEO plugin. -->","yoast_head_json":{"title":"Trabaja con nosotros | Azul Cima | Servisalud urgencias","description":"\u00danete al mejor equipo de profesionales de la salud, que d\u00eda a d\u00eda trabajan por la salud de los colombianos. Trabaja con nosotros","robots":{"index":"index","follow":"follow","max-snippet":"max-snippet:-1","max-image-preview":"max-image-preview:large","max-video-preview":"max-video-preview:-1"},"canonical":"https:\/\/azulcima.com\/index.php\/trabaja-con-nosotros\/","og_locale":"es_ES","og_type":"article","og_title":"Trabaja con nosotros | Azul Cima | Servisalud urgencias","og_description":"\u00danete al mejor equipo de profesionales de la salud, que d\u00eda a d\u00eda trabajan por la salud de los colombianos. Trabaja con nosotros","og_url":"https:\/\/azulcima.com\/index.php\/trabaja-con-nosotros\/","og_site_name":"M\u00e1s que una cl\u00ednica, una experiencia en salud | Azul Cima","article_modified_time":"2025-08-13T22:32:06+00:00","twitter_card":"summary_large_image","twitter_misc":{"Tiempo de lectura":"2 minutos"},"schema":{"@context":"https:\/\/schema.org","@graph":[{"@type":"WebPage","@id":"https:\/\/azulcima.com\/index.php\/trabaja-con-nosotros\/","url":"https:\/\/azulcima.com\/index.php\/trabaja-con-nosotros\/","name":"Trabaja con nosotros | Azul Cima | Servisalud urgencias","isPartOf":{"@id":"https:\/\/azulcima.com\/#website"},"datePublished":"2020-07-29T07:34:44+00:00","dateModified":"2025-08-13T22:32:06+00:00","description":"\u00danete al mejor equipo de profesionales de la salud, que d\u00eda a d\u00eda trabajan por la salud de los colombianos. Trabaja con nosotros","breadcrumb":{"@id":"https:\/\/azulcima.com\/index.php\/trabaja-con-nosotros\/#breadcrumb"},"inLanguage":"es-CO","potentialAction":[{"@type":"ReadAction","target":["https:\/\/azulcima.com\/index.php\/trabaja-con-nosotros\/"]}]},{"@type":"BreadcrumbList","@id":"https:\/\/azulcima.com\/index.php\/trabaja-con-nosotros\/#breadcrumb","itemListElement":[{"@type":"ListItem","position":1,"name":"Home","item":"https:\/\/azulcima.com\/"},{"@type":"ListItem","position":2,"name":"Trabaja con nosotros"}]},{"@type":"WebSite","@id":"https:\/\/azulcima.com\/#website","url":"https:\/\/azulcima.com\/","name":"M\u00e1s que una cl\u00ednica, una experiencia en salud | Azul Cima","description":"M\u00e1s que una cl\u00ednica, una experiencia en salud |  Somos Azul Cima una de las m\u00e1s innovadoras de Colombia, pensada para brindarte una experiencia en Salud, con servicios de alta complejidad.","publisher":{"@id":"https:\/\/azulcima.com\/#organization"},"potentialAction":[{"@type":"SearchAction","target":{"@type":"EntryPoint","urlTemplate":"https:\/\/azulcima.com\/?s={search_term_string}"},"query-input":{"@type":"PropertyValueSpecification","valueRequired":true,"valueName":"search_term_string"}}],"inLanguage":"es-CO"},{"@type":"Organization","@id":"https:\/\/azulcima.com\/#organization","name":"Clinica Azul - Una Experiencia en Salud","url":"https:\/\/azulcima.com\/","logo":{"@type":"ImageObject","inLanguage":"es-CO","@id":"https:\/\/azulcima.com\/#\/schema\/logo\/image\/","url":"http:\/\/azulcima.com\/wp-content\/uploads\/2020\/05\/logo_clinicaAzul_color2X.png","contentUrl":"http:\/\/azulcima.com\/wp-content\/uploads\/2020\/05\/logo_clinicaAzul_color2X.png","width":664,"height":132,"caption":"Clinica Azul - Una Experiencia en Salud"},"image":{"@id":"https:\/\/azulcima.com\/#\/schema\/logo\/image\/"}}]}},"_links":{"self":[{"href":"https:\/\/azulcima.com\/index.php\/wp-json\/wp\/v2\/pages\/9570"}],"collection":[{"href":"https:\/\/azulcima.com\/index.php\/wp-json\/wp\/v2\/pages"}],"about":[{"href":"https:\/\/azulcima.com\/index.php\/wp-json\/wp\/v2\/types\/page"}],"author":[{"embeddable":true,"href":"https:\/\/azulcima.com\/index.php\/wp-json\/wp\/v2\/users\/3"}],"replies":[{"embeddable":true,"href":"https:\/\/azulcima.com\/index.php\/wp-json\/wp\/v2\/comments?post=9570"}],"version-history":[{"count":42,"href":"https:\/\/azulcima.com\/index.php\/wp-json\/wp\/v2\/pages\/9570\/revisions"}],"predecessor-version":[{"id":10225,"href":"https:\/\/azulcima.com\/index.php\/wp-json\/wp\/v2\/pages\/9570\/revisions\/10225"}],"wp:attachment":[{"href":"https:\/\/azulcima.com\/index.php\/wp-json\/wp\/v2\/media?parent=9570"}],"curies":[{"name":"wp","href":"https:\/\/api.w.org\/{rel}","templated":true}]}}