{"id":9563,"date":"2020-07-29T18:09:10","date_gmt":"2020-07-29T23:09:10","guid":{"rendered":"http:\/\/www.clinicaazul.co\/?page_id=9563"},"modified":"2025-08-13T17:28:47","modified_gmt":"2025-08-13T22:28:47","slug":"protocolos-de-ingreso-y-visitas","status":"publish","type":"page","link":"https:\/\/azulcima.com\/index.php\/protocolos-de-ingreso-y-visitas\/","title":{"rendered":"Protocolos de ingreso y visitas"},"content":{"rendered":"<div class=\"wpb-content-wrapper\"><p>[vc_row full_width=&#8221;stretch_row&#8221; tlg_large_container=&#8221;extra-container&#8221; tlg_padding=&#8221;pt180 pb180 pt-xs-80 pb-xs-80&#8243; css=&#8221;.vc_custom_1754690342106{background: #ffffff url(https:\/\/azulcima.com\/wp-content\/uploads\/2025\/08\/banner_pacientes_y_familiares.png?id=11332) !important;}&#8221;][vc_column]<div class=\"tlg-spacer  \" data-height=\"80\" data-height-tablet=\"60\" data-height-mobile=\"50\" style=\"clear:both;display:block;height:80px;\"><\/div>[\/vc_column][\/vc_row][vc_row css_animation=&#8221;slideInUp&#8221; tlg_padding=&#8221;pb0&#8243; css=&#8221;.vc_custom_1590698168137{background-color: #ffffff !important;}&#8221;][vc_column]<div class=\"headings-title \"><div class=\"mb0 mb-xs-40 text-left\"><h1 style=\"color:#00498b!important;font-size:52px;line-height:62px;letter-spacing:1px!important;text-transform: none!important;\" class=\"widgettitle mb0\">Normas para Acompa\u00f1antes y Visitantes en Hospitalizaci\u00f3n<\/h1><\/div><\/div>[vc_row_inner content_placement=&#8221;middle&#8221; css=&#8221;.vc_custom_1751401014449{margin-top: 50px !important;margin-bottom: 0px !important;}&#8221;][vc_column_inner width=&#8221;1\/4&#8243;][\/vc_column_inner][vc_column_inner width=&#8221;1\/2&#8243;][vc_column_text css=&#8221;&#8221;]<\/p>\n<table class=\"aligncenter\" width=\"548\">\n<tbody>\n<tr>\n<td width=\"128\"><strong>SERVICIO<\/strong><\/td>\n<td width=\"419\"><strong>HORARIO<\/strong><\/td>\n<\/tr>\n<tr>\n<td width=\"128\"><strong>Hospitalizaci\u00f3n<\/strong><\/td>\n<td width=\"419\">lunes a Viernes\u00a0 8:00 a.m. a 7:00 p.m.<\/p>\n<p>Sabados, Domingo y festivos\u00a0 8:00 a.m. a 6:00 p.m.<\/td>\n<\/tr>\n<tr>\n<td width=\"128\"><strong>Unidad de cuidado intensivo<\/strong><\/td>\n<td width=\"419\">lunes a domingo: 10:30 am a 11:30 am y de 3:00 pm a 4:00 pm<\/td>\n<\/tr>\n<\/tbody>\n<\/table>\n<p>[\/vc_column_text][\/vc_column_inner][vc_column_inner width=&#8221;1\/4&#8243;][\/vc_column_inner][\/vc_row_inner][\/vc_column][\/vc_row][vc_row tlg_padding=&#8221;pb0&#8243; el_class=&#8221;fila_titulo_servicios fila_listado_protocolo&#8221; css=&#8221;.vc_custom_1596225470874{padding-bottom: 0px !important;background-color: #ffffff !important;}&#8221;][vc_column]<section class=\"box-content image-standard  \">\n\t\t\t\t\t\t    <div class=\"container p0-sm-min\">\n\t\t\t\t\t\t        <div class=\"row vertical-flex\">\n\t\t\t\t\t\t            <div class=\"col-md-4 col-sm-5 mb-xs-24 p0-sm-min\"><div class=\"primary-line\"><\/div><div class=\"intro-content-content\"><p>Para garantizar la seguridad y el bienestar de todos, damos a conocer las siguientes normas para acompa\u00f1antes y visitantes:<\/p>\n<ul>\n<li><strong>Registro obligatorio:<\/strong> Sin excepci\u00f3n todos los visitantes deben registrarse en la recepci\u00f3n principal al llegar para el control de seguridad.<\/li>\n<li><strong>Restricci\u00f3n de menores:<\/strong> No se permite la entrada a ni\u00f1os menores de 12 a\u00f1os en las \u00e1reas de hospitalizaci\u00f3n.<\/li>\n<li><strong>Prohibici\u00f3n de alimentos:<\/strong> No est\u00e1 permitido ingresar alimentos a las \u00e1reas de hospitalizaci\u00f3n.<\/li>\n<li><strong>Medidas de protecci\u00f3n personal:<\/strong> Durante el horario de visita el acompa\u00f1ante deber\u00e1 usar elementos de protecci\u00f3n (Tapabocas) y permanecer en la habitaci\u00f3n.<\/li>\n<li><strong>Compromiso con la bioseguridad:<\/strong> Es fundamental seguir los protocolos de bioseguridad de la cl\u00ednica y las indicaciones del personal sobre limpieza y desinfecci\u00f3n.<\/li>\n<li><strong>Uso de enseres y espacios del paciente:<\/strong> No esta permitido utilizar el ba\u00f1o de la habitaci\u00f3n del paciente, ni sentarse en la cama, por protecci\u00f3n al paciente<\/li>\n<\/ul>\n<p>\n<\/div><\/div>\n\t\t\t\t\t\t            <div class=\"col-md-7 col-md-offset-1 col-sm-6 col-sm-offset-1 text-center p0-sm-min border-radius-m shadow-img\">\n\t\t\t\t\t\t            \t<div class=\"intro-image\"><img loading=\"lazy\" decoding=\"async\" width=\"960\" height=\"640\" src=\"https:\/\/azulcima.com\/wp-content\/uploads\/2020\/08\/Hospitalizacion.jpg\" class=\"attachment-full size-full\" alt=\"venta-de-medicamentos\" srcset=\"https:\/\/azulcima.com\/wp-content\/uploads\/2020\/08\/Hospitalizacion.jpg 960w, https:\/\/azulcima.com\/wp-content\/uploads\/2020\/08\/Hospitalizacion-300x200.jpg 300w, https:\/\/azulcima.com\/wp-content\/uploads\/2020\/08\/Hospitalizacion-768x512.jpg 768w\" sizes=\"(max-width: 960px) 100vw, 960px\" \/><\/div>\n\t\t\t\t\t\t            <\/div>\n\t\t\t\t\t\t        <\/div>\n\t\t\t\t\t\t    <\/div>\n\t\t\t\t\t\t<\/section>[\/vc_column][\/vc_row][vc_row tlg_padding=&#8221;pb0&#8243; el_class=&#8221;fila_titulo_servicios fila_listado_protocolo&#8221; css=&#8221;.vc_custom_1596225477650{padding-bottom: 0px !important;background-color: #ffffff !important;}&#8221;][vc_column offset=&#8221;vc_hidden-sm vc_hidden-xs&#8221;]<section class=\"box-content image-standard  \">\n\t\t\t\t\t\t    <div class=\"container p0-sm-min\">\n\t\t\t\t\t\t        <div class=\"row vertical-flex\">\n\t\t\t\t\t\t            <div class=\"col-md-7 col-sm-6 text-center mb-xs-24 p0-sm-min border-radius-m shadow-img\">\n\t\t\t\t\t\t            \t<div class=\"intro-image\"><img loading=\"lazy\" decoding=\"async\" width=\"960\" height=\"640\" src=\"https:\/\/azulcima.com\/wp-content\/uploads\/2020\/08\/Infraestructura_05.jpg\" class=\"attachment-full size-full\" alt=\"venta-de-medicamentos\" srcset=\"https:\/\/azulcima.com\/wp-content\/uploads\/2020\/08\/Infraestructura_05.jpg 960w, https:\/\/azulcima.com\/wp-content\/uploads\/2020\/08\/Infraestructura_05-300x200.jpg 300w, https:\/\/azulcima.com\/wp-content\/uploads\/2020\/08\/Infraestructura_05-768x512.jpg 768w\" sizes=\"(max-width: 960px) 100vw, 960px\" \/><\/div>\n\t\t\t\t\t\t            <\/div>\n\t\t\t\t\t\t            <div class=\"col-md-4 col-md-offset-1 col-sm-5 col-sm-offset-1 p0-sm-min\"><h2  class=\"widgettitle mb8\">Normas Espec\u00edficas para Casos Especiales<\/h2><div class=\"primary-line\"><\/div><div class=\"intro-content-content\"><\/p>\n<ul>\n<li><strong>Pacientes en aislamiento hospitalario:<\/strong> Si se permite acompa\u00f1amiento permanente, el familiar debe seguir estrictamente las normas de bioseguridad indicadas.<\/li>\n<li><strong>Visitas a la Unidad de Cuidados Intensivos (UCI):<\/strong> Deber\u00e1 tener el cabello recogido, evitar joyas, no entrar con bolsos o carteras, y no usar celulares. Lavarse las manos al entrar y salir.<\/li>\n<li><strong>Informaci\u00f3n de pacientes en UCI:<\/strong> El especialista proporcionar\u00e1 informaci\u00f3n sobre el estado de salud entre las 10:30 a.m. y 11:30 a.m.<\/li>\n<\/ul>\n<ul>\n<li><strong>Pacientes en aislamiento hospitalario:<\/strong> Si se permite acompa\u00f1amiento permanente, el familiar debe seguir estrictamente las normas de bioseguridad indicadas.<\/li>\n<li><strong>Visitas a la Unidad de Cuidados Intensivos (UCI):<\/strong> Deber\u00e1 tener el cabello recogido, evitar joyas, no entrar con bolsos o carteras, y no usar celulares. Lavarse las manos al entrar y salir.<\/li>\n<li><strong>Informaci\u00f3n de pacientes en UCI:<\/strong> El especialista proporcionar\u00e1 informaci\u00f3n sobre el estado de salud entre las 10:30 a.m. y 11:30 a.m.<\/li>\n<\/ul>\n<p><strong>Acompa\u00f1amiento Permanente<\/strong><\/p>\n<p>Bajo los siguientes criterios tendr\u00e1 acompa\u00f1amiento permanente<\/p>\n<ul>\n<li>Pacientes con riesgo moderado o alto de ca\u00edda<\/li>\n<li>Pacientes con limitaciones en actividades b\u00e1sicas<\/li>\n<li>Pacientes con deterioro cognitivo, demencia o alguna discapacidad<\/li>\n<li>Adultos mayores (60 a\u00f1os o m\u00e1s)<\/li>\n<li>Y otras condiciones que el m\u00e9dico tratante considere necesarias<\/li>\n<\/ul>\n<p>\n<\/div><\/div>\n\t\t\t\t\t\t        <\/div>\n\t\t\t\t\t\t    <\/div>\n\t\t\t\t\t\t<\/section><script type=\"text\/javascript\">jQuery(document).ready(function(){jQuery('head').append('<style type=\"text\/css\" id=\"tlg-custom-css-btn-69df5240099e1\">#btn-69df5240099e1:hover{color:#565656!important;background:transparent!important;border-color:transparent!important;}<\/style>');});<\/script>[\/vc_column][\/vc_row][vc_row tlg_padding=&#8221;pb0&#8243; el_class=&#8221;fila_titulo&#8221; css=&#8221;.vc_custom_1590099864772{background-color: #ffffff !important;}&#8221;][vc_column]<div class=\"tlg-spacer  \" data-height=\"40\" data-height-tablet=\"30\" data-height-mobile=\"25\" style=\"clear:both;display:block;height:40px;\"><\/div>[\/vc_column][\/vc_row]<\/p>\n<\/div>","protected":false},"excerpt":{"rendered":"<p>[vc_row full_width=&#8221;stretch_row&#8221; tlg_large_container=&#8221;extra-container&#8221; tlg_padding=&#8221;pt180 pb180 pt-xs-80 pb-xs-80&#8243; css=&#8221;.vc_custom_1754690342106{background: #ffffff url(https:\/\/azulcima.com\/wp-content\/uploads\/2025\/08\/banner_pacientes_y_familiares.png?id=11332) !important;}&#8221;][vc_column][\/vc_column][\/vc_row][vc_row css_animation=&#8221;slideInUp&#8221; tlg_padding=&#8221;pb0&#8243; css=&#8221;.vc_custom_1590698168137{background-color: #ffffff !important;}&#8221;][vc_column][vc_row_inner content_placement=&#8221;middle&#8221; css=&#8221;.vc_custom_1751401014449{margin-top: 50px !important;margin-bottom: 0px !important;}&#8221;][vc_column_inner width=&#8221;1\/4&#8243;][\/vc_column_inner][vc_column_inner width=&#8221;1\/2&#8243;][vc_column_text css=&#8221;&#8221;] SERVICIO HORARIO Hospitalizaci\u00f3n lunes a Viernes\u00a0 8:00 a.m. a 7:00 p.m. Sabados, Domingo y festivos\u00a0 8:00 a.m. a 6:00 p.m. Unidad de cuidado intensivo lunes a domingo: 10:30 am a&#8230;<\/p>\n","protected":false},"author":3,"featured_media":0,"parent":0,"menu_order":0,"comment_status":"closed","ping_status":"closed","template":"","meta":{"footnotes":""},"class_list":["post-9563","page","type-page","status-publish","hentry"],"yoast_head":"<!-- This site is optimized with the Yoast SEO plugin v23.5 - https:\/\/yoast.com\/wordpress\/plugins\/seo\/ -->\n<title>Protocolos de ingreso y visitas | Azul Cima | Servisalud citas<\/title>\n<meta name=\"description\" content=\"Conoce los protocolos de ingreso y visitas que tenemos en Azul Cima para que tengas toda la informaci\u00f3n para tus visitas.\" \/>\n<meta name=\"robots\" content=\"index, follow, max-snippet:-1, max-image-preview:large, max-video-preview:-1\" \/>\n<link rel=\"canonical\" href=\"https:\/\/azulcima.com\/index.php\/protocolos-de-ingreso-y-visitas\/\" \/>\n<meta property=\"og:locale\" content=\"es_ES\" \/>\n<meta property=\"og:type\" content=\"article\" \/>\n<meta property=\"og:title\" content=\"Protocolos de ingreso y visitas | Azul Cima | Servisalud citas\" \/>\n<meta property=\"og:description\" content=\"Conoce los protocolos de ingreso y visitas que tenemos en Azul Cima para que tengas toda la informaci\u00f3n para tus visitas.\" \/>\n<meta property=\"og:url\" content=\"https:\/\/azulcima.com\/index.php\/protocolos-de-ingreso-y-visitas\/\" \/>\n<meta property=\"og:site_name\" content=\"M\u00e1s que una cl\u00ednica, una experiencia en salud | Azul Cima\" \/>\n<meta property=\"article:modified_time\" content=\"2025-08-13T22:28:47+00:00\" \/>\n<meta name=\"twitter:card\" content=\"summary_large_image\" \/>\n<meta name=\"twitter:label1\" content=\"Tiempo de lectura\" \/>\n\t<meta name=\"twitter:data1\" content=\"3 minutos\" \/>\n<script type=\"application\/ld+json\" class=\"yoast-schema-graph\">{\"@context\":\"https:\/\/schema.org\",\"@graph\":[{\"@type\":\"WebPage\",\"@id\":\"https:\/\/azulcima.com\/index.php\/protocolos-de-ingreso-y-visitas\/\",\"url\":\"https:\/\/azulcima.com\/index.php\/protocolos-de-ingreso-y-visitas\/\",\"name\":\"Protocolos de ingreso y visitas | Azul Cima | Servisalud citas\",\"isPartOf\":{\"@id\":\"https:\/\/azulcima.com\/#website\"},\"datePublished\":\"2020-07-29T23:09:10+00:00\",\"dateModified\":\"2025-08-13T22:28:47+00:00\",\"description\":\"Conoce los protocolos de ingreso y visitas que tenemos en Azul Cima para que tengas toda la informaci\u00f3n para tus visitas.\",\"breadcrumb\":{\"@id\":\"https:\/\/azulcima.com\/index.php\/protocolos-de-ingreso-y-visitas\/#breadcrumb\"},\"inLanguage\":\"es-CO\",\"potentialAction\":[{\"@type\":\"ReadAction\",\"target\":[\"https:\/\/azulcima.com\/index.php\/protocolos-de-ingreso-y-visitas\/\"]}]},{\"@type\":\"BreadcrumbList\",\"@id\":\"https:\/\/azulcima.com\/index.php\/protocolos-de-ingreso-y-visitas\/#breadcrumb\",\"itemListElement\":[{\"@type\":\"ListItem\",\"position\":1,\"name\":\"Home\",\"item\":\"https:\/\/azulcima.com\/\"},{\"@type\":\"ListItem\",\"position\":2,\"name\":\"Protocolos de ingreso y visitas\"}]},{\"@type\":\"WebSite\",\"@id\":\"https:\/\/azulcima.com\/#website\",\"url\":\"https:\/\/azulcima.com\/\",\"name\":\"M\u00e1s que una cl\u00ednica, una experiencia en salud | Azul Cima\",\"description\":\"M\u00e1s que una cl\u00ednica, una experiencia en salud |  Somos Azul Cima una de las m\u00e1s innovadoras de Colombia, pensada para brindarte una experiencia en Salud, con servicios de alta complejidad.\",\"publisher\":{\"@id\":\"https:\/\/azulcima.com\/#organization\"},\"potentialAction\":[{\"@type\":\"SearchAction\",\"target\":{\"@type\":\"EntryPoint\",\"urlTemplate\":\"https:\/\/azulcima.com\/?s={search_term_string}\"},\"query-input\":{\"@type\":\"PropertyValueSpecification\",\"valueRequired\":true,\"valueName\":\"search_term_string\"}}],\"inLanguage\":\"es-CO\"},{\"@type\":\"Organization\",\"@id\":\"https:\/\/azulcima.com\/#organization\",\"name\":\"Clinica Azul - Una Experiencia en Salud\",\"url\":\"https:\/\/azulcima.com\/\",\"logo\":{\"@type\":\"ImageObject\",\"inLanguage\":\"es-CO\",\"@id\":\"https:\/\/azulcima.com\/#\/schema\/logo\/image\/\",\"url\":\"http:\/\/azulcima.com\/wp-content\/uploads\/2020\/05\/logo_clinicaAzul_color2X.png\",\"contentUrl\":\"http:\/\/azulcima.com\/wp-content\/uploads\/2020\/05\/logo_clinicaAzul_color2X.png\",\"width\":664,\"height\":132,\"caption\":\"Clinica Azul - Una Experiencia en Salud\"},\"image\":{\"@id\":\"https:\/\/azulcima.com\/#\/schema\/logo\/image\/\"}}]}<\/script>\n<!-- \/ Yoast SEO plugin. -->","yoast_head_json":{"title":"Protocolos de ingreso y visitas | Azul Cima | Servisalud citas","description":"Conoce los protocolos de ingreso y visitas que tenemos en Azul Cima para que tengas toda la informaci\u00f3n para tus visitas.","robots":{"index":"index","follow":"follow","max-snippet":"max-snippet:-1","max-image-preview":"max-image-preview:large","max-video-preview":"max-video-preview:-1"},"canonical":"https:\/\/azulcima.com\/index.php\/protocolos-de-ingreso-y-visitas\/","og_locale":"es_ES","og_type":"article","og_title":"Protocolos de ingreso y visitas | Azul Cima | Servisalud citas","og_description":"Conoce los protocolos de ingreso y visitas que tenemos en Azul Cima para que tengas toda la informaci\u00f3n para tus visitas.","og_url":"https:\/\/azulcima.com\/index.php\/protocolos-de-ingreso-y-visitas\/","og_site_name":"M\u00e1s que una cl\u00ednica, una experiencia en salud | Azul Cima","article_modified_time":"2025-08-13T22:28:47+00:00","twitter_card":"summary_large_image","twitter_misc":{"Tiempo de lectura":"3 minutos"},"schema":{"@context":"https:\/\/schema.org","@graph":[{"@type":"WebPage","@id":"https:\/\/azulcima.com\/index.php\/protocolos-de-ingreso-y-visitas\/","url":"https:\/\/azulcima.com\/index.php\/protocolos-de-ingreso-y-visitas\/","name":"Protocolos de ingreso y visitas | Azul Cima | Servisalud citas","isPartOf":{"@id":"https:\/\/azulcima.com\/#website"},"datePublished":"2020-07-29T23:09:10+00:00","dateModified":"2025-08-13T22:28:47+00:00","description":"Conoce los protocolos de ingreso y visitas que tenemos en Azul Cima para que tengas toda la informaci\u00f3n para tus visitas.","breadcrumb":{"@id":"https:\/\/azulcima.com\/index.php\/protocolos-de-ingreso-y-visitas\/#breadcrumb"},"inLanguage":"es-CO","potentialAction":[{"@type":"ReadAction","target":["https:\/\/azulcima.com\/index.php\/protocolos-de-ingreso-y-visitas\/"]}]},{"@type":"BreadcrumbList","@id":"https:\/\/azulcima.com\/index.php\/protocolos-de-ingreso-y-visitas\/#breadcrumb","itemListElement":[{"@type":"ListItem","position":1,"name":"Home","item":"https:\/\/azulcima.com\/"},{"@type":"ListItem","position":2,"name":"Protocolos de ingreso y visitas"}]},{"@type":"WebSite","@id":"https:\/\/azulcima.com\/#website","url":"https:\/\/azulcima.com\/","name":"M\u00e1s que una cl\u00ednica, una experiencia en salud | Azul Cima","description":"M\u00e1s que una cl\u00ednica, una experiencia en salud |  Somos Azul Cima una de las m\u00e1s innovadoras de Colombia, pensada para brindarte una experiencia en Salud, con servicios de alta complejidad.","publisher":{"@id":"https:\/\/azulcima.com\/#organization"},"potentialAction":[{"@type":"SearchAction","target":{"@type":"EntryPoint","urlTemplate":"https:\/\/azulcima.com\/?s={search_term_string}"},"query-input":{"@type":"PropertyValueSpecification","valueRequired":true,"valueName":"search_term_string"}}],"inLanguage":"es-CO"},{"@type":"Organization","@id":"https:\/\/azulcima.com\/#organization","name":"Clinica Azul - Una Experiencia en Salud","url":"https:\/\/azulcima.com\/","logo":{"@type":"ImageObject","inLanguage":"es-CO","@id":"https:\/\/azulcima.com\/#\/schema\/logo\/image\/","url":"http:\/\/azulcima.com\/wp-content\/uploads\/2020\/05\/logo_clinicaAzul_color2X.png","contentUrl":"http:\/\/azulcima.com\/wp-content\/uploads\/2020\/05\/logo_clinicaAzul_color2X.png","width":664,"height":132,"caption":"Clinica Azul - Una Experiencia en Salud"},"image":{"@id":"https:\/\/azulcima.com\/#\/schema\/logo\/image\/"}}]}},"_links":{"self":[{"href":"https:\/\/azulcima.com\/index.php\/wp-json\/wp\/v2\/pages\/9563"}],"collection":[{"href":"https:\/\/azulcima.com\/index.php\/wp-json\/wp\/v2\/pages"}],"about":[{"href":"https:\/\/azulcima.com\/index.php\/wp-json\/wp\/v2\/types\/page"}],"author":[{"embeddable":true,"href":"https:\/\/azulcima.com\/index.php\/wp-json\/wp\/v2\/users\/3"}],"replies":[{"embeddable":true,"href":"https:\/\/azulcima.com\/index.php\/wp-json\/wp\/v2\/comments?post=9563"}],"version-history":[{"count":16,"href":"https:\/\/azulcima.com\/index.php\/wp-json\/wp\/v2\/pages\/9563\/revisions"}],"predecessor-version":[{"id":11356,"href":"https:\/\/azulcima.com\/index.php\/wp-json\/wp\/v2\/pages\/9563\/revisions\/11356"}],"wp:attachment":[{"href":"https:\/\/azulcima.com\/index.php\/wp-json\/wp\/v2\/media?parent=9563"}],"curies":[{"name":"wp","href":"https:\/\/api.w.org\/{rel}","templated":true}]}}