{"id":9538,"date":"2020-07-27T12:14:45","date_gmt":"2020-07-27T17:14:45","guid":{"rendered":"http:\/\/www.clinicaazul.co\/?page_id=9538"},"modified":"2025-08-13T17:05:14","modified_gmt":"2025-08-13T22:05:14","slug":"pqrs","status":"publish","type":"page","link":"https:\/\/azulcima.com\/index.php\/pqrs\/","title":{"rendered":"PQRS"},"content":{"rendered":"<div class=\"wpb-content-wrapper\"><p>[vc_row full_width=&#8221;stretch_row&#8221; tlg_large_container=&#8221;extra-container&#8221; tlg_padding=&#8221;pt180 pb180 pt-xs-80 pb-xs-80&#8243; css=&#8221;.vc_custom_1596567499697{background: #ffffff url(http:\/\/www.clinicaazul.co\/wp-content\/uploads\/2020\/08\/Banner_pqr.jpg?id=9832) !important;}&#8221;][vc_column]<div class=\"tlg-spacer  \" data-height=\"80\" data-height-tablet=\"60\" data-height-mobile=\"50\" style=\"clear:both;display:block;height:80px;\"><\/div>[\/vc_column][\/vc_row][vc_row css_animation=&#8221;slideInUp&#8221; tlg_padding=&#8221;pb0&#8243; css=&#8221;.vc_custom_1590698168137{background-color: #ffffff !important;}&#8221;][vc_column]<div class=\"headings-title \"><div class=\"mb0 mb-xs-40 text-left\"><h1 style=\"color:#00498b!important;font-size:52px;line-height:62px;letter-spacing:1px!important;text-transform: none!important;\" class=\"widgettitle mb0\">PQRS<\/h1><\/div><\/div>[\/vc_column][\/vc_row][vc_row][vc_column][vc_column_text]Tu opini\u00f3n es muy importante para nosotros. En la Cl\u00ednica Santa M\u00f3nica queremos recibir tus comentarios, quejas o felicitaciones a trav\u00e9s de nuestro canal de PQRS, siempre con el animo de continuar nuestra b\u00fasqueda de la excelencia[\/vc_column_text]<div class=\"tlg-spacer  \" data-height=\"40\" data-height-tablet=\"30\" data-height-mobile=\"25\" style=\"clear:both;display:block;height:40px;\"><\/div><div class=\" wpb_animate_when_almost_visible wpb_fadeInUp fadeInUp text-center\"><a style=\"color:#ffffff;background:#004988;border-color:transparent;\" id=\"btn-6a035f6635674\" class=\"btn btn-lg  hvr-pop btn-sm-sm\" href= \"http:\/\/formpqr.medplus.com.co\/\" target='_blank' >Felicitaciones, quejas y reclamos<\/a><\/div><script type=\"text\/javascript\">jQuery(document).ready(function(){jQuery('head').append('<style type=\"text\/css\" id=\"tlg-custom-css-btn-6a035f6635674\">#btn-6a035f6635674:hover{color:#ffffff!important;background:#004988!important;border-color:transparent!important;}<\/style>');});<\/script>[\/vc_column][\/vc_row]<\/p>\n<\/div>","protected":false},"excerpt":{"rendered":"<p>[vc_row full_width=&#8221;stretch_row&#8221; tlg_large_container=&#8221;extra-container&#8221; tlg_padding=&#8221;pt180 pb180 pt-xs-80 pb-xs-80&#8243; css=&#8221;.vc_custom_1596567499697{background: #ffffff url(http:\/\/www.clinicaazul.co\/wp-content\/uploads\/2020\/08\/Banner_pqr.jpg?id=9832) !important;}&#8221;][vc_column][\/vc_column][\/vc_row][vc_row css_animation=&#8221;slideInUp&#8221; tlg_padding=&#8221;pb0&#8243; css=&#8221;.vc_custom_1590698168137{background-color: #ffffff !important;}&#8221;][vc_column][\/vc_column][\/vc_row][vc_row][vc_column][vc_column_text]Tu opini\u00f3n es muy importante para nosotros. En la Cl\u00ednica Santa M\u00f3nica queremos recibir tus comentarios, quejas o felicitaciones a trav\u00e9s de nuestro canal de PQRS, siempre con el animo de continuar nuestra b\u00fasqueda de la excelencia[\/vc_column_text][\/vc_column][\/vc_row]<\/p>\n","protected":false},"author":3,"featured_media":0,"parent":0,"menu_order":0,"comment_status":"closed","ping_status":"closed","template":"","meta":{"footnotes":""},"class_list":["post-9538","page","type-page","status-publish","hentry"],"yoast_head":"<!-- This site is optimized with the Yoast SEO plugin v23.5 - https:\/\/yoast.com\/wordpress\/plugins\/seo\/ -->\n<title>PQRS | Azul Cima | Precios ex\u00e1menes de laboratorio Bogot\u00e1<\/title>\n<meta name=\"description\" content=\"Ingresa a nuestra p\u00e1gina de PQRS. En Azul Cima nos preocupamos por resolver todas tud dudas e inquietudes. Ponte en contacto.\" \/>\n<meta name=\"robots\" content=\"index, follow, max-snippet:-1, max-image-preview:large, max-video-preview:-1\" \/>\n<link rel=\"canonical\" href=\"https:\/\/azulcima.com\/index.php\/pqrs\/\" \/>\n<meta property=\"og:locale\" content=\"es_ES\" \/>\n<meta property=\"og:type\" content=\"article\" \/>\n<meta property=\"og:title\" content=\"PQRS | Azul Cima | Precios ex\u00e1menes de laboratorio Bogot\u00e1\" \/>\n<meta property=\"og:description\" content=\"Ingresa a nuestra p\u00e1gina de PQRS. En Azul Cima nos preocupamos por resolver todas tud dudas e inquietudes. Ponte en contacto.\" \/>\n<meta property=\"og:url\" content=\"https:\/\/azulcima.com\/index.php\/pqrs\/\" \/>\n<meta property=\"og:site_name\" content=\"M\u00e1s que una cl\u00ednica, una experiencia en salud | Azul Cima\" \/>\n<meta property=\"article:modified_time\" content=\"2025-08-13T22:05:14+00:00\" \/>\n<meta name=\"twitter:card\" content=\"summary_large_image\" \/>\n<meta name=\"twitter:label1\" content=\"Tiempo de lectura\" \/>\n\t<meta name=\"twitter:data1\" content=\"1 minuto\" \/>\n<script type=\"application\/ld+json\" class=\"yoast-schema-graph\">{\"@context\":\"https:\/\/schema.org\",\"@graph\":[{\"@type\":\"WebPage\",\"@id\":\"https:\/\/azulcima.com\/index.php\/pqrs\/\",\"url\":\"https:\/\/azulcima.com\/index.php\/pqrs\/\",\"name\":\"PQRS | Azul Cima | Precios ex\u00e1menes de laboratorio Bogot\u00e1\",\"isPartOf\":{\"@id\":\"https:\/\/azulcima.com\/#website\"},\"datePublished\":\"2020-07-27T17:14:45+00:00\",\"dateModified\":\"2025-08-13T22:05:14+00:00\",\"description\":\"Ingresa a nuestra p\u00e1gina de PQRS. En Azul Cima nos preocupamos por resolver todas tud dudas e inquietudes. Ponte en contacto.\",\"breadcrumb\":{\"@id\":\"https:\/\/azulcima.com\/index.php\/pqrs\/#breadcrumb\"},\"inLanguage\":\"es-CO\",\"potentialAction\":[{\"@type\":\"ReadAction\",\"target\":[\"https:\/\/azulcima.com\/index.php\/pqrs\/\"]}]},{\"@type\":\"BreadcrumbList\",\"@id\":\"https:\/\/azulcima.com\/index.php\/pqrs\/#breadcrumb\",\"itemListElement\":[{\"@type\":\"ListItem\",\"position\":1,\"name\":\"Home\",\"item\":\"https:\/\/azulcima.com\/\"},{\"@type\":\"ListItem\",\"position\":2,\"name\":\"PQRS\"}]},{\"@type\":\"WebSite\",\"@id\":\"https:\/\/azulcima.com\/#website\",\"url\":\"https:\/\/azulcima.com\/\",\"name\":\"M\u00e1s que una cl\u00ednica, una experiencia en salud | Azul Cima\",\"description\":\"M\u00e1s que una cl\u00ednica, una experiencia en salud |  Somos Azul Cima una de las m\u00e1s innovadoras de Colombia, pensada para brindarte una experiencia en Salud, con servicios de alta complejidad.\",\"publisher\":{\"@id\":\"https:\/\/azulcima.com\/#organization\"},\"potentialAction\":[{\"@type\":\"SearchAction\",\"target\":{\"@type\":\"EntryPoint\",\"urlTemplate\":\"https:\/\/azulcima.com\/?s={search_term_string}\"},\"query-input\":{\"@type\":\"PropertyValueSpecification\",\"valueRequired\":true,\"valueName\":\"search_term_string\"}}],\"inLanguage\":\"es-CO\"},{\"@type\":\"Organization\",\"@id\":\"https:\/\/azulcima.com\/#organization\",\"name\":\"Clinica Azul - Una Experiencia en Salud\",\"url\":\"https:\/\/azulcima.com\/\",\"logo\":{\"@type\":\"ImageObject\",\"inLanguage\":\"es-CO\",\"@id\":\"https:\/\/azulcima.com\/#\/schema\/logo\/image\/\",\"url\":\"http:\/\/azulcima.com\/wp-content\/uploads\/2020\/05\/logo_clinicaAzul_color2X.png\",\"contentUrl\":\"http:\/\/azulcima.com\/wp-content\/uploads\/2020\/05\/logo_clinicaAzul_color2X.png\",\"width\":664,\"height\":132,\"caption\":\"Clinica Azul - Una Experiencia en Salud\"},\"image\":{\"@id\":\"https:\/\/azulcima.com\/#\/schema\/logo\/image\/\"}}]}<\/script>\n<!-- \/ Yoast SEO plugin. -->","yoast_head_json":{"title":"PQRS | Azul Cima | Precios ex\u00e1menes de laboratorio Bogot\u00e1","description":"Ingresa a nuestra p\u00e1gina de PQRS. En Azul Cima nos preocupamos por resolver todas tud dudas e inquietudes. Ponte en contacto.","robots":{"index":"index","follow":"follow","max-snippet":"max-snippet:-1","max-image-preview":"max-image-preview:large","max-video-preview":"max-video-preview:-1"},"canonical":"https:\/\/azulcima.com\/index.php\/pqrs\/","og_locale":"es_ES","og_type":"article","og_title":"PQRS | Azul Cima | Precios ex\u00e1menes de laboratorio Bogot\u00e1","og_description":"Ingresa a nuestra p\u00e1gina de PQRS. En Azul Cima nos preocupamos por resolver todas tud dudas e inquietudes. Ponte en contacto.","og_url":"https:\/\/azulcima.com\/index.php\/pqrs\/","og_site_name":"M\u00e1s que una cl\u00ednica, una experiencia en salud | Azul Cima","article_modified_time":"2025-08-13T22:05:14+00:00","twitter_card":"summary_large_image","twitter_misc":{"Tiempo de lectura":"1 minuto"},"schema":{"@context":"https:\/\/schema.org","@graph":[{"@type":"WebPage","@id":"https:\/\/azulcima.com\/index.php\/pqrs\/","url":"https:\/\/azulcima.com\/index.php\/pqrs\/","name":"PQRS | Azul Cima | Precios ex\u00e1menes de laboratorio Bogot\u00e1","isPartOf":{"@id":"https:\/\/azulcima.com\/#website"},"datePublished":"2020-07-27T17:14:45+00:00","dateModified":"2025-08-13T22:05:14+00:00","description":"Ingresa a nuestra p\u00e1gina de PQRS. En Azul Cima nos preocupamos por resolver todas tud dudas e inquietudes. Ponte en contacto.","breadcrumb":{"@id":"https:\/\/azulcima.com\/index.php\/pqrs\/#breadcrumb"},"inLanguage":"es-CO","potentialAction":[{"@type":"ReadAction","target":["https:\/\/azulcima.com\/index.php\/pqrs\/"]}]},{"@type":"BreadcrumbList","@id":"https:\/\/azulcima.com\/index.php\/pqrs\/#breadcrumb","itemListElement":[{"@type":"ListItem","position":1,"name":"Home","item":"https:\/\/azulcima.com\/"},{"@type":"ListItem","position":2,"name":"PQRS"}]},{"@type":"WebSite","@id":"https:\/\/azulcima.com\/#website","url":"https:\/\/azulcima.com\/","name":"M\u00e1s que una cl\u00ednica, una experiencia en salud | Azul Cima","description":"M\u00e1s que una cl\u00ednica, una experiencia en salud |  Somos Azul Cima una de las m\u00e1s innovadoras de Colombia, pensada para brindarte una experiencia en Salud, con servicios de alta complejidad.","publisher":{"@id":"https:\/\/azulcima.com\/#organization"},"potentialAction":[{"@type":"SearchAction","target":{"@type":"EntryPoint","urlTemplate":"https:\/\/azulcima.com\/?s={search_term_string}"},"query-input":{"@type":"PropertyValueSpecification","valueRequired":true,"valueName":"search_term_string"}}],"inLanguage":"es-CO"},{"@type":"Organization","@id":"https:\/\/azulcima.com\/#organization","name":"Clinica Azul - Una Experiencia en Salud","url":"https:\/\/azulcima.com\/","logo":{"@type":"ImageObject","inLanguage":"es-CO","@id":"https:\/\/azulcima.com\/#\/schema\/logo\/image\/","url":"http:\/\/azulcima.com\/wp-content\/uploads\/2020\/05\/logo_clinicaAzul_color2X.png","contentUrl":"http:\/\/azulcima.com\/wp-content\/uploads\/2020\/05\/logo_clinicaAzul_color2X.png","width":664,"height":132,"caption":"Clinica Azul - Una Experiencia en Salud"},"image":{"@id":"https:\/\/azulcima.com\/#\/schema\/logo\/image\/"}}]}},"_links":{"self":[{"href":"https:\/\/azulcima.com\/index.php\/wp-json\/wp\/v2\/pages\/9538"}],"collection":[{"href":"https:\/\/azulcima.com\/index.php\/wp-json\/wp\/v2\/pages"}],"about":[{"href":"https:\/\/azulcima.com\/index.php\/wp-json\/wp\/v2\/types\/page"}],"author":[{"embeddable":true,"href":"https:\/\/azulcima.com\/index.php\/wp-json\/wp\/v2\/users\/3"}],"replies":[{"embeddable":true,"href":"https:\/\/azulcima.com\/index.php\/wp-json\/wp\/v2\/comments?post=9538"}],"version-history":[{"count":18,"href":"https:\/\/azulcima.com\/index.php\/wp-json\/wp\/v2\/pages\/9538\/revisions"}],"predecessor-version":[{"id":9665,"href":"https:\/\/azulcima.com\/index.php\/wp-json\/wp\/v2\/pages\/9538\/revisions\/9665"}],"wp:attachment":[{"href":"https:\/\/azulcima.com\/index.php\/wp-json\/wp\/v2\/media?parent=9538"}],"curies":[{"name":"wp","href":"https:\/\/api.w.org\/{rel}","templated":true}]}}