{"id":9497,"date":"2020-07-26T11:44:24","date_gmt":"2020-07-26T16:44:24","guid":{"rendered":"http:\/\/www.clinicaazul.co\/?page_id=9497"},"modified":"2025-08-13T17:02:55","modified_gmt":"2025-08-13T22:02:55","slug":"informacion-dentro-del-proceso-de-atencion-en-la-clinica-azul","status":"publish","type":"page","link":"https:\/\/azulcima.com\/index.php\/informacion-dentro-del-proceso-de-atencion-en-la-clinica-azul\/","title":{"rendered":"Informaci\u00f3n dentro del proceso de atenci\u00f3n"},"content":{"rendered":"<div class=\"wpb-content-wrapper\"><p>[vc_row full_width=&#8221;stretch_row&#8221; tlg_large_container=&#8221;extra-container&#8221; tlg_padding=&#8221;pt180 pb180 pt-xs-80 pb-xs-80&#8243; css=&#8221;.vc_custom_1598104428685{background: #ffffff url(http:\/\/azulcima.com\/wp-content\/uploads\/2020\/07\/banner_inform.jpg?id=9517) !important;}&#8221;][vc_column]<div class=\"tlg-spacer  \" data-height=\"80\" data-height-tablet=\"60\" data-height-mobile=\"50\" style=\"clear:both;display:block;height:80px;\"><\/div>[\/vc_column][\/vc_row][vc_row css_animation=&#8221;slideInUp&#8221; tlg_padding=&#8221;pb0&#8243; css=&#8221;.vc_custom_1590698168137{background-color: #ffffff !important;}&#8221;][vc_column]<div class=\"headings-title \"><div class=\"mb0 mb-xs-40 text-left\"><h1 style=\"color:#00498b!important;font-size:52px;line-height:62px;letter-spacing:1px!important;text-transform: none!important;\" class=\"widgettitle mb0\">Informaci\u00f3n dentro del proceso de atenci\u00f3n<\/h1><\/div><\/div>[\/vc_column][\/vc_row][vc_row tlg_padding=&#8221;pb0&#8243; tlg_text_align=&#8221;text-left&#8221;][vc_column][vc_column_text css=&#8221;&#8221;]En Azul Cima deseamos que los pacientes sean parte activa de la seguridad dentro de la instituci\u00f3n, por lo que queremos que conozcan y puedan aplicar 10 recomendaciones importantes para la seguridad dentro de la instituci\u00f3n.[\/vc_column_text][\/vc_column][\/vc_row][vc_row el_class=&#8221;fila_acordeon_laboratorio&#8221;][vc_column][vc_row_inner][vc_column_inner]<div class=\"alert alert-primary alert-dismissible \" role=\"alert\"><button type=\"button\" class=\"close\" data-dismiss=\"alert\" aria-label=\"Close\"><span aria-hidden=\"true\">&times;<\/span><\/button><strong>Reconocer al personal asistencial y administrativo de la cl\u00ednica<\/strong><\/p>\n<p>Todas las personas que lo atienden deben portar el carnet. Si alguien lo atiende sin escarapela, solic\u00edtela. Si nota personas extra\u00f1as no identificadas, pida ayuda, toque el timbre. Conozca los uniformes de nuestros colaboradores e identif\u00edquelos con mayor facilidad.<\/div><div class=\"alert alert-primary alert-dismissible \" role=\"alert\"><button type=\"button\" class=\"close\" data-dismiss=\"alert\" aria-label=\"Close\"><span aria-hidden=\"true\">&times;<\/span><\/button><strong>Participar de forma activa del cuidado de su salud<\/strong><\/p>\n<p>Mant\u00e9ngase informado sobre qui\u00e9n est\u00e1 a cargo de su atenci\u00f3n en salud. Participe en la toma de decisiones. Aprenda sobre su enfermedad y c\u00f3mo cuidarse. Solicite informaci\u00f3n de los medicamentos que le administran.<\/div><div class=\"alert alert-primary alert-dismissible \" role=\"alert\"><button type=\"button\" class=\"close\" data-dismiss=\"alert\" aria-label=\"Close\"><span aria-hidden=\"true\">&times;<\/span><\/button><strong>Tomar conciencia de los medicamentos que esta tomando<\/strong><\/p>\n<p>Cu\u00e1les son y por cu\u00e1nto tiempo los debe tomar, qu\u00e9 efectos secundarios y reacciones pueden producirle. S\u00ed advierte que le suministran un medicamento diferente, pregunte. Informe en caso de sentirse extra\u00f1o luego de que le suministren un medicamento.<br \/>\n<\/div><div class=\"alert alert-primary alert-dismissible \" role=\"alert\"><button type=\"button\" class=\"close\" data-dismiss=\"alert\" aria-label=\"Close\"><span aria-hidden=\"true\">&times;<\/span><\/button><strong>Hacer conocer los medicamentos que esta toma en casa<\/strong><\/p>\n<p>Suministre una lista de los medicamentos que toma en casa, incluya vitaminas y medicinas alternativas si la esta tomando. Informe si es al\u00e9rgico a alg\u00fan medicamento. Antes de salir de Azul Cima, solicite al m\u00e9dico que tenga en cuenta los nuevos medicamentos y los que toma en casa.<\/div><div class=\"alert alert-primary alert-dismissible \" role=\"alert\"><button type=\"button\" class=\"close\" data-dismiss=\"alert\" aria-label=\"Close\"><span aria-hidden=\"true\">&times;<\/span><\/button><strong>Expresar dudas<\/strong><\/p>\n<p>Haga preguntas a su m\u00e9dico y al personal que lo atiende. Solicite respuestas en t\u00e9rminos que usted entienda. S\u00ed algo no le queda claro, pregunte nuevamente. Pida a un familiar o amigo que lo acompa\u00f1e mientras este hospitalizado.<br \/>\n<\/div><div class=\"alert alert-primary alert-dismissible \" role=\"alert\"><button type=\"button\" class=\"close\" data-dismiss=\"alert\" aria-label=\"Close\"><span aria-hidden=\"true\">&times;<\/span><\/button><strong>En hospitalizaci\u00f3n<\/strong><\/p>\n<p>Pregunte por el timbre, controles de la cama y equipo m\u00e9dico para su cuidado. Para salir de la unidad, solicite permiso. Pregunte por instrucciones o informaci\u00f3n que no comprenda. Si le preocupa alg\u00fan asunto de su seguridad h\u00e1galo saber al personal.<br \/>\n<\/div><div class=\"alert alert-primary alert-dismissible \" role=\"alert\"><button type=\"button\" class=\"close\" data-dismiss=\"alert\" aria-label=\"Close\"><span aria-hidden=\"true\">&times;<\/span><\/button><strong>Prevenir ca\u00eddas dentro de la cl\u00ednica<\/strong><\/p>\n<p>Si utiliza bast\u00f3n o caminador en casa, debe hacerlo tambi\u00e9n en la Azul Cima. Si tiene problemas de visi\u00f3n, se siente d\u00e9bil o mareado, inf\u00f3rmelo. Si necesita ayuda para acostarse o bajarse de la cama, toque el timbre. Mantenga las barandas de la cama arriba, solicite ayuda para desplazarse. Al levantarse en la noche encienda la luz.<\/div><div class=\"alert alert-primary alert-dismissible \" role=\"alert\"><button type=\"button\" class=\"close\" data-dismiss=\"alert\" aria-label=\"Close\"><span aria-hidden=\"true\">&times;<\/span><\/button><strong>Preparaci\u00f3n para la cirug\u00eda<\/strong><\/p>\n<p>Si necesita cirug\u00eda, cerci\u00f3rese de que usted sabe en qu\u00e9 consistir\u00e1. Debe solicitar que marque con las iniciales del cirujano el lugar y el lado correcto en que lo operar\u00e1n. Antes de ser operado se debe verificar reiterativamente el lugar y el lado donde lo operan, si no lo nota pregunte. Si tiene dudas de la cirug\u00eda, pregunte.<br \/>\n<\/div>[\/vc_column_inner][\/vc_row_inner][\/vc_column][\/vc_row]<\/p>\n<\/div>","protected":false},"excerpt":{"rendered":"<p>[vc_row full_width=&#8221;stretch_row&#8221; tlg_large_container=&#8221;extra-container&#8221; tlg_padding=&#8221;pt180 pb180 pt-xs-80 pb-xs-80&#8243; css=&#8221;.vc_custom_1598104428685{background: #ffffff url(http:\/\/azulcima.com\/wp-content\/uploads\/2020\/07\/banner_inform.jpg?id=9517) !important;}&#8221;][vc_column][\/vc_column][\/vc_row][vc_row css_animation=&#8221;slideInUp&#8221; tlg_padding=&#8221;pb0&#8243; css=&#8221;.vc_custom_1590698168137{background-color: #ffffff !important;}&#8221;][vc_column][\/vc_column][\/vc_row][vc_row tlg_padding=&#8221;pb0&#8243; tlg_text_align=&#8221;text-left&#8221;][vc_column][vc_column_text css=&#8221;&#8221;]En Azul Cima deseamos que los pacientes sean parte activa de la seguridad dentro de la instituci\u00f3n, por lo que queremos que conozcan y puedan aplicar 10 recomendaciones importantes para la seguridad dentro de la instituci\u00f3n.[\/vc_column_text][\/vc_column][\/vc_row][vc_row el_class=&#8221;fila_acordeon_laboratorio&#8221;][vc_column][vc_row_inner][vc_column_inner][\/vc_column_inner][\/vc_row_inner][\/vc_column][\/vc_row]<\/p>\n","protected":false},"author":3,"featured_media":0,"parent":0,"menu_order":0,"comment_status":"closed","ping_status":"closed","template":"","meta":{"footnotes":""},"class_list":["post-9497","page","type-page","status-publish","hentry"],"yoast_head":"<!-- This site is optimized with the Yoast SEO plugin v23.5 - https:\/\/yoast.com\/wordpress\/plugins\/seo\/ -->\n<title>Informaci\u00f3n dentro del proceso de atenci\u00f3n | M\u00e1s que una cl\u00ednica, una experiencia en salud | Azul Cima<\/title>\n<meta name=\"robots\" content=\"index, follow, max-snippet:-1, max-image-preview:large, max-video-preview:-1\" \/>\n<link rel=\"canonical\" href=\"https:\/\/azulcima.com\/index.php\/informacion-dentro-del-proceso-de-atencion-en-la-clinica-azul\/\" \/>\n<meta property=\"og:locale\" content=\"es_ES\" \/>\n<meta property=\"og:type\" content=\"article\" \/>\n<meta property=\"og:title\" content=\"Informaci\u00f3n dentro del proceso de atenci\u00f3n | M\u00e1s que una cl\u00ednica, una experiencia en salud | Azul Cima\" \/>\n<meta property=\"og:description\" content=\"[vc_row full_width=&#8221;stretch_row&#8221; tlg_large_container=&#8221;extra-container&#8221; tlg_padding=&#8221;pt180 pb180 pt-xs-80 pb-xs-80&#8243; css=&#8221;.vc_custom_1598104428685{background: #ffffff url(http:\/\/azulcima.com\/wp-content\/uploads\/2020\/07\/banner_inform.jpg?id=9517) !important;}&#8221;][vc_column][\/vc_column][\/vc_row][vc_row css_animation=&#8221;slideInUp&#8221; tlg_padding=&#8221;pb0&#8243; css=&#8221;.vc_custom_1590698168137{background-color: #ffffff !important;}&#8221;][vc_column][\/vc_column][\/vc_row][vc_row tlg_padding=&#8221;pb0&#8243; tlg_text_align=&#8221;text-left&#8221;][vc_column][vc_column_text css=&#8221;&#8221;]En Azul Cima deseamos que los pacientes sean parte activa de la seguridad dentro de la instituci\u00f3n, por lo que queremos que conozcan y puedan aplicar 10 recomendaciones importantes para la seguridad dentro de la instituci\u00f3n.[\/vc_column_text][\/vc_column][\/vc_row][vc_row el_class=&#8221;fila_acordeon_laboratorio&#8221;][vc_column][vc_row_inner][vc_column_inner][\/vc_column_inner][\/vc_row_inner][\/vc_column][\/vc_row]\" \/>\n<meta property=\"og:url\" content=\"https:\/\/azulcima.com\/index.php\/informacion-dentro-del-proceso-de-atencion-en-la-clinica-azul\/\" \/>\n<meta property=\"og:site_name\" content=\"M\u00e1s que una cl\u00ednica, una experiencia en salud | Azul Cima\" \/>\n<meta property=\"article:modified_time\" content=\"2025-08-13T22:02:55+00:00\" \/>\n<meta name=\"twitter:card\" content=\"summary_large_image\" \/>\n<meta name=\"twitter:label1\" content=\"Tiempo de lectura\" \/>\n\t<meta name=\"twitter:data1\" content=\"3 minutos\" \/>\n<script type=\"application\/ld+json\" class=\"yoast-schema-graph\">{\"@context\":\"https:\/\/schema.org\",\"@graph\":[{\"@type\":\"WebPage\",\"@id\":\"https:\/\/azulcima.com\/index.php\/informacion-dentro-del-proceso-de-atencion-en-la-clinica-azul\/\",\"url\":\"https:\/\/azulcima.com\/index.php\/informacion-dentro-del-proceso-de-atencion-en-la-clinica-azul\/\",\"name\":\"Informaci\u00f3n dentro del proceso de atenci\u00f3n | M\u00e1s que una cl\u00ednica, una experiencia en salud | Azul Cima\",\"isPartOf\":{\"@id\":\"https:\/\/azulcima.com\/#website\"},\"datePublished\":\"2020-07-26T16:44:24+00:00\",\"dateModified\":\"2025-08-13T22:02:55+00:00\",\"breadcrumb\":{\"@id\":\"https:\/\/azulcima.com\/index.php\/informacion-dentro-del-proceso-de-atencion-en-la-clinica-azul\/#breadcrumb\"},\"inLanguage\":\"es-CO\",\"potentialAction\":[{\"@type\":\"ReadAction\",\"target\":[\"https:\/\/azulcima.com\/index.php\/informacion-dentro-del-proceso-de-atencion-en-la-clinica-azul\/\"]}]},{\"@type\":\"BreadcrumbList\",\"@id\":\"https:\/\/azulcima.com\/index.php\/informacion-dentro-del-proceso-de-atencion-en-la-clinica-azul\/#breadcrumb\",\"itemListElement\":[{\"@type\":\"ListItem\",\"position\":1,\"name\":\"Home\",\"item\":\"https:\/\/azulcima.com\/\"},{\"@type\":\"ListItem\",\"position\":2,\"name\":\"Informaci\u00f3n dentro del proceso de atenci\u00f3n\"}]},{\"@type\":\"WebSite\",\"@id\":\"https:\/\/azulcima.com\/#website\",\"url\":\"https:\/\/azulcima.com\/\",\"name\":\"M\u00e1s que una cl\u00ednica, una experiencia en salud | Azul Cima\",\"description\":\"M\u00e1s que una cl\u00ednica, una experiencia en salud |  Somos Azul Cima una de las m\u00e1s innovadoras de Colombia, pensada para brindarte una experiencia en Salud, con servicios de alta complejidad.\",\"publisher\":{\"@id\":\"https:\/\/azulcima.com\/#organization\"},\"potentialAction\":[{\"@type\":\"SearchAction\",\"target\":{\"@type\":\"EntryPoint\",\"urlTemplate\":\"https:\/\/azulcima.com\/?s={search_term_string}\"},\"query-input\":{\"@type\":\"PropertyValueSpecification\",\"valueRequired\":true,\"valueName\":\"search_term_string\"}}],\"inLanguage\":\"es-CO\"},{\"@type\":\"Organization\",\"@id\":\"https:\/\/azulcima.com\/#organization\",\"name\":\"Clinica Azul - Una Experiencia en Salud\",\"url\":\"https:\/\/azulcima.com\/\",\"logo\":{\"@type\":\"ImageObject\",\"inLanguage\":\"es-CO\",\"@id\":\"https:\/\/azulcima.com\/#\/schema\/logo\/image\/\",\"url\":\"http:\/\/azulcima.com\/wp-content\/uploads\/2020\/05\/logo_clinicaAzul_color2X.png\",\"contentUrl\":\"http:\/\/azulcima.com\/wp-content\/uploads\/2020\/05\/logo_clinicaAzul_color2X.png\",\"width\":664,\"height\":132,\"caption\":\"Clinica Azul - Una Experiencia en Salud\"},\"image\":{\"@id\":\"https:\/\/azulcima.com\/#\/schema\/logo\/image\/\"}}]}<\/script>\n<!-- \/ Yoast SEO plugin. -->","yoast_head_json":{"title":"Informaci\u00f3n dentro del proceso de atenci\u00f3n | M\u00e1s que una cl\u00ednica, una experiencia en salud | Azul Cima","robots":{"index":"index","follow":"follow","max-snippet":"max-snippet:-1","max-image-preview":"max-image-preview:large","max-video-preview":"max-video-preview:-1"},"canonical":"https:\/\/azulcima.com\/index.php\/informacion-dentro-del-proceso-de-atencion-en-la-clinica-azul\/","og_locale":"es_ES","og_type":"article","og_title":"Informaci\u00f3n dentro del proceso de atenci\u00f3n | M\u00e1s que una cl\u00ednica, una experiencia en salud | Azul Cima","og_description":"[vc_row full_width=&#8221;stretch_row&#8221; tlg_large_container=&#8221;extra-container&#8221; tlg_padding=&#8221;pt180 pb180 pt-xs-80 pb-xs-80&#8243; css=&#8221;.vc_custom_1598104428685{background: #ffffff url(http:\/\/azulcima.com\/wp-content\/uploads\/2020\/07\/banner_inform.jpg?id=9517) !important;}&#8221;][vc_column][\/vc_column][\/vc_row][vc_row css_animation=&#8221;slideInUp&#8221; tlg_padding=&#8221;pb0&#8243; css=&#8221;.vc_custom_1590698168137{background-color: #ffffff !important;}&#8221;][vc_column][\/vc_column][\/vc_row][vc_row tlg_padding=&#8221;pb0&#8243; tlg_text_align=&#8221;text-left&#8221;][vc_column][vc_column_text css=&#8221;&#8221;]En Azul Cima deseamos que los pacientes sean parte activa de la seguridad dentro de la instituci\u00f3n, por lo que queremos que conozcan y puedan aplicar 10 recomendaciones importantes para la seguridad dentro de la instituci\u00f3n.[\/vc_column_text][\/vc_column][\/vc_row][vc_row el_class=&#8221;fila_acordeon_laboratorio&#8221;][vc_column][vc_row_inner][vc_column_inner][\/vc_column_inner][\/vc_row_inner][\/vc_column][\/vc_row]","og_url":"https:\/\/azulcima.com\/index.php\/informacion-dentro-del-proceso-de-atencion-en-la-clinica-azul\/","og_site_name":"M\u00e1s que una cl\u00ednica, una experiencia en salud | Azul Cima","article_modified_time":"2025-08-13T22:02:55+00:00","twitter_card":"summary_large_image","twitter_misc":{"Tiempo de lectura":"3 minutos"},"schema":{"@context":"https:\/\/schema.org","@graph":[{"@type":"WebPage","@id":"https:\/\/azulcima.com\/index.php\/informacion-dentro-del-proceso-de-atencion-en-la-clinica-azul\/","url":"https:\/\/azulcima.com\/index.php\/informacion-dentro-del-proceso-de-atencion-en-la-clinica-azul\/","name":"Informaci\u00f3n dentro del proceso de atenci\u00f3n | M\u00e1s que una cl\u00ednica, una experiencia en salud | Azul Cima","isPartOf":{"@id":"https:\/\/azulcima.com\/#website"},"datePublished":"2020-07-26T16:44:24+00:00","dateModified":"2025-08-13T22:02:55+00:00","breadcrumb":{"@id":"https:\/\/azulcima.com\/index.php\/informacion-dentro-del-proceso-de-atencion-en-la-clinica-azul\/#breadcrumb"},"inLanguage":"es-CO","potentialAction":[{"@type":"ReadAction","target":["https:\/\/azulcima.com\/index.php\/informacion-dentro-del-proceso-de-atencion-en-la-clinica-azul\/"]}]},{"@type":"BreadcrumbList","@id":"https:\/\/azulcima.com\/index.php\/informacion-dentro-del-proceso-de-atencion-en-la-clinica-azul\/#breadcrumb","itemListElement":[{"@type":"ListItem","position":1,"name":"Home","item":"https:\/\/azulcima.com\/"},{"@type":"ListItem","position":2,"name":"Informaci\u00f3n dentro del proceso de atenci\u00f3n"}]},{"@type":"WebSite","@id":"https:\/\/azulcima.com\/#website","url":"https:\/\/azulcima.com\/","name":"M\u00e1s que una cl\u00ednica, una experiencia en salud | Azul Cima","description":"M\u00e1s que una cl\u00ednica, una experiencia en salud |  Somos Azul Cima una de las m\u00e1s innovadoras de Colombia, pensada para brindarte una experiencia en Salud, con servicios de alta complejidad.","publisher":{"@id":"https:\/\/azulcima.com\/#organization"},"potentialAction":[{"@type":"SearchAction","target":{"@type":"EntryPoint","urlTemplate":"https:\/\/azulcima.com\/?s={search_term_string}"},"query-input":{"@type":"PropertyValueSpecification","valueRequired":true,"valueName":"search_term_string"}}],"inLanguage":"es-CO"},{"@type":"Organization","@id":"https:\/\/azulcima.com\/#organization","name":"Clinica Azul - Una Experiencia en Salud","url":"https:\/\/azulcima.com\/","logo":{"@type":"ImageObject","inLanguage":"es-CO","@id":"https:\/\/azulcima.com\/#\/schema\/logo\/image\/","url":"http:\/\/azulcima.com\/wp-content\/uploads\/2020\/05\/logo_clinicaAzul_color2X.png","contentUrl":"http:\/\/azulcima.com\/wp-content\/uploads\/2020\/05\/logo_clinicaAzul_color2X.png","width":664,"height":132,"caption":"Clinica Azul - Una Experiencia en Salud"},"image":{"@id":"https:\/\/azulcima.com\/#\/schema\/logo\/image\/"}}]}},"_links":{"self":[{"href":"https:\/\/azulcima.com\/index.php\/wp-json\/wp\/v2\/pages\/9497"}],"collection":[{"href":"https:\/\/azulcima.com\/index.php\/wp-json\/wp\/v2\/pages"}],"about":[{"href":"https:\/\/azulcima.com\/index.php\/wp-json\/wp\/v2\/types\/page"}],"author":[{"embeddable":true,"href":"https:\/\/azulcima.com\/index.php\/wp-json\/wp\/v2\/users\/3"}],"replies":[{"embeddable":true,"href":"https:\/\/azulcima.com\/index.php\/wp-json\/wp\/v2\/comments?post=9497"}],"version-history":[{"count":22,"href":"https:\/\/azulcima.com\/index.php\/wp-json\/wp\/v2\/pages\/9497\/revisions"}],"predecessor-version":[{"id":11351,"href":"https:\/\/azulcima.com\/index.php\/wp-json\/wp\/v2\/pages\/9497\/revisions\/11351"}],"wp:attachment":[{"href":"https:\/\/azulcima.com\/index.php\/wp-json\/wp\/v2\/media?parent=9497"}],"curies":[{"name":"wp","href":"https:\/\/api.w.org\/{rel}","templated":true}]}}