{"id":9488,"date":"2020-07-26T10:49:12","date_gmt":"2020-07-26T15:49:12","guid":{"rendered":"http:\/\/www.clinicaazul.co\/?page_id=9488"},"modified":"2025-08-21T23:22:50","modified_gmt":"2025-08-22T04:22:50","slug":"derechos-y-deberes","status":"publish","type":"page","link":"https:\/\/azulcima.com\/index.php\/derechos-y-deberes\/","title":{"rendered":"Derechos y deberes"},"content":{"rendered":"<div class=\"wpb-content-wrapper\"><p>[vc_row full_width=&#8221;stretch_row&#8221; tlg_large_container=&#8221;extra-container&#8221; tlg_padding=&#8221;pt180 pb180 pt-xs-80 pb-xs-80&#8243; css=&#8221;.vc_custom_1598104205995{background: #ffffff url(http:\/\/azulcima.com\/wp-content\/uploads\/2020\/08\/Banner_derechos.jpg?id=9826) !important;}&#8221;][vc_column]<div class=\"tlg-spacer  \" data-height=\"80\" data-height-tablet=\"60\" data-height-mobile=\"50\" style=\"clear:both;display:block;height:80px;\"><\/div>[\/vc_column][\/vc_row][vc_row css_animation=&#8221;slideInUp&#8221; tlg_padding=&#8221;pb0&#8243; css=&#8221;.vc_custom_1590698168137{background-color: #ffffff !important;}&#8221;][vc_column]<div class=\"headings-title \"><div class=\"mb0 mb-xs-40 text-left\"><h1 style=\"color:#00498b!important;font-size:52px;line-height:62px;letter-spacing:1px!important;text-transform: none!important;\" class=\"widgettitle mb0\">Derechos y deberes<\/h1><\/div><\/div>[\/vc_column][\/vc_row][vc_row tlg_padding=&#8221;pb0&#8243; el_class=&#8221;fila_boton_derechos&#8221;][vc_column][vc_single_image image=&#8221;9559&#8243; img_size=&#8221;760*507&#8243; alignment=&#8221;center&#8221; style=&#8221;vc_box_shadow_3d&#8221;]<div class=\"tlg-spacer  \" data-height=\"40\" data-height-tablet=\"30\" data-height-mobile=\"25\" style=\"clear:both;display:block;height:40px;\"><\/div>[vc_column_text]<\/p>\n<p class=\"titulo_derechos_deberes\" style=\"text-align: center;\">T\u00fa y tu familia son el eje fundamental de nuestros procesos de atenci\u00f3n<\/p>\n<p>[\/vc_column_text][\/vc_column][\/vc_row][vc_row tlg_padding=&#8221;pb0&#8243; tlg_text_align=&#8221;text-left&#8221;][vc_column][vc_column_text css=&#8221;&#8221;]Nuestros pacientes y sus familias, son el eje fundamental de nuestros procesos de atenci\u00f3n.<\/p>\n<p><strong>Derechos de nuestros pacientes <\/strong><\/p>\n<p>Declaraci\u00f3n de derechos y deberes de los pacientes y sus familias en Azul.[\/vc_column_text][\/vc_column][\/vc_row][vc_row full_width=&#8221;stretch_row_content_no_spaces&#8221; tlg_padding=&#8221;pb0&#8243; el_class=&#8221;fila_acordeon_laboratorio&#8221;][vc_column][vc_accordion active_tab=&#8221;false&#8221; collapsible=&#8221;yes&#8221;][vc_accordion_tab title=&#8221;Derechos de los pacientes&#8221;][vc_column_text css=&#8221;&#8221;]<\/p>\n<ol>\n<li>Elegir libremente al profesional m\u00e9dico y la instituci\u00f3n de salud que brindar\u00e1n la atenci\u00f3n necesaria, de acuerdo con los recursos disponibles.<\/li>\n<li>Recibir una comunicaci\u00f3n clara y comprensible del m\u00e9dico sobre su estado de salud, el diagn\u00f3stico, el pron\u00f3stico, las opciones de tratamiento y los riesgos implicados. El paciente, as\u00ed como sus familiares o representantes, en caso de inconsciencia o minor\u00eda de edad, tienen el derecho de aceptar o rechazar los procedimientos m\u00e9dicos, debiendo dejar constancia escrita de su decisi\u00f3n.<\/li>\n<li>Ser tratado con dignidad y respeto, tomando en cuenta sus creencias, valores y costumbres, y tener la libertad de expresar sus opiniones sobre su enfermedad.<\/li>\n<li>Garantizar la confidencialidad de la informaci\u00f3n m\u00e9dica contenida en su Historia Cl\u00ednica, de manera que solo se pueda compartir con su consentimiento, salvo en los casos estipulados por la ley.<\/li>\n<li>Recibir la mejor atenci\u00f3n m\u00e9dica disponible durante todo el tratamiento, con respeto por sus preferencias en relaci\u00f3n con los tratamientos propuestos y la opci\u00f3n de solicitar una segunda opini\u00f3n del equipo m\u00e9dico. Acceder a atenci\u00f3n de urgencias sin restricciones, as\u00ed como ser informado sobre los costos de los servicios de salud.<\/li>\n<li>Aceptar o rechazar el apoyo espiritual, moral o religioso de acuerdo con sus convicciones personales.<\/li>\n<li>Decidir sobre su participaci\u00f3n en investigaciones cient\u00edficas, con pleno conocimiento de los objetivos, m\u00e9todos, posibles beneficios, riesgos y molestias que estas puedan implicar, respetando siempre su voluntad de no participar.<\/li>\n<li>Rehusar la donaci\u00f3n de \u00f3rganos para trasplante, garantizando que se cumplan los requisitos legales establecidos.<\/li>\n<li>Morir con dignidad, respetando su deseo de permitir que el proceso de muerte siga su curso natural en la fase terminal de su enfermedad.<\/li>\n<\/ol>\n<p>[\/vc_column_text][\/vc_accordion_tab][vc_accordion_tab title=&#8221;Derechos de los Pacientes en Condiciones de Discapacidad&#8221;][vc_column_text css=&#8221;&#8221;]<\/p>\n<ol>\n<li>No ser discriminado por ning\u00fan motivo y\/o situaci\u00f3n.<\/li>\n<li>Tener f\u00e1cil acceso a la instituci\u00f3n y todas sus \u00e1reas.<\/li>\n<li>Recibir atenci\u00f3n en salud en igualdad de condiciones que las personas que no presenten ning\u00fan tipo de discapacidad.<\/li>\n<li>Recibir informaci\u00f3n adecuada de la condici\u00f3n de salud de acuerdo con los d\u00e9ficit cognitivos, motrices o sensoriales.<\/li>\n<li>Ser protegido contra el abuso mientras se encuentre en la instituci\u00f3n.<\/li>\n<li>Que se respete la privacidad, dignidad y autonom\u00eda.<\/li>\n<li>Tener acceso oportuno a programas de habilitaci\u00f3n y rehabilitaci\u00f3n.<\/li>\n<li>Ser representado por otros responsables que apoyen la toma de decisiones siempre en beneficio del paciente.<\/li>\n<\/ol>\n<p>Adaptaci\u00f3n de la Resoluci\u00f3n 13437 de 1991. Resoluci\u00f3n 4343 de 2012. Ley 1805 de 2016.[\/vc_column_text][\/vc_accordion_tab][vc_accordion_tab title=&#8221;Deberes de los pacientes&#8221;][vc_column_text css=&#8221;&#8221;]<\/p>\n<ol>\n<li>Cumplir con la Constituci\u00f3n, las leyes y normas aplicables, as\u00ed como con las pol\u00edticas y normas internas de la cl\u00ednica.<\/li>\n<li>Proporcionar informaci\u00f3n veraz sobre su historial m\u00e9dico y cualquier otro dato que se le solicite por el personal de la cl\u00ednica, as\u00ed como seguir las recomendaciones del equipo m\u00e9dico y de salud cuando haya aceptado un tratamiento.<\/li>\n<li>Tratar con respeto, cortes\u00eda y consideraci\u00f3n a todo el personal de la cl\u00ednica, as\u00ed como a otros pacientes y sus familiares.<\/li>\n<li>Velar por su bienestar personal y el de su comunidad.<\/li>\n<li>Conocer, ejercer y asumir con responsabilidad los derechos y deberes que le otorga el r\u00e9gimen de seguridad social en salud, as\u00ed como los beneficios del plan de salud adicional que haya contratado, destacando la importancia de hacer un uso racional de los servicios de salud.<\/li>\n<li>Informar al personal de la cl\u00ednica sobre cualquier situaci\u00f3n sospechosa o que considere que pueda vulnerar sus derechos como paciente y ser humano.<\/li>\n<li>Abstenerse de discriminar a otras personas por motivos de raza, g\u00e9nero, condici\u00f3n, religi\u00f3n u otras caracter\u00edsticas.<\/li>\n<li>Respetar las indicaciones contenidas en los folletos informativos proporcionados por la cl\u00ednica a los pacientes.<\/li>\n<li>Cuidar los bienes de la cl\u00ednica que est\u00e1n destinados para su servicio.<\/li>\n<li>Garantizar el pago de los servicios recibidos, tanto los prestados por los profesionales de la salud como los de la propia cl\u00ednica.<\/li>\n<\/ol>\n<p>[\/vc_column_text][\/vc_accordion_tab][\/vc_accordion][\/vc_column][\/vc_row][vc_row css_animation=&#8221;slideInUp&#8221; tlg_padding=&#8221;pb0&#8243; css=&#8221;.vc_custom_1590698168137{background-color: #ffffff !important;}&#8221;][vc_column]<div class=\"headings-title \"><div class=\"mb0 mb-xs-40 text-left\"><h1 style=\"color:#00498b!important;font-size:52px;line-height:62px;letter-spacing:1px!important;text-transform: none!important;\" class=\"widgettitle mb0\">Derechos y deberes Pediatr\u00eda<\/h1><\/div><\/div>[\/vc_column][\/vc_row][vc_row][vc_column][vc_row_inner][vc_column_inner][vc_single_image image=&#8221;11366&#8243; img_size=&#8221;full&#8221; alignment=&#8221;center&#8221; style=&#8221;vc_box_rounded&#8221; css=&#8221;&#8221;][\/vc_column_inner][\/vc_row_inner][\/vc_column][\/vc_row]<\/p>\n<\/div>","protected":false},"excerpt":{"rendered":"<p>[vc_row full_width=&#8221;stretch_row&#8221; tlg_large_container=&#8221;extra-container&#8221; tlg_padding=&#8221;pt180 pb180 pt-xs-80 pb-xs-80&#8243; css=&#8221;.vc_custom_1598104205995{background: #ffffff url(http:\/\/azulcima.com\/wp-content\/uploads\/2020\/08\/Banner_derechos.jpg?id=9826) !important;}&#8221;][vc_column][\/vc_column][\/vc_row][vc_row css_animation=&#8221;slideInUp&#8221; tlg_padding=&#8221;pb0&#8243; css=&#8221;.vc_custom_1590698168137{background-color: #ffffff !important;}&#8221;][vc_column][\/vc_column][\/vc_row][vc_row tlg_padding=&#8221;pb0&#8243; el_class=&#8221;fila_boton_derechos&#8221;][vc_column][vc_single_image image=&#8221;9559&#8243; img_size=&#8221;760*507&#8243; alignment=&#8221;center&#8221; style=&#8221;vc_box_shadow_3d&#8221;][vc_column_text] T\u00fa y tu familia son el eje fundamental de nuestros procesos de atenci\u00f3n [\/vc_column_text][\/vc_column][\/vc_row][vc_row tlg_padding=&#8221;pb0&#8243; tlg_text_align=&#8221;text-left&#8221;][vc_column][vc_column_text css=&#8221;&#8221;]Nuestros pacientes y sus familias, son el eje fundamental de nuestros procesos de atenci\u00f3n. Derechos de nuestros&#8230;<\/p>\n","protected":false},"author":3,"featured_media":0,"parent":0,"menu_order":0,"comment_status":"closed","ping_status":"closed","template":"","meta":{"footnotes":""},"class_list":["post-9488","page","type-page","status-publish","hentry"],"yoast_head":"<!-- This site is optimized with the Yoast SEO plugin v23.5 - https:\/\/yoast.com\/wordpress\/plugins\/seo\/ -->\n<title>Derechos y deberes | Azul Cima | Citas servisalud<\/title>\n<meta name=\"description\" content=\"Conoce aqu\u00ed todos los derechos y deberes de nuestros paciente. Conoce mucha m\u00e1s informaci\u00f3n en nuestra p\u00e1gina web.\" \/>\n<meta name=\"robots\" content=\"index, follow, max-snippet:-1, max-image-preview:large, max-video-preview:-1\" \/>\n<link rel=\"canonical\" href=\"https:\/\/azulcima.com\/index.php\/derechos-y-deberes\/\" \/>\n<meta property=\"og:locale\" content=\"es_ES\" \/>\n<meta property=\"og:type\" content=\"article\" \/>\n<meta property=\"og:title\" content=\"Derechos y deberes | Azul Cima | Citas servisalud\" \/>\n<meta property=\"og:description\" content=\"Conoce aqu\u00ed todos los derechos y deberes de nuestros paciente. Conoce mucha m\u00e1s informaci\u00f3n en nuestra p\u00e1gina web.\" \/>\n<meta property=\"og:url\" content=\"https:\/\/azulcima.com\/index.php\/derechos-y-deberes\/\" \/>\n<meta property=\"og:site_name\" content=\"M\u00e1s que una cl\u00ednica, una experiencia en salud | Azul Cima\" \/>\n<meta property=\"article:modified_time\" content=\"2025-08-22T04:22:50+00:00\" \/>\n<meta name=\"twitter:card\" content=\"summary_large_image\" \/>\n<meta name=\"twitter:label1\" content=\"Tiempo de lectura\" \/>\n\t<meta name=\"twitter:data1\" content=\"4 minutos\" \/>\n<script type=\"application\/ld+json\" class=\"yoast-schema-graph\">{\"@context\":\"https:\/\/schema.org\",\"@graph\":[{\"@type\":\"WebPage\",\"@id\":\"https:\/\/azulcima.com\/index.php\/derechos-y-deberes\/\",\"url\":\"https:\/\/azulcima.com\/index.php\/derechos-y-deberes\/\",\"name\":\"Derechos y deberes | Azul Cima | Citas servisalud\",\"isPartOf\":{\"@id\":\"https:\/\/azulcima.com\/#website\"},\"datePublished\":\"2020-07-26T15:49:12+00:00\",\"dateModified\":\"2025-08-22T04:22:50+00:00\",\"description\":\"Conoce aqu\u00ed todos los derechos y deberes de nuestros paciente. Conoce mucha m\u00e1s informaci\u00f3n en nuestra p\u00e1gina web.\",\"breadcrumb\":{\"@id\":\"https:\/\/azulcima.com\/index.php\/derechos-y-deberes\/#breadcrumb\"},\"inLanguage\":\"es-CO\",\"potentialAction\":[{\"@type\":\"ReadAction\",\"target\":[\"https:\/\/azulcima.com\/index.php\/derechos-y-deberes\/\"]}]},{\"@type\":\"BreadcrumbList\",\"@id\":\"https:\/\/azulcima.com\/index.php\/derechos-y-deberes\/#breadcrumb\",\"itemListElement\":[{\"@type\":\"ListItem\",\"position\":1,\"name\":\"Home\",\"item\":\"https:\/\/azulcima.com\/\"},{\"@type\":\"ListItem\",\"position\":2,\"name\":\"Derechos y deberes\"}]},{\"@type\":\"WebSite\",\"@id\":\"https:\/\/azulcima.com\/#website\",\"url\":\"https:\/\/azulcima.com\/\",\"name\":\"M\u00e1s que una cl\u00ednica, una experiencia en salud | Azul Cima\",\"description\":\"M\u00e1s que una cl\u00ednica, una experiencia en salud |  Somos Azul Cima una de las m\u00e1s innovadoras de Colombia, pensada para brindarte una experiencia en Salud, con servicios de alta complejidad.\",\"publisher\":{\"@id\":\"https:\/\/azulcima.com\/#organization\"},\"potentialAction\":[{\"@type\":\"SearchAction\",\"target\":{\"@type\":\"EntryPoint\",\"urlTemplate\":\"https:\/\/azulcima.com\/?s={search_term_string}\"},\"query-input\":{\"@type\":\"PropertyValueSpecification\",\"valueRequired\":true,\"valueName\":\"search_term_string\"}}],\"inLanguage\":\"es-CO\"},{\"@type\":\"Organization\",\"@id\":\"https:\/\/azulcima.com\/#organization\",\"name\":\"Clinica Azul - Una Experiencia en Salud\",\"url\":\"https:\/\/azulcima.com\/\",\"logo\":{\"@type\":\"ImageObject\",\"inLanguage\":\"es-CO\",\"@id\":\"https:\/\/azulcima.com\/#\/schema\/logo\/image\/\",\"url\":\"http:\/\/azulcima.com\/wp-content\/uploads\/2020\/05\/logo_clinicaAzul_color2X.png\",\"contentUrl\":\"http:\/\/azulcima.com\/wp-content\/uploads\/2020\/05\/logo_clinicaAzul_color2X.png\",\"width\":664,\"height\":132,\"caption\":\"Clinica Azul - Una Experiencia en Salud\"},\"image\":{\"@id\":\"https:\/\/azulcima.com\/#\/schema\/logo\/image\/\"}}]}<\/script>\n<!-- \/ Yoast SEO plugin. -->","yoast_head_json":{"title":"Derechos y deberes | Azul Cima | Citas servisalud","description":"Conoce aqu\u00ed todos los derechos y deberes de nuestros paciente. Conoce mucha m\u00e1s informaci\u00f3n en nuestra p\u00e1gina web.","robots":{"index":"index","follow":"follow","max-snippet":"max-snippet:-1","max-image-preview":"max-image-preview:large","max-video-preview":"max-video-preview:-1"},"canonical":"https:\/\/azulcima.com\/index.php\/derechos-y-deberes\/","og_locale":"es_ES","og_type":"article","og_title":"Derechos y deberes | Azul Cima | Citas servisalud","og_description":"Conoce aqu\u00ed todos los derechos y deberes de nuestros paciente. Conoce mucha m\u00e1s informaci\u00f3n en nuestra p\u00e1gina web.","og_url":"https:\/\/azulcima.com\/index.php\/derechos-y-deberes\/","og_site_name":"M\u00e1s que una cl\u00ednica, una experiencia en salud | Azul Cima","article_modified_time":"2025-08-22T04:22:50+00:00","twitter_card":"summary_large_image","twitter_misc":{"Tiempo de lectura":"4 minutos"},"schema":{"@context":"https:\/\/schema.org","@graph":[{"@type":"WebPage","@id":"https:\/\/azulcima.com\/index.php\/derechos-y-deberes\/","url":"https:\/\/azulcima.com\/index.php\/derechos-y-deberes\/","name":"Derechos y deberes | Azul Cima | Citas servisalud","isPartOf":{"@id":"https:\/\/azulcima.com\/#website"},"datePublished":"2020-07-26T15:49:12+00:00","dateModified":"2025-08-22T04:22:50+00:00","description":"Conoce aqu\u00ed todos los derechos y deberes de nuestros paciente. Conoce mucha m\u00e1s informaci\u00f3n en nuestra p\u00e1gina web.","breadcrumb":{"@id":"https:\/\/azulcima.com\/index.php\/derechos-y-deberes\/#breadcrumb"},"inLanguage":"es-CO","potentialAction":[{"@type":"ReadAction","target":["https:\/\/azulcima.com\/index.php\/derechos-y-deberes\/"]}]},{"@type":"BreadcrumbList","@id":"https:\/\/azulcima.com\/index.php\/derechos-y-deberes\/#breadcrumb","itemListElement":[{"@type":"ListItem","position":1,"name":"Home","item":"https:\/\/azulcima.com\/"},{"@type":"ListItem","position":2,"name":"Derechos y deberes"}]},{"@type":"WebSite","@id":"https:\/\/azulcima.com\/#website","url":"https:\/\/azulcima.com\/","name":"M\u00e1s que una cl\u00ednica, una experiencia en salud | Azul Cima","description":"M\u00e1s que una cl\u00ednica, una experiencia en salud |  Somos Azul Cima una de las m\u00e1s innovadoras de Colombia, pensada para brindarte una experiencia en Salud, con servicios de alta complejidad.","publisher":{"@id":"https:\/\/azulcima.com\/#organization"},"potentialAction":[{"@type":"SearchAction","target":{"@type":"EntryPoint","urlTemplate":"https:\/\/azulcima.com\/?s={search_term_string}"},"query-input":{"@type":"PropertyValueSpecification","valueRequired":true,"valueName":"search_term_string"}}],"inLanguage":"es-CO"},{"@type":"Organization","@id":"https:\/\/azulcima.com\/#organization","name":"Clinica Azul - Una Experiencia en Salud","url":"https:\/\/azulcima.com\/","logo":{"@type":"ImageObject","inLanguage":"es-CO","@id":"https:\/\/azulcima.com\/#\/schema\/logo\/image\/","url":"http:\/\/azulcima.com\/wp-content\/uploads\/2020\/05\/logo_clinicaAzul_color2X.png","contentUrl":"http:\/\/azulcima.com\/wp-content\/uploads\/2020\/05\/logo_clinicaAzul_color2X.png","width":664,"height":132,"caption":"Clinica Azul - Una Experiencia en Salud"},"image":{"@id":"https:\/\/azulcima.com\/#\/schema\/logo\/image\/"}}]}},"_links":{"self":[{"href":"https:\/\/azulcima.com\/index.php\/wp-json\/wp\/v2\/pages\/9488"}],"collection":[{"href":"https:\/\/azulcima.com\/index.php\/wp-json\/wp\/v2\/pages"}],"about":[{"href":"https:\/\/azulcima.com\/index.php\/wp-json\/wp\/v2\/types\/page"}],"author":[{"embeddable":true,"href":"https:\/\/azulcima.com\/index.php\/wp-json\/wp\/v2\/users\/3"}],"replies":[{"embeddable":true,"href":"https:\/\/azulcima.com\/index.php\/wp-json\/wp\/v2\/comments?post=9488"}],"version-history":[{"count":23,"href":"https:\/\/azulcima.com\/index.php\/wp-json\/wp\/v2\/pages\/9488\/revisions"}],"predecessor-version":[{"id":9788,"href":"https:\/\/azulcima.com\/index.php\/wp-json\/wp\/v2\/pages\/9488\/revisions\/9788"}],"wp:attachment":[{"href":"https:\/\/azulcima.com\/index.php\/wp-json\/wp\/v2\/media?parent=9488"}],"curies":[{"name":"wp","href":"https:\/\/api.w.org\/{rel}","templated":true}]}}