{"id":9466,"date":"2020-07-26T09:48:16","date_gmt":"2020-07-26T14:48:16","guid":{"rendered":"http:\/\/www.clinicaazul.co\/?page_id=9466"},"modified":"2025-08-13T17:30:33","modified_gmt":"2025-08-13T22:30:33","slug":"servicios","status":"publish","type":"page","link":"https:\/\/azulcima.com\/index.php\/servicios\/","title":{"rendered":"Servicios"},"content":{"rendered":"<div class=\"wpb-content-wrapper\"><p>[vc_row full_width=&#8221;stretch_row&#8221; tlg_large_container=&#8221;extra-container&#8221; tlg_padding=&#8221;pt180 pb180 pt-xs-80 pb-xs-80&#8243; css=&#8221;.vc_custom_1598104655465{background: #ffffff url(http:\/\/azulcima.com\/wp-content\/uploads\/2020\/07\/banner_servicios.jpg?id=9481) !important;}&#8221;][vc_column]<div class=\"tlg-spacer  \" data-height=\"80\" data-height-tablet=\"60\" data-height-mobile=\"50\" style=\"clear:both;display:block;height:80px;\"><\/div>[\/vc_column][\/vc_row][vc_row css_animation=&#8221;slideInUp&#8221; tlg_padding=&#8221;pb0&#8243; css=&#8221;.vc_custom_1590698168137{background-color: #ffffff !important;}&#8221;][vc_column]<div class=\"headings-title \"><div class=\"mb0 mb-xs-40 text-left\"><h1 style=\"color:#00498b!important;font-size:52px;line-height:62px;letter-spacing:1px!important;text-transform: none!important;\" class=\"widgettitle mb0\">Servicios<\/h1><\/div><\/div>[\/vc_column][\/vc_row][vc_row tlg_padding=&#8221;pb0&#8243; el_class=&#8221;fila_titulo_servicios&#8221; css=&#8221;.vc_custom_1596142058398{padding-bottom: 0px !important;background-color: #ffffff !important;}&#8221;][vc_column]<section class=\"box-content image-standard  \">\n\t\t\t\t\t\t    <div class=\"container p0-sm-min\">\n\t\t\t\t\t\t        <div class=\"row vertical-flex\">\n\t\t\t\t\t\t            <div class=\"col-md-7 col-sm-6 text-center mb-xs-24 p0-sm-min border-radius-m shadow-img\">\n\t\t\t\t\t\t            \t<div class=\"intro-image\"><img loading=\"lazy\" decoding=\"async\" width=\"960\" height=\"640\" src=\"https:\/\/azulcima.com\/wp-content\/uploads\/2020\/07\/servicios.jpg\" class=\"attachment-full size-full\" alt=\"desarrollo-de-medicamentos\" srcset=\"https:\/\/azulcima.com\/wp-content\/uploads\/2020\/07\/servicios.jpg 960w, https:\/\/azulcima.com\/wp-content\/uploads\/2020\/07\/servicios-300x200.jpg 300w, https:\/\/azulcima.com\/wp-content\/uploads\/2020\/07\/servicios-768x512.jpg 768w\" sizes=\"(max-width: 960px) 100vw, 960px\" \/><\/div>\n\t\t\t\t\t\t            <\/div>\n\t\t\t\t\t\t            <div class=\"col-md-4 col-md-offset-1 col-sm-5 col-sm-offset-1 p0-sm-min\"><div class=\"primary-line\"><\/div><div class=\"intro-content-content\"><p>Azul Cima cuenta con un modelo de atenci\u00f3n en el cual confluyen los diferentes procesos asistenciales y administrativos, con el fin de proveer servicios de salud con calidad y seguridad que satisfagan las expectativas y necesidades de los pacientes.<\/p>\n<\/div><\/div>\n\t\t\t\t\t\t        <\/div>\n\t\t\t\t\t\t    <\/div>\n\t\t\t\t\t\t<\/section>[\/vc_column][\/vc_row][vc_row tlg_padding=&#8221;pb0&#8243;][vc_column css_animation=&#8221;fadeInUp&#8221;]<div class=\" wpb_animate_when_almost_visible wpb_fadeInUp fadeInUp timeline\"><article id=\"timeline-69df531eca6e1\" class=\"timeline-item\">\r\n\t\t\t\t\t<div class=\"timeline-dot\" style=\"background-color:#00498b;\"><\/div>\r\n\t\t\t\t\t<div class=\"timeline-date mt0\"><div class=\"linetime\"><div class=\"image-round-100\"><img decoding=\"async\" src=\"https:\/\/azulcima.com\/wp-content\/uploads\/2020\/07\/cuadro2.png\" alt==\"timeline-item\" \/><\/div><\/div><\/div>\r\n\t\t\t\t\t<div class=\"timeline-body\"><div class=\"timeline-text\"><div ><p>Nuestros pacientes son el eje fundamental en la prestaci\u00f3n del servicio<\/p>\n<\/div>\r\n\t\t\t\t\t<\/div><\/div>\r\n\t\t\t\t<\/article><script type=\"text\/javascript\">jQuery(document).ready(function(){jQuery('head').append('<style type=\"text\/css\" id=\"tlg-custom-css-timeline-69df531eca6e1\">#timeline-69df531eca6e1.timeline-item:hover .timeline-dot{background-color:#86b120!important;}<\/style>');});<\/script><article id=\"timeline-69df531ecaacf\" class=\"timeline-item\">\r\n\t\t\t\t\t<div class=\"timeline-dot\" style=\"background-color:#00498b;\"><\/div>\r\n\t\t\t\t\t<div class=\"timeline-date mt0\"><div class=\"linetime\"><div class=\"image-round-100\"><img decoding=\"async\" src=\"https:\/\/azulcima.com\/wp-content\/uploads\/2020\/07\/cuadro2.png\" alt==\"timeline-item\" \/><\/div><\/div><\/div>\r\n\t\t\t\t\t<div class=\"timeline-body\"><div class=\"timeline-text\"><div ><p>Establecemos relaciones de confianza y colaboraci\u00f3n con aseguradores, pacientes, familias, proveedores y colaboradores<\/p>\n<\/div>\r\n\t\t\t\t\t<\/div><\/div>\r\n\t\t\t\t<\/article><script type=\"text\/javascript\">jQuery(document).ready(function(){jQuery('head').append('<style type=\"text\/css\" id=\"tlg-custom-css-timeline-69df531ecaacf\">#timeline-69df531ecaacf.timeline-item:hover .timeline-dot{background-color:#86b120!important;}<\/style>');});<\/script><article id=\"timeline-69df531ecab15\" class=\"timeline-item\">\r\n\t\t\t\t\t<div class=\"timeline-dot\" style=\"background-color:#00498b;\"><\/div>\r\n\t\t\t\t\t<div class=\"timeline-date mt0\"><div class=\"linetime\"><div class=\"image-round-100\"><img decoding=\"async\" src=\"https:\/\/azulcima.com\/wp-content\/uploads\/2020\/07\/cuadro2.png\" alt==\"timeline-item\" \/><\/div><\/div><\/div>\r\n\t\t\t\t\t<div class=\"timeline-body\"><div class=\"timeline-text\"><div ><p>Trato de excelencia a las personas en cualquier punto de contacto, con base en una comunicaci\u00f3n efectiva y el respeto a la dignidad y a los derechos de las personas<\/p>\n<\/div>\r\n\t\t\t\t\t<\/div><\/div>\r\n\t\t\t\t<\/article><script type=\"text\/javascript\">jQuery(document).ready(function(){jQuery('head').append('<style type=\"text\/css\" id=\"tlg-custom-css-timeline-69df531ecab15\">#timeline-69df531ecab15.timeline-item:hover .timeline-dot{background-color:#86b120!important;}<\/style>');});<\/script><article id=\"timeline-69df531ecab5b\" class=\"timeline-item\">\r\n\t\t\t\t\t<div class=\"timeline-dot\" style=\"background-color:#00498b;\"><\/div>\r\n\t\t\t\t\t<div class=\"timeline-date mt0\"><div class=\"linetime\"><div class=\"image-round-100\"><img decoding=\"async\" src=\"https:\/\/azulcima.com\/wp-content\/uploads\/2020\/07\/cuadro2.png\" alt==\"timeline-item\" \/><\/div><\/div><\/div>\r\n\t\t\t\t\t<div class=\"timeline-body\"><div class=\"timeline-text\"><div ><p>Nuestro modelo de atenci\u00f3n cuenta con enfoque de riesgo<\/p>\n<\/div>\r\n\t\t\t\t\t<\/div><\/div>\r\n\t\t\t\t<\/article><script type=\"text\/javascript\">jQuery(document).ready(function(){jQuery('head').append('<style type=\"text\/css\" id=\"tlg-custom-css-timeline-69df531ecab5b\">#timeline-69df531ecab5b.timeline-item:hover .timeline-dot{background-color:#86b120!important;}<\/style>');});<\/script><\/div>[\/vc_column][\/vc_row][vc_row tlg_text_align=&#8221;text-center&#8221;][vc_column]<div class=\" wpb_animate_when_almost_visible wpb_fadeInUp fadeInUp text-center\"><a style=\"color:#ffffff;background:#004988;border-color:transparent;\" id=\"btn-69df531ecab9e\" class=\"btn  ti-download  btn-sm-sm\" href= \"http:\/\/azulcima.com\/wp-content\/uploads\/2020\/09\/Proceso-de-atencio\u0301n-Cli\u0301nica-Azul.pdf\" target='_blank' >Proceso de atenci\u00f3n<\/a><\/div><script type=\"text\/javascript\">jQuery(document).ready(function(){jQuery('head').append('<style type=\"text\/css\" id=\"tlg-custom-css-btn-69df531ecab9e\">#btn-69df531ecab9e:hover{color:#ffffff!important;background:#004988!important;border-color:transparent!important;}<\/style>');});<\/script>[\/vc_column][\/vc_row]<\/p>\n<\/div>","protected":false},"excerpt":{"rendered":"<p>[vc_row full_width=&#8221;stretch_row&#8221; tlg_large_container=&#8221;extra-container&#8221; tlg_padding=&#8221;pt180 pb180 pt-xs-80 pb-xs-80&#8243; css=&#8221;.vc_custom_1598104655465{background: #ffffff url(http:\/\/azulcima.com\/wp-content\/uploads\/2020\/07\/banner_servicios.jpg?id=9481) !important;}&#8221;][vc_column][\/vc_column][\/vc_row][vc_row css_animation=&#8221;slideInUp&#8221; tlg_padding=&#8221;pb0&#8243; css=&#8221;.vc_custom_1590698168137{background-color: #ffffff !important;}&#8221;][vc_column][\/vc_column][\/vc_row][vc_row tlg_padding=&#8221;pb0&#8243; el_class=&#8221;fila_titulo_servicios&#8221; css=&#8221;.vc_custom_1596142058398{padding-bottom: 0px !important;background-color: #ffffff !important;}&#8221;][vc_column][\/vc_column][\/vc_row][vc_row tlg_padding=&#8221;pb0&#8243;][vc_column css_animation=&#8221;fadeInUp&#8221;][\/vc_column][\/vc_row][vc_row tlg_text_align=&#8221;text-center&#8221;][vc_column][\/vc_column][\/vc_row]<\/p>\n","protected":false},"author":3,"featured_media":0,"parent":0,"menu_order":0,"comment_status":"closed","ping_status":"closed","template":"","meta":{"footnotes":""},"class_list":["post-9466","page","type-page","status-publish","hentry"],"yoast_head":"<!-- This site is optimized with the Yoast SEO plugin v23.5 - https:\/\/yoast.com\/wordpress\/plugins\/seo\/ -->\n<title>Servicios | Azul Cima | Im\u00e1genes diagnosticas Bogot\u00e1<\/title>\n<meta name=\"description\" content=\"Azul Cima cuenta diferentes procesos asistenciales y administrativos, con el fin de proveer servicios de salud con calidad y seguridad\" \/>\n<meta name=\"robots\" content=\"index, follow, max-snippet:-1, max-image-preview:large, max-video-preview:-1\" \/>\n<link rel=\"canonical\" href=\"https:\/\/azulcima.com\/index.php\/servicios\/\" \/>\n<meta property=\"og:locale\" content=\"es_ES\" \/>\n<meta property=\"og:type\" content=\"article\" \/>\n<meta property=\"og:title\" content=\"Servicios | Azul Cima | Im\u00e1genes diagnosticas Bogot\u00e1\" \/>\n<meta property=\"og:description\" content=\"Azul Cima cuenta diferentes procesos asistenciales y administrativos, con el fin de proveer servicios de salud con calidad y seguridad\" \/>\n<meta property=\"og:url\" content=\"https:\/\/azulcima.com\/index.php\/servicios\/\" \/>\n<meta property=\"og:site_name\" content=\"M\u00e1s que una cl\u00ednica, una experiencia en salud | Azul Cima\" \/>\n<meta property=\"article:modified_time\" content=\"2025-08-13T22:30:33+00:00\" \/>\n<meta name=\"twitter:card\" content=\"summary_large_image\" \/>\n<meta name=\"twitter:label1\" content=\"Tiempo de lectura\" \/>\n\t<meta name=\"twitter:data1\" content=\"2 minutos\" \/>\n<script type=\"application\/ld+json\" class=\"yoast-schema-graph\">{\"@context\":\"https:\/\/schema.org\",\"@graph\":[{\"@type\":\"WebPage\",\"@id\":\"https:\/\/azulcima.com\/index.php\/servicios\/\",\"url\":\"https:\/\/azulcima.com\/index.php\/servicios\/\",\"name\":\"Servicios | Azul Cima | Im\u00e1genes diagnosticas Bogot\u00e1\",\"isPartOf\":{\"@id\":\"https:\/\/azulcima.com\/#website\"},\"datePublished\":\"2020-07-26T14:48:16+00:00\",\"dateModified\":\"2025-08-13T22:30:33+00:00\",\"description\":\"Azul Cima cuenta diferentes procesos asistenciales y administrativos, con el fin de proveer servicios de salud con calidad y seguridad\",\"breadcrumb\":{\"@id\":\"https:\/\/azulcima.com\/index.php\/servicios\/#breadcrumb\"},\"inLanguage\":\"es-CO\",\"potentialAction\":[{\"@type\":\"ReadAction\",\"target\":[\"https:\/\/azulcima.com\/index.php\/servicios\/\"]}]},{\"@type\":\"BreadcrumbList\",\"@id\":\"https:\/\/azulcima.com\/index.php\/servicios\/#breadcrumb\",\"itemListElement\":[{\"@type\":\"ListItem\",\"position\":1,\"name\":\"Home\",\"item\":\"https:\/\/azulcima.com\/\"},{\"@type\":\"ListItem\",\"position\":2,\"name\":\"Servicios\"}]},{\"@type\":\"WebSite\",\"@id\":\"https:\/\/azulcima.com\/#website\",\"url\":\"https:\/\/azulcima.com\/\",\"name\":\"M\u00e1s que una cl\u00ednica, una experiencia en salud | Azul Cima\",\"description\":\"M\u00e1s que una cl\u00ednica, una experiencia en salud |  Somos Azul Cima una de las m\u00e1s innovadoras de Colombia, pensada para brindarte una experiencia en Salud, con servicios de alta complejidad.\",\"publisher\":{\"@id\":\"https:\/\/azulcima.com\/#organization\"},\"potentialAction\":[{\"@type\":\"SearchAction\",\"target\":{\"@type\":\"EntryPoint\",\"urlTemplate\":\"https:\/\/azulcima.com\/?s={search_term_string}\"},\"query-input\":{\"@type\":\"PropertyValueSpecification\",\"valueRequired\":true,\"valueName\":\"search_term_string\"}}],\"inLanguage\":\"es-CO\"},{\"@type\":\"Organization\",\"@id\":\"https:\/\/azulcima.com\/#organization\",\"name\":\"Clinica Azul - Una Experiencia en Salud\",\"url\":\"https:\/\/azulcima.com\/\",\"logo\":{\"@type\":\"ImageObject\",\"inLanguage\":\"es-CO\",\"@id\":\"https:\/\/azulcima.com\/#\/schema\/logo\/image\/\",\"url\":\"http:\/\/azulcima.com\/wp-content\/uploads\/2020\/05\/logo_clinicaAzul_color2X.png\",\"contentUrl\":\"http:\/\/azulcima.com\/wp-content\/uploads\/2020\/05\/logo_clinicaAzul_color2X.png\",\"width\":664,\"height\":132,\"caption\":\"Clinica Azul - Una Experiencia en Salud\"},\"image\":{\"@id\":\"https:\/\/azulcima.com\/#\/schema\/logo\/image\/\"}}]}<\/script>\n<!-- \/ Yoast SEO plugin. -->","yoast_head_json":{"title":"Servicios | Azul Cima | Im\u00e1genes diagnosticas Bogot\u00e1","description":"Azul Cima cuenta diferentes procesos asistenciales y administrativos, con el fin de proveer servicios de salud con calidad y seguridad","robots":{"index":"index","follow":"follow","max-snippet":"max-snippet:-1","max-image-preview":"max-image-preview:large","max-video-preview":"max-video-preview:-1"},"canonical":"https:\/\/azulcima.com\/index.php\/servicios\/","og_locale":"es_ES","og_type":"article","og_title":"Servicios | Azul Cima | Im\u00e1genes diagnosticas Bogot\u00e1","og_description":"Azul Cima cuenta diferentes procesos asistenciales y administrativos, con el fin de proveer servicios de salud con calidad y seguridad","og_url":"https:\/\/azulcima.com\/index.php\/servicios\/","og_site_name":"M\u00e1s que una cl\u00ednica, una experiencia en salud | Azul Cima","article_modified_time":"2025-08-13T22:30:33+00:00","twitter_card":"summary_large_image","twitter_misc":{"Tiempo de lectura":"2 minutos"},"schema":{"@context":"https:\/\/schema.org","@graph":[{"@type":"WebPage","@id":"https:\/\/azulcima.com\/index.php\/servicios\/","url":"https:\/\/azulcima.com\/index.php\/servicios\/","name":"Servicios | Azul Cima | Im\u00e1genes diagnosticas Bogot\u00e1","isPartOf":{"@id":"https:\/\/azulcima.com\/#website"},"datePublished":"2020-07-26T14:48:16+00:00","dateModified":"2025-08-13T22:30:33+00:00","description":"Azul Cima cuenta diferentes procesos asistenciales y administrativos, con el fin de proveer servicios de salud con calidad y seguridad","breadcrumb":{"@id":"https:\/\/azulcima.com\/index.php\/servicios\/#breadcrumb"},"inLanguage":"es-CO","potentialAction":[{"@type":"ReadAction","target":["https:\/\/azulcima.com\/index.php\/servicios\/"]}]},{"@type":"BreadcrumbList","@id":"https:\/\/azulcima.com\/index.php\/servicios\/#breadcrumb","itemListElement":[{"@type":"ListItem","position":1,"name":"Home","item":"https:\/\/azulcima.com\/"},{"@type":"ListItem","position":2,"name":"Servicios"}]},{"@type":"WebSite","@id":"https:\/\/azulcima.com\/#website","url":"https:\/\/azulcima.com\/","name":"M\u00e1s que una cl\u00ednica, una experiencia en salud | Azul Cima","description":"M\u00e1s que una cl\u00ednica, una experiencia en salud |  Somos Azul Cima una de las m\u00e1s innovadoras de Colombia, pensada para brindarte una experiencia en Salud, con servicios de alta complejidad.","publisher":{"@id":"https:\/\/azulcima.com\/#organization"},"potentialAction":[{"@type":"SearchAction","target":{"@type":"EntryPoint","urlTemplate":"https:\/\/azulcima.com\/?s={search_term_string}"},"query-input":{"@type":"PropertyValueSpecification","valueRequired":true,"valueName":"search_term_string"}}],"inLanguage":"es-CO"},{"@type":"Organization","@id":"https:\/\/azulcima.com\/#organization","name":"Clinica Azul - Una Experiencia en Salud","url":"https:\/\/azulcima.com\/","logo":{"@type":"ImageObject","inLanguage":"es-CO","@id":"https:\/\/azulcima.com\/#\/schema\/logo\/image\/","url":"http:\/\/azulcima.com\/wp-content\/uploads\/2020\/05\/logo_clinicaAzul_color2X.png","contentUrl":"http:\/\/azulcima.com\/wp-content\/uploads\/2020\/05\/logo_clinicaAzul_color2X.png","width":664,"height":132,"caption":"Clinica Azul - Una Experiencia en Salud"},"image":{"@id":"https:\/\/azulcima.com\/#\/schema\/logo\/image\/"}}]}},"_links":{"self":[{"href":"https:\/\/azulcima.com\/index.php\/wp-json\/wp\/v2\/pages\/9466"}],"collection":[{"href":"https:\/\/azulcima.com\/index.php\/wp-json\/wp\/v2\/pages"}],"about":[{"href":"https:\/\/azulcima.com\/index.php\/wp-json\/wp\/v2\/types\/page"}],"author":[{"embeddable":true,"href":"https:\/\/azulcima.com\/index.php\/wp-json\/wp\/v2\/users\/3"}],"replies":[{"embeddable":true,"href":"https:\/\/azulcima.com\/index.php\/wp-json\/wp\/v2\/comments?post=9466"}],"version-history":[{"count":26,"href":"https:\/\/azulcima.com\/index.php\/wp-json\/wp\/v2\/pages\/9466\/revisions"}],"predecessor-version":[{"id":11360,"href":"https:\/\/azulcima.com\/index.php\/wp-json\/wp\/v2\/pages\/9466\/revisions\/11360"}],"wp:attachment":[{"href":"https:\/\/azulcima.com\/index.php\/wp-json\/wp\/v2\/media?parent=9466"}],"curies":[{"name":"wp","href":"https:\/\/api.w.org\/{rel}","templated":true}]}}