{"id":9454,"date":"2020-07-26T09:14:40","date_gmt":"2020-07-26T14:14:40","guid":{"rendered":"http:\/\/www.clinicaazul.co\/?page_id=9454"},"modified":"2025-10-01T13:27:15","modified_gmt":"2025-10-01T18:27:15","slug":"terapia-fisica-y-respiratoria","status":"publish","type":"page","link":"https:\/\/azulcima.com\/index.php\/terapia-fisica-y-respiratoria\/","title":{"rendered":"Terapia f\u00edsica y respiratoria"},"content":{"rendered":"<div class=\"wpb-content-wrapper\"><p>[vc_row full_width=&#8221;stretch_row&#8221; tlg_large_container=&#8221;extra-container&#8221; tlg_padding=&#8221;pt180 pb180 pt-xs-80 pb-xs-80&#8243; css=&#8221;.vc_custom_1759343231645{background: #ffffff url(https:\/\/azulcima.com\/wp-content\/uploads\/2025\/10\/wf.jpg?id=11410) !important;background-position: center !important;background-repeat: no-repeat !important;background-size: cover !important;}&#8221;][vc_column]<div class=\"tlg-spacer  \" data-height=\"500\" data-height-tablet=\"400\" data-height-mobile=\"200\" style=\"clear:both;display:block;height:500px;\"><\/div>[\/vc_column][\/vc_row][vc_row css_animation=&#8221;slideInUp&#8221; tlg_padding=&#8221;pb0&#8243; css=&#8221;.vc_custom_1590698168137{background-color: #ffffff !important;}&#8221;][vc_column]<div class=\"headings-title \"><div class=\"mb0 mb-xs-40 text-left\"><h1 style=\"color:#00498b!important;font-size:52px;line-height:62px;letter-spacing:1px!important;text-transform: none!important;\" class=\"widgettitle mb0\">Terapia f\u00edsica y respiratoria<\/h1><\/div><\/div>[\/vc_column][\/vc_row][vc_row tlg_padding=&#8221;pb0&#8243; el_class=&#8221;fila_titulo_servicios&#8221; css=&#8221;.vc_custom_1595772321158{padding-bottom: 0px !important;background-color: #ffffff !important;}&#8221;][vc_column]<section class=\"box-content image-standard  \">\n\t\t\t\t\t\t    <div class=\"container p0-sm-min\">\n\t\t\t\t\t\t        <div class=\"row vertical-flex\">\n\t\t\t\t\t\t            <div class=\"col-md-4 col-sm-5 mb-xs-24 p0-sm-min\"><h2  class=\"widgettitle mb8\">Terapia f\u00edsica<\/h2><div class=\"primary-line\"><\/div><div class=\"intro-content-content\"><p>Servicio dirigido a los pacientes hospitalizados que presentan diagn\u00f3sticos de limitaciones funcionales agudas o cr\u00f3nicas, con un enfoque social, sist\u00e9mico, cl\u00ednico e integral, encaminado a mitigar de los efectos de las patolog\u00edas del sistema musculoesquel\u00e9tico que impactan en las actividades de la vida diaria, y restablecer, optimizar y adaptar la funcionalidad del paciente en condici\u00f3n de discapacidad, impactando de manera positiva en la calidad de vida.<br \/>\nLas actividades dirigidas para mejorar la dolencia, a trav\u00e9s de diversas acciones m\u00e9dicas y de fisioterapia, con la finalidad de controlar el dolor, recuperar la mayor funcionalidad de su cuerpo y el reintegro a las actividades comunes son:<\/p>\n<ul>\n<li>Fisioterapia general<\/li>\n<li>Rehabilitaci\u00f3n ortop\u00e9dica<\/li>\n<li>Rehabilitaci\u00f3n Neurol\u00f3gica<\/li>\n<li>Rehabilitaci\u00f3n Cardiaca<\/li>\n<li>Terapia del Dolor<\/li>\n<li>Tratamiento de lesiones deportivas<\/li>\n<\/ul>\n<p>\n<\/div><\/div>\n\t\t\t\t\t\t            <div class=\"col-md-7 col-md-offset-1 col-sm-6 col-sm-offset-1 text-center p0-sm-min border-radius-m shadow-img\">\n\t\t\t\t\t\t            \t<div class=\"intro-image\"><img loading=\"lazy\" decoding=\"async\" width=\"960\" height=\"640\" src=\"https:\/\/azulcima.com\/wp-content\/uploads\/2020\/07\/terapia-fisica.jpg\" class=\"attachment-full size-full\" alt=\"desarrollo-de-medicamentos\" srcset=\"https:\/\/azulcima.com\/wp-content\/uploads\/2020\/07\/terapia-fisica.jpg 960w, https:\/\/azulcima.com\/wp-content\/uploads\/2020\/07\/terapia-fisica-300x200.jpg 300w, https:\/\/azulcima.com\/wp-content\/uploads\/2020\/07\/terapia-fisica-768x512.jpg 768w\" sizes=\"(max-width: 960px) 100vw, 960px\" \/><\/div>\n\t\t\t\t\t\t            <\/div>\n\t\t\t\t\t\t        <\/div>\n\t\t\t\t\t\t    <\/div>\n\t\t\t\t\t\t<\/section>[\/vc_column][\/vc_row][vc_row tlg_padding=&#8221;pb0&#8243; el_class=&#8221;fila_titulo_servicios&#8221; css=&#8221;.vc_custom_1595772732740{padding-bottom: 0px !important;background-color: #ffffff !important;}&#8221;][vc_column offset=&#8221;vc_hidden-sm vc_hidden-xs&#8221;]<section class=\"box-content image-standard  \">\n\t\t\t\t\t\t    <div class=\"container p0-sm-min\">\n\t\t\t\t\t\t        <div class=\"row vertical-flex\">\n\t\t\t\t\t\t            <div class=\"col-md-7 col-sm-6 text-center mb-xs-24 p0-sm-min border-radius-m shadow-img\">\n\t\t\t\t\t\t            \t<div class=\"intro-image\"><img loading=\"lazy\" decoding=\"async\" width=\"960\" height=\"640\" src=\"https:\/\/azulcima.com\/wp-content\/uploads\/2020\/07\/Terapia-respiratoria.jpg\" class=\"attachment-full size-full\" alt=\"medplus-medicina-prepagada-cali\" srcset=\"https:\/\/azulcima.com\/wp-content\/uploads\/2020\/07\/Terapia-respiratoria.jpg 960w, https:\/\/azulcima.com\/wp-content\/uploads\/2020\/07\/Terapia-respiratoria-300x200.jpg 300w, https:\/\/azulcima.com\/wp-content\/uploads\/2020\/07\/Terapia-respiratoria-768x512.jpg 768w\" sizes=\"(max-width: 960px) 100vw, 960px\" \/><\/div>\n\t\t\t\t\t\t            <\/div>\n\t\t\t\t\t\t            <div class=\"col-md-4 col-md-offset-1 col-sm-5 col-sm-offset-1 p0-sm-min\"><h2  class=\"widgettitle mb8\">Terapia respiratoria<\/h2><div class=\"primary-line\"><\/div><div class=\"intro-content-content\"><p>El servicio especializado en el manejo de pacientes hospitalizados con alteraciones del sistema cardio-respiratorio agudo o cr\u00f3nico, forma parte del grupo interdisciplinario de Azul Cima, el cual brinda un manejo integral al paciente con una patolog\u00eda o afecci\u00f3n diagnosticada previamente por otras especialidades.<\/p>\n<p>Intervienen como apoyo para el fortalecimiento y restauraci\u00f3n de la funci\u00f3n pulmonar mediante procedimientos como:<\/p>\n<ul>\n<li>Oxigenoterapia<\/li>\n<li>Manejo de la v\u00eda a\u00e9rea<\/li>\n<li>Ventilaci\u00f3n mec\u00e1nica: Invasiva\/no Invasiva y alta frecuencia<\/li>\n<li>Aerosolterapia<\/li>\n<li>Fisioterapia de t\u00f3rax<\/li>\n<li>Manejo del paciente traqueostomizado<\/li>\n<li>Educaci\u00f3n en el manejo de inhaladores y rehabilitaci\u00f3n pulmonar<\/li>\n<li>Gasimetr\u00eda sangu\u00ednea<\/li>\n<li>Educaci\u00f3n y manejo de crisis respiratorias<\/li>\n<li>El manejo de la v\u00eda a\u00e9rea y la ventilaci\u00f3n en politraumatismo<\/li>\n<\/ul>\n<p>\n<\/div><\/div>\n\t\t\t\t\t\t        <\/div>\n\t\t\t\t\t\t    <\/div>\n\t\t\t\t\t\t<\/section>[\/vc_column][\/vc_row][vc_row tlg_padding=&#8221;pt0 pb0&#8243; el_class=&#8221;fila_titulo_servicios&#8221; css=&#8221;.vc_custom_1595772837718{padding-bottom: 0px !important;background-color: #ffffff !important;}&#8221;][vc_column offset=&#8221;vc_hidden-lg vc_hidden-md&#8221;]<section class=\"box-content image-standard  \">\n\t\t\t\t\t\t    <div class=\"container p0-sm-min\">\n\t\t\t\t\t\t        <div class=\"row vertical-flex\">\n\t\t\t\t\t\t            <div class=\"col-md-4 col-sm-5 mb-xs-24 p0-sm-min\"><h2  class=\"widgettitle mb8\">Terapia respiratoria<\/h2><div class=\"primary-line\"><\/div><div class=\"intro-content-content\"><p>El servicio especializado en el manejo de pacientes hospitalizados con alteraciones del sistema cardio-respiratorio agudo o cr\u00f3nico, forma parte del grupo interdisciplinario de Azul Cima, el cual brinda un manejo integral al paciente con una patolog\u00eda o afecci\u00f3n diagnosticada previamente por otras especialidades.<\/p>\n<p>Intervienen como apoyo para el fortalecimiento y restauraci\u00f3n de la funci\u00f3n pulmonar mediante procedimientos como:<\/p>\n<ul>\n<li>Oxigenoterapia<\/li>\n<li>Manejo de la v\u00eda a\u00e9rea<\/li>\n<li>Ventilaci\u00f3n mec\u00e1nica: Invasiva\/no Invasiva y alta frecuencia<\/li>\n<li>Aerosolterapia<\/li>\n<li>Fisioterapia de t\u00f3rax<\/li>\n<li>Manejo del paciente traqueostomizado<\/li>\n<li>Educaci\u00f3n en el manejo de inhaladores y rehabilitaci\u00f3n pulmonar<\/li>\n<li>Gasimetr\u00eda sangu\u00ednea<\/li>\n<li>Educaci\u00f3n y manejo de crisis respiratorias<\/li>\n<li>El manejo de la v\u00eda a\u00e9rea y la ventilaci\u00f3n en politraumatismo<\/li>\n<\/ul>\n<p>\n<\/div><\/div>\n\t\t\t\t\t\t            <div class=\"col-md-7 col-md-offset-1 col-sm-6 col-sm-offset-1 text-center p0-sm-min border-radius-m shadow-img\">\n\t\t\t\t\t\t            \t<div class=\"intro-image\"><img loading=\"lazy\" decoding=\"async\" width=\"960\" height=\"640\" src=\"https:\/\/azulcima.com\/wp-content\/uploads\/2020\/07\/Terapia-respiratoria.jpg\" class=\"attachment-full size-full\" alt=\"medplus-medicina-prepagada-cali\" srcset=\"https:\/\/azulcima.com\/wp-content\/uploads\/2020\/07\/Terapia-respiratoria.jpg 960w, https:\/\/azulcima.com\/wp-content\/uploads\/2020\/07\/Terapia-respiratoria-300x200.jpg 300w, https:\/\/azulcima.com\/wp-content\/uploads\/2020\/07\/Terapia-respiratoria-768x512.jpg 768w\" sizes=\"(max-width: 960px) 100vw, 960px\" \/><\/div>\n\t\t\t\t\t\t            <\/div>\n\t\t\t\t\t\t        <\/div>\n\t\t\t\t\t\t    <\/div>\n\t\t\t\t\t\t<\/section>[\/vc_column][\/vc_row][vc_row tlg_padding=&#8221;pb0&#8243; el_class=&#8221;fila_titulo&#8221; css=&#8221;.vc_custom_1590099864772{background-color: #ffffff !important;}&#8221;][vc_column]<div class=\"tlg-spacer  \" data-height=\"40\" data-height-tablet=\"30\" data-height-mobile=\"25\" style=\"clear:both;display:block;height:40px;\"><\/div>[\/vc_column][\/vc_row]<\/p>\n<\/div>","protected":false},"excerpt":{"rendered":"<p>[vc_row full_width=&#8221;stretch_row&#8221; tlg_large_container=&#8221;extra-container&#8221; tlg_padding=&#8221;pt180 pb180 pt-xs-80 pb-xs-80&#8243; css=&#8221;.vc_custom_1759343231645{background: #ffffff url(https:\/\/azulcima.com\/wp-content\/uploads\/2025\/10\/wf.jpg?id=11410) !important;background-position: center !important;background-repeat: no-repeat !important;background-size: cover !important;}&#8221;][vc_column][\/vc_column][\/vc_row][vc_row css_animation=&#8221;slideInUp&#8221; tlg_padding=&#8221;pb0&#8243; css=&#8221;.vc_custom_1590698168137{background-color: #ffffff !important;}&#8221;][vc_column][\/vc_column][\/vc_row][vc_row tlg_padding=&#8221;pb0&#8243; el_class=&#8221;fila_titulo_servicios&#8221; css=&#8221;.vc_custom_1595772321158{padding-bottom: 0px !important;background-color: #ffffff !important;}&#8221;][vc_column][\/vc_column][\/vc_row][vc_row tlg_padding=&#8221;pb0&#8243; el_class=&#8221;fila_titulo_servicios&#8221; css=&#8221;.vc_custom_1595772732740{padding-bottom: 0px !important;background-color: #ffffff !important;}&#8221;][vc_column offset=&#8221;vc_hidden-sm vc_hidden-xs&#8221;][\/vc_column][\/vc_row][vc_row tlg_padding=&#8221;pt0 pb0&#8243; el_class=&#8221;fila_titulo_servicios&#8221; css=&#8221;.vc_custom_1595772837718{padding-bottom: 0px !important;background-color: #ffffff !important;}&#8221;][vc_column offset=&#8221;vc_hidden-lg vc_hidden-md&#8221;][\/vc_column][\/vc_row][vc_row tlg_padding=&#8221;pb0&#8243; el_class=&#8221;fila_titulo&#8221; css=&#8221;.vc_custom_1590099864772{background-color: #ffffff !important;}&#8221;][vc_column][\/vc_column][\/vc_row]<\/p>\n","protected":false},"author":3,"featured_media":0,"parent":0,"menu_order":0,"comment_status":"closed","ping_status":"closed","template":"","meta":{"footnotes":""},"class_list":["post-9454","page","type-page","status-publish","hentry"],"yoast_head":"<!-- This site is optimized with the Yoast SEO plugin v23.5 - https:\/\/yoast.com\/wordpress\/plugins\/seo\/ -->\n<title>Terapia f\u00edsica y respiratoria | Azul Cima | Servisalud urgencias<\/title>\n<meta name=\"description\" content=\"Contamos con terapia f\u00edsica y respiratoria, Rehabilitaci\u00f3n Cardiaca, Terapia del Dolor, Tratamiento de lesiones deportivas y mucho m\u00e1s.\" \/>\n<meta name=\"robots\" content=\"index, follow, max-snippet:-1, max-image-preview:large, max-video-preview:-1\" \/>\n<link rel=\"canonical\" href=\"https:\/\/azulcima.com\/index.php\/terapia-fisica-y-respiratoria\/\" \/>\n<meta property=\"og:locale\" content=\"es_ES\" \/>\n<meta property=\"og:type\" content=\"article\" \/>\n<meta property=\"og:title\" content=\"Terapia f\u00edsica y respiratoria | Azul Cima | Servisalud urgencias\" \/>\n<meta property=\"og:description\" content=\"Contamos con terapia f\u00edsica y respiratoria, Rehabilitaci\u00f3n Cardiaca, Terapia del Dolor, Tratamiento de lesiones deportivas y mucho m\u00e1s.\" \/>\n<meta property=\"og:url\" content=\"https:\/\/azulcima.com\/index.php\/terapia-fisica-y-respiratoria\/\" \/>\n<meta property=\"og:site_name\" content=\"M\u00e1s que una cl\u00ednica, una experiencia en salud | Azul Cima\" \/>\n<meta property=\"article:modified_time\" content=\"2025-10-01T18:27:15+00:00\" \/>\n<meta name=\"twitter:card\" content=\"summary_large_image\" \/>\n<meta name=\"twitter:label1\" content=\"Tiempo de lectura\" \/>\n\t<meta name=\"twitter:data1\" content=\"3 minutos\" \/>\n<script type=\"application\/ld+json\" class=\"yoast-schema-graph\">{\"@context\":\"https:\/\/schema.org\",\"@graph\":[{\"@type\":\"WebPage\",\"@id\":\"https:\/\/azulcima.com\/index.php\/terapia-fisica-y-respiratoria\/\",\"url\":\"https:\/\/azulcima.com\/index.php\/terapia-fisica-y-respiratoria\/\",\"name\":\"Terapia f\u00edsica y respiratoria | Azul Cima | Servisalud urgencias\",\"isPartOf\":{\"@id\":\"https:\/\/azulcima.com\/#website\"},\"datePublished\":\"2020-07-26T14:14:40+00:00\",\"dateModified\":\"2025-10-01T18:27:15+00:00\",\"description\":\"Contamos con terapia f\u00edsica y respiratoria, Rehabilitaci\u00f3n Cardiaca, Terapia del Dolor, Tratamiento de lesiones deportivas y mucho m\u00e1s.\",\"breadcrumb\":{\"@id\":\"https:\/\/azulcima.com\/index.php\/terapia-fisica-y-respiratoria\/#breadcrumb\"},\"inLanguage\":\"es-CO\",\"potentialAction\":[{\"@type\":\"ReadAction\",\"target\":[\"https:\/\/azulcima.com\/index.php\/terapia-fisica-y-respiratoria\/\"]}]},{\"@type\":\"BreadcrumbList\",\"@id\":\"https:\/\/azulcima.com\/index.php\/terapia-fisica-y-respiratoria\/#breadcrumb\",\"itemListElement\":[{\"@type\":\"ListItem\",\"position\":1,\"name\":\"Home\",\"item\":\"https:\/\/azulcima.com\/\"},{\"@type\":\"ListItem\",\"position\":2,\"name\":\"Terapia f\u00edsica y respiratoria\"}]},{\"@type\":\"WebSite\",\"@id\":\"https:\/\/azulcima.com\/#website\",\"url\":\"https:\/\/azulcima.com\/\",\"name\":\"M\u00e1s que una cl\u00ednica, una experiencia en salud | Azul Cima\",\"description\":\"M\u00e1s que una cl\u00ednica, una experiencia en salud |  Somos Azul Cima una de las m\u00e1s innovadoras de Colombia, pensada para brindarte una experiencia en Salud, con servicios de alta complejidad.\",\"publisher\":{\"@id\":\"https:\/\/azulcima.com\/#organization\"},\"potentialAction\":[{\"@type\":\"SearchAction\",\"target\":{\"@type\":\"EntryPoint\",\"urlTemplate\":\"https:\/\/azulcima.com\/?s={search_term_string}\"},\"query-input\":{\"@type\":\"PropertyValueSpecification\",\"valueRequired\":true,\"valueName\":\"search_term_string\"}}],\"inLanguage\":\"es-CO\"},{\"@type\":\"Organization\",\"@id\":\"https:\/\/azulcima.com\/#organization\",\"name\":\"Clinica Azul - Una Experiencia en Salud\",\"url\":\"https:\/\/azulcima.com\/\",\"logo\":{\"@type\":\"ImageObject\",\"inLanguage\":\"es-CO\",\"@id\":\"https:\/\/azulcima.com\/#\/schema\/logo\/image\/\",\"url\":\"http:\/\/azulcima.com\/wp-content\/uploads\/2020\/05\/logo_clinicaAzul_color2X.png\",\"contentUrl\":\"http:\/\/azulcima.com\/wp-content\/uploads\/2020\/05\/logo_clinicaAzul_color2X.png\",\"width\":664,\"height\":132,\"caption\":\"Clinica Azul - Una Experiencia en Salud\"},\"image\":{\"@id\":\"https:\/\/azulcima.com\/#\/schema\/logo\/image\/\"}}]}<\/script>\n<!-- \/ Yoast SEO plugin. -->","yoast_head_json":{"title":"Terapia f\u00edsica y respiratoria | Azul Cima | Servisalud urgencias","description":"Contamos con terapia f\u00edsica y respiratoria, Rehabilitaci\u00f3n Cardiaca, Terapia del Dolor, Tratamiento de lesiones deportivas y mucho m\u00e1s.","robots":{"index":"index","follow":"follow","max-snippet":"max-snippet:-1","max-image-preview":"max-image-preview:large","max-video-preview":"max-video-preview:-1"},"canonical":"https:\/\/azulcima.com\/index.php\/terapia-fisica-y-respiratoria\/","og_locale":"es_ES","og_type":"article","og_title":"Terapia f\u00edsica y respiratoria | Azul Cima | Servisalud urgencias","og_description":"Contamos con terapia f\u00edsica y respiratoria, Rehabilitaci\u00f3n Cardiaca, Terapia del Dolor, Tratamiento de lesiones deportivas y mucho m\u00e1s.","og_url":"https:\/\/azulcima.com\/index.php\/terapia-fisica-y-respiratoria\/","og_site_name":"M\u00e1s que una cl\u00ednica, una experiencia en salud | Azul Cima","article_modified_time":"2025-10-01T18:27:15+00:00","twitter_card":"summary_large_image","twitter_misc":{"Tiempo de lectura":"3 minutos"},"schema":{"@context":"https:\/\/schema.org","@graph":[{"@type":"WebPage","@id":"https:\/\/azulcima.com\/index.php\/terapia-fisica-y-respiratoria\/","url":"https:\/\/azulcima.com\/index.php\/terapia-fisica-y-respiratoria\/","name":"Terapia f\u00edsica y respiratoria | Azul Cima | Servisalud urgencias","isPartOf":{"@id":"https:\/\/azulcima.com\/#website"},"datePublished":"2020-07-26T14:14:40+00:00","dateModified":"2025-10-01T18:27:15+00:00","description":"Contamos con terapia f\u00edsica y respiratoria, Rehabilitaci\u00f3n Cardiaca, Terapia del Dolor, Tratamiento de lesiones deportivas y mucho m\u00e1s.","breadcrumb":{"@id":"https:\/\/azulcima.com\/index.php\/terapia-fisica-y-respiratoria\/#breadcrumb"},"inLanguage":"es-CO","potentialAction":[{"@type":"ReadAction","target":["https:\/\/azulcima.com\/index.php\/terapia-fisica-y-respiratoria\/"]}]},{"@type":"BreadcrumbList","@id":"https:\/\/azulcima.com\/index.php\/terapia-fisica-y-respiratoria\/#breadcrumb","itemListElement":[{"@type":"ListItem","position":1,"name":"Home","item":"https:\/\/azulcima.com\/"},{"@type":"ListItem","position":2,"name":"Terapia f\u00edsica y respiratoria"}]},{"@type":"WebSite","@id":"https:\/\/azulcima.com\/#website","url":"https:\/\/azulcima.com\/","name":"M\u00e1s que una cl\u00ednica, una experiencia en salud | Azul Cima","description":"M\u00e1s que una cl\u00ednica, una experiencia en salud |  Somos Azul Cima una de las m\u00e1s innovadoras de Colombia, pensada para brindarte una experiencia en Salud, con servicios de alta complejidad.","publisher":{"@id":"https:\/\/azulcima.com\/#organization"},"potentialAction":[{"@type":"SearchAction","target":{"@type":"EntryPoint","urlTemplate":"https:\/\/azulcima.com\/?s={search_term_string}"},"query-input":{"@type":"PropertyValueSpecification","valueRequired":true,"valueName":"search_term_string"}}],"inLanguage":"es-CO"},{"@type":"Organization","@id":"https:\/\/azulcima.com\/#organization","name":"Clinica Azul - Una Experiencia en Salud","url":"https:\/\/azulcima.com\/","logo":{"@type":"ImageObject","inLanguage":"es-CO","@id":"https:\/\/azulcima.com\/#\/schema\/logo\/image\/","url":"http:\/\/azulcima.com\/wp-content\/uploads\/2020\/05\/logo_clinicaAzul_color2X.png","contentUrl":"http:\/\/azulcima.com\/wp-content\/uploads\/2020\/05\/logo_clinicaAzul_color2X.png","width":664,"height":132,"caption":"Clinica Azul - Una Experiencia en Salud"},"image":{"@id":"https:\/\/azulcima.com\/#\/schema\/logo\/image\/"}}]}},"_links":{"self":[{"href":"https:\/\/azulcima.com\/index.php\/wp-json\/wp\/v2\/pages\/9454"}],"collection":[{"href":"https:\/\/azulcima.com\/index.php\/wp-json\/wp\/v2\/pages"}],"about":[{"href":"https:\/\/azulcima.com\/index.php\/wp-json\/wp\/v2\/types\/page"}],"author":[{"embeddable":true,"href":"https:\/\/azulcima.com\/index.php\/wp-json\/wp\/v2\/users\/3"}],"replies":[{"embeddable":true,"href":"https:\/\/azulcima.com\/index.php\/wp-json\/wp\/v2\/comments?post=9454"}],"version-history":[{"count":12,"href":"https:\/\/azulcima.com\/index.php\/wp-json\/wp\/v2\/pages\/9454\/revisions"}],"predecessor-version":[{"id":11430,"href":"https:\/\/azulcima.com\/index.php\/wp-json\/wp\/v2\/pages\/9454\/revisions\/11430"}],"wp:attachment":[{"href":"https:\/\/azulcima.com\/index.php\/wp-json\/wp\/v2\/media?parent=9454"}],"curies":[{"name":"wp","href":"https:\/\/api.w.org\/{rel}","templated":true}]}}