{"id":9415,"date":"2020-07-26T03:09:29","date_gmt":"2020-07-26T08:09:29","guid":{"rendered":"http:\/\/www.clinicaazul.co\/?page_id=9415"},"modified":"2025-10-01T13:25:56","modified_gmt":"2025-10-01T18:25:56","slug":"cuidados-intensivos","status":"publish","type":"page","link":"https:\/\/azulcima.com\/index.php\/cuidados-intensivos\/","title":{"rendered":"Cuidados intensivos"},"content":{"rendered":"<div class=\"wpb-content-wrapper\"><p>[vc_row full_width=&#8221;stretch_row&#8221; tlg_large_container=&#8221;extra-container&#8221; tlg_padding=&#8221;pt180 pb180 pt-xs-80 pb-xs-80&#8243; css=&#8221;.vc_custom_1759343150772{background: #ffffff url(https:\/\/azulcima.com\/wp-content\/uploads\/2025\/10\/dfe.jpg?id=11404) !important;background-position: center !important;background-repeat: no-repeat !important;background-size: cover !important;}&#8221;][vc_column]<div class=\"tlg-spacer  \" data-height=\"500\" data-height-tablet=\"400\" data-height-mobile=\"200\" style=\"clear:both;display:block;height:500px;\"><\/div>[\/vc_column][\/vc_row][vc_row css_animation=&#8221;slideInUp&#8221; tlg_padding=&#8221;pb0&#8243; css=&#8221;.vc_custom_1590698168137{background-color: #ffffff !important;}&#8221;][vc_column]<div class=\"headings-title \"><div class=\"mb0 mb-xs-40 text-left\"><h1 style=\"color:#00498b!important;font-size:52px;line-height:62px;letter-spacing:1px!important;text-transform: none!important;\" class=\"widgettitle mb0\">Cuidados intensivos<\/h1><\/div><\/div>[\/vc_column][\/vc_row][vc_row tlg_padding=&#8221;pb0&#8243; el_class=&#8221;fila_titulo_servicios&#8221; css=&#8221;.vc_custom_1595710399718{padding-bottom: 0px !important;background-color: #ffffff !important;}&#8221;][vc_column]<section class=\"box-content image-standard  \">\n\t\t\t\t\t\t    <div class=\"container p0-sm-min\">\n\t\t\t\t\t\t        <div class=\"row vertical-flex\">\n\t\t\t\t\t\t            <div class=\"col-md-4 col-sm-5 mb-xs-24 p0-sm-min\"><div class=\"primary-line\"><\/div><div class=\"intro-content-content\"><p>Las unidades de cuidado intensivo para adultos de la Cl\u00ednica Azul, est\u00e1n destinadas a la atenci\u00f3n de los pacientes cr\u00edticos Se encuentran dise\u00f1adas y dotadas con altos est\u00e1ndares de calidad y tecnolog\u00eda de punta, que permiten brindar atenci\u00f3n m\u00e9dica eficiente a pacientes, los cuales, por sus condiciones cl\u00ednicas, requieren cuidados y tratamientos complejos.<\/p>\n<p>Estas unidades cuentan con un grupo de profesionales y personal asistencial multidisciplinario calificado para el cuidado y manejo de pacientes de alta complejidad que se caracteriza por su calidad cient\u00edfica y trato humanizado.<\/p>\n<p>La unidad de cuidado intensivo ofrece:<\/p>\n<p>Cuidados Intermedios: Vigilancia con monitoreo hemodin\u00e1mico, respiratorio y metab\u00f3lico de pacientes con alta probabilidad de complicarse.<\/p>\n<p>Cuidados Intensivos: Monitoreo invasivo y no invasivo hemodin\u00e1mico, apoyo respiratorio con tecnolog\u00eda de punta, terapia respiratoria y f\u00edsica especializada e interconsultas de apoyo.<\/p>\n<\/div><\/div>\n\t\t\t\t\t\t            <div class=\"col-md-7 col-md-offset-1 col-sm-6 col-sm-offset-1 text-center p0-sm-min border-radius-m shadow-img\">\n\t\t\t\t\t\t            \t<div class=\"intro-image\"><img loading=\"lazy\" decoding=\"async\" width=\"960\" height=\"640\" src=\"https:\/\/azulcima.com\/wp-content\/uploads\/2020\/08\/CuidadosInt_01.jpg\" class=\"attachment-full size-full\" alt=\"venta-de-medicamentos\" srcset=\"https:\/\/azulcima.com\/wp-content\/uploads\/2020\/08\/CuidadosInt_01.jpg 960w, https:\/\/azulcima.com\/wp-content\/uploads\/2020\/08\/CuidadosInt_01-300x200.jpg 300w, https:\/\/azulcima.com\/wp-content\/uploads\/2020\/08\/CuidadosInt_01-768x512.jpg 768w\" sizes=\"(max-width: 960px) 100vw, 960px\" \/><\/div>\n\t\t\t\t\t\t            <\/div>\n\t\t\t\t\t\t        <\/div>\n\t\t\t\t\t\t    <\/div>\n\t\t\t\t\t\t<\/section>[\/vc_column][\/vc_row][vc_row tlg_padding=&#8221;pb0&#8243; el_class=&#8221;fila_titulo&#8221; css=&#8221;.vc_custom_1590099864772{background-color: #ffffff !important;}&#8221;][vc_column]<div class=\"tlg-spacer  \" data-height=\"40\" data-height-tablet=\"30\" data-height-mobile=\"25\" style=\"clear:both;display:block;height:40px;\"><\/div>[\/vc_column][\/vc_row]<\/p>\n<\/div>","protected":false},"excerpt":{"rendered":"<p>[vc_row full_width=&#8221;stretch_row&#8221; tlg_large_container=&#8221;extra-container&#8221; tlg_padding=&#8221;pt180 pb180 pt-xs-80 pb-xs-80&#8243; css=&#8221;.vc_custom_1759343150772{background: #ffffff url(https:\/\/azulcima.com\/wp-content\/uploads\/2025\/10\/dfe.jpg?id=11404) !important;background-position: center !important;background-repeat: no-repeat !important;background-size: cover !important;}&#8221;][vc_column][\/vc_column][\/vc_row][vc_row css_animation=&#8221;slideInUp&#8221; tlg_padding=&#8221;pb0&#8243; css=&#8221;.vc_custom_1590698168137{background-color: #ffffff !important;}&#8221;][vc_column][\/vc_column][\/vc_row][vc_row tlg_padding=&#8221;pb0&#8243; el_class=&#8221;fila_titulo_servicios&#8221; css=&#8221;.vc_custom_1595710399718{padding-bottom: 0px !important;background-color: #ffffff !important;}&#8221;][vc_column][\/vc_column][\/vc_row][vc_row tlg_padding=&#8221;pb0&#8243; el_class=&#8221;fila_titulo&#8221; css=&#8221;.vc_custom_1590099864772{background-color: #ffffff !important;}&#8221;][vc_column][\/vc_column][\/vc_row]<\/p>\n","protected":false},"author":3,"featured_media":0,"parent":0,"menu_order":0,"comment_status":"closed","ping_status":"closed","template":"","meta":{"footnotes":""},"class_list":["post-9415","page","type-page","status-publish","hentry"],"yoast_head":"<!-- This site is optimized with the Yoast SEO plugin v23.5 - https:\/\/yoast.com\/wordpress\/plugins\/seo\/ -->\n<title>Cuidados intensivos | Azul Cima | Servisalud citas<\/title>\n<meta name=\"description\" content=\"En Azul Cima contamos con una Unidad de Cuidados Intensivos, dise\u00f1ada y dotada con estandares de calidad y alta tecnolog\u00eda.\" \/>\n<meta name=\"robots\" content=\"index, follow, max-snippet:-1, max-image-preview:large, max-video-preview:-1\" \/>\n<link rel=\"canonical\" href=\"https:\/\/azulcima.com\/index.php\/cuidados-intensivos\/\" \/>\n<meta property=\"og:locale\" content=\"es_ES\" \/>\n<meta property=\"og:type\" content=\"article\" \/>\n<meta property=\"og:title\" content=\"Cuidados intensivos | Azul Cima | Servisalud citas\" \/>\n<meta property=\"og:description\" content=\"En Azul Cima contamos con una Unidad de Cuidados Intensivos, dise\u00f1ada y dotada con estandares de calidad y alta tecnolog\u00eda.\" \/>\n<meta property=\"og:url\" content=\"https:\/\/azulcima.com\/index.php\/cuidados-intensivos\/\" \/>\n<meta property=\"og:site_name\" content=\"M\u00e1s que una cl\u00ednica, una experiencia en salud | Azul Cima\" \/>\n<meta property=\"article:modified_time\" content=\"2025-10-01T18:25:56+00:00\" \/>\n<meta name=\"twitter:card\" content=\"summary_large_image\" \/>\n<meta name=\"twitter:label1\" content=\"Tiempo de lectura\" \/>\n\t<meta name=\"twitter:data1\" content=\"2 minutos\" \/>\n<script type=\"application\/ld+json\" class=\"yoast-schema-graph\">{\"@context\":\"https:\/\/schema.org\",\"@graph\":[{\"@type\":\"WebPage\",\"@id\":\"https:\/\/azulcima.com\/index.php\/cuidados-intensivos\/\",\"url\":\"https:\/\/azulcima.com\/index.php\/cuidados-intensivos\/\",\"name\":\"Cuidados intensivos | Azul Cima | Servisalud citas\",\"isPartOf\":{\"@id\":\"https:\/\/azulcima.com\/#website\"},\"datePublished\":\"2020-07-26T08:09:29+00:00\",\"dateModified\":\"2025-10-01T18:25:56+00:00\",\"description\":\"En Azul Cima contamos con una Unidad de Cuidados Intensivos, dise\u00f1ada y dotada con estandares de calidad y alta tecnolog\u00eda.\",\"breadcrumb\":{\"@id\":\"https:\/\/azulcima.com\/index.php\/cuidados-intensivos\/#breadcrumb\"},\"inLanguage\":\"es-CO\",\"potentialAction\":[{\"@type\":\"ReadAction\",\"target\":[\"https:\/\/azulcima.com\/index.php\/cuidados-intensivos\/\"]}]},{\"@type\":\"BreadcrumbList\",\"@id\":\"https:\/\/azulcima.com\/index.php\/cuidados-intensivos\/#breadcrumb\",\"itemListElement\":[{\"@type\":\"ListItem\",\"position\":1,\"name\":\"Home\",\"item\":\"https:\/\/azulcima.com\/\"},{\"@type\":\"ListItem\",\"position\":2,\"name\":\"Cuidados intensivos\"}]},{\"@type\":\"WebSite\",\"@id\":\"https:\/\/azulcima.com\/#website\",\"url\":\"https:\/\/azulcima.com\/\",\"name\":\"M\u00e1s que una cl\u00ednica, una experiencia en salud | Azul Cima\",\"description\":\"M\u00e1s que una cl\u00ednica, una experiencia en salud |  Somos Azul Cima una de las m\u00e1s innovadoras de Colombia, pensada para brindarte una experiencia en Salud, con servicios de alta complejidad.\",\"publisher\":{\"@id\":\"https:\/\/azulcima.com\/#organization\"},\"potentialAction\":[{\"@type\":\"SearchAction\",\"target\":{\"@type\":\"EntryPoint\",\"urlTemplate\":\"https:\/\/azulcima.com\/?s={search_term_string}\"},\"query-input\":{\"@type\":\"PropertyValueSpecification\",\"valueRequired\":true,\"valueName\":\"search_term_string\"}}],\"inLanguage\":\"es-CO\"},{\"@type\":\"Organization\",\"@id\":\"https:\/\/azulcima.com\/#organization\",\"name\":\"Clinica Azul - Una Experiencia en Salud\",\"url\":\"https:\/\/azulcima.com\/\",\"logo\":{\"@type\":\"ImageObject\",\"inLanguage\":\"es-CO\",\"@id\":\"https:\/\/azulcima.com\/#\/schema\/logo\/image\/\",\"url\":\"http:\/\/azulcima.com\/wp-content\/uploads\/2020\/05\/logo_clinicaAzul_color2X.png\",\"contentUrl\":\"http:\/\/azulcima.com\/wp-content\/uploads\/2020\/05\/logo_clinicaAzul_color2X.png\",\"width\":664,\"height\":132,\"caption\":\"Clinica Azul - Una Experiencia en Salud\"},\"image\":{\"@id\":\"https:\/\/azulcima.com\/#\/schema\/logo\/image\/\"}}]}<\/script>\n<!-- \/ Yoast SEO plugin. -->","yoast_head_json":{"title":"Cuidados intensivos | Azul Cima | Servisalud citas","description":"En Azul Cima contamos con una Unidad de Cuidados Intensivos, dise\u00f1ada y dotada con estandares de calidad y alta tecnolog\u00eda.","robots":{"index":"index","follow":"follow","max-snippet":"max-snippet:-1","max-image-preview":"max-image-preview:large","max-video-preview":"max-video-preview:-1"},"canonical":"https:\/\/azulcima.com\/index.php\/cuidados-intensivos\/","og_locale":"es_ES","og_type":"article","og_title":"Cuidados intensivos | Azul Cima | Servisalud citas","og_description":"En Azul Cima contamos con una Unidad de Cuidados Intensivos, dise\u00f1ada y dotada con estandares de calidad y alta tecnolog\u00eda.","og_url":"https:\/\/azulcima.com\/index.php\/cuidados-intensivos\/","og_site_name":"M\u00e1s que una cl\u00ednica, una experiencia en salud | Azul Cima","article_modified_time":"2025-10-01T18:25:56+00:00","twitter_card":"summary_large_image","twitter_misc":{"Tiempo de lectura":"2 minutos"},"schema":{"@context":"https:\/\/schema.org","@graph":[{"@type":"WebPage","@id":"https:\/\/azulcima.com\/index.php\/cuidados-intensivos\/","url":"https:\/\/azulcima.com\/index.php\/cuidados-intensivos\/","name":"Cuidados intensivos | Azul Cima | Servisalud citas","isPartOf":{"@id":"https:\/\/azulcima.com\/#website"},"datePublished":"2020-07-26T08:09:29+00:00","dateModified":"2025-10-01T18:25:56+00:00","description":"En Azul Cima contamos con una Unidad de Cuidados Intensivos, dise\u00f1ada y dotada con estandares de calidad y alta tecnolog\u00eda.","breadcrumb":{"@id":"https:\/\/azulcima.com\/index.php\/cuidados-intensivos\/#breadcrumb"},"inLanguage":"es-CO","potentialAction":[{"@type":"ReadAction","target":["https:\/\/azulcima.com\/index.php\/cuidados-intensivos\/"]}]},{"@type":"BreadcrumbList","@id":"https:\/\/azulcima.com\/index.php\/cuidados-intensivos\/#breadcrumb","itemListElement":[{"@type":"ListItem","position":1,"name":"Home","item":"https:\/\/azulcima.com\/"},{"@type":"ListItem","position":2,"name":"Cuidados intensivos"}]},{"@type":"WebSite","@id":"https:\/\/azulcima.com\/#website","url":"https:\/\/azulcima.com\/","name":"M\u00e1s que una cl\u00ednica, una experiencia en salud | Azul Cima","description":"M\u00e1s que una cl\u00ednica, una experiencia en salud |  Somos Azul Cima una de las m\u00e1s innovadoras de Colombia, pensada para brindarte una experiencia en Salud, con servicios de alta complejidad.","publisher":{"@id":"https:\/\/azulcima.com\/#organization"},"potentialAction":[{"@type":"SearchAction","target":{"@type":"EntryPoint","urlTemplate":"https:\/\/azulcima.com\/?s={search_term_string}"},"query-input":{"@type":"PropertyValueSpecification","valueRequired":true,"valueName":"search_term_string"}}],"inLanguage":"es-CO"},{"@type":"Organization","@id":"https:\/\/azulcima.com\/#organization","name":"Clinica Azul - Una Experiencia en Salud","url":"https:\/\/azulcima.com\/","logo":{"@type":"ImageObject","inLanguage":"es-CO","@id":"https:\/\/azulcima.com\/#\/schema\/logo\/image\/","url":"http:\/\/azulcima.com\/wp-content\/uploads\/2020\/05\/logo_clinicaAzul_color2X.png","contentUrl":"http:\/\/azulcima.com\/wp-content\/uploads\/2020\/05\/logo_clinicaAzul_color2X.png","width":664,"height":132,"caption":"Clinica Azul - Una Experiencia en Salud"},"image":{"@id":"https:\/\/azulcima.com\/#\/schema\/logo\/image\/"}}]}},"_links":{"self":[{"href":"https:\/\/azulcima.com\/index.php\/wp-json\/wp\/v2\/pages\/9415"}],"collection":[{"href":"https:\/\/azulcima.com\/index.php\/wp-json\/wp\/v2\/pages"}],"about":[{"href":"https:\/\/azulcima.com\/index.php\/wp-json\/wp\/v2\/types\/page"}],"author":[{"embeddable":true,"href":"https:\/\/azulcima.com\/index.php\/wp-json\/wp\/v2\/users\/3"}],"replies":[{"embeddable":true,"href":"https:\/\/azulcima.com\/index.php\/wp-json\/wp\/v2\/comments?post=9415"}],"version-history":[{"count":12,"href":"https:\/\/azulcima.com\/index.php\/wp-json\/wp\/v2\/pages\/9415\/revisions"}],"predecessor-version":[{"id":11429,"href":"https:\/\/azulcima.com\/index.php\/wp-json\/wp\/v2\/pages\/9415\/revisions\/11429"}],"wp:attachment":[{"href":"https:\/\/azulcima.com\/index.php\/wp-json\/wp\/v2\/media?parent=9415"}],"curies":[{"name":"wp","href":"https:\/\/api.w.org\/{rel}","templated":true}]}}