{"id":9411,"date":"2020-07-26T03:01:59","date_gmt":"2020-07-26T08:01:59","guid":{"rendered":"http:\/\/www.clinicaazul.co\/?page_id=9411"},"modified":"2025-08-21T23:11:21","modified_gmt":"2025-08-22T04:11:21","slug":"hospitalizacion","status":"publish","type":"page","link":"https:\/\/azulcima.com\/index.php\/hospitalizacion\/","title":{"rendered":"Hospitalizaci\u00f3n"},"content":{"rendered":"<div class=\"wpb-content-wrapper\"><p>[vc_row full_width=&#8221;stretch_row&#8221; tlg_large_container=&#8221;extra-container&#8221; tlg_padding=&#8221;pt180 pb180 pt-xs-80 pb-xs-80&#8243; css=&#8221;.vc_custom_1598104374584{background: #ffffff url(http:\/\/azulcima.com\/wp-content\/uploads\/2020\/07\/banner_servHosp1.jpg?id=9263) !important;}&#8221;][vc_column]<div class=\"tlg-spacer  \" data-height=\"80\" data-height-tablet=\"60\" data-height-mobile=\"50\" style=\"clear:both;display:block;height:80px;\"><\/div>[\/vc_column][\/vc_row][vc_row css_animation=&#8221;slideInUp&#8221; tlg_padding=&#8221;pb0&#8243; css=&#8221;.vc_custom_1590698168137{background-color: #ffffff !important;}&#8221;][vc_column]<div class=\"headings-title \"><div class=\"mb0 mb-xs-40 text-left\"><h1 style=\"color:#00498b!important;font-size:52px;line-height:62px;letter-spacing:1px!important;text-transform: none!important;\" class=\"widgettitle mb0\">Hospitalizaci\u00f3n<\/h1><\/div><\/div>[\/vc_column][\/vc_row][vc_row tlg_padding=&#8221;pb0&#8243; el_class=&#8221;fila_titulo_servicios&#8221; css=&#8221;.vc_custom_1595710399718{padding-bottom: 0px !important;background-color: #ffffff !important;}&#8221;][vc_column]<section class=\"box-content image-standard  \">\n\t\t\t\t\t\t    <div class=\"container p0-sm-min\">\n\t\t\t\t\t\t        <div class=\"row vertical-flex\">\n\t\t\t\t\t\t            <div class=\"col-md-4 col-sm-5 mb-xs-24 p0-sm-min\"><div class=\"primary-line\"><\/div><div class=\"intro-content-content\"><p>En Azul estamos comprometidos en brindar un servicio humanizado en el que se desarrollan actividades m\u00e9dicas y de enfermer\u00eda enfocadas al tratamiento y recuperaci\u00f3n integral de los pacientes hospitalizados, apoyados en el manejo multidisciplinario que se soporta en talento humano calificado y comprometido; teniendo como principios la seguridad del paciente y la calidad en la atenci\u00f3n.<\/p>\n<p>Caracter\u00edsticas del servicio:<\/p>\n<p>Azul cuenta con 155 camas de las cuales 33 corresponden a Unidades de cuidado intensivo y 122 camas para hospitalizaci\u00f3n de pacientes adultos con un concepto de hoteler\u00eda cl\u00ednica que interact\u00faa positivamente en el inconsciente de los pacientes.<\/p>\n<\/div><\/div>\n\t\t\t\t\t\t            <div class=\"col-md-7 col-md-offset-1 col-sm-6 col-sm-offset-1 text-center p0-sm-min border-radius-m shadow-img\">\n\t\t\t\t\t\t            \t<div class=\"intro-image\"><img loading=\"lazy\" decoding=\"async\" width=\"960\" height=\"640\" src=\"https:\/\/azulcima.com\/wp-content\/uploads\/2020\/07\/hab07.jpg\" class=\"attachment-full size-full\" alt=\"medplus-medicina-prepagada-cali\" srcset=\"https:\/\/azulcima.com\/wp-content\/uploads\/2020\/07\/hab07.jpg 960w, https:\/\/azulcima.com\/wp-content\/uploads\/2020\/07\/hab07-300x200.jpg 300w, https:\/\/azulcima.com\/wp-content\/uploads\/2020\/07\/hab07-768x512.jpg 768w\" sizes=\"(max-width: 960px) 100vw, 960px\" \/><\/div>\n\t\t\t\t\t\t            <\/div>\n\t\t\t\t\t\t        <\/div>\n\t\t\t\t\t\t    <\/div>\n\t\t\t\t\t\t<\/section>[\/vc_column][\/vc_row][vc_row css_animation=&#8221;slideInUp&#8221; tlg_padding=&#8221;pb0&#8243; css=&#8221;.vc_custom_1590698168137{background-color: #ffffff !important;}&#8221;][vc_column]<div class=\"headings-title \"><div class=\"mb0 mb-xs-40 text-left\"><h1 style=\"color:#00498b!important;font-size:52px;line-height:62px;letter-spacing:1px!important;text-transform: none!important;\" class=\"widgettitle mb0\">Hospitalizaci\u00f3n pedi\u00e1trica<\/h1><\/div><\/div>[\/vc_column][\/vc_row][vc_row tlg_padding=&#8221;pb0&#8243; el_class=&#8221;fila_titulo_servicios&#8221; css=&#8221;.vc_custom_1595710399718{padding-bottom: 0px !important;background-color: #ffffff !important;}&#8221;][vc_column]<section class=\"box-content image-standard  \">\n\t\t\t\t\t\t    <div class=\"container p0-sm-min\">\n\t\t\t\t\t\t        <div class=\"row vertical-flex\">\n\t\t\t\t\t\t            <div class=\"col-md-4 col-sm-5 mb-xs-24 p0-sm-min\"><div class=\"primary-line\"><\/div><div class=\"intro-content-content\"><p>En Azul estamos comprometidos con ofrecer una experiencia de hospitalizaci\u00f3n pedi\u00e1trica que combine excelencia m\u00e9dica, atenci\u00f3n humanizada y un entorno pensado especialmente para los m\u00e1s peque\u00f1os.<\/p>\n<p>Cada ni\u00f1o hospitalizado recibe atenci\u00f3n integral por parte de un equipo multidisciplinario altamente calificado y sensible al manejo pedi\u00e1trico, garantizando tratamientos efectivos, seguros y adaptados a sus necesidades<br \/>\nf\u00edsicas y emocionales.<\/p>\n<p>Nuestros espacios han sido dise\u00f1ados para brindar tranquilidad tanto al paciente como a su familia, incorporando elementos de hoteler\u00eda cl\u00ednica, ambientaciones c\u00e1lidas y acompa\u00f1amiento constante. Todo bajo un modelo centrado en el bienestar, la seguridad y la recuperaci\u00f3n integral.<\/p>\n<p>Porque hospitalizar a un ni\u00f1o es mucho m\u00e1s que un proceso m\u00e9dico: es una oportunidad para sanar con empat\u00eda, confianza y cuidado real.\u201d<\/p>\n<\/div><\/div>\n\t\t\t\t\t\t            <div class=\"col-md-7 col-md-offset-1 col-sm-6 col-sm-offset-1 text-center p0-sm-min border-radius-m shadow-img\">\n\t\t\t\t\t\t            \t<div class=\"intro-image\"><img loading=\"lazy\" decoding=\"async\" width=\"960\" height=\"640\" src=\"https:\/\/azulcima.com\/wp-content\/uploads\/2020\/07\/hab07.jpg\" class=\"attachment-full size-full\" alt=\"medplus-medicina-prepagada-cali\" srcset=\"https:\/\/azulcima.com\/wp-content\/uploads\/2020\/07\/hab07.jpg 960w, https:\/\/azulcima.com\/wp-content\/uploads\/2020\/07\/hab07-300x200.jpg 300w, https:\/\/azulcima.com\/wp-content\/uploads\/2020\/07\/hab07-768x512.jpg 768w\" sizes=\"(max-width: 960px) 100vw, 960px\" \/><\/div>\n\t\t\t\t\t\t            <\/div>\n\t\t\t\t\t\t        <\/div>\n\t\t\t\t\t\t    <\/div>\n\t\t\t\t\t\t<\/section>[\/vc_column][\/vc_row]<\/p>\n<\/div>","protected":false},"excerpt":{"rendered":"<p>[vc_row full_width=&#8221;stretch_row&#8221; tlg_large_container=&#8221;extra-container&#8221; tlg_padding=&#8221;pt180 pb180 pt-xs-80 pb-xs-80&#8243; css=&#8221;.vc_custom_1598104374584{background: #ffffff url(http:\/\/azulcima.com\/wp-content\/uploads\/2020\/07\/banner_servHosp1.jpg?id=9263) !important;}&#8221;][vc_column][\/vc_column][\/vc_row][vc_row css_animation=&#8221;slideInUp&#8221; tlg_padding=&#8221;pb0&#8243; css=&#8221;.vc_custom_1590698168137{background-color: #ffffff !important;}&#8221;][vc_column][\/vc_column][\/vc_row][vc_row tlg_padding=&#8221;pb0&#8243; el_class=&#8221;fila_titulo_servicios&#8221; css=&#8221;.vc_custom_1595710399718{padding-bottom: 0px !important;background-color: #ffffff !important;}&#8221;][vc_column][\/vc_column][\/vc_row][vc_row css_animation=&#8221;slideInUp&#8221; tlg_padding=&#8221;pb0&#8243; css=&#8221;.vc_custom_1590698168137{background-color: #ffffff !important;}&#8221;][vc_column][\/vc_column][\/vc_row][vc_row tlg_padding=&#8221;pb0&#8243; el_class=&#8221;fila_titulo_servicios&#8221; css=&#8221;.vc_custom_1595710399718{padding-bottom: 0px !important;background-color: #ffffff !important;}&#8221;][vc_column][\/vc_column][\/vc_row]<\/p>\n","protected":false},"author":3,"featured_media":0,"parent":0,"menu_order":0,"comment_status":"closed","ping_status":"closed","template":"","meta":{"footnotes":""},"class_list":["post-9411","page","type-page","status-publish","hentry"],"yoast_head":"<!-- This site is optimized with the Yoast SEO plugin v23.5 - https:\/\/yoast.com\/wordpress\/plugins\/seo\/ -->\n<title>Hospitalizaci\u00f3n | Azul Cima | Cl\u00ednica de especialistas<\/title>\n<meta name=\"description\" content=\"En la Azul Cima estamos comprometidos en brindar tratamiento y recuperaci\u00f3n integral de los pacientes de hospitalizaci\u00f3n.\" \/>\n<meta name=\"robots\" content=\"index, follow, max-snippet:-1, max-image-preview:large, max-video-preview:-1\" \/>\n<link rel=\"canonical\" href=\"https:\/\/azulcima.com\/index.php\/hospitalizacion\/\" \/>\n<meta property=\"og:locale\" content=\"es_ES\" \/>\n<meta property=\"og:type\" content=\"article\" \/>\n<meta property=\"og:title\" content=\"Hospitalizaci\u00f3n | Azul Cima | Cl\u00ednica de especialistas\" \/>\n<meta property=\"og:description\" content=\"En la Azul Cima estamos comprometidos en brindar tratamiento y recuperaci\u00f3n integral de los pacientes de hospitalizaci\u00f3n.\" \/>\n<meta property=\"og:url\" content=\"https:\/\/azulcima.com\/index.php\/hospitalizacion\/\" \/>\n<meta property=\"og:site_name\" content=\"M\u00e1s que una cl\u00ednica, una experiencia en salud | Azul Cima\" \/>\n<meta property=\"article:modified_time\" content=\"2025-08-22T04:11:21+00:00\" \/>\n<meta name=\"twitter:card\" content=\"summary_large_image\" \/>\n<meta name=\"twitter:label1\" content=\"Tiempo de lectura\" \/>\n\t<meta name=\"twitter:data1\" content=\"2 minutos\" \/>\n<script type=\"application\/ld+json\" class=\"yoast-schema-graph\">{\"@context\":\"https:\/\/schema.org\",\"@graph\":[{\"@type\":\"WebPage\",\"@id\":\"https:\/\/azulcima.com\/index.php\/hospitalizacion\/\",\"url\":\"https:\/\/azulcima.com\/index.php\/hospitalizacion\/\",\"name\":\"Hospitalizaci\u00f3n | Azul Cima | Cl\u00ednica de especialistas\",\"isPartOf\":{\"@id\":\"https:\/\/azulcima.com\/#website\"},\"datePublished\":\"2020-07-26T08:01:59+00:00\",\"dateModified\":\"2025-08-22T04:11:21+00:00\",\"description\":\"En la Azul Cima estamos comprometidos en brindar tratamiento y recuperaci\u00f3n integral de los pacientes de hospitalizaci\u00f3n.\",\"breadcrumb\":{\"@id\":\"https:\/\/azulcima.com\/index.php\/hospitalizacion\/#breadcrumb\"},\"inLanguage\":\"es-CO\",\"potentialAction\":[{\"@type\":\"ReadAction\",\"target\":[\"https:\/\/azulcima.com\/index.php\/hospitalizacion\/\"]}]},{\"@type\":\"BreadcrumbList\",\"@id\":\"https:\/\/azulcima.com\/index.php\/hospitalizacion\/#breadcrumb\",\"itemListElement\":[{\"@type\":\"ListItem\",\"position\":1,\"name\":\"Home\",\"item\":\"https:\/\/azulcima.com\/\"},{\"@type\":\"ListItem\",\"position\":2,\"name\":\"Hospitalizaci\u00f3n\"}]},{\"@type\":\"WebSite\",\"@id\":\"https:\/\/azulcima.com\/#website\",\"url\":\"https:\/\/azulcima.com\/\",\"name\":\"M\u00e1s que una cl\u00ednica, una experiencia en salud | Azul Cima\",\"description\":\"M\u00e1s que una cl\u00ednica, una experiencia en salud |  Somos Azul Cima una de las m\u00e1s innovadoras de Colombia, pensada para brindarte una experiencia en Salud, con servicios de alta complejidad.\",\"publisher\":{\"@id\":\"https:\/\/azulcima.com\/#organization\"},\"potentialAction\":[{\"@type\":\"SearchAction\",\"target\":{\"@type\":\"EntryPoint\",\"urlTemplate\":\"https:\/\/azulcima.com\/?s={search_term_string}\"},\"query-input\":{\"@type\":\"PropertyValueSpecification\",\"valueRequired\":true,\"valueName\":\"search_term_string\"}}],\"inLanguage\":\"es-CO\"},{\"@type\":\"Organization\",\"@id\":\"https:\/\/azulcima.com\/#organization\",\"name\":\"Clinica Azul - Una Experiencia en Salud\",\"url\":\"https:\/\/azulcima.com\/\",\"logo\":{\"@type\":\"ImageObject\",\"inLanguage\":\"es-CO\",\"@id\":\"https:\/\/azulcima.com\/#\/schema\/logo\/image\/\",\"url\":\"http:\/\/azulcima.com\/wp-content\/uploads\/2020\/05\/logo_clinicaAzul_color2X.png\",\"contentUrl\":\"http:\/\/azulcima.com\/wp-content\/uploads\/2020\/05\/logo_clinicaAzul_color2X.png\",\"width\":664,\"height\":132,\"caption\":\"Clinica Azul - Una Experiencia en Salud\"},\"image\":{\"@id\":\"https:\/\/azulcima.com\/#\/schema\/logo\/image\/\"}}]}<\/script>\n<!-- \/ Yoast SEO plugin. -->","yoast_head_json":{"title":"Hospitalizaci\u00f3n | Azul Cima | Cl\u00ednica de especialistas","description":"En la Azul Cima estamos comprometidos en brindar tratamiento y recuperaci\u00f3n integral de los pacientes de hospitalizaci\u00f3n.","robots":{"index":"index","follow":"follow","max-snippet":"max-snippet:-1","max-image-preview":"max-image-preview:large","max-video-preview":"max-video-preview:-1"},"canonical":"https:\/\/azulcima.com\/index.php\/hospitalizacion\/","og_locale":"es_ES","og_type":"article","og_title":"Hospitalizaci\u00f3n | Azul Cima | Cl\u00ednica de especialistas","og_description":"En la Azul Cima estamos comprometidos en brindar tratamiento y recuperaci\u00f3n integral de los pacientes de hospitalizaci\u00f3n.","og_url":"https:\/\/azulcima.com\/index.php\/hospitalizacion\/","og_site_name":"M\u00e1s que una cl\u00ednica, una experiencia en salud | Azul Cima","article_modified_time":"2025-08-22T04:11:21+00:00","twitter_card":"summary_large_image","twitter_misc":{"Tiempo de lectura":"2 minutos"},"schema":{"@context":"https:\/\/schema.org","@graph":[{"@type":"WebPage","@id":"https:\/\/azulcima.com\/index.php\/hospitalizacion\/","url":"https:\/\/azulcima.com\/index.php\/hospitalizacion\/","name":"Hospitalizaci\u00f3n | Azul Cima | Cl\u00ednica de especialistas","isPartOf":{"@id":"https:\/\/azulcima.com\/#website"},"datePublished":"2020-07-26T08:01:59+00:00","dateModified":"2025-08-22T04:11:21+00:00","description":"En la Azul Cima estamos comprometidos en brindar tratamiento y recuperaci\u00f3n integral de los pacientes de hospitalizaci\u00f3n.","breadcrumb":{"@id":"https:\/\/azulcima.com\/index.php\/hospitalizacion\/#breadcrumb"},"inLanguage":"es-CO","potentialAction":[{"@type":"ReadAction","target":["https:\/\/azulcima.com\/index.php\/hospitalizacion\/"]}]},{"@type":"BreadcrumbList","@id":"https:\/\/azulcima.com\/index.php\/hospitalizacion\/#breadcrumb","itemListElement":[{"@type":"ListItem","position":1,"name":"Home","item":"https:\/\/azulcima.com\/"},{"@type":"ListItem","position":2,"name":"Hospitalizaci\u00f3n"}]},{"@type":"WebSite","@id":"https:\/\/azulcima.com\/#website","url":"https:\/\/azulcima.com\/","name":"M\u00e1s que una cl\u00ednica, una experiencia en salud | Azul Cima","description":"M\u00e1s que una cl\u00ednica, una experiencia en salud |  Somos Azul Cima una de las m\u00e1s innovadoras de Colombia, pensada para brindarte una experiencia en Salud, con servicios de alta complejidad.","publisher":{"@id":"https:\/\/azulcima.com\/#organization"},"potentialAction":[{"@type":"SearchAction","target":{"@type":"EntryPoint","urlTemplate":"https:\/\/azulcima.com\/?s={search_term_string}"},"query-input":{"@type":"PropertyValueSpecification","valueRequired":true,"valueName":"search_term_string"}}],"inLanguage":"es-CO"},{"@type":"Organization","@id":"https:\/\/azulcima.com\/#organization","name":"Clinica Azul - Una Experiencia en Salud","url":"https:\/\/azulcima.com\/","logo":{"@type":"ImageObject","inLanguage":"es-CO","@id":"https:\/\/azulcima.com\/#\/schema\/logo\/image\/","url":"http:\/\/azulcima.com\/wp-content\/uploads\/2020\/05\/logo_clinicaAzul_color2X.png","contentUrl":"http:\/\/azulcima.com\/wp-content\/uploads\/2020\/05\/logo_clinicaAzul_color2X.png","width":664,"height":132,"caption":"Clinica Azul - Una Experiencia en Salud"},"image":{"@id":"https:\/\/azulcima.com\/#\/schema\/logo\/image\/"}}]}},"_links":{"self":[{"href":"https:\/\/azulcima.com\/index.php\/wp-json\/wp\/v2\/pages\/9411"}],"collection":[{"href":"https:\/\/azulcima.com\/index.php\/wp-json\/wp\/v2\/pages"}],"about":[{"href":"https:\/\/azulcima.com\/index.php\/wp-json\/wp\/v2\/types\/page"}],"author":[{"embeddable":true,"href":"https:\/\/azulcima.com\/index.php\/wp-json\/wp\/v2\/users\/3"}],"replies":[{"embeddable":true,"href":"https:\/\/azulcima.com\/index.php\/wp-json\/wp\/v2\/comments?post=9411"}],"version-history":[{"count":15,"href":"https:\/\/azulcima.com\/index.php\/wp-json\/wp\/v2\/pages\/9411\/revisions"}],"predecessor-version":[{"id":11384,"href":"https:\/\/azulcima.com\/index.php\/wp-json\/wp\/v2\/pages\/9411\/revisions\/11384"}],"wp:attachment":[{"href":"https:\/\/azulcima.com\/index.php\/wp-json\/wp\/v2\/media?parent=9411"}],"curies":[{"name":"wp","href":"https:\/\/api.w.org\/{rel}","templated":true}]}}