{"id":9361,"date":"2020-07-25T16:34:28","date_gmt":"2020-07-25T21:34:28","guid":{"rendered":"http:\/\/www.clinicaazul.co\/?page_id=9361"},"modified":"2025-08-21T23:07:10","modified_gmt":"2025-08-22T04:07:10","slug":"urgencias","status":"publish","type":"page","link":"https:\/\/azulcima.com\/index.php\/urgencias\/","title":{"rendered":"Urgencias"},"content":{"rendered":"<div class=\"wpb-content-wrapper\"><p>[vc_row full_width=&#8221;stretch_row&#8221; tlg_large_container=&#8221;extra-container&#8221; tlg_padding=&#8221;pt180 pb180 pt-xs-80 pb-xs-80&#8243; css=&#8221;.vc_custom_1598104742323{background: #ffffff url(http:\/\/azulcima.com\/wp-content\/uploads\/2020\/08\/Banner_urgencias.jpg?id=9835) !important;}&#8221;][vc_column]<div class=\"tlg-spacer  \" data-height=\"80\" data-height-tablet=\"60\" data-height-mobile=\"50\" style=\"clear:both;display:block;height:80px;\"><\/div>[\/vc_column][\/vc_row][vc_row css_animation=&#8221;slideInUp&#8221; tlg_padding=&#8221;pb0&#8243; css=&#8221;.vc_custom_1590698168137{background-color: #ffffff !important;}&#8221;][vc_column]<div class=\"headings-title \"><div class=\"mb0 mb-xs-40 text-left\"><h1 style=\"color:#00498b!important;font-size:52px;line-height:62px;letter-spacing:1px!important;text-transform: none!important;\" class=\"widgettitle mb0\">Urgencias adultos<\/h1><\/div><\/div>[\/vc_column][\/vc_row][vc_row tlg_padding=&#8221;pb0&#8243; el_class=&#8221;fila_titulo_servicios&#8221; css=&#8221;.vc_custom_1595710399718{padding-bottom: 0px !important;background-color: #ffffff !important;}&#8221;][vc_column]<section class=\"box-content image-standard  \">\n\t\t\t\t\t\t    <div class=\"container p0-sm-min\">\n\t\t\t\t\t\t        <div class=\"row vertical-flex\">\n\t\t\t\t\t\t            <div class=\"col-md-4 col-sm-5 mb-xs-24 p0-sm-min\"><div class=\"primary-line\"><\/div><div class=\"intro-content-content\"><\/p>\n<p style=\"text-align: justify;\"><strong>Azul Cima<\/strong> cuenta con el <strong>personal humano<\/strong> y la <strong>calidad profesional<\/strong> id\u00f3nea, para brindar una experiencia \u00fanica en nuestras instalaciones.<\/p>\n<p style=\"text-align: justify;\">En nuestro servicio de urgencias de adultos brindamos una atenci\u00f3n humanizada y de alta calidad a los pacientes que presentan condiciones m\u00e9dicas que requieren una pronta atenci\u00f3n. Nos fundamentamos en el modelo de <strong>medicina especializada<\/strong>, desde la atenci\u00f3n inicial hasta la determinaci\u00f3n del tratamiento definitivo, logrando as\u00ed que nuestros pacientes sean siempre evaluados por las diferentes especialidades con las que contamos de manera presencial.<\/p>\n<h3>Contamos con servicios de apoyo diagn\u00f3stico y especialidades <strong>24 horas.<\/strong><\/h3>\n<p>El servicio cuenta con:<\/p>\n<ul>\n<li>Amplios consultorios para valoraci\u00f3n m\u00e9dica<\/li>\n<li>Sala de reanimaci\u00f3n. Cub\u00edculos de observaci\u00f3n para adultos.<\/li>\n<li>Sala para procedimientos menores.<\/li>\n<\/ul>\n<p style=\"text-align: justify;\">El servicio de urgencias est\u00e1 constituido por un grupo interdisciplinario, altamente calificado asegurando la atenci\u00f3n integral del paciente.<\/p>\n<p>Nuestras especialidades son:<\/p>\n<ul>\n<li>Cirug\u00eda general<\/li>\n<li>Ortopedia<\/li>\n<li>Ginecolog\u00eda<\/li>\n<li>Medicina Interna<\/li>\n<li>Neurocirug\u00eda<\/li>\n<li>Cardiolog\u00eda<\/li>\n<\/ul>\n<p>\n<\/div><\/div>\n\t\t\t\t\t\t            <div class=\"col-md-7 col-md-offset-1 col-sm-6 col-sm-offset-1 text-center p0-sm-min border-radius-m shadow-img\">\n\t\t\t\t\t\t            \t<div class=\"intro-image\"><img loading=\"lazy\" decoding=\"async\" width=\"1280\" height=\"960\" src=\"https:\/\/azulcima.com\/wp-content\/uploads\/2021\/01\/Urgencias_de_la_cli\u0301nica_azul.jpeg\" class=\"attachment-full size-full\" alt=\"medicina-prepagada-bogota\" srcset=\"https:\/\/azulcima.com\/wp-content\/uploads\/2021\/01\/Urgencias_de_la_cli\u0301nica_azul.jpeg 1280w, https:\/\/azulcima.com\/wp-content\/uploads\/2021\/01\/Urgencias_de_la_cli\u0301nica_azul-300x225.jpeg 300w, https:\/\/azulcima.com\/wp-content\/uploads\/2021\/01\/Urgencias_de_la_cli\u0301nica_azul-1024x768.jpeg 1024w, https:\/\/azulcima.com\/wp-content\/uploads\/2021\/01\/Urgencias_de_la_cli\u0301nica_azul-768x576.jpeg 768w, https:\/\/azulcima.com\/wp-content\/uploads\/2021\/01\/Urgencias_de_la_cli\u0301nica_azul-600x450.jpeg 600w, https:\/\/azulcima.com\/wp-content\/uploads\/2021\/01\/Urgencias_de_la_cli\u0301nica_azul-960x720.jpeg 960w\" sizes=\"(max-width: 1280px) 100vw, 1280px\" \/><\/div>\n\t\t\t\t\t\t            <\/div>\n\t\t\t\t\t\t        <\/div>\n\t\t\t\t\t\t    <\/div>\n\t\t\t\t\t\t<\/section>[\/vc_column][\/vc_row][vc_row tlg_padding=&#8221;pb0&#8243; el_class=&#8221;fila_titulo&#8221; css=&#8221;.vc_custom_1590099864772{background-color: #ffffff !important;}&#8221;][vc_column]<div class=\"tlg-spacer  \" data-height=\"40\" data-height-tablet=\"30\" data-height-mobile=\"25\" style=\"clear:both;display:block;height:40px;\"><\/div>[\/vc_column][\/vc_row][vc_row css_animation=&#8221;slideInUp&#8221; tlg_padding=&#8221;pb0&#8243; css=&#8221;.vc_custom_1590698168137{background-color: #ffffff !important;}&#8221;][vc_column]<div class=\"headings-title \"><div class=\"mb0 mb-xs-40 text-left\"><h1 style=\"color:#00498b!important;font-size:52px;line-height:62px;letter-spacing:1px!important;text-transform: none!important;\" class=\"widgettitle mb0\">Urgencias Pedi\u00e1tricas<\/h1><\/div><\/div>[\/vc_column][\/vc_row][vc_row tlg_padding=&#8221;pb0&#8243; el_class=&#8221;fila_titulo_servicios&#8221; css=&#8221;.vc_custom_1595710399718{padding-bottom: 0px !important;background-color: #ffffff !important;}&#8221;][vc_column]<section class=\"box-content image-standard  \">\n\t\t\t\t\t\t    <div class=\"container p0-sm-min\">\n\t\t\t\t\t\t        <div class=\"row vertical-flex\">\n\t\t\t\t\t\t            <div class=\"col-md-7 col-sm-6 text-center mb-xs-24 p0-sm-min border-radius-m shadow-img\">\n\t\t\t\t\t\t            \t<div class=\"intro-image\"><img loading=\"lazy\" decoding=\"async\" width=\"1280\" height=\"960\" src=\"https:\/\/azulcima.com\/wp-content\/uploads\/2021\/01\/Urgencias_de_la_cli\u0301nica_azul.jpeg\" class=\"attachment-full size-full\" alt=\"medicina-prepagada-bogota\" srcset=\"https:\/\/azulcima.com\/wp-content\/uploads\/2021\/01\/Urgencias_de_la_cli\u0301nica_azul.jpeg 1280w, https:\/\/azulcima.com\/wp-content\/uploads\/2021\/01\/Urgencias_de_la_cli\u0301nica_azul-300x225.jpeg 300w, https:\/\/azulcima.com\/wp-content\/uploads\/2021\/01\/Urgencias_de_la_cli\u0301nica_azul-1024x768.jpeg 1024w, https:\/\/azulcima.com\/wp-content\/uploads\/2021\/01\/Urgencias_de_la_cli\u0301nica_azul-768x576.jpeg 768w, https:\/\/azulcima.com\/wp-content\/uploads\/2021\/01\/Urgencias_de_la_cli\u0301nica_azul-600x450.jpeg 600w, https:\/\/azulcima.com\/wp-content\/uploads\/2021\/01\/Urgencias_de_la_cli\u0301nica_azul-960x720.jpeg 960w\" sizes=\"(max-width: 1280px) 100vw, 1280px\" \/><\/div>\n\t\t\t\t\t\t            <\/div>\n\t\t\t\t\t\t            <div class=\"col-md-4 col-md-offset-1 col-sm-5 col-sm-offset-1 p0-sm-min\"><div class=\"primary-line\"><\/div><div class=\"intro-content-content\"><p>En AZUL, entendemos que una urgencia pedi\u00e1trica es un momento cr\u00edtico no solo para los ni\u00f1os, sino tambi\u00e9n para sus familias. Por eso, transformamos esta experiencia en un entorno seguro, c\u00e1lido y emocionalmente<br \/>\npositivo.<br \/>\nNuestra propuesta de Urgencias Pedi\u00e1tricas L\u00fadicas y M\u00e1gicas est\u00e1 dise\u00f1ada para reducir el estr\u00e9s cl\u00ednico, acompa\u00f1ar emocionalmente a los ni\u00f1os y brindar tranquilidad a los padres. A trav\u00e9s de espacios tem\u00e1ticos, interacci\u00f3n sensorial y un equipo especializado en el manejo infantil, logramos que los peque\u00f1os se sientan<br \/>\nprotegidos, cuidados y comprendidos desde el primer momento.<\/p>\n<p>Esta atenci\u00f3n no solo se basa en rapidez y precisi\u00f3n cl\u00ednica, sino tambi\u00e9n en un enfoque profundamente humano, donde la empat\u00eda y la innovaci\u00f3n se unen para marcar la diferencia. Aqu\u00ed, la salud se vive desde el juego, la ternura y la confianza.<\/p>\n<\/div><\/div>\n\t\t\t\t\t\t        <\/div>\n\t\t\t\t\t\t    <\/div>\n\t\t\t\t\t\t<\/section>[\/vc_column][\/vc_row]<\/p>\n<\/div>","protected":false},"excerpt":{"rendered":"<p>[vc_row full_width=&#8221;stretch_row&#8221; tlg_large_container=&#8221;extra-container&#8221; tlg_padding=&#8221;pt180 pb180 pt-xs-80 pb-xs-80&#8243; css=&#8221;.vc_custom_1598104742323{background: #ffffff url(http:\/\/azulcima.com\/wp-content\/uploads\/2020\/08\/Banner_urgencias.jpg?id=9835) !important;}&#8221;][vc_column][\/vc_column][\/vc_row][vc_row css_animation=&#8221;slideInUp&#8221; tlg_padding=&#8221;pb0&#8243; css=&#8221;.vc_custom_1590698168137{background-color: #ffffff !important;}&#8221;][vc_column][\/vc_column][\/vc_row][vc_row tlg_padding=&#8221;pb0&#8243; el_class=&#8221;fila_titulo_servicios&#8221; css=&#8221;.vc_custom_1595710399718{padding-bottom: 0px !important;background-color: #ffffff !important;}&#8221;][vc_column][\/vc_column][\/vc_row][vc_row tlg_padding=&#8221;pb0&#8243; el_class=&#8221;fila_titulo&#8221; css=&#8221;.vc_custom_1590099864772{background-color: #ffffff !important;}&#8221;][vc_column][\/vc_column][\/vc_row][vc_row css_animation=&#8221;slideInUp&#8221; tlg_padding=&#8221;pb0&#8243; css=&#8221;.vc_custom_1590698168137{background-color: #ffffff !important;}&#8221;][vc_column][\/vc_column][\/vc_row][vc_row tlg_padding=&#8221;pb0&#8243; el_class=&#8221;fila_titulo_servicios&#8221; css=&#8221;.vc_custom_1595710399718{padding-bottom: 0px !important;background-color: #ffffff !important;}&#8221;][vc_column][\/vc_column][\/vc_row]<\/p>\n","protected":false},"author":3,"featured_media":0,"parent":0,"menu_order":0,"comment_status":"closed","ping_status":"closed","template":"","meta":{"footnotes":""},"class_list":["post-9361","page","type-page","status-publish","hentry"],"yoast_head":"<!-- This site is optimized with the Yoast SEO plugin v23.5 - https:\/\/yoast.com\/wordpress\/plugins\/seo\/ -->\n<title>Urgencias | Azul Cima | Precios ex\u00e1menes de laboratorio Bogot\u00e1<\/title>\n<meta name=\"description\" content=\"Nuestro servicio de urgencias de adultos brinda una atenci\u00f3n humanizada y de alta calidad a pacientes que requieren una pronta atenci\u00f3n\" \/>\n<meta name=\"robots\" content=\"index, follow, max-snippet:-1, max-image-preview:large, max-video-preview:-1\" \/>\n<link rel=\"canonical\" href=\"https:\/\/azulcima.com\/index.php\/urgencias\/\" \/>\n<meta property=\"og:locale\" content=\"es_ES\" \/>\n<meta property=\"og:type\" content=\"article\" \/>\n<meta property=\"og:title\" content=\"Urgencias | Azul Cima | Precios ex\u00e1menes de laboratorio Bogot\u00e1\" \/>\n<meta property=\"og:description\" content=\"Nuestro servicio de urgencias de adultos brinda una atenci\u00f3n humanizada y de alta calidad a pacientes que requieren una pronta atenci\u00f3n\" \/>\n<meta property=\"og:url\" content=\"https:\/\/azulcima.com\/index.php\/urgencias\/\" \/>\n<meta property=\"og:site_name\" content=\"M\u00e1s que una cl\u00ednica, una experiencia en salud | Azul Cima\" \/>\n<meta property=\"article:modified_time\" content=\"2025-08-22T04:07:10+00:00\" \/>\n<meta name=\"twitter:card\" content=\"summary_large_image\" \/>\n<meta name=\"twitter:label1\" content=\"Tiempo de lectura\" \/>\n\t<meta name=\"twitter:data1\" content=\"3 minutos\" \/>\n<script type=\"application\/ld+json\" class=\"yoast-schema-graph\">{\"@context\":\"https:\/\/schema.org\",\"@graph\":[{\"@type\":\"WebPage\",\"@id\":\"https:\/\/azulcima.com\/index.php\/urgencias\/\",\"url\":\"https:\/\/azulcima.com\/index.php\/urgencias\/\",\"name\":\"Urgencias | Azul Cima | Precios ex\u00e1menes de laboratorio Bogot\u00e1\",\"isPartOf\":{\"@id\":\"https:\/\/azulcima.com\/#website\"},\"datePublished\":\"2020-07-25T21:34:28+00:00\",\"dateModified\":\"2025-08-22T04:07:10+00:00\",\"description\":\"Nuestro servicio de urgencias de adultos brinda una atenci\u00f3n humanizada y de alta calidad a pacientes que requieren una pronta atenci\u00f3n\",\"breadcrumb\":{\"@id\":\"https:\/\/azulcima.com\/index.php\/urgencias\/#breadcrumb\"},\"inLanguage\":\"es-CO\",\"potentialAction\":[{\"@type\":\"ReadAction\",\"target\":[\"https:\/\/azulcima.com\/index.php\/urgencias\/\"]}]},{\"@type\":\"BreadcrumbList\",\"@id\":\"https:\/\/azulcima.com\/index.php\/urgencias\/#breadcrumb\",\"itemListElement\":[{\"@type\":\"ListItem\",\"position\":1,\"name\":\"Home\",\"item\":\"https:\/\/azulcima.com\/\"},{\"@type\":\"ListItem\",\"position\":2,\"name\":\"Urgencias\"}]},{\"@type\":\"WebSite\",\"@id\":\"https:\/\/azulcima.com\/#website\",\"url\":\"https:\/\/azulcima.com\/\",\"name\":\"M\u00e1s que una cl\u00ednica, una experiencia en salud | Azul Cima\",\"description\":\"M\u00e1s que una cl\u00ednica, una experiencia en salud |  Somos Azul Cima una de las m\u00e1s innovadoras de Colombia, pensada para brindarte una experiencia en Salud, con servicios de alta complejidad.\",\"publisher\":{\"@id\":\"https:\/\/azulcima.com\/#organization\"},\"potentialAction\":[{\"@type\":\"SearchAction\",\"target\":{\"@type\":\"EntryPoint\",\"urlTemplate\":\"https:\/\/azulcima.com\/?s={search_term_string}\"},\"query-input\":{\"@type\":\"PropertyValueSpecification\",\"valueRequired\":true,\"valueName\":\"search_term_string\"}}],\"inLanguage\":\"es-CO\"},{\"@type\":\"Organization\",\"@id\":\"https:\/\/azulcima.com\/#organization\",\"name\":\"Clinica Azul - Una Experiencia en Salud\",\"url\":\"https:\/\/azulcima.com\/\",\"logo\":{\"@type\":\"ImageObject\",\"inLanguage\":\"es-CO\",\"@id\":\"https:\/\/azulcima.com\/#\/schema\/logo\/image\/\",\"url\":\"http:\/\/azulcima.com\/wp-content\/uploads\/2020\/05\/logo_clinicaAzul_color2X.png\",\"contentUrl\":\"http:\/\/azulcima.com\/wp-content\/uploads\/2020\/05\/logo_clinicaAzul_color2X.png\",\"width\":664,\"height\":132,\"caption\":\"Clinica Azul - Una Experiencia en Salud\"},\"image\":{\"@id\":\"https:\/\/azulcima.com\/#\/schema\/logo\/image\/\"}}]}<\/script>\n<!-- \/ Yoast SEO plugin. -->","yoast_head_json":{"title":"Urgencias | Azul Cima | Precios ex\u00e1menes de laboratorio Bogot\u00e1","description":"Nuestro servicio de urgencias de adultos brinda una atenci\u00f3n humanizada y de alta calidad a pacientes que requieren una pronta atenci\u00f3n","robots":{"index":"index","follow":"follow","max-snippet":"max-snippet:-1","max-image-preview":"max-image-preview:large","max-video-preview":"max-video-preview:-1"},"canonical":"https:\/\/azulcima.com\/index.php\/urgencias\/","og_locale":"es_ES","og_type":"article","og_title":"Urgencias | Azul Cima | Precios ex\u00e1menes de laboratorio Bogot\u00e1","og_description":"Nuestro servicio de urgencias de adultos brinda una atenci\u00f3n humanizada y de alta calidad a pacientes que requieren una pronta atenci\u00f3n","og_url":"https:\/\/azulcima.com\/index.php\/urgencias\/","og_site_name":"M\u00e1s que una cl\u00ednica, una experiencia en salud | Azul Cima","article_modified_time":"2025-08-22T04:07:10+00:00","twitter_card":"summary_large_image","twitter_misc":{"Tiempo de lectura":"3 minutos"},"schema":{"@context":"https:\/\/schema.org","@graph":[{"@type":"WebPage","@id":"https:\/\/azulcima.com\/index.php\/urgencias\/","url":"https:\/\/azulcima.com\/index.php\/urgencias\/","name":"Urgencias | Azul Cima | Precios ex\u00e1menes de laboratorio Bogot\u00e1","isPartOf":{"@id":"https:\/\/azulcima.com\/#website"},"datePublished":"2020-07-25T21:34:28+00:00","dateModified":"2025-08-22T04:07:10+00:00","description":"Nuestro servicio de urgencias de adultos brinda una atenci\u00f3n humanizada y de alta calidad a pacientes que requieren una pronta atenci\u00f3n","breadcrumb":{"@id":"https:\/\/azulcima.com\/index.php\/urgencias\/#breadcrumb"},"inLanguage":"es-CO","potentialAction":[{"@type":"ReadAction","target":["https:\/\/azulcima.com\/index.php\/urgencias\/"]}]},{"@type":"BreadcrumbList","@id":"https:\/\/azulcima.com\/index.php\/urgencias\/#breadcrumb","itemListElement":[{"@type":"ListItem","position":1,"name":"Home","item":"https:\/\/azulcima.com\/"},{"@type":"ListItem","position":2,"name":"Urgencias"}]},{"@type":"WebSite","@id":"https:\/\/azulcima.com\/#website","url":"https:\/\/azulcima.com\/","name":"M\u00e1s que una cl\u00ednica, una experiencia en salud | Azul Cima","description":"M\u00e1s que una cl\u00ednica, una experiencia en salud |  Somos Azul Cima una de las m\u00e1s innovadoras de Colombia, pensada para brindarte una experiencia en Salud, con servicios de alta complejidad.","publisher":{"@id":"https:\/\/azulcima.com\/#organization"},"potentialAction":[{"@type":"SearchAction","target":{"@type":"EntryPoint","urlTemplate":"https:\/\/azulcima.com\/?s={search_term_string}"},"query-input":{"@type":"PropertyValueSpecification","valueRequired":true,"valueName":"search_term_string"}}],"inLanguage":"es-CO"},{"@type":"Organization","@id":"https:\/\/azulcima.com\/#organization","name":"Clinica Azul - Una Experiencia en Salud","url":"https:\/\/azulcima.com\/","logo":{"@type":"ImageObject","inLanguage":"es-CO","@id":"https:\/\/azulcima.com\/#\/schema\/logo\/image\/","url":"http:\/\/azulcima.com\/wp-content\/uploads\/2020\/05\/logo_clinicaAzul_color2X.png","contentUrl":"http:\/\/azulcima.com\/wp-content\/uploads\/2020\/05\/logo_clinicaAzul_color2X.png","width":664,"height":132,"caption":"Clinica Azul - Una Experiencia en Salud"},"image":{"@id":"https:\/\/azulcima.com\/#\/schema\/logo\/image\/"}}]}},"_links":{"self":[{"href":"https:\/\/azulcima.com\/index.php\/wp-json\/wp\/v2\/pages\/9361"}],"collection":[{"href":"https:\/\/azulcima.com\/index.php\/wp-json\/wp\/v2\/pages"}],"about":[{"href":"https:\/\/azulcima.com\/index.php\/wp-json\/wp\/v2\/types\/page"}],"author":[{"embeddable":true,"href":"https:\/\/azulcima.com\/index.php\/wp-json\/wp\/v2\/users\/3"}],"replies":[{"embeddable":true,"href":"https:\/\/azulcima.com\/index.php\/wp-json\/wp\/v2\/comments?post=9361"}],"version-history":[{"count":26,"href":"https:\/\/azulcima.com\/index.php\/wp-json\/wp\/v2\/pages\/9361\/revisions"}],"predecessor-version":[{"id":11383,"href":"https:\/\/azulcima.com\/index.php\/wp-json\/wp\/v2\/pages\/9361\/revisions\/11383"}],"wp:attachment":[{"href":"https:\/\/azulcima.com\/index.php\/wp-json\/wp\/v2\/media?parent=9361"}],"curies":[{"name":"wp","href":"https:\/\/api.w.org\/{rel}","templated":true}]}}