{"id":9216,"date":"2020-07-24T01:43:15","date_gmt":"2020-07-24T06:43:15","guid":{"rendered":"http:\/\/www.clinicaazul.co\/?page_id=9216"},"modified":"2025-08-13T17:00:09","modified_gmt":"2025-08-13T22:00:09","slug":"gastroenterologia","status":"publish","type":"page","link":"https:\/\/azulcima.com\/index.php\/gastroenterologia\/","title":{"rendered":"Gastroenterolog\u00eda"},"content":{"rendered":"<div class=\"wpb-content-wrapper\"><p>[vc_row full_width=&#8221;stretch_row&#8221; tlg_large_container=&#8221;extra-container&#8221; tlg_padding=&#8221;pt180 pb180 pt-xs-80 pb-xs-80&#8243; css=&#8221;.vc_custom_1744746926350{background: #ffffff url(https:\/\/azulcima.com\/wp-content\/uploads\/2020\/07\/banner_gastro.jpg?id=9259) !important;}&#8221;][vc_column]<div class=\"tlg-spacer  \" data-height=\"80\" data-height-tablet=\"60\" data-height-mobile=\"50\" style=\"clear:both;display:block;height:80px;\"><\/div>[\/vc_column][\/vc_row][vc_row css_animation=&#8221;slideInUp&#8221; tlg_padding=&#8221;pb0&#8243; css=&#8221;.vc_custom_1590698168137{background-color: #ffffff !important;}&#8221;][vc_column]<div class=\"headings-title \"><div class=\"mb0 mb-xs-40 text-left\"><h1 style=\"color:#00498b!important;font-size:52px;line-height:62px;letter-spacing:1px!important;text-transform: none!important;\" class=\"widgettitle mb0\">Gastroenterolog\u00eda<\/h1><\/div><\/div><div class=\"headings-title \"><div class=\"mb0 mb-xs-40 text-left\"><h4 style=\"color:#707070!important;font-size:22px;line-height:32px;letter-spacing:1px!important;text-transform: none!important;\" class=\"widgettitle mb0\">Solicita tu cita: (601) 742 1003 Op. 2<\/h4><\/div><\/div><div class=\"tlg-spacer line spacer-large\" data-height=\"2\" data-height-tablet=\"2\" data-height-mobile=\"2\" style=\"clear:both;display:block;height:2px;margin-top: -1px; margin-bottom: 1px; border-bottom-color:#00498b;border-width:2!important;\"><\/div>[vc_column_text css=&#8221;.vc_custom_1621437991828{margin-bottom: 20px !important;}&#8221;]Contamos con las instalaciones m\u00e1s modernas y avanzadas de Am\u00e9rica Latina y equipos de endoscopia de \u00faltima tecnolog\u00eda con sistema HD multi-LED de alta precisi\u00f3n diagn\u00f3stica, concebidos pensando en la comodidad, pero ante todo en la seguridad y en la atenci\u00f3n de nuestros pacientes que requieren ser atendidos para el estudio y tratamiento de enfermedades en las v\u00edas digestivas altas (es\u00f3fago, est\u00f3mago, duodeno), bajas (recto y colon) y v\u00eda biliar.<\/p>\n<p>Nuestro equipo humano est\u00e1 conformado por un selecto grupo de especialistas en gastroenterolog\u00eda y anestesiolog\u00eda, de gran experiencia, profesores universitarios. Todos ellos en total disposici\u00f3n de ofrecer servicios de alto nivel cient\u00edfico, pero, ante todo servicios de alta calidad humana.[\/vc_column_text]<div class=\"tlg-spacer  \" data-height=\"20\" data-height-tablet=\"20\" data-height-mobile=\"20\" style=\"clear:both;display:block;height:20px;\"><\/div><div class=\"headings-title \"><div class=\"mb0 mb-xs-40 text-left\"><h3 style=\"color:#00498b!important;font-size:22px;line-height:32px;letter-spacing:1px!important;text-transform: none!important;\" class=\"widgettitle mb0\">Realizamos procedimientos:<\/h3><\/div><\/div>[\/vc_column][\/vc_row][vc_row tlg_padding=&#8221;pb0&#8243;][vc_column offset=&#8221;vc_hidden-sm vc_hidden-xs&#8221;]<section class=\"box-content image-standard  \">\n\t\t\t\t\t\t    <div class=\"container p0-sm-min\">\n\t\t\t\t\t\t        <div class=\"row vertical-flex\">\n\t\t\t\t\t\t            <div class=\"col-md-7 col-sm-6 text-center mb-xs-24 p0-sm-min border-radius-m shadow-img\">\n\t\t\t\t\t\t            \t<div class=\"intro-image\"><img loading=\"lazy\" decoding=\"async\" width=\"1200\" height=\"800\" src=\"https:\/\/azulcima.com\/wp-content\/uploads\/2021\/05\/1_59A3752-2.jpg\" class=\"attachment-full size-full\" alt=\"medicina-prepagada-bogota\" srcset=\"https:\/\/azulcima.com\/wp-content\/uploads\/2021\/05\/1_59A3752-2.jpg 1200w, https:\/\/azulcima.com\/wp-content\/uploads\/2021\/05\/1_59A3752-2-300x200.jpg 300w, https:\/\/azulcima.com\/wp-content\/uploads\/2021\/05\/1_59A3752-2-1024x683.jpg 1024w, https:\/\/azulcima.com\/wp-content\/uploads\/2021\/05\/1_59A3752-2-768x512.jpg 768w\" sizes=\"(max-width: 1200px) 100vw, 1200px\" \/><\/div>\n\t\t\t\t\t\t            <\/div>\n\t\t\t\t\t\t            <div class=\"col-md-4 col-md-offset-1 col-sm-5 col-sm-offset-1 p0-sm-min\"><h2  class=\"widgettitle mb8\">Procedimiento diagn\u00f3sticos<\/h2><div class=\"primary-line\"><\/div><div class=\"intro-content-content\"><\/p>\n<ul>\n<li>Endoscopia digestiva alta<\/li>\n<li>Colonoscopia total<\/li>\n<li>Rectosigmoidoscopia<\/li>\n<li>Test de aliento<\/li>\n<li>Videocapsula<\/li>\n<\/ul>\n<p>\n<\/div><\/div>\n\t\t\t\t\t\t        <\/div>\n\t\t\t\t\t\t    <\/div>\n\t\t\t\t\t\t<\/section>[\/vc_column][\/vc_row][vc_row tlg_padding=&#8221;pb0&#8243;][vc_column offset=&#8221;vc_hidden-sm vc_hidden-xs&#8221;]<section class=\"box-content image-standard  \">\n\t\t\t\t\t\t    <div class=\"container p0-sm-min\">\n\t\t\t\t\t\t        <div class=\"row vertical-flex\">\n\t\t\t\t\t\t            <div class=\"col-md-4 col-sm-5 mb-xs-24 p0-sm-min\"><h2  class=\"widgettitle mb8\">Endoscopia terap\u00e9utica<\/h2><div class=\"primary-line\"><\/div><div class=\"intro-content-content\"><\/p>\n<ul>\n<li>Resecci\u00f3n de p\u00f3lipos en v\u00eda digestiva alta y baja<\/li>\n<li>Ligadura de v\u00e1rices esof\u00e1gicas<\/li>\n<li>Dilataci\u00f3n endosc\u00f3pica<\/li>\n<li>Colocaci\u00f3n de pr\u00f3tesis STENT<\/li>\n<\/ul>\n<p>\n<\/div><\/div>\n\t\t\t\t\t\t            <div class=\"col-md-7 col-md-offset-1 col-sm-6 col-sm-offset-1 text-center p0-sm-min border-radius-m shadow-img\">\n\t\t\t\t\t\t            \t<div class=\"intro-image\"><img loading=\"lazy\" decoding=\"async\" width=\"1200\" height=\"636\" src=\"https:\/\/azulcima.com\/wp-content\/uploads\/2021\/05\/1-18-19.jpg\" class=\"attachment-full size-full\" alt=\"medicina-prepagada-bogota\" srcset=\"https:\/\/azulcima.com\/wp-content\/uploads\/2021\/05\/1-18-19.jpg 1200w, https:\/\/azulcima.com\/wp-content\/uploads\/2021\/05\/1-18-19-300x159.jpg 300w, https:\/\/azulcima.com\/wp-content\/uploads\/2021\/05\/1-18-19-1024x543.jpg 1024w, https:\/\/azulcima.com\/wp-content\/uploads\/2021\/05\/1-18-19-768x407.jpg 768w\" sizes=\"(max-width: 1200px) 100vw, 1200px\" \/><\/div>\n\t\t\t\t\t\t            <\/div>\n\t\t\t\t\t\t        <\/div>\n\t\t\t\t\t\t    <\/div>\n\t\t\t\t\t\t<\/section><div class=\"tlg-spacer  \" data-height=\"30\" data-height-tablet=\"30\" data-height-mobile=\"30\" style=\"clear:both;display:block;height:30px;\"><\/div>[\/vc_column][\/vc_row][vc_row tlg_padding=&#8221;pb0&#8243;][vc_column width=&#8221;1\/6&#8243; offset=&#8221;vc_hidden-sm vc_hidden-xs&#8221;][\/vc_column][vc_column width=&#8221;2\/3&#8243;][vc_column_text css=&#8221;.vc_custom_1724796434824{margin-bottom: 20px !important;}&#8221;]<\/p>\n<h3 align=\"center\">Agenda tu cita: <a href=\"tel:6017421003\">(601) 742 1003<\/a>\u00a0op. 2 de Lunes a viernes de 7:00 a.m a 6:00 p.m. y s\u00e1bados de 7:00 a.m. a 1:00 p.m.<\/h3>\n<p>[\/vc_column_text][vc_column_text css=&#8221;.vc_custom_1647610297383{margin-bottom: 20px !important;}&#8221;]<\/p>\n<p style=\"text-align: center;\" align=\"center\"><strong>Aplica para Afiliados a<\/strong>: MedPlus, UT Servisalud San Jos\u00e9, Coomeva Medicina Prepagada, Allianz Seguros y Particulares<\/p>\n<p>[\/vc_column_text]<div class=\"tlg-spacer  \" data-height=\"30\" data-height-tablet=\"30\" data-height-mobile=\"30\" style=\"clear:both;display:block;height:30px;\"><\/div>[\/vc_column][vc_column width=&#8221;1\/6&#8243;][\/vc_column][\/vc_row][vc_row tlg_padding=&#8221;pt0 pb0&#8243;][vc_column offset=&#8221;vc_hidden-lg vc_hidden-md&#8221;]<section class=\"box-content image-standard  \">\n\t\t\t\t\t\t    <div class=\"container p0-sm-min\">\n\t\t\t\t\t\t        <div class=\"row vertical-flex\">\n\t\t\t\t\t\t            <div class=\"col-md-4 col-sm-5 mb-xs-24 p0-sm-min\"><h2  class=\"widgettitle mb8\">Manometr\u00eda de alta resoluci\u00f3n<\/h2><div class=\"primary-line\"><\/div><div class=\"intro-content-content\"><p>Es una prueba diagn\u00f3stica que sirve para evaluar la motilidad del es\u00f3fago y sus esf\u00ednteres. Se valora la capacidad contr\u00e1ctil del cuerpo esof\u00e1gico durante la degluci\u00f3n como el tono del esf\u00ednter esof\u00e1gico superior e inferior. El procedimiento consiste en la introducci\u00f3n de una sonda fina por la nariz hasta el est\u00f3mago con t\u00e9cnicas que hacen del procedimiento sea lo m\u00e1s c\u00f3modo posible.<\/p>\n<\/div><\/div>\n\t\t\t\t\t\t            <div class=\"col-md-7 col-md-offset-1 col-sm-6 col-sm-offset-1 text-center p0-sm-min border-radius-m shadow-img\">\n\t\t\t\t\t\t            \t<div class=\"intro-image\"><img loading=\"lazy\" decoding=\"async\" width=\"960\" height=\"640\" src=\"https:\/\/azulcima.com\/wp-content\/uploads\/2020\/07\/manometria.jpg\" class=\"attachment-full size-full\" alt=\"medplus-medicina-prepagada-cali\" srcset=\"https:\/\/azulcima.com\/wp-content\/uploads\/2020\/07\/manometria.jpg 960w, https:\/\/azulcima.com\/wp-content\/uploads\/2020\/07\/manometria-300x200.jpg 300w, https:\/\/azulcima.com\/wp-content\/uploads\/2020\/07\/manometria-768x512.jpg 768w\" sizes=\"(max-width: 960px) 100vw, 960px\" \/><\/div>\n\t\t\t\t\t\t            <\/div>\n\t\t\t\t\t\t        <\/div>\n\t\t\t\t\t\t    <\/div>\n\t\t\t\t\t\t<\/section>[\/vc_column][\/vc_row]<\/p>\n<\/div>","protected":false},"excerpt":{"rendered":"<p>[vc_row full_width=&#8221;stretch_row&#8221; tlg_large_container=&#8221;extra-container&#8221; tlg_padding=&#8221;pt180 pb180 pt-xs-80 pb-xs-80&#8243; css=&#8221;.vc_custom_1744746926350{background: #ffffff url(https:\/\/azulcima.com\/wp-content\/uploads\/2020\/07\/banner_gastro.jpg?id=9259) !important;}&#8221;][vc_column][\/vc_column][\/vc_row][vc_row css_animation=&#8221;slideInUp&#8221; tlg_padding=&#8221;pb0&#8243; css=&#8221;.vc_custom_1590698168137{background-color: #ffffff !important;}&#8221;][vc_column][vc_column_text css=&#8221;.vc_custom_1621437991828{margin-bottom: 20px !important;}&#8221;]Contamos con las instalaciones m\u00e1s modernas y avanzadas de Am\u00e9rica Latina y equipos de endoscopia de \u00faltima tecnolog\u00eda con sistema HD multi-LED de alta precisi\u00f3n diagn\u00f3stica, concebidos pensando en la comodidad, pero ante todo en la seguridad&#8230;<\/p>\n","protected":false},"author":3,"featured_media":0,"parent":0,"menu_order":0,"comment_status":"closed","ping_status":"closed","template":"","meta":{"footnotes":""},"class_list":["post-9216","page","type-page","status-publish","hentry"],"yoast_head":"<!-- This site is optimized with the Yoast SEO plugin v23.5 - https:\/\/yoast.com\/wordpress\/plugins\/seo\/ -->\n<title>Gastroenterolog\u00eda | Azul Cima | Coomeva urgencias Bogot\u00e1<\/title>\n<meta name=\"description\" content=\"En la Azul Cima tenemos profesionales con amplia experiencia en Gastroenterolog\u00eda. Servicio integral de atenci\u00f3n para ti.\" \/>\n<meta name=\"robots\" content=\"index, follow, max-snippet:-1, max-image-preview:large, max-video-preview:-1\" \/>\n<link rel=\"canonical\" href=\"https:\/\/azulcima.com\/index.php\/gastroenterologia\/\" \/>\n<meta property=\"og:locale\" content=\"es_ES\" \/>\n<meta property=\"og:type\" content=\"article\" \/>\n<meta property=\"og:title\" content=\"Gastroenterolog\u00eda | Azul Cima | Coomeva urgencias Bogot\u00e1\" \/>\n<meta property=\"og:description\" content=\"En la Azul Cima tenemos profesionales con amplia experiencia en Gastroenterolog\u00eda. Servicio integral de atenci\u00f3n para ti.\" \/>\n<meta property=\"og:url\" content=\"https:\/\/azulcima.com\/index.php\/gastroenterologia\/\" \/>\n<meta property=\"og:site_name\" content=\"M\u00e1s que una cl\u00ednica, una experiencia en salud | Azul Cima\" \/>\n<meta property=\"article:modified_time\" content=\"2025-08-13T22:00:09+00:00\" \/>\n<meta name=\"twitter:card\" content=\"summary_large_image\" \/>\n<meta name=\"twitter:label1\" content=\"Tiempo de lectura\" \/>\n\t<meta name=\"twitter:data1\" content=\"3 minutos\" \/>\n<script type=\"application\/ld+json\" class=\"yoast-schema-graph\">{\"@context\":\"https:\/\/schema.org\",\"@graph\":[{\"@type\":\"WebPage\",\"@id\":\"https:\/\/azulcima.com\/index.php\/gastroenterologia\/\",\"url\":\"https:\/\/azulcima.com\/index.php\/gastroenterologia\/\",\"name\":\"Gastroenterolog\u00eda | Azul Cima | Coomeva urgencias Bogot\u00e1\",\"isPartOf\":{\"@id\":\"https:\/\/azulcima.com\/#website\"},\"datePublished\":\"2020-07-24T06:43:15+00:00\",\"dateModified\":\"2025-08-13T22:00:09+00:00\",\"description\":\"En la Azul Cima tenemos profesionales con amplia experiencia en Gastroenterolog\u00eda. Servicio integral de atenci\u00f3n para ti.\",\"breadcrumb\":{\"@id\":\"https:\/\/azulcima.com\/index.php\/gastroenterologia\/#breadcrumb\"},\"inLanguage\":\"es-CO\",\"potentialAction\":[{\"@type\":\"ReadAction\",\"target\":[\"https:\/\/azulcima.com\/index.php\/gastroenterologia\/\"]}]},{\"@type\":\"BreadcrumbList\",\"@id\":\"https:\/\/azulcima.com\/index.php\/gastroenterologia\/#breadcrumb\",\"itemListElement\":[{\"@type\":\"ListItem\",\"position\":1,\"name\":\"Home\",\"item\":\"https:\/\/azulcima.com\/\"},{\"@type\":\"ListItem\",\"position\":2,\"name\":\"Gastroenterolog\u00eda\"}]},{\"@type\":\"WebSite\",\"@id\":\"https:\/\/azulcima.com\/#website\",\"url\":\"https:\/\/azulcima.com\/\",\"name\":\"M\u00e1s que una cl\u00ednica, una experiencia en salud | Azul Cima\",\"description\":\"M\u00e1s que una cl\u00ednica, una experiencia en salud |  Somos Azul Cima una de las m\u00e1s innovadoras de Colombia, pensada para brindarte una experiencia en Salud, con servicios de alta complejidad.\",\"publisher\":{\"@id\":\"https:\/\/azulcima.com\/#organization\"},\"potentialAction\":[{\"@type\":\"SearchAction\",\"target\":{\"@type\":\"EntryPoint\",\"urlTemplate\":\"https:\/\/azulcima.com\/?s={search_term_string}\"},\"query-input\":{\"@type\":\"PropertyValueSpecification\",\"valueRequired\":true,\"valueName\":\"search_term_string\"}}],\"inLanguage\":\"es-CO\"},{\"@type\":\"Organization\",\"@id\":\"https:\/\/azulcima.com\/#organization\",\"name\":\"Clinica Azul - Una Experiencia en Salud\",\"url\":\"https:\/\/azulcima.com\/\",\"logo\":{\"@type\":\"ImageObject\",\"inLanguage\":\"es-CO\",\"@id\":\"https:\/\/azulcima.com\/#\/schema\/logo\/image\/\",\"url\":\"http:\/\/azulcima.com\/wp-content\/uploads\/2020\/05\/logo_clinicaAzul_color2X.png\",\"contentUrl\":\"http:\/\/azulcima.com\/wp-content\/uploads\/2020\/05\/logo_clinicaAzul_color2X.png\",\"width\":664,\"height\":132,\"caption\":\"Clinica Azul - Una Experiencia en Salud\"},\"image\":{\"@id\":\"https:\/\/azulcima.com\/#\/schema\/logo\/image\/\"}}]}<\/script>\n<!-- \/ Yoast SEO plugin. -->","yoast_head_json":{"title":"Gastroenterolog\u00eda | Azul Cima | Coomeva urgencias Bogot\u00e1","description":"En la Azul Cima tenemos profesionales con amplia experiencia en Gastroenterolog\u00eda. Servicio integral de atenci\u00f3n para ti.","robots":{"index":"index","follow":"follow","max-snippet":"max-snippet:-1","max-image-preview":"max-image-preview:large","max-video-preview":"max-video-preview:-1"},"canonical":"https:\/\/azulcima.com\/index.php\/gastroenterologia\/","og_locale":"es_ES","og_type":"article","og_title":"Gastroenterolog\u00eda | Azul Cima | Coomeva urgencias Bogot\u00e1","og_description":"En la Azul Cima tenemos profesionales con amplia experiencia en Gastroenterolog\u00eda. Servicio integral de atenci\u00f3n para ti.","og_url":"https:\/\/azulcima.com\/index.php\/gastroenterologia\/","og_site_name":"M\u00e1s que una cl\u00ednica, una experiencia en salud | Azul Cima","article_modified_time":"2025-08-13T22:00:09+00:00","twitter_card":"summary_large_image","twitter_misc":{"Tiempo de lectura":"3 minutos"},"schema":{"@context":"https:\/\/schema.org","@graph":[{"@type":"WebPage","@id":"https:\/\/azulcima.com\/index.php\/gastroenterologia\/","url":"https:\/\/azulcima.com\/index.php\/gastroenterologia\/","name":"Gastroenterolog\u00eda | Azul Cima | Coomeva urgencias Bogot\u00e1","isPartOf":{"@id":"https:\/\/azulcima.com\/#website"},"datePublished":"2020-07-24T06:43:15+00:00","dateModified":"2025-08-13T22:00:09+00:00","description":"En la Azul Cima tenemos profesionales con amplia experiencia en Gastroenterolog\u00eda. Servicio integral de atenci\u00f3n para ti.","breadcrumb":{"@id":"https:\/\/azulcima.com\/index.php\/gastroenterologia\/#breadcrumb"},"inLanguage":"es-CO","potentialAction":[{"@type":"ReadAction","target":["https:\/\/azulcima.com\/index.php\/gastroenterologia\/"]}]},{"@type":"BreadcrumbList","@id":"https:\/\/azulcima.com\/index.php\/gastroenterologia\/#breadcrumb","itemListElement":[{"@type":"ListItem","position":1,"name":"Home","item":"https:\/\/azulcima.com\/"},{"@type":"ListItem","position":2,"name":"Gastroenterolog\u00eda"}]},{"@type":"WebSite","@id":"https:\/\/azulcima.com\/#website","url":"https:\/\/azulcima.com\/","name":"M\u00e1s que una cl\u00ednica, una experiencia en salud | Azul Cima","description":"M\u00e1s que una cl\u00ednica, una experiencia en salud |  Somos Azul Cima una de las m\u00e1s innovadoras de Colombia, pensada para brindarte una experiencia en Salud, con servicios de alta complejidad.","publisher":{"@id":"https:\/\/azulcima.com\/#organization"},"potentialAction":[{"@type":"SearchAction","target":{"@type":"EntryPoint","urlTemplate":"https:\/\/azulcima.com\/?s={search_term_string}"},"query-input":{"@type":"PropertyValueSpecification","valueRequired":true,"valueName":"search_term_string"}}],"inLanguage":"es-CO"},{"@type":"Organization","@id":"https:\/\/azulcima.com\/#organization","name":"Clinica Azul - Una Experiencia en Salud","url":"https:\/\/azulcima.com\/","logo":{"@type":"ImageObject","inLanguage":"es-CO","@id":"https:\/\/azulcima.com\/#\/schema\/logo\/image\/","url":"http:\/\/azulcima.com\/wp-content\/uploads\/2020\/05\/logo_clinicaAzul_color2X.png","contentUrl":"http:\/\/azulcima.com\/wp-content\/uploads\/2020\/05\/logo_clinicaAzul_color2X.png","width":664,"height":132,"caption":"Clinica Azul - Una Experiencia en Salud"},"image":{"@id":"https:\/\/azulcima.com\/#\/schema\/logo\/image\/"}}]}},"_links":{"self":[{"href":"https:\/\/azulcima.com\/index.php\/wp-json\/wp\/v2\/pages\/9216"}],"collection":[{"href":"https:\/\/azulcima.com\/index.php\/wp-json\/wp\/v2\/pages"}],"about":[{"href":"https:\/\/azulcima.com\/index.php\/wp-json\/wp\/v2\/types\/page"}],"author":[{"embeddable":true,"href":"https:\/\/azulcima.com\/index.php\/wp-json\/wp\/v2\/users\/3"}],"replies":[{"embeddable":true,"href":"https:\/\/azulcima.com\/index.php\/wp-json\/wp\/v2\/comments?post=9216"}],"version-history":[{"count":46,"href":"https:\/\/azulcima.com\/index.php\/wp-json\/wp\/v2\/pages\/9216\/revisions"}],"predecessor-version":[{"id":11172,"href":"https:\/\/azulcima.com\/index.php\/wp-json\/wp\/v2\/pages\/9216\/revisions\/11172"}],"wp:attachment":[{"href":"https:\/\/azulcima.com\/index.php\/wp-json\/wp\/v2\/media?parent=9216"}],"curies":[{"name":"wp","href":"https:\/\/api.w.org\/{rel}","templated":true}]}}