{"id":9125,"date":"2020-07-24T00:53:19","date_gmt":"2020-07-24T05:53:19","guid":{"rendered":"http:\/\/www.clinicaazul.co\/?page_id=9125"},"modified":"2025-10-01T11:26:12","modified_gmt":"2025-10-01T16:26:12","slug":"laboratorio-clinico","status":"publish","type":"page","link":"https:\/\/azulcima.com\/index.php\/laboratorio-clinico\/","title":{"rendered":"Laboratorio cl\u00ednico"},"content":{"rendered":"<div class=\"wpb-content-wrapper\"><p>[vc_row full_width=&#8221;stretch_row&#8221; tlg_large_container=&#8221;extra-container&#8221; tlg_padding=&#8221;pt180 pb180 pt-xs-80 pb-xs-80&#8243; css=&#8221;.vc_custom_1759335967900{background: #ffffff url(https:\/\/azulcima.com\/wp-content\/uploads\/2025\/10\/er2sd.jpg?id=11405) !important;background-position: center !important;background-repeat: no-repeat !important;background-size: cover !important;}&#8221;][vc_column]<div class=\"tlg-spacer  \" data-height=\"500\" data-height-tablet=\"400\" data-height-mobile=\"200\" style=\"clear:both;display:block;height:500px;\"><\/div>[\/vc_column][\/vc_row][vc_row css_animation=&#8221;slideInUp&#8221; tlg_padding=&#8221;pb0&#8243; css=&#8221;.vc_custom_1590698168137{background-color: #ffffff !important;}&#8221;][vc_column]<div class=\"headings-title \"><div class=\"mb0 mb-xs-40 text-left\"><h1 style=\"color:#00498b!important;font-size:52px;line-height:62px;letter-spacing:1px!important;text-transform: none!important;\" class=\"widgettitle mb0\">Laboratorio cl\u00ednico b\u00e1sico y especializado<\/h1><\/div><\/div>[\/vc_column][\/vc_row][vc_row tlg_padding=&#8221;pb0&#8243; tlg_text_align=&#8221;text-left&#8221;][vc_column][vc_column_text]Servicio responsable del procesamiento e interpretaci\u00f3n de ex\u00e1menes diagn\u00f3sticos con alta calidad, oportunidad y seguridad, que servir\u00e1n a las diferentes especialidades para una efectiva toma de decisiones en salud. El portafolio incluye servicios de laboratorio general y especializado, en atenci\u00f3n ambulatoria y hospitalaria.[\/vc_column_text][\/vc_column][\/vc_row][vc_row tlg_padding=&#8221;pb0&#8243; el_class=&#8221;fila_titulo&#8221; css=&#8221;.vc_custom_1590099864772{background-color: #ffffff !important;}&#8221;][vc_column]<div class=\"headings-title  wpb_animate_when_almost_visible wpb_fadeInUp fadeInUp\"><div class=\"mb40 mb-xs-40 text-center\"><h2 style=\"color:#5b5b5b!important;font-size:45px;line-height:55px;letter-spacing:1px!important;text-transform: none!important;\" class=\"widgettitle mb0\">Ex\u00e1menes m\u00e9dicos<\/h2><\/div><\/div>[\/vc_column][\/vc_row][vc_row tlg_padding=&#8221;pt0&#8243; css=&#8221;.vc_custom_1595702844195{padding-bottom: 0px !important;}&#8221;][vc_column width=&#8221;1\/4&#8243;]<div class=\"headings-title \"><div class=\"mb70 mb-xs-40 text-left\"><h2 style=\"color:#5b5b5b!important;font-size:45px;line-height:55px;letter-spacing:1px!important;text-transform: none!important;\" class=\"widgettitle mb0\">Condiciones generales del paciente para la toma de muestras<\/h2><\/div><\/div>[\/vc_column][vc_column width=&#8221;3\/4&#8243;][vc_column_text]Llegar completamente en ayunas al laboratorio cl\u00ednico, el ayuno ideal es de 8-10 horas, este ayuno no incluye los medicamentos as\u00ed que, si debe tomar medicamentos por horario, tomarlos a la hora establecida.<\/p>\n<p>No fumar antes ni durante la realizaci\u00f3n de ex\u00e1menes de laboratorio, tampoco ingerir bebidas alcoh\u00f3licas tres d\u00edas antes de la realizaci\u00f3n de los ex\u00e1menes.<\/p>\n<p>Si est\u00e1 tomando alg\u00fan medicamento, debe informar en la toma de la muestra el nombre del medicamento y la dosis que est\u00e1 tomando.<\/p>\n<p>Si se ha realizado un examen de radiolog\u00eda con medio de contraste, NO se realice ning\u00fan examen de Laboratorio hasta despu\u00e9s de 48 horas.<\/p>\n<p>No realice ninguna actividad f\u00edsica (trotar, ejercicios) antes de la realizaci\u00f3n de los ex\u00e1menes.<\/p>\n<p>Llegar completamente en ayunas al laboratorio cl\u00ednico, el ayuno ideal es de 8-10 horas, este ayuno no incluye los medicamentos as\u00ed que, si debe tomar medicamentos por horario, tomarlos a la hora establecida.<\/p>\n<p>No fumar antes ni durante la realizaci\u00f3n de ex\u00e1menes de laboratorio, tampoco ingerir bebidas alcoh\u00f3licas tres d\u00edas antes de la realizaci\u00f3n de los ex\u00e1menes.<\/p>\n<p>Si est\u00e1 tomando alg\u00fan medicamento, debe informar en la toma de la muestra el nombre del medicamento y la dosis que est\u00e1 tomando.<\/p>\n<p>Si se ha realizado un examen de radiolog\u00eda con medio de contraste, NO se realice ning\u00fan examen de Laboratorio hasta despu\u00e9s de 48 horas.<\/p>\n<p>No realice ninguna actividad f\u00edsica (trotar, ejercicios) antes de la realizaci\u00f3n de los ex\u00e1menes.<\/p>\n<p>Las muestras que se entregan en el laboratorio, deben venir marcadas con nombres y apellidos completos, documento de identidad y fecha de nacimiento en forma clara.[\/vc_column_text][\/vc_column][\/vc_row][vc_row full_width=&#8221;stretch_row_content_no_spaces&#8221; el_class=&#8221;fila_acordeon_laboratorio&#8221;][vc_column][vc_accordion active_tab=&#8221;false&#8221; collapsible=&#8221;yes&#8221;][vc_accordion_tab title=&#8221;Pruebas que requieren administraci\u00f3n de carga de glucosa&#8221;][vc_column_text]Llegar completamente en ayunas al laboratorio cl\u00ednico, el ayuno ideal es de 10-12 horas, este ayuno no incluye los medicamentos as\u00ed que, si debe tomar medicamentos por horario, tomarlos a la hora establecida, exceptuando los prescritos despu\u00e9s de las comidas (ej.: Metformina).<\/p>\n<p>Se le tomar\u00e1 inicialmente una muestra glucometr\u00eda para determinar si es prudente administrar carga de glucosa y adem\u00e1s una muestra de sangre en ayunas.<\/p>\n<p>Diligenciar consentimiento informado para administraci\u00f3n de carga de glucosa.<\/p>\n<p>Se le dar\u00e1 a tomar una bebida azucarada preparada en el laboratorio cl\u00ednico.<\/p>\n<p>Posteriormente se le tomar\u00e1n muestras de sangre a la hora, 2 horas, 3 horas, etc. dependiendo la orden m\u00e9dica.<\/p>\n<p>Abst\u00e9ngase de fumar, realizar ejercicio o de ingerir alimentos adicionales a la bebida suministrada durante todo el procedimiento.<\/p>\n<p>Pruebas pre y post prandial.<br \/>\nInforme al personal del laboratorio que le va a tomar la muestra acerca de prescripciones m\u00e9dicas como dieta especial, drogas y antecedentes personales o familiares sugestivos de diabetes o hipoglicemia. Si es posible asista a su cita acompa\u00f1ado.[\/vc_column_text][\/vc_accordion_tab][vc_accordion_tab title=&#8221;Examen: Glucosa Pre y post prandial 2 Horas&#8221;][vc_column_text]Llegar completamente en ayunas al laboratorio cl\u00ednico, el ayuno ideal es de 10-12 horas, este ayuno no incluye los medicamentos as\u00ed que, si debe tomar medicamentos por horario, tomarlos a la hora establecida, debe traer los medicamentos de control (Insulina, Metformina, Euglucon-Gibenclamida, otros).<\/p>\n<p>Se le tomar\u00e1 muestra de sangre 2 veces la primera en ayunas; si requiere medicamento, tomar\u00e1 el medicamento y esperar\u00e1 30 minutos para tomar el desayuno.<\/p>\n<p>Posteriormente se le tomar\u00e1n muestras de sangre a las 2 horas.<\/p>\n<p>Abst\u00e9ngase de fumar, realizar ejercicio o de ingerir alimentos adicionales a la bebida suministrada durante todo el procedimiento.[\/vc_column_text][\/vc_accordion_tab][vc_accordion_tab title=&#8221;Toma de secreci\u00f3n vaginal&#8221;][vc_column_text]El d\u00eda de la toma de la muestra debe realizar lavado de genitales externos y no use duchas vaginales.<\/p>\n<p>No aplicar medicamentos t\u00f3picos, ni tenga relaciones sexuales 72 horas antes del procedimiento.<\/p>\n<p>No realice la toma durante el sangrado menstrual.<\/p>\n<p>Diligenciar consentimiento informado para la postura del esp\u00e9culo.[\/vc_column_text][\/vc_accordion_tab][vc_accordion_tab title=&#8221;Toma de muestras de esputo&#8221;][vc_column_text]La muestra de esputo se recolecta por expectoraci\u00f3n, donde se debe toser y expectorar en forma voluntaria y preferiblemente en la ma\u00f1ana al levantarse, se debe recolectar una muestra de secreci\u00f3n profunda.<\/p>\n<p>Al levantarse en la ma\u00f1ana debe enjuagarse la boca con agua antes de toser y expectorar, para remover la flora superficial de la boca; si tiene dentadura postiza, debe quit\u00e1rsela antes de recolectar la muestra.<\/p>\n<p>Se DEBE toser con fuerza y profundo, para obtener un esputo que provenga del tracto respiratorio inferior (de los pulmones); no recoja saliva ni fluido post-nasal. Deposite la muestra directamente en un envase limpio y nuevo adquirido en la droguer\u00eda (frasco para recolectar orina) y escriba nombres y apellidos completos, documento de identidad y fecha de nacimiento en forma clara, incluya fecha y hora de la toma.<\/p>\n<p>Si se solicita Baciloscopia de esputo seriado (tres muestras durante tres d\u00edas), y no puede asistir los tres d\u00edas consecutivos al laboratorio, las tres muestras las puede recolectar as\u00ed:<\/p>\n<p>Primera muestra: al momento de la solicitud, recolectada en el laboratorio.<\/p>\n<p>Segunda muestra: al levantarse al d\u00eda siguiente, recolectada en la casa.<\/p>\n<p>Tercera muestra: al momento de entregar la segunda muestra, recolectada en el laboratorio.[\/vc_column_text][\/vc_accordion_tab][vc_accordion_tab title=&#8221;Recolecci\u00f3n de orina de 3 horas para recuento minutado \u2013 test de Hamburger&#8221;][vc_column_text]Aseg\u00farese de tener todos los documentos necesarios y autorizados para la realizaci\u00f3n del examen.<\/p>\n<p>Muestra: ORINA: Recolectada en un frasco para una capacidad de 2 litros, o en una garrafa de agua cristal limpia de 1-2 litros.<\/p>\n<p>Identifique el frasco suministrado por el laboratorio o garrafa de agua recientemente desocupada, escribiendo nombres y apellidos completos, documento de identidad y fecha de nacimiento en forma clara.<\/p>\n<p>Al levantarse en la ma\u00f1ana desocupe completamente la vejiga de la primera micci\u00f3n de la ma\u00f1ana y registre la hora.<\/p>\n<p>A partir de este momento debe recolectar en el recipiente cada vez que vaya al ba\u00f1o el total de la orina durante las siguientes 3 horas (por ejemplo 6-9 a.m. o 7 -10 a.m.), en caso de no evacuar durante este lapso de tiempo, debe recolectar la totalidad de la orina acumulada en la vejiga al termino de las 3 horas.<\/p>\n<p>Si lo desea puede recolectar la orina en el laboratorio.<\/p>\n<p>En caso de pacientes con menstruaci\u00f3n, debe dejar pasar una semana para realizar el examen.[\/vc_column_text][\/vc_accordion_tab][vc_accordion_tab title=&#8221;Recolecci\u00f3n de orina de 24h&#8221;][vc_column_text]Aseg\u00farese de tener todos los documentos necesarios y autorizados para la realizaci\u00f3n del examen.<\/p>\n<p>Ex\u00e1menes: Proteinuria Orina 24 H, Depuraci\u00f3n de Creatinina, Calciuria en Orina 24 H, Creatinuria Orina 24 H, Calciuria en Orina 24 H, Otros.<\/p>\n<p>Muestra: ORINA: Recogida durante 24 horas en un frasco suministrado por el Laboratorio o en una garrafa de agua, recientemente desocupada.<\/p>\n<p>Identifique el frasco suministrado por el laboratorio o garrafa de agua recientemente desocupada, escribiendo nombres y apellidos completos, documento de identidad y fecha de nacimiento en forma clara.<\/p>\n<p>Al levantarse en la ma\u00f1ana desocupe completamente la vejiga de la primera micci\u00f3n de la ma\u00f1ana y registre la hora.<\/p>\n<p>A partir de ese momento recolecte en el recipiente el total de la orina cada vez que orine, incluyendo la noche.<\/p>\n<p>Al d\u00eda siguiente recoja la orina hasta la misma hora que inicio la recolecci\u00f3n el d\u00eda anterior, completando as\u00ed las 24 horas de recolecci\u00f3n.<\/p>\n<p>En caso de pacientes con menstruaci\u00f3n, debe dejar pasar una semana para realizar el examen.<\/p>\n<p>En el laboratorio se le toma una muestra de sangre si ha sido solicitado por el m\u00e9dico.[\/vc_column_text][\/vc_accordion_tab][vc_accordion_tab title=&#8221;Recolecci\u00f3n de orina parcial&#8221;][vc_column_text]Aseg\u00farese de tener todos los documentos necesarios y autorizados para la realizaci\u00f3n del examen.<\/p>\n<p>Ex\u00e1menes: Uroanalisis, Parcial de Orina, Urocultivo.<\/p>\n<p>Muestra: ORINA: La muestra ideal para el examen es la primera micci\u00f3n de la ma\u00f1ana previo aseo y recogida en Frasco o bolsa adhesiva, escribiendo en letra legible: nombres y apellidos completos, documento de identidad y fecha de nacimiento.<\/p>\n<p>Adquiera un frasco o bolsa adhesiva, m\u00e1rquelo con letra legible de la siguiente manera: Nombres, Apellidos completes, documento de identidad y fecha de nacimiento.<\/p>\n<p>Realice aseo a los genitales con agua y jab\u00f3n; seque con una toalla limpia.<\/p>\n<p>Adultos y ni\u00f1os con control de esf\u00ednteres<\/p>\n<p>En el ba\u00f1o deje caer la primera parte de la primera micci\u00f3n (orina) de la ma\u00f1ana en el sanitario y parte de la orina restante recol\u00e9ctela en el recipiente.<\/p>\n<p>En caso de pacientes con menstruaci\u00f3n debe dejar pasar una semana para realizar el examen.<\/p>\n<p>Entregar la orina en el laboratorio cl\u00ednico.<\/p>\n<p>Beb\u00e9s y ni\u00f1os sin control de esf\u00ednteres.<\/p>\n<p>Colocar la bolsa adhesiva y estar pendiente para que el ni\u00f1o no retire la bolsa, son suficientes 5-10 cc de orina.<\/p>\n<p>Si pasados 30 minutos no ha podido recoger la muestra l\u00e1vele nuevamente los genitales y coloque otra bolsa debidamente identificada.<\/p>\n<p>Entregar la orina en el laboratorio cl\u00ednico.[\/vc_column_text][\/vc_accordion_tab][vc_accordion_tab title=&#8221;Recolecci\u00f3n de muestra de materia fecal&#8221;][vc_column_text]Aseg\u00farese de tener todos los documentos necesarios y autorizados para la realizaci\u00f3n del examen.<\/p>\n<p>Ex\u00e1menes: Coprol\u00f3gico, Coprosc\u00f3pico, Coprocultivo, Sangre Oculta En Heces.<\/p>\n<p>Se obtiene permitiendo que las heces caigan sobre un pl\u00e1stico, recipiente o \u201cpato\u201d limpio y seco que no est\u00e9 contaminado con agua ni con orina. De ah\u00ed se toma una parte y se coloca en la cajita para materia fecal evitando ocupar el volumen total del recipiente. Si el paciente usa pa\u00f1al, se debe invertir la cara del pa\u00f1al, de tal manera que la materia fecal quede contenida en la parte pl\u00e1stica del pa\u00f1al.<\/p>\n<p>Cuando le solicitan SANGRE OCULTA &#8211; Guayaco. Suspenda tres d\u00edas antes de recoger la muestra, el consumo de carnes rojas, remolacha y pl\u00e1tano.<\/p>\n<p>Escriba sobre el r\u00f3tulo de la caja su nombre, apellidos completos y documento de identidad en forma clara.<\/p>\n<p>Recoja muestra de materia fecal y entr\u00e9guela en el Laboratorio, antes de 6 horas.[\/vc_column_text][\/vc_accordion_tab][\/vc_accordion][\/vc_column][\/vc_row]<\/p>\n<\/div>","protected":false},"excerpt":{"rendered":"<p>[vc_row full_width=&#8221;stretch_row&#8221; tlg_large_container=&#8221;extra-container&#8221; tlg_padding=&#8221;pt180 pb180 pt-xs-80 pb-xs-80&#8243; css=&#8221;.vc_custom_1759335967900{background: #ffffff url(https:\/\/azulcima.com\/wp-content\/uploads\/2025\/10\/er2sd.jpg?id=11405) !important;background-position: center !important;background-repeat: no-repeat !important;background-size: cover !important;}&#8221;][vc_column][\/vc_column][\/vc_row][vc_row css_animation=&#8221;slideInUp&#8221; tlg_padding=&#8221;pb0&#8243; css=&#8221;.vc_custom_1590698168137{background-color: #ffffff !important;}&#8221;][vc_column][\/vc_column][\/vc_row][vc_row tlg_padding=&#8221;pb0&#8243; tlg_text_align=&#8221;text-left&#8221;][vc_column][vc_column_text]Servicio responsable del procesamiento e interpretaci\u00f3n de ex\u00e1menes diagn\u00f3sticos con alta calidad, oportunidad y seguridad, que servir\u00e1n a las diferentes especialidades para una efectiva toma de decisiones en salud. El portafolio incluye&#8230;<\/p>\n","protected":false},"author":3,"featured_media":0,"parent":0,"menu_order":0,"comment_status":"closed","ping_status":"closed","template":"","meta":{"footnotes":""},"class_list":["post-9125","page","type-page","status-publish","hentry"],"yoast_head":"<!-- This site is optimized with the Yoast SEO plugin v23.5 - https:\/\/yoast.com\/wordpress\/plugins\/seo\/ -->\n<title>Laboratorio cl\u00ednico | Azul Cima | Cl\u00ednica de especialistas<\/title>\n<meta name=\"description\" content=\"Nuestro portafolio incluye servicios de laboratorio cl\u00ednico general y especializado, en atenci\u00f3n ambulatoria y hospitalaria.\" \/>\n<meta name=\"robots\" content=\"index, follow, max-snippet:-1, max-image-preview:large, max-video-preview:-1\" \/>\n<link rel=\"canonical\" href=\"https:\/\/azulcima.com\/index.php\/laboratorio-clinico\/\" \/>\n<meta property=\"og:locale\" content=\"es_ES\" \/>\n<meta property=\"og:type\" content=\"article\" \/>\n<meta property=\"og:title\" content=\"Laboratorio cl\u00ednico | Azul Cima | Cl\u00ednica de especialistas\" \/>\n<meta property=\"og:description\" content=\"Nuestro portafolio incluye servicios de laboratorio cl\u00ednico general y especializado, en atenci\u00f3n ambulatoria y hospitalaria.\" \/>\n<meta property=\"og:url\" content=\"https:\/\/azulcima.com\/index.php\/laboratorio-clinico\/\" \/>\n<meta property=\"og:site_name\" content=\"M\u00e1s que una cl\u00ednica, una experiencia en salud | Azul Cima\" \/>\n<meta property=\"article:modified_time\" content=\"2025-10-01T16:26:12+00:00\" \/>\n<meta name=\"twitter:card\" content=\"summary_large_image\" \/>\n<meta name=\"twitter:label1\" content=\"Tiempo de lectura\" \/>\n\t<meta name=\"twitter:data1\" content=\"8 minutos\" \/>\n<script type=\"application\/ld+json\" class=\"yoast-schema-graph\">{\"@context\":\"https:\/\/schema.org\",\"@graph\":[{\"@type\":\"WebPage\",\"@id\":\"https:\/\/azulcima.com\/index.php\/laboratorio-clinico\/\",\"url\":\"https:\/\/azulcima.com\/index.php\/laboratorio-clinico\/\",\"name\":\"Laboratorio cl\u00ednico | Azul Cima | Cl\u00ednica de especialistas\",\"isPartOf\":{\"@id\":\"https:\/\/azulcima.com\/#website\"},\"datePublished\":\"2020-07-24T05:53:19+00:00\",\"dateModified\":\"2025-10-01T16:26:12+00:00\",\"description\":\"Nuestro portafolio incluye servicios de laboratorio cl\u00ednico general y especializado, en atenci\u00f3n ambulatoria y hospitalaria.\",\"breadcrumb\":{\"@id\":\"https:\/\/azulcima.com\/index.php\/laboratorio-clinico\/#breadcrumb\"},\"inLanguage\":\"es-CO\",\"potentialAction\":[{\"@type\":\"ReadAction\",\"target\":[\"https:\/\/azulcima.com\/index.php\/laboratorio-clinico\/\"]}]},{\"@type\":\"BreadcrumbList\",\"@id\":\"https:\/\/azulcima.com\/index.php\/laboratorio-clinico\/#breadcrumb\",\"itemListElement\":[{\"@type\":\"ListItem\",\"position\":1,\"name\":\"Home\",\"item\":\"https:\/\/azulcima.com\/\"},{\"@type\":\"ListItem\",\"position\":2,\"name\":\"Laboratorio cl\u00ednico\"}]},{\"@type\":\"WebSite\",\"@id\":\"https:\/\/azulcima.com\/#website\",\"url\":\"https:\/\/azulcima.com\/\",\"name\":\"M\u00e1s que una cl\u00ednica, una experiencia en salud | Azul Cima\",\"description\":\"M\u00e1s que una cl\u00ednica, una experiencia en salud |  Somos Azul Cima una de las m\u00e1s innovadoras de Colombia, pensada para brindarte una experiencia en Salud, con servicios de alta complejidad.\",\"publisher\":{\"@id\":\"https:\/\/azulcima.com\/#organization\"},\"potentialAction\":[{\"@type\":\"SearchAction\",\"target\":{\"@type\":\"EntryPoint\",\"urlTemplate\":\"https:\/\/azulcima.com\/?s={search_term_string}\"},\"query-input\":{\"@type\":\"PropertyValueSpecification\",\"valueRequired\":true,\"valueName\":\"search_term_string\"}}],\"inLanguage\":\"es-CO\"},{\"@type\":\"Organization\",\"@id\":\"https:\/\/azulcima.com\/#organization\",\"name\":\"Clinica Azul - Una Experiencia en Salud\",\"url\":\"https:\/\/azulcima.com\/\",\"logo\":{\"@type\":\"ImageObject\",\"inLanguage\":\"es-CO\",\"@id\":\"https:\/\/azulcima.com\/#\/schema\/logo\/image\/\",\"url\":\"http:\/\/azulcima.com\/wp-content\/uploads\/2020\/05\/logo_clinicaAzul_color2X.png\",\"contentUrl\":\"http:\/\/azulcima.com\/wp-content\/uploads\/2020\/05\/logo_clinicaAzul_color2X.png\",\"width\":664,\"height\":132,\"caption\":\"Clinica Azul - Una Experiencia en Salud\"},\"image\":{\"@id\":\"https:\/\/azulcima.com\/#\/schema\/logo\/image\/\"}}]}<\/script>\n<!-- \/ Yoast SEO plugin. -->","yoast_head_json":{"title":"Laboratorio cl\u00ednico | Azul Cima | Cl\u00ednica de especialistas","description":"Nuestro portafolio incluye servicios de laboratorio cl\u00ednico general y especializado, en atenci\u00f3n ambulatoria y hospitalaria.","robots":{"index":"index","follow":"follow","max-snippet":"max-snippet:-1","max-image-preview":"max-image-preview:large","max-video-preview":"max-video-preview:-1"},"canonical":"https:\/\/azulcima.com\/index.php\/laboratorio-clinico\/","og_locale":"es_ES","og_type":"article","og_title":"Laboratorio cl\u00ednico | Azul Cima | Cl\u00ednica de especialistas","og_description":"Nuestro portafolio incluye servicios de laboratorio cl\u00ednico general y especializado, en atenci\u00f3n ambulatoria y hospitalaria.","og_url":"https:\/\/azulcima.com\/index.php\/laboratorio-clinico\/","og_site_name":"M\u00e1s que una cl\u00ednica, una experiencia en salud | Azul Cima","article_modified_time":"2025-10-01T16:26:12+00:00","twitter_card":"summary_large_image","twitter_misc":{"Tiempo de lectura":"8 minutos"},"schema":{"@context":"https:\/\/schema.org","@graph":[{"@type":"WebPage","@id":"https:\/\/azulcima.com\/index.php\/laboratorio-clinico\/","url":"https:\/\/azulcima.com\/index.php\/laboratorio-clinico\/","name":"Laboratorio cl\u00ednico | Azul Cima | Cl\u00ednica de especialistas","isPartOf":{"@id":"https:\/\/azulcima.com\/#website"},"datePublished":"2020-07-24T05:53:19+00:00","dateModified":"2025-10-01T16:26:12+00:00","description":"Nuestro portafolio incluye servicios de laboratorio cl\u00ednico general y especializado, en atenci\u00f3n ambulatoria y hospitalaria.","breadcrumb":{"@id":"https:\/\/azulcima.com\/index.php\/laboratorio-clinico\/#breadcrumb"},"inLanguage":"es-CO","potentialAction":[{"@type":"ReadAction","target":["https:\/\/azulcima.com\/index.php\/laboratorio-clinico\/"]}]},{"@type":"BreadcrumbList","@id":"https:\/\/azulcima.com\/index.php\/laboratorio-clinico\/#breadcrumb","itemListElement":[{"@type":"ListItem","position":1,"name":"Home","item":"https:\/\/azulcima.com\/"},{"@type":"ListItem","position":2,"name":"Laboratorio cl\u00ednico"}]},{"@type":"WebSite","@id":"https:\/\/azulcima.com\/#website","url":"https:\/\/azulcima.com\/","name":"M\u00e1s que una cl\u00ednica, una experiencia en salud | Azul Cima","description":"M\u00e1s que una cl\u00ednica, una experiencia en salud |  Somos Azul Cima una de las m\u00e1s innovadoras de Colombia, pensada para brindarte una experiencia en Salud, con servicios de alta complejidad.","publisher":{"@id":"https:\/\/azulcima.com\/#organization"},"potentialAction":[{"@type":"SearchAction","target":{"@type":"EntryPoint","urlTemplate":"https:\/\/azulcima.com\/?s={search_term_string}"},"query-input":{"@type":"PropertyValueSpecification","valueRequired":true,"valueName":"search_term_string"}}],"inLanguage":"es-CO"},{"@type":"Organization","@id":"https:\/\/azulcima.com\/#organization","name":"Clinica Azul - Una Experiencia en Salud","url":"https:\/\/azulcima.com\/","logo":{"@type":"ImageObject","inLanguage":"es-CO","@id":"https:\/\/azulcima.com\/#\/schema\/logo\/image\/","url":"http:\/\/azulcima.com\/wp-content\/uploads\/2020\/05\/logo_clinicaAzul_color2X.png","contentUrl":"http:\/\/azulcima.com\/wp-content\/uploads\/2020\/05\/logo_clinicaAzul_color2X.png","width":664,"height":132,"caption":"Clinica Azul - Una Experiencia en Salud"},"image":{"@id":"https:\/\/azulcima.com\/#\/schema\/logo\/image\/"}}]}},"_links":{"self":[{"href":"https:\/\/azulcima.com\/index.php\/wp-json\/wp\/v2\/pages\/9125"}],"collection":[{"href":"https:\/\/azulcima.com\/index.php\/wp-json\/wp\/v2\/pages"}],"about":[{"href":"https:\/\/azulcima.com\/index.php\/wp-json\/wp\/v2\/types\/page"}],"author":[{"embeddable":true,"href":"https:\/\/azulcima.com\/index.php\/wp-json\/wp\/v2\/users\/3"}],"replies":[{"embeddable":true,"href":"https:\/\/azulcima.com\/index.php\/wp-json\/wp\/v2\/comments?post=9125"}],"version-history":[{"count":100,"href":"https:\/\/azulcima.com\/index.php\/wp-json\/wp\/v2\/pages\/9125\/revisions"}],"predecessor-version":[{"id":11428,"href":"https:\/\/azulcima.com\/index.php\/wp-json\/wp\/v2\/pages\/9125\/revisions\/11428"}],"wp:attachment":[{"href":"https:\/\/azulcima.com\/index.php\/wp-json\/wp\/v2\/media?parent=9125"}],"curies":[{"name":"wp","href":"https:\/\/api.w.org\/{rel}","templated":true}]}}