{"id":9115,"date":"2020-07-23T19:15:40","date_gmt":"2020-07-24T00:15:40","guid":{"rendered":"http:\/\/www.clinicaazul.co\/?page_id=9115"},"modified":"2025-10-01T09:56:38","modified_gmt":"2025-10-01T14:56:38","slug":"imagenes-diagnosticas","status":"publish","type":"page","link":"https:\/\/azulcima.com\/index.php\/imagenes-diagnosticas\/","title":{"rendered":"Im\u00e1genes diagn\u00f3sticas"},"content":{"rendered":"<div class=\"wpb-content-wrapper\"><p>[vc_row full_width=&#8221;stretch_row&#8221; tlg_large_container=&#8221;extra-container&#8221; tlg_padding=&#8221;pt180 pb180 pt-xs-80 pb-xs-80&#8243; css=&#8221;.vc_custom_1598104404898{background: #ffffff url(http:\/\/azulcima.com\/wp-content\/uploads\/2020\/08\/Banner_imagenes.jpg?id=9829) !important;}&#8221;][vc_column]<div class=\"tlg-spacer  \" data-height=\"80\" data-height-tablet=\"60\" data-height-mobile=\"50\" style=\"clear:both;display:block;height:80px;\"><\/div>[\/vc_column][\/vc_row][vc_row css_animation=&#8221;slideInUp&#8221; tlg_padding=&#8221;pb0&#8243; css=&#8221;.vc_custom_1590698168137{background-color: #ffffff !important;}&#8221;][vc_column]<div class=\"headings-title \"><div class=\"mb0 mb-xs-40 text-left\"><h1 style=\"color:#00498b!important;font-size:52px;line-height:62px;letter-spacing:1px!important;text-transform: none!important;\" class=\"widgettitle mb0\">Im\u00e1genes diagn\u00f3sticas<\/h1><\/div><\/div><div class=\"headings-title \"><div class=\"mb0 mb-xs-40 text-left\"><h4 style=\"color:#848484!important;font-size:22px;line-height:32px;letter-spacing:1px!important;text-transform: none!important;\" class=\"widgettitle mb0\">Horario agendamiento lunes a viernes de 7 am a 6 pm y s\u00e1bados de 7 a 1 pm<\/h4><\/div><\/div>[vc_column_text]<\/p>\n<p style=\"text-align: left;\"><strong>Aplica para Afiliados a<\/strong>: MedPlus, UT Servisalud San Jos\u00e9, Coomeva Medicina Prepagada, Allianz Seguros y Particulares<\/p>\n<p>[\/vc_column_text][\/vc_column][\/vc_row][vc_row tlg_padding=&#8221;pb0&#8243; el_class=&#8221;fila_titulo_servicios&#8221; css=&#8221;.vc_custom_1595733089731{padding-bottom: 0px !important;background-color: #ffffff !important;}&#8221;][vc_column]<section class=\"box-content image-standard  \">\n\t\t\t\t\t\t    <div class=\"container p0-sm-min\">\n\t\t\t\t\t\t        <div class=\"row vertical-flex\">\n\t\t\t\t\t\t            <div class=\"col-md-4 col-sm-5 mb-xs-24 p0-sm-min\"><h2  class=\"widgettitle mb8\">Resonancia Magn\u00e9tica Nuclear<\/h2><div class=\"primary-line\"><\/div><div class=\"intro-content-content\"><p>Servicio especializado de radiolog\u00eda con el que se obtienen im\u00e1genes detalladas del cuerpo humano sin requerir una fuente de radiaci\u00f3n. Este tipo de estudios permiten a las especialidades m\u00e9dicas detectar patolog\u00edas o enfermedades de forma \u00e1gil y oportuna que otro tipo de estudios puedan llegar a pasar por alto. Se realizan estudios con y sin contraste, utilizando uno de los mejores equipos de resonancia de la actualidad: el Magneton Aera \u00ae.<\/p>\n<\/div><a  id=\"btn-69df4fd24b9ea\" class=\"btn btn-filled btn-flat btn-lg   btn-sm-sm text-center mr-0 mb0 mt24\" href= \"tel:6017421003\" target=\"_self\" >Solicita tu cita: (601) 742 1003<\/a><\/div>\n\t\t\t\t\t\t            <div class=\"col-md-7 col-md-offset-1 col-sm-6 col-sm-offset-1 text-center p0-sm-min border-radius-m shadow-img\">\n\t\t\t\t\t\t            \t<div class=\"intro-image\"><img loading=\"lazy\" decoding=\"async\" width=\"960\" height=\"640\" src=\"https:\/\/azulcima.com\/wp-content\/uploads\/2020\/07\/Resonancia-magnetica.jpg\" class=\"attachment-full size-full\" alt=\"medplus-medicina-prepagada-cali\" srcset=\"https:\/\/azulcima.com\/wp-content\/uploads\/2020\/07\/Resonancia-magnetica.jpg 960w, https:\/\/azulcima.com\/wp-content\/uploads\/2020\/07\/Resonancia-magnetica-300x200.jpg 300w, https:\/\/azulcima.com\/wp-content\/uploads\/2020\/07\/Resonancia-magnetica-768x512.jpg 768w\" sizes=\"(max-width: 960px) 100vw, 960px\" \/><\/div>\n\t\t\t\t\t\t            <\/div>\n\t\t\t\t\t\t        <\/div>\n\t\t\t\t\t\t    <\/div>\n\t\t\t\t\t\t<\/section>[\/vc_column][\/vc_row][vc_row tlg_padding=&#8221;pb0&#8243; el_class=&#8221;fila_titulo_servicios&#8221; css=&#8221;.vc_custom_1595710399718{padding-bottom: 0px !important;background-color: #ffffff !important;}&#8221;][vc_column offset=&#8221;vc_hidden-sm vc_hidden-xs&#8221;]<section class=\"box-content image-standard  \">\n\t\t\t\t\t\t    <div class=\"container p0-sm-min\">\n\t\t\t\t\t\t        <div class=\"row vertical-flex\">\n\t\t\t\t\t\t            <div class=\"col-md-7 col-sm-6 text-center mb-xs-24 p0-sm-min border-radius-m shadow-img\">\n\t\t\t\t\t\t            \t<div class=\"intro-image\"><img loading=\"lazy\" decoding=\"async\" width=\"960\" height=\"640\" src=\"https:\/\/azulcima.com\/wp-content\/uploads\/2020\/07\/Radiologia-convencional.jpg\" class=\"attachment-full size-full\" alt=\"medplus-medicina-prepagada-cali\" srcset=\"https:\/\/azulcima.com\/wp-content\/uploads\/2020\/07\/Radiologia-convencional.jpg 960w, https:\/\/azulcima.com\/wp-content\/uploads\/2020\/07\/Radiologia-convencional-300x200.jpg 300w, https:\/\/azulcima.com\/wp-content\/uploads\/2020\/07\/Radiologia-convencional-768x512.jpg 768w\" sizes=\"(max-width: 960px) 100vw, 960px\" \/><\/div>\n\t\t\t\t\t\t            <\/div>\n\t\t\t\t\t\t            <div class=\"col-md-4 col-md-offset-1 col-sm-5 col-sm-offset-1 p0-sm-min\"><h2  class=\"widgettitle mb8\">Radiolog\u00eda convencional<\/h2><div class=\"primary-line\"><\/div><div class=\"intro-content-content\"><p>Con tecnolog\u00eda de \u00faltima generaci\u00f3n, el servicio de Radiolog\u00eda permite ofrecer a nuestros usuarios, im\u00e1genes diagn\u00f3sticas para el estudio de la anatom\u00eda normal y del funcionamiento de diferentes \u00f3rganos o extremidades, con prop\u00f3sitos m\u00e9dicos encaminados a realizar diagn\u00f3sticos o procedimientos seguros y efectivos.<\/p>\n<\/div><a  id=\"btn-69df4fd24bdad\" class=\"btn btn-filled btn-flat btn-lg   btn-sm-sm text-center mr-0 mb0 mt24\" href= \"tel:6017421003\" target=\"_self\" >Solicita tu cita: (601) 742 1003<\/a><\/div>\n\t\t\t\t\t\t        <\/div>\n\t\t\t\t\t\t    <\/div>\n\t\t\t\t\t\t<\/section>[\/vc_column][\/vc_row][vc_row tlg_padding=&#8221;pt0 pb0&#8243; el_class=&#8221;fila_titulo_servicios&#8221; css=&#8221;.vc_custom_1595730720772{background-color: #ffffff !important;}&#8221;][vc_column offset=&#8221;vc_hidden-lg vc_hidden-md&#8221;]<section class=\"box-content image-standard  \">\n\t\t\t\t\t\t    <div class=\"container p0-sm-min\">\n\t\t\t\t\t\t        <div class=\"row vertical-flex\">\n\t\t\t\t\t\t            <div class=\"col-md-4 col-sm-5 mb-xs-24 p0-sm-min\"><h2  class=\"widgettitle mb8\">Radiolog\u00eda convencional<\/h2><div class=\"primary-line\"><\/div><div class=\"intro-content-content\"><p>Con tecnolog\u00eda de \u00faltima generaci\u00f3n, el servicio de Radiolog\u00eda permite ofrecer a nuestros usuarios, im\u00e1genes diagn\u00f3sticas para el estudio de la anatom\u00eda normal y del funcionamiento de diferentes \u00f3rganos o extremidades, con prop\u00f3sitos m\u00e9dicos encaminados a realizar diagn\u00f3sticos o procedimientos seguros y efectivos.<\/p>\n<\/div><\/div>\n\t\t\t\t\t\t            <div class=\"col-md-7 col-md-offset-1 col-sm-6 col-sm-offset-1 text-center p0-sm-min border-radius-m shadow-img\">\n\t\t\t\t\t\t            \t<div class=\"intro-image\"><img loading=\"lazy\" decoding=\"async\" width=\"960\" height=\"640\" src=\"https:\/\/azulcima.com\/wp-content\/uploads\/2020\/07\/Radiologia-convencional.jpg\" class=\"attachment-full size-full\" alt=\"medplus-medicina-prepagada-cali\" srcset=\"https:\/\/azulcima.com\/wp-content\/uploads\/2020\/07\/Radiologia-convencional.jpg 960w, https:\/\/azulcima.com\/wp-content\/uploads\/2020\/07\/Radiologia-convencional-300x200.jpg 300w, https:\/\/azulcima.com\/wp-content\/uploads\/2020\/07\/Radiologia-convencional-768x512.jpg 768w\" sizes=\"(max-width: 960px) 100vw, 960px\" \/><\/div>\n\t\t\t\t\t\t            <\/div>\n\t\t\t\t\t\t        <\/div>\n\t\t\t\t\t\t    <\/div>\n\t\t\t\t\t\t<\/section>[\/vc_column][\/vc_row][vc_row tlg_padding=&#8221;pb0&#8243; el_class=&#8221;fila_titulo_servicios&#8221; css=&#8221;.vc_custom_1595710399718{padding-bottom: 0px !important;background-color: #ffffff !important;}&#8221;][vc_column]<section class=\"box-content image-standard  \">\n\t\t\t\t\t\t    <div class=\"container p0-sm-min\">\n\t\t\t\t\t\t        <div class=\"row vertical-flex\">\n\t\t\t\t\t\t            <div class=\"col-md-4 col-sm-5 mb-xs-24 p0-sm-min\"><h2  class=\"widgettitle mb8\">Tomograf\u00eda<\/h2><div class=\"primary-line\"><\/div><div class=\"intro-content-content\"><p>A la vanguardia de los tom\u00f3grafos de \u00faltima generaci\u00f3n, el Aquilion Lighting multicorte nos permite obtener Tomograf\u00edas Computarizadas con im\u00e1genes de diferentes planos y cortes, con dosis inferiores de medios de contraste y con herramientas avanzadas de post-procesamiento. Algunos de los estudios que se realizan incluyen TAC cerebral, de t\u00f3rax y abdominal, con y sin contraste.<\/p>\n<\/div><a  id=\"btn-69df4fd24c126\" class=\"btn btn-filled btn-flat btn-lg   btn-sm-sm text-center mr-0 mb0 mt24\" href= \"tel:6017421003\" target=\"_self\" >Solicita tu cita: (601) 742 1003<\/a><\/div>\n\t\t\t\t\t\t            <div class=\"col-md-7 col-md-offset-1 col-sm-6 col-sm-offset-1 text-center p0-sm-min border-radius-m shadow-img\">\n\t\t\t\t\t\t            \t<div class=\"intro-image\"><img loading=\"lazy\" decoding=\"async\" width=\"960\" height=\"640\" src=\"https:\/\/azulcima.com\/wp-content\/uploads\/2025\/10\/tomografia.jpg\" class=\"attachment-full size-full\" alt=\"\" srcset=\"https:\/\/azulcima.com\/wp-content\/uploads\/2025\/10\/tomografia.jpg 960w, https:\/\/azulcima.com\/wp-content\/uploads\/2025\/10\/tomografia-300x200.jpg 300w, https:\/\/azulcima.com\/wp-content\/uploads\/2025\/10\/tomografia-768x512.jpg 768w\" sizes=\"(max-width: 960px) 100vw, 960px\" \/><\/div>\n\t\t\t\t\t\t            <\/div>\n\t\t\t\t\t\t        <\/div>\n\t\t\t\t\t\t    <\/div>\n\t\t\t\t\t\t<\/section>[\/vc_column][\/vc_row][vc_row tlg_padding=&#8221;pb0&#8243; el_class=&#8221;fila_titulo_servicios&#8221; css=&#8221;.vc_custom_1595710399718{padding-bottom: 0px !important;background-color: #ffffff !important;}&#8221;][vc_column offset=&#8221;vc_hidden-sm vc_hidden-xs&#8221;]<section class=\"box-content image-standard  \">\n\t\t\t\t\t\t    <div class=\"container p0-sm-min\">\n\t\t\t\t\t\t        <div class=\"row vertical-flex\">\n\t\t\t\t\t\t            <div class=\"col-md-7 col-sm-6 text-center mb-xs-24 p0-sm-min border-radius-m shadow-img\">\n\t\t\t\t\t\t            \t<div class=\"intro-image\"><img loading=\"lazy\" decoding=\"async\" width=\"960\" height=\"640\" src=\"https:\/\/azulcima.com\/wp-content\/uploads\/2020\/07\/Ecografia.jpg\" class=\"attachment-full size-full\" alt=\"medplus-medicina-prepagada-cali\" srcset=\"https:\/\/azulcima.com\/wp-content\/uploads\/2020\/07\/Ecografia.jpg 960w, https:\/\/azulcima.com\/wp-content\/uploads\/2020\/07\/Ecografia-300x200.jpg 300w, https:\/\/azulcima.com\/wp-content\/uploads\/2020\/07\/Ecografia-768x512.jpg 768w\" sizes=\"(max-width: 960px) 100vw, 960px\" \/><\/div>\n\t\t\t\t\t\t            <\/div>\n\t\t\t\t\t\t            <div class=\"col-md-4 col-md-offset-1 col-sm-5 col-sm-offset-1 p0-sm-min\"><h2  class=\"widgettitle mb8\">Ultrasonograf\u00eda (Ecograf\u00eda)<\/h2><div class=\"primary-line\"><\/div><div class=\"intro-content-content\"><p>Nuestra oferta de estudios ultrasonogr\u00e1ficos que incluye D\u00faplex Scan Color, Ecograf\u00eda Articular, Ecograf\u00eda Abdominal, Ecograf\u00eda Obst\u00e9trica y de miembros inferiores, entre otros, cuenta con el respaldo de la mejor tecnolog\u00eda al servicio de nuestro grupo de especialistas para brindarle a los usuarios una atenci\u00f3n segura, oportuna y con altos est\u00e1ndares de calidad.<\/p>\n<\/div><a  id=\"btn-69df4fd24c45c\" class=\"btn btn-filled btn-flat btn-lg   btn-sm-sm text-center mr-0 mb0 mt24\" href= \"tel:6017421003\" target=\"_self\" >Solicita tu cita: (601) 742 1003<\/a><\/div>\n\t\t\t\t\t\t        <\/div>\n\t\t\t\t\t\t    <\/div>\n\t\t\t\t\t\t<\/section><div class=\"tlg-spacer  \" data-height=\"80\" data-height-tablet=\"60\" data-height-mobile=\"50\" style=\"clear:both;display:block;height:80px;\"><\/div>[\/vc_column][\/vc_row][vc_row tlg_padding=&#8221;pt0&#8243; el_class=&#8221;fila_titulo_servicios&#8221; css=&#8221;.vc_custom_1595746418877{background-color: #ffffff !important;}&#8221;][vc_column offset=&#8221;vc_hidden-lg vc_hidden-md&#8221;]<section class=\"box-content image-standard  \">\n\t\t\t\t\t\t    <div class=\"container p0-sm-min\">\n\t\t\t\t\t\t        <div class=\"row vertical-flex\">\n\t\t\t\t\t\t            <div class=\"col-md-4 col-sm-5 mb-xs-24 p0-sm-min\"><h2  class=\"widgettitle mb8\">Ultrasonograf\u00eda (Ecograf\u00eda)<\/h2><div class=\"primary-line\"><\/div><div class=\"intro-content-content\"><p>Nuestra oferta de estudios ultrasonogr\u00e1ficos que incluye D\u00faplex Scan Color, Ecograf\u00eda Articular, Ecograf\u00eda Abdominal, Ecograf\u00eda Obst\u00e9trica y de miembros inferiores, entre otros, cuenta con el respaldo de la mejor tecnolog\u00eda al servicio de nuestro grupo de especialistas para brindarle a los usuarios una atenci\u00f3n segura, oportuna y con altos est\u00e1ndares de calidad.<\/p>\n<\/div><\/div>\n\t\t\t\t\t\t            <div class=\"col-md-7 col-md-offset-1 col-sm-6 col-sm-offset-1 text-center p0-sm-min border-radius-m shadow-img\">\n\t\t\t\t\t\t            \t<div class=\"intro-image\"><img loading=\"lazy\" decoding=\"async\" width=\"960\" height=\"640\" src=\"https:\/\/azulcima.com\/wp-content\/uploads\/2020\/07\/Ecografia.jpg\" class=\"attachment-full size-full\" alt=\"medplus-medicina-prepagada-cali\" srcset=\"https:\/\/azulcima.com\/wp-content\/uploads\/2020\/07\/Ecografia.jpg 960w, https:\/\/azulcima.com\/wp-content\/uploads\/2020\/07\/Ecografia-300x200.jpg 300w, https:\/\/azulcima.com\/wp-content\/uploads\/2020\/07\/Ecografia-768x512.jpg 768w\" sizes=\"(max-width: 960px) 100vw, 960px\" \/><\/div>\n\t\t\t\t\t\t            <\/div>\n\t\t\t\t\t\t        <\/div>\n\t\t\t\t\t\t    <\/div>\n\t\t\t\t\t\t<\/section>[\/vc_column][\/vc_row]<\/p>\n<\/div>","protected":false},"excerpt":{"rendered":"<p>[vc_row full_width=&#8221;stretch_row&#8221; tlg_large_container=&#8221;extra-container&#8221; tlg_padding=&#8221;pt180 pb180 pt-xs-80 pb-xs-80&#8243; css=&#8221;.vc_custom_1598104404898{background: #ffffff url(http:\/\/azulcima.com\/wp-content\/uploads\/2020\/08\/Banner_imagenes.jpg?id=9829) !important;}&#8221;][vc_column][\/vc_column][\/vc_row][vc_row css_animation=&#8221;slideInUp&#8221; tlg_padding=&#8221;pb0&#8243; css=&#8221;.vc_custom_1590698168137{background-color: #ffffff !important;}&#8221;][vc_column][vc_column_text] Aplica para Afiliados a: MedPlus, UT Servisalud San Jos\u00e9, Coomeva Medicina Prepagada, Allianz Seguros y Particulares [\/vc_column_text][\/vc_column][\/vc_row][vc_row tlg_padding=&#8221;pb0&#8243; el_class=&#8221;fila_titulo_servicios&#8221; css=&#8221;.vc_custom_1595733089731{padding-bottom: 0px !important;background-color: #ffffff !important;}&#8221;][vc_column][\/vc_column][\/vc_row][vc_row tlg_padding=&#8221;pb0&#8243; el_class=&#8221;fila_titulo_servicios&#8221; css=&#8221;.vc_custom_1595710399718{padding-bottom: 0px !important;background-color: #ffffff !important;}&#8221;][vc_column offset=&#8221;vc_hidden-sm vc_hidden-xs&#8221;][\/vc_column][\/vc_row][vc_row tlg_padding=&#8221;pt0 pb0&#8243; el_class=&#8221;fila_titulo_servicios&#8221; css=&#8221;.vc_custom_1595730720772{background-color: #ffffff !important;}&#8221;][vc_column&#8230;<\/p>\n","protected":false},"author":3,"featured_media":0,"parent":0,"menu_order":0,"comment_status":"closed","ping_status":"closed","template":"","meta":{"footnotes":""},"class_list":["post-9115","page","type-page","status-publish","hentry"],"yoast_head":"<!-- This site is optimized with the Yoast SEO plugin v23.5 - https:\/\/yoast.com\/wordpress\/plugins\/seo\/ -->\n<title>Im\u00e1genes diagn\u00f3sticas | Azul Cima | Cl\u00ednica de especialistas<\/title>\n<meta name=\"description\" content=\"En la Azul Cima contamos con servicio de im\u00e1genes diagn\u00f3sticas en: Resonancia magnetica nuclear, radiolog\u00eda convencional y otros.\" \/>\n<meta name=\"robots\" content=\"index, follow, max-snippet:-1, max-image-preview:large, max-video-preview:-1\" \/>\n<link rel=\"canonical\" href=\"https:\/\/azulcima.com\/index.php\/imagenes-diagnosticas\/\" \/>\n<meta property=\"og:locale\" content=\"es_ES\" \/>\n<meta property=\"og:type\" content=\"article\" \/>\n<meta property=\"og:title\" content=\"Im\u00e1genes diagn\u00f3sticas | Azul Cima | Cl\u00ednica de especialistas\" \/>\n<meta property=\"og:description\" content=\"En la Azul Cima contamos con servicio de im\u00e1genes diagn\u00f3sticas en: Resonancia magnetica nuclear, radiolog\u00eda convencional y otros.\" \/>\n<meta property=\"og:url\" content=\"https:\/\/azulcima.com\/index.php\/imagenes-diagnosticas\/\" \/>\n<meta property=\"og:site_name\" content=\"M\u00e1s que una cl\u00ednica, una experiencia en salud | Azul Cima\" \/>\n<meta property=\"article:modified_time\" content=\"2025-10-01T14:56:38+00:00\" \/>\n<meta name=\"twitter:card\" content=\"summary_large_image\" \/>\n<meta name=\"twitter:label1\" content=\"Tiempo de lectura\" \/>\n\t<meta name=\"twitter:data1\" content=\"4 minutos\" \/>\n<script type=\"application\/ld+json\" class=\"yoast-schema-graph\">{\"@context\":\"https:\/\/schema.org\",\"@graph\":[{\"@type\":\"WebPage\",\"@id\":\"https:\/\/azulcima.com\/index.php\/imagenes-diagnosticas\/\",\"url\":\"https:\/\/azulcima.com\/index.php\/imagenes-diagnosticas\/\",\"name\":\"Im\u00e1genes diagn\u00f3sticas | Azul Cima | Cl\u00ednica de especialistas\",\"isPartOf\":{\"@id\":\"https:\/\/azulcima.com\/#website\"},\"datePublished\":\"2020-07-24T00:15:40+00:00\",\"dateModified\":\"2025-10-01T14:56:38+00:00\",\"description\":\"En la Azul Cima contamos con servicio de im\u00e1genes diagn\u00f3sticas en: Resonancia magnetica nuclear, radiolog\u00eda convencional y otros.\",\"breadcrumb\":{\"@id\":\"https:\/\/azulcima.com\/index.php\/imagenes-diagnosticas\/#breadcrumb\"},\"inLanguage\":\"es-CO\",\"potentialAction\":[{\"@type\":\"ReadAction\",\"target\":[\"https:\/\/azulcima.com\/index.php\/imagenes-diagnosticas\/\"]}]},{\"@type\":\"BreadcrumbList\",\"@id\":\"https:\/\/azulcima.com\/index.php\/imagenes-diagnosticas\/#breadcrumb\",\"itemListElement\":[{\"@type\":\"ListItem\",\"position\":1,\"name\":\"Home\",\"item\":\"https:\/\/azulcima.com\/\"},{\"@type\":\"ListItem\",\"position\":2,\"name\":\"Im\u00e1genes diagn\u00f3sticas\"}]},{\"@type\":\"WebSite\",\"@id\":\"https:\/\/azulcima.com\/#website\",\"url\":\"https:\/\/azulcima.com\/\",\"name\":\"M\u00e1s que una cl\u00ednica, una experiencia en salud | Azul Cima\",\"description\":\"M\u00e1s que una cl\u00ednica, una experiencia en salud |  Somos Azul Cima una de las m\u00e1s innovadoras de Colombia, pensada para brindarte una experiencia en Salud, con servicios de alta complejidad.\",\"publisher\":{\"@id\":\"https:\/\/azulcima.com\/#organization\"},\"potentialAction\":[{\"@type\":\"SearchAction\",\"target\":{\"@type\":\"EntryPoint\",\"urlTemplate\":\"https:\/\/azulcima.com\/?s={search_term_string}\"},\"query-input\":{\"@type\":\"PropertyValueSpecification\",\"valueRequired\":true,\"valueName\":\"search_term_string\"}}],\"inLanguage\":\"es-CO\"},{\"@type\":\"Organization\",\"@id\":\"https:\/\/azulcima.com\/#organization\",\"name\":\"Clinica Azul - Una Experiencia en Salud\",\"url\":\"https:\/\/azulcima.com\/\",\"logo\":{\"@type\":\"ImageObject\",\"inLanguage\":\"es-CO\",\"@id\":\"https:\/\/azulcima.com\/#\/schema\/logo\/image\/\",\"url\":\"http:\/\/azulcima.com\/wp-content\/uploads\/2020\/05\/logo_clinicaAzul_color2X.png\",\"contentUrl\":\"http:\/\/azulcima.com\/wp-content\/uploads\/2020\/05\/logo_clinicaAzul_color2X.png\",\"width\":664,\"height\":132,\"caption\":\"Clinica Azul - Una Experiencia en Salud\"},\"image\":{\"@id\":\"https:\/\/azulcima.com\/#\/schema\/logo\/image\/\"}}]}<\/script>\n<!-- \/ Yoast SEO plugin. -->","yoast_head_json":{"title":"Im\u00e1genes diagn\u00f3sticas | Azul Cima | Cl\u00ednica de especialistas","description":"En la Azul Cima contamos con servicio de im\u00e1genes diagn\u00f3sticas en: Resonancia magnetica nuclear, radiolog\u00eda convencional y otros.","robots":{"index":"index","follow":"follow","max-snippet":"max-snippet:-1","max-image-preview":"max-image-preview:large","max-video-preview":"max-video-preview:-1"},"canonical":"https:\/\/azulcima.com\/index.php\/imagenes-diagnosticas\/","og_locale":"es_ES","og_type":"article","og_title":"Im\u00e1genes diagn\u00f3sticas | Azul Cima | Cl\u00ednica de especialistas","og_description":"En la Azul Cima contamos con servicio de im\u00e1genes diagn\u00f3sticas en: Resonancia magnetica nuclear, radiolog\u00eda convencional y otros.","og_url":"https:\/\/azulcima.com\/index.php\/imagenes-diagnosticas\/","og_site_name":"M\u00e1s que una cl\u00ednica, una experiencia en salud | Azul Cima","article_modified_time":"2025-10-01T14:56:38+00:00","twitter_card":"summary_large_image","twitter_misc":{"Tiempo de lectura":"4 minutos"},"schema":{"@context":"https:\/\/schema.org","@graph":[{"@type":"WebPage","@id":"https:\/\/azulcima.com\/index.php\/imagenes-diagnosticas\/","url":"https:\/\/azulcima.com\/index.php\/imagenes-diagnosticas\/","name":"Im\u00e1genes diagn\u00f3sticas | Azul Cima | Cl\u00ednica de especialistas","isPartOf":{"@id":"https:\/\/azulcima.com\/#website"},"datePublished":"2020-07-24T00:15:40+00:00","dateModified":"2025-10-01T14:56:38+00:00","description":"En la Azul Cima contamos con servicio de im\u00e1genes diagn\u00f3sticas en: Resonancia magnetica nuclear, radiolog\u00eda convencional y otros.","breadcrumb":{"@id":"https:\/\/azulcima.com\/index.php\/imagenes-diagnosticas\/#breadcrumb"},"inLanguage":"es-CO","potentialAction":[{"@type":"ReadAction","target":["https:\/\/azulcima.com\/index.php\/imagenes-diagnosticas\/"]}]},{"@type":"BreadcrumbList","@id":"https:\/\/azulcima.com\/index.php\/imagenes-diagnosticas\/#breadcrumb","itemListElement":[{"@type":"ListItem","position":1,"name":"Home","item":"https:\/\/azulcima.com\/"},{"@type":"ListItem","position":2,"name":"Im\u00e1genes diagn\u00f3sticas"}]},{"@type":"WebSite","@id":"https:\/\/azulcima.com\/#website","url":"https:\/\/azulcima.com\/","name":"M\u00e1s que una cl\u00ednica, una experiencia en salud | Azul Cima","description":"M\u00e1s que una cl\u00ednica, una experiencia en salud |  Somos Azul Cima una de las m\u00e1s innovadoras de Colombia, pensada para brindarte una experiencia en Salud, con servicios de alta complejidad.","publisher":{"@id":"https:\/\/azulcima.com\/#organization"},"potentialAction":[{"@type":"SearchAction","target":{"@type":"EntryPoint","urlTemplate":"https:\/\/azulcima.com\/?s={search_term_string}"},"query-input":{"@type":"PropertyValueSpecification","valueRequired":true,"valueName":"search_term_string"}}],"inLanguage":"es-CO"},{"@type":"Organization","@id":"https:\/\/azulcima.com\/#organization","name":"Clinica Azul - Una Experiencia en Salud","url":"https:\/\/azulcima.com\/","logo":{"@type":"ImageObject","inLanguage":"es-CO","@id":"https:\/\/azulcima.com\/#\/schema\/logo\/image\/","url":"http:\/\/azulcima.com\/wp-content\/uploads\/2020\/05\/logo_clinicaAzul_color2X.png","contentUrl":"http:\/\/azulcima.com\/wp-content\/uploads\/2020\/05\/logo_clinicaAzul_color2X.png","width":664,"height":132,"caption":"Clinica Azul - Una Experiencia en Salud"},"image":{"@id":"https:\/\/azulcima.com\/#\/schema\/logo\/image\/"}}]}},"_links":{"self":[{"href":"https:\/\/azulcima.com\/index.php\/wp-json\/wp\/v2\/pages\/9115"}],"collection":[{"href":"https:\/\/azulcima.com\/index.php\/wp-json\/wp\/v2\/pages"}],"about":[{"href":"https:\/\/azulcima.com\/index.php\/wp-json\/wp\/v2\/types\/page"}],"author":[{"embeddable":true,"href":"https:\/\/azulcima.com\/index.php\/wp-json\/wp\/v2\/users\/3"}],"replies":[{"embeddable":true,"href":"https:\/\/azulcima.com\/index.php\/wp-json\/wp\/v2\/comments?post=9115"}],"version-history":[{"count":41,"href":"https:\/\/azulcima.com\/index.php\/wp-json\/wp\/v2\/pages\/9115\/revisions"}],"predecessor-version":[{"id":11399,"href":"https:\/\/azulcima.com\/index.php\/wp-json\/wp\/v2\/pages\/9115\/revisions\/11399"}],"wp:attachment":[{"href":"https:\/\/azulcima.com\/index.php\/wp-json\/wp\/v2\/media?parent=9115"}],"curies":[{"name":"wp","href":"https:\/\/api.w.org\/{rel}","templated":true}]}}