{"id":9103,"date":"2020-07-24T12:03:57","date_gmt":"2020-07-24T17:03:57","guid":{"rendered":"http:\/\/www.clinicaazul.co\/?page_id=9103"},"modified":"2025-08-21T23:00:22","modified_gmt":"2025-08-22T04:00:22","slug":"responsabilidad-social","status":"publish","type":"page","link":"https:\/\/azulcima.com\/index.php\/responsabilidad-social\/","title":{"rendered":"Responsabilidad social"},"content":{"rendered":"<div class=\"wpb-content-wrapper\"><p>[vc_row full_width=&#8221;stretch_row&#8221; tlg_large_container=&#8221;extra-container&#8221; tlg_padding=&#8221;pt180 pb180 pt-xs-80 pb-xs-80&#8243; css=&#8221;.vc_custom_1598104634791{background: #ffffff url(http:\/\/azulcima.com\/wp-content\/uploads\/2020\/08\/Banner_resp.jpg?id=9849) !important;}&#8221;][vc_column]<div class=\"tlg-spacer  \" data-height=\"80\" data-height-tablet=\"60\" data-height-mobile=\"50\" style=\"clear:both;display:block;height:80px;\"><\/div>[\/vc_column][\/vc_row][vc_row css_animation=&#8221;slideInUp&#8221; tlg_padding=&#8221;pb0&#8243; css=&#8221;.vc_custom_1590698168137{background-color: #ffffff !important;}&#8221;][vc_column]<div class=\"headings-title \"><div class=\"mb0 mb-xs-40 text-left\"><h1 style=\"color:#00498b!important;font-size:52px;line-height:62px;letter-spacing:1px!important;text-transform: none!important;\" class=\"widgettitle mb0\">Responsabilidad social<\/h1><\/div><\/div>[\/vc_column][\/vc_row][vc_row full_width=&#8221;stretch_row_content_no_spaces&#8221; tlg_padding=&#8221;pb0&#8243;][vc_column parallax=&#8221;content-moving-fade&#8221; css=&#8221;.vc_custom_1595701546794{padding-bottom: -20px !important;}&#8221;]\n\t\t\t<!-- START Slider Responsabilidad social REVOLUTION SLIDER 6.7.15 --><p class=\"rs-p-wp-fix\"><\/p>\n\t\t\t<rs-module-wrap id=\"rev_slider_8_1_wrapper\" data-source=\"gallery\" style=\"visibility:hidden;background:linear-gradient(rgba(0,73,139,1) 0%, rgba(215,215,215,1) 100%);padding:0;margin:0px auto;margin-top:0;margin-bottom:0;\">\n\t\t\t\t<rs-module id=\"rev_slider_8_1\" style=\"\" data-version=\"6.7.15\">\n\t\t\t\t\t<rs-slides style=\"overflow: hidden; position: absolute;\">\n\t\t\t\t\t\t<rs-slide style=\"position: absolute;\" data-key=\"rs-33\" data-title=\"slide\" data-thumb=\"\/\/azulcima.com\/wp-content\/uploads\/2020\/08\/Responsabilidad_01-100x50.jpg\" data-in=\"o:1;x:(100%);\" data-out=\"x:(-60%);\">\n\t\t\t\t\t\t\t<img decoding=\"async\" src=\"\/\/azulcima.com\/wp-content\/plugins\/revslider\/sr6\/assets\/assets\/dummy.png\" alt=\"venta-de-medicamentos\" title=\"Responsabilidad_01\" width=\"960\" height=\"640\" class=\"rev-slidebg tp-rs-img rs-lazyload\" data-lazyload=\"\/\/azulcima.com\/wp-content\/uploads\/2020\/08\/Responsabilidad_01.jpg\" data-bg=\"f:contain;\" data-parallax=\"off\" data-no-retina>\n<!---->\t\t\t\t\t<\/rs-slide>\n\t\t\t\t\t\t<rs-slide style=\"position: absolute;\" data-key=\"rs-34\" data-title=\"slide\" data-thumb=\"\/\/azulcima.com\/wp-content\/uploads\/2020\/08\/Responsabilidad_02-100x50.jpg\" data-in=\"o:1;x:(100%);\" data-out=\"x:(-60%);\">\n\t\t\t\t\t\t\t<img decoding=\"async\" src=\"\/\/azulcima.com\/wp-content\/plugins\/revslider\/sr6\/assets\/assets\/dummy.png\" alt=\"venta-de-medicamentos\" title=\"Responsabilidad_02\" width=\"960\" height=\"640\" class=\"rev-slidebg tp-rs-img rs-lazyload\" data-lazyload=\"\/\/azulcima.com\/wp-content\/uploads\/2020\/08\/Responsabilidad_02.jpg\" data-bg=\"f:contain;\" data-parallax=\"off\" data-no-retina>\n<!---->\t\t\t\t\t<\/rs-slide>\n\t\t\t\t\t\t<rs-slide style=\"position: absolute;\" data-key=\"rs-35\" data-title=\"slide\" data-thumb=\"\/\/azulcima.com\/wp-content\/uploads\/2020\/08\/Responsabilidad_03-100x50.jpg\" data-in=\"o:1;x:(100%);\" data-out=\"x:(-60%);\">\n\t\t\t\t\t\t\t<img decoding=\"async\" src=\"\/\/azulcima.com\/wp-content\/plugins\/revslider\/sr6\/assets\/assets\/dummy.png\" alt=\"venta-de-medicamentos\" title=\"Responsabilidad Ambiental Cl\u00ednica Azul Bogot\u00e1 Colombia\" width=\"960\" height=\"640\" class=\"rev-slidebg tp-rs-img rs-lazyload\" data-lazyload=\"\/\/azulcima.com\/wp-content\/uploads\/2020\/08\/Responsabilidad_03.jpg\" data-bg=\"f:contain;\" data-parallax=\"off\" data-no-retina>\n<!---->\t\t\t\t\t<\/rs-slide>\n\t\t\t\t\t<\/rs-slides>\n\t\t\t\t<\/rs-module>\n\t\t\t\t<script>\n\t\t\t\t\tsetREVStartSize({c: 'rev_slider_8_1',rl:[1240,1024,778,480],el:[640,768,960,720],gw:[960,960,578,330],gh:[640,640,540,340],type:'standard',justify:'',layout:'fullwidth',mh:\"0\"});if (window.RS_MODULES!==undefined && window.RS_MODULES.modules!==undefined && window.RS_MODULES.modules[\"revslider81\"]!==undefined) {window.RS_MODULES.modules[\"revslider81\"].once = false;window.revapi8 = undefined;if (window.RS_MODULES.checkMinimal!==undefined) window.RS_MODULES.checkMinimal()}\n\t\t\t\t<\/script>\n\t\t\t<\/rs-module-wrap>\n\t\t\t<!-- END REVOLUTION SLIDER -->\n[\/vc_column][\/vc_row][vc_row tlg_padding=&#8221;pb0&#8243;][vc_column][vc_column_text css=&#8221;&#8221;]En Azul buscamos el beneficio del individuo y de la comunidad, por ello desde la concepci\u00f3n del complejo integramos los conceptos de responsabilidad y sostenibilidad ambiental como un eje cr\u00edtico de implementaci\u00f3n, lo anterior se traduce en los esfuerzos de incorporar nuestros procesos a un entorno bioclim\u00e1tico ideal, convirti\u00e9ndonos en un complejo que genera un consumo racional de energ\u00eda y agua, de la misma forma contribuimos al medio ambiente con el manejo adecuado del reciclaje aguas y desechos.<\/p>\n<p>El complejo ofrece a la ciudad su terraza ambiental, la cual es un peque\u00f1o pulm\u00f3n para la ciudad que est\u00e1 conformado por plantas de diferentes tipolog\u00edas que ayudan al proceso de oxigenaci\u00f3n, esta terraza tiene como objeto mitigar de cierta forma la contaminaci\u00f3n del aire y brindar un espacio id\u00f3neo para los pacientes y el cuerpo m\u00e9dico.<\/p>\n<p>Nuestra responsabilidad social se traduce en el apoyo a los programas de la Fundaci\u00f3n Manos Pintadas de Azul de CienoGroup, una fundaci\u00f3n que busca <em><strong>contribuir al desarrollo social de Colombia, mediante programas de salud que brindan acceso a comunidades vulnerables, que por sus condiciones sociales, geogr\u00e1ficas y econ\u00f3micas no gozan de adecuados servicios de salud<\/strong><\/em>.[\/vc_column_text]<div class=\"tlg-spacer  \" data-height=\"80\" data-height-tablet=\"60\" data-height-mobile=\"50\" style=\"clear:both;display:block;height:80px;\"><\/div>[\/vc_column][\/vc_row]<\/p>\n<\/div>","protected":false},"excerpt":{"rendered":"<p>[vc_row full_width=&#8221;stretch_row&#8221; tlg_large_container=&#8221;extra-container&#8221; tlg_padding=&#8221;pt180 pb180 pt-xs-80 pb-xs-80&#8243; css=&#8221;.vc_custom_1598104634791{background: #ffffff url(http:\/\/azulcima.com\/wp-content\/uploads\/2020\/08\/Banner_resp.jpg?id=9849) !important;}&#8221;][vc_column][\/vc_column][\/vc_row][vc_row css_animation=&#8221;slideInUp&#8221; tlg_padding=&#8221;pb0&#8243; css=&#8221;.vc_custom_1590698168137{background-color: #ffffff !important;}&#8221;][vc_column][\/vc_column][\/vc_row][vc_row full_width=&#8221;stretch_row_content_no_spaces&#8221; tlg_padding=&#8221;pb0&#8243;][vc_column parallax=&#8221;content-moving-fade&#8221; css=&#8221;.vc_custom_1595701546794{padding-bottom: -20px !important;}&#8221;][\/vc_column][\/vc_row][vc_row tlg_padding=&#8221;pb0&#8243;][vc_column][vc_column_text css=&#8221;&#8221;]En Azul buscamos el beneficio del individuo y de la comunidad, por ello desde la concepci\u00f3n del complejo integramos los conceptos de responsabilidad y sostenibilidad ambiental como un eje cr\u00edtico de implementaci\u00f3n,&#8230;<\/p>\n","protected":false},"author":3,"featured_media":0,"parent":0,"menu_order":0,"comment_status":"closed","ping_status":"closed","template":"","meta":{"footnotes":""},"class_list":["post-9103","page","type-page","status-publish","hentry"],"yoast_head":"<!-- This site is optimized with the Yoast SEO plugin v23.5 - https:\/\/yoast.com\/wordpress\/plugins\/seo\/ -->\n<title>Responsabilidad social | Azul Cima | Im\u00e1genes diagnosticas Bogot\u00e1<\/title>\n<meta name=\"description\" content=\"Nuestra responsabilidad social se traduce en el apoyo nuestros programas que buscan contribuir al desarrollo social de Colombia\" \/>\n<meta name=\"robots\" content=\"index, follow, max-snippet:-1, max-image-preview:large, max-video-preview:-1\" \/>\n<link rel=\"canonical\" href=\"https:\/\/azulcima.com\/index.php\/responsabilidad-social\/\" \/>\n<meta property=\"og:locale\" content=\"es_ES\" \/>\n<meta property=\"og:type\" content=\"article\" \/>\n<meta property=\"og:title\" content=\"Responsabilidad social | Azul Cima | Im\u00e1genes diagnosticas Bogot\u00e1\" \/>\n<meta property=\"og:description\" content=\"Nuestra responsabilidad social se traduce en el apoyo nuestros programas que buscan contribuir al desarrollo social de Colombia\" \/>\n<meta property=\"og:url\" content=\"https:\/\/azulcima.com\/index.php\/responsabilidad-social\/\" \/>\n<meta property=\"og:site_name\" content=\"M\u00e1s que una cl\u00ednica, una experiencia en salud | Azul Cima\" \/>\n<meta property=\"article:modified_time\" content=\"2025-08-22T04:00:22+00:00\" \/>\n<meta name=\"twitter:card\" content=\"summary_large_image\" \/>\n<meta name=\"twitter:label1\" content=\"Tiempo de lectura\" \/>\n\t<meta name=\"twitter:data1\" content=\"2 minutos\" \/>\n<script type=\"application\/ld+json\" class=\"yoast-schema-graph\">{\"@context\":\"https:\/\/schema.org\",\"@graph\":[{\"@type\":\"WebPage\",\"@id\":\"https:\/\/azulcima.com\/index.php\/responsabilidad-social\/\",\"url\":\"https:\/\/azulcima.com\/index.php\/responsabilidad-social\/\",\"name\":\"Responsabilidad social | Azul Cima | Im\u00e1genes diagnosticas Bogot\u00e1\",\"isPartOf\":{\"@id\":\"https:\/\/azulcima.com\/#website\"},\"datePublished\":\"2020-07-24T17:03:57+00:00\",\"dateModified\":\"2025-08-22T04:00:22+00:00\",\"description\":\"Nuestra responsabilidad social se traduce en el apoyo nuestros programas que buscan contribuir al desarrollo social de Colombia\",\"breadcrumb\":{\"@id\":\"https:\/\/azulcima.com\/index.php\/responsabilidad-social\/#breadcrumb\"},\"inLanguage\":\"es-CO\",\"potentialAction\":[{\"@type\":\"ReadAction\",\"target\":[\"https:\/\/azulcima.com\/index.php\/responsabilidad-social\/\"]}]},{\"@type\":\"BreadcrumbList\",\"@id\":\"https:\/\/azulcima.com\/index.php\/responsabilidad-social\/#breadcrumb\",\"itemListElement\":[{\"@type\":\"ListItem\",\"position\":1,\"name\":\"Home\",\"item\":\"https:\/\/azulcima.com\/\"},{\"@type\":\"ListItem\",\"position\":2,\"name\":\"Responsabilidad social\"}]},{\"@type\":\"WebSite\",\"@id\":\"https:\/\/azulcima.com\/#website\",\"url\":\"https:\/\/azulcima.com\/\",\"name\":\"M\u00e1s que una cl\u00ednica, una experiencia en salud | Azul Cima\",\"description\":\"M\u00e1s que una cl\u00ednica, una experiencia en salud |  Somos Azul Cima una de las m\u00e1s innovadoras de Colombia, pensada para brindarte una experiencia en Salud, con servicios de alta complejidad.\",\"publisher\":{\"@id\":\"https:\/\/azulcima.com\/#organization\"},\"potentialAction\":[{\"@type\":\"SearchAction\",\"target\":{\"@type\":\"EntryPoint\",\"urlTemplate\":\"https:\/\/azulcima.com\/?s={search_term_string}\"},\"query-input\":{\"@type\":\"PropertyValueSpecification\",\"valueRequired\":true,\"valueName\":\"search_term_string\"}}],\"inLanguage\":\"es-CO\"},{\"@type\":\"Organization\",\"@id\":\"https:\/\/azulcima.com\/#organization\",\"name\":\"Clinica Azul - Una Experiencia en Salud\",\"url\":\"https:\/\/azulcima.com\/\",\"logo\":{\"@type\":\"ImageObject\",\"inLanguage\":\"es-CO\",\"@id\":\"https:\/\/azulcima.com\/#\/schema\/logo\/image\/\",\"url\":\"http:\/\/azulcima.com\/wp-content\/uploads\/2020\/05\/logo_clinicaAzul_color2X.png\",\"contentUrl\":\"http:\/\/azulcima.com\/wp-content\/uploads\/2020\/05\/logo_clinicaAzul_color2X.png\",\"width\":664,\"height\":132,\"caption\":\"Clinica Azul - Una Experiencia en Salud\"},\"image\":{\"@id\":\"https:\/\/azulcima.com\/#\/schema\/logo\/image\/\"}}]}<\/script>\n<!-- \/ Yoast SEO plugin. -->","yoast_head_json":{"title":"Responsabilidad social | Azul Cima | Im\u00e1genes diagnosticas Bogot\u00e1","description":"Nuestra responsabilidad social se traduce en el apoyo nuestros programas que buscan contribuir al desarrollo social de Colombia","robots":{"index":"index","follow":"follow","max-snippet":"max-snippet:-1","max-image-preview":"max-image-preview:large","max-video-preview":"max-video-preview:-1"},"canonical":"https:\/\/azulcima.com\/index.php\/responsabilidad-social\/","og_locale":"es_ES","og_type":"article","og_title":"Responsabilidad social | Azul Cima | Im\u00e1genes diagnosticas Bogot\u00e1","og_description":"Nuestra responsabilidad social se traduce en el apoyo nuestros programas que buscan contribuir al desarrollo social de Colombia","og_url":"https:\/\/azulcima.com\/index.php\/responsabilidad-social\/","og_site_name":"M\u00e1s que una cl\u00ednica, una experiencia en salud | Azul Cima","article_modified_time":"2025-08-22T04:00:22+00:00","twitter_card":"summary_large_image","twitter_misc":{"Tiempo de lectura":"2 minutos"},"schema":{"@context":"https:\/\/schema.org","@graph":[{"@type":"WebPage","@id":"https:\/\/azulcima.com\/index.php\/responsabilidad-social\/","url":"https:\/\/azulcima.com\/index.php\/responsabilidad-social\/","name":"Responsabilidad social | Azul Cima | Im\u00e1genes diagnosticas Bogot\u00e1","isPartOf":{"@id":"https:\/\/azulcima.com\/#website"},"datePublished":"2020-07-24T17:03:57+00:00","dateModified":"2025-08-22T04:00:22+00:00","description":"Nuestra responsabilidad social se traduce en el apoyo nuestros programas que buscan contribuir al desarrollo social de Colombia","breadcrumb":{"@id":"https:\/\/azulcima.com\/index.php\/responsabilidad-social\/#breadcrumb"},"inLanguage":"es-CO","potentialAction":[{"@type":"ReadAction","target":["https:\/\/azulcima.com\/index.php\/responsabilidad-social\/"]}]},{"@type":"BreadcrumbList","@id":"https:\/\/azulcima.com\/index.php\/responsabilidad-social\/#breadcrumb","itemListElement":[{"@type":"ListItem","position":1,"name":"Home","item":"https:\/\/azulcima.com\/"},{"@type":"ListItem","position":2,"name":"Responsabilidad social"}]},{"@type":"WebSite","@id":"https:\/\/azulcima.com\/#website","url":"https:\/\/azulcima.com\/","name":"M\u00e1s que una cl\u00ednica, una experiencia en salud | Azul Cima","description":"M\u00e1s que una cl\u00ednica, una experiencia en salud |  Somos Azul Cima una de las m\u00e1s innovadoras de Colombia, pensada para brindarte una experiencia en Salud, con servicios de alta complejidad.","publisher":{"@id":"https:\/\/azulcima.com\/#organization"},"potentialAction":[{"@type":"SearchAction","target":{"@type":"EntryPoint","urlTemplate":"https:\/\/azulcima.com\/?s={search_term_string}"},"query-input":{"@type":"PropertyValueSpecification","valueRequired":true,"valueName":"search_term_string"}}],"inLanguage":"es-CO"},{"@type":"Organization","@id":"https:\/\/azulcima.com\/#organization","name":"Clinica Azul - Una Experiencia en Salud","url":"https:\/\/azulcima.com\/","logo":{"@type":"ImageObject","inLanguage":"es-CO","@id":"https:\/\/azulcima.com\/#\/schema\/logo\/image\/","url":"http:\/\/azulcima.com\/wp-content\/uploads\/2020\/05\/logo_clinicaAzul_color2X.png","contentUrl":"http:\/\/azulcima.com\/wp-content\/uploads\/2020\/05\/logo_clinicaAzul_color2X.png","width":664,"height":132,"caption":"Clinica Azul - Una Experiencia en Salud"},"image":{"@id":"https:\/\/azulcima.com\/#\/schema\/logo\/image\/"}}]}},"_links":{"self":[{"href":"https:\/\/azulcima.com\/index.php\/wp-json\/wp\/v2\/pages\/9103"}],"collection":[{"href":"https:\/\/azulcima.com\/index.php\/wp-json\/wp\/v2\/pages"}],"about":[{"href":"https:\/\/azulcima.com\/index.php\/wp-json\/wp\/v2\/types\/page"}],"author":[{"embeddable":true,"href":"https:\/\/azulcima.com\/index.php\/wp-json\/wp\/v2\/users\/3"}],"replies":[{"embeddable":true,"href":"https:\/\/azulcima.com\/index.php\/wp-json\/wp\/v2\/comments?post=9103"}],"version-history":[{"count":21,"href":"https:\/\/azulcima.com\/index.php\/wp-json\/wp\/v2\/pages\/9103\/revisions"}],"predecessor-version":[{"id":11381,"href":"https:\/\/azulcima.com\/index.php\/wp-json\/wp\/v2\/pages\/9103\/revisions\/11381"}],"wp:attachment":[{"href":"https:\/\/azulcima.com\/index.php\/wp-json\/wp\/v2\/media?parent=9103"}],"curies":[{"name":"wp","href":"https:\/\/api.w.org\/{rel}","templated":true}]}}