{"id":9077,"date":"2020-07-21T18:07:05","date_gmt":"2020-07-21T23:07:05","guid":{"rendered":"http:\/\/www.clinicaazul.co\/?page_id=9077"},"modified":"2025-08-13T16:54:18","modified_gmt":"2025-08-13T21:54:18","slug":"clinica-del-dolor","status":"publish","type":"page","link":"https:\/\/azulcima.com\/index.php\/clinica-del-dolor\/","title":{"rendered":"Cl\u00ednica del dolor"},"content":{"rendered":"<div class=\"wpb-content-wrapper\"><p>[vc_row full_width=&#8221;stretch_row&#8221; tlg_large_container=&#8221;extra-container&#8221; tlg_padding=&#8221;pt180 pb180 pt-xs-80 pb-xs-80&#8243; css=&#8221;.vc_custom_1598104090659{background: #ffffff url(http:\/\/azulcima.com\/wp-content\/uploads\/2020\/07\/banner_dolor.jpg?id=9258) !important;}&#8221;][vc_column]<div class=\"tlg-spacer  \" data-height=\"80\" data-height-tablet=\"60\" data-height-mobile=\"50\" style=\"clear:both;display:block;height:80px;\"><\/div>[\/vc_column][\/vc_row][vc_row css_animation=&#8221;slideInUp&#8221; tlg_padding=&#8221;pb0&#8243; css=&#8221;.vc_custom_1590698168137{background-color: #ffffff !important;}&#8221;][vc_column]<div class=\"headings-title \"><div class=\"mb0 mb-xs-40 text-left\"><h1 style=\"color:#00498b!important;font-size:52px;line-height:62px;letter-spacing:1px!important;text-transform: none!important;\" class=\"widgettitle mb0\">Cl\u00ednica del dolor<\/h1><\/div><\/div>[\/vc_column][\/vc_row][vc_row][vc_column]<section class=\"box-content image-standard  \">\n\t\t\t\t\t\t    <div class=\"container p0-sm-min\">\n\t\t\t\t\t\t        <div class=\"row vertical-flex\">\n\t\t\t\t\t\t            <div class=\"col-md-4 col-sm-5 mb-xs-24 p0-sm-min\"><div class=\"primary-line\"><\/div><div class=\"intro-content-content\"><p>Ciencia m\u00e9dica orientada al tratamiento integral de los pacientes con dolor, que requieren de un cuidado especializado por su refractariedad y cronicidad. Los pacientes son valorados desde sus dimensiones f\u00edsicas y psicol\u00f3gicas, apoyados en la educaci\u00f3n al paciente y familia.<\/p>\n<p>Contamos con las ayudas diagn\u00f3sticas y terap\u00e9uticas que son coadyuvantes al tratamiento integral del paciente con dolor para generar un estudio causal que permita un manejo m\u00e1s efectivo que mejore su calidad de vida.<\/p>\n<p>Las diferentes alternativas de manejo son:<\/p>\n<ul>\n<li>Farmacoterapia<\/li>\n<li>Rehabilitaci\u00f3n algesiol\u00f3gica integral<\/li>\n<li>Readaptaci\u00f3n algesiol\u00f3gica integral<\/li>\n<li>Procedimientos invasivos<\/li>\n<\/ul>\n<p>\n<\/div><\/div>\n\t\t\t\t\t\t            <div class=\"col-md-7 col-md-offset-1 col-sm-6 col-sm-offset-1 text-center p0-sm-min border-radius-m shadow-img\">\n\t\t\t\t\t\t            \t<div class=\"intro-image\"><img loading=\"lazy\" decoding=\"async\" width=\"960\" height=\"640\" src=\"https:\/\/azulcima.com\/wp-content\/uploads\/2020\/07\/Clinica-del-dolor.jpg\" class=\"attachment-full size-full\" alt=\"desarrollo-de-medicamentos\" srcset=\"https:\/\/azulcima.com\/wp-content\/uploads\/2020\/07\/Clinica-del-dolor.jpg 960w, https:\/\/azulcima.com\/wp-content\/uploads\/2020\/07\/Clinica-del-dolor-300x200.jpg 300w, https:\/\/azulcima.com\/wp-content\/uploads\/2020\/07\/Clinica-del-dolor-768x512.jpg 768w\" sizes=\"(max-width: 960px) 100vw, 960px\" \/><\/div>\n\t\t\t\t\t\t            <\/div>\n\t\t\t\t\t\t        <\/div>\n\t\t\t\t\t\t    <\/div>\n\t\t\t\t\t\t<\/section>[\/vc_column][\/vc_row]<\/p>\n<\/div>","protected":false},"excerpt":{"rendered":"<p>[vc_row full_width=&#8221;stretch_row&#8221; tlg_large_container=&#8221;extra-container&#8221; tlg_padding=&#8221;pt180 pb180 pt-xs-80 pb-xs-80&#8243; css=&#8221;.vc_custom_1598104090659{background: #ffffff url(http:\/\/azulcima.com\/wp-content\/uploads\/2020\/07\/banner_dolor.jpg?id=9258) !important;}&#8221;][vc_column][\/vc_column][\/vc_row][vc_row css_animation=&#8221;slideInUp&#8221; tlg_padding=&#8221;pb0&#8243; css=&#8221;.vc_custom_1590698168137{background-color: #ffffff !important;}&#8221;][vc_column][\/vc_column][\/vc_row][vc_row][vc_column][\/vc_column][\/vc_row]<\/p>\n","protected":false},"author":3,"featured_media":0,"parent":0,"menu_order":0,"comment_status":"closed","ping_status":"closed","template":"","meta":{"footnotes":""},"class_list":["post-9077","page","type-page","status-publish","hentry"],"yoast_head":"<!-- This site is optimized with the Yoast SEO plugin v23.5 - https:\/\/yoast.com\/wordpress\/plugins\/seo\/ -->\n<title>Cl\u00ednica del dolor | M\u00e1s que una cl\u00ednica, una experiencia en salud | Azul Cima<\/title>\n<meta name=\"robots\" content=\"index, follow, max-snippet:-1, max-image-preview:large, max-video-preview:-1\" \/>\n<link rel=\"canonical\" href=\"https:\/\/azulcima.com\/index.php\/clinica-del-dolor\/\" \/>\n<meta property=\"og:locale\" content=\"es_ES\" \/>\n<meta property=\"og:type\" content=\"article\" \/>\n<meta property=\"og:title\" content=\"Cl\u00ednica del dolor | M\u00e1s que una cl\u00ednica, una experiencia en salud | Azul Cima\" \/>\n<meta property=\"og:description\" content=\"[vc_row full_width=&#8221;stretch_row&#8221; tlg_large_container=&#8221;extra-container&#8221; tlg_padding=&#8221;pt180 pb180 pt-xs-80 pb-xs-80&#8243; css=&#8221;.vc_custom_1598104090659{background: #ffffff url(http:\/\/azulcima.com\/wp-content\/uploads\/2020\/07\/banner_dolor.jpg?id=9258) !important;}&#8221;][vc_column][\/vc_column][\/vc_row][vc_row css_animation=&#8221;slideInUp&#8221; tlg_padding=&#8221;pb0&#8243; css=&#8221;.vc_custom_1590698168137{background-color: #ffffff !important;}&#8221;][vc_column][\/vc_column][\/vc_row][vc_row][vc_column][\/vc_column][\/vc_row]\" \/>\n<meta property=\"og:url\" content=\"https:\/\/azulcima.com\/index.php\/clinica-del-dolor\/\" \/>\n<meta property=\"og:site_name\" content=\"M\u00e1s que una cl\u00ednica, una experiencia en salud | Azul Cima\" \/>\n<meta property=\"article:modified_time\" content=\"2025-08-13T21:54:18+00:00\" \/>\n<meta name=\"twitter:card\" content=\"summary_large_image\" \/>\n<meta name=\"twitter:label1\" content=\"Tiempo de lectura\" \/>\n\t<meta name=\"twitter:data1\" content=\"1 minuto\" \/>\n<script type=\"application\/ld+json\" class=\"yoast-schema-graph\">{\"@context\":\"https:\/\/schema.org\",\"@graph\":[{\"@type\":\"WebPage\",\"@id\":\"https:\/\/azulcima.com\/index.php\/clinica-del-dolor\/\",\"url\":\"https:\/\/azulcima.com\/index.php\/clinica-del-dolor\/\",\"name\":\"Cl\u00ednica del dolor | M\u00e1s que una cl\u00ednica, una experiencia en salud | Azul Cima\",\"isPartOf\":{\"@id\":\"https:\/\/azulcima.com\/#website\"},\"datePublished\":\"2020-07-21T23:07:05+00:00\",\"dateModified\":\"2025-08-13T21:54:18+00:00\",\"breadcrumb\":{\"@id\":\"https:\/\/azulcima.com\/index.php\/clinica-del-dolor\/#breadcrumb\"},\"inLanguage\":\"es-CO\",\"potentialAction\":[{\"@type\":\"ReadAction\",\"target\":[\"https:\/\/azulcima.com\/index.php\/clinica-del-dolor\/\"]}]},{\"@type\":\"BreadcrumbList\",\"@id\":\"https:\/\/azulcima.com\/index.php\/clinica-del-dolor\/#breadcrumb\",\"itemListElement\":[{\"@type\":\"ListItem\",\"position\":1,\"name\":\"Home\",\"item\":\"https:\/\/azulcima.com\/\"},{\"@type\":\"ListItem\",\"position\":2,\"name\":\"Cl\u00ednica del dolor\"}]},{\"@type\":\"WebSite\",\"@id\":\"https:\/\/azulcima.com\/#website\",\"url\":\"https:\/\/azulcima.com\/\",\"name\":\"M\u00e1s que una cl\u00ednica, una experiencia en salud | Azul Cima\",\"description\":\"M\u00e1s que una cl\u00ednica, una experiencia en salud |  Somos Azul Cima una de las m\u00e1s innovadoras de Colombia, pensada para brindarte una experiencia en Salud, con servicios de alta complejidad.\",\"publisher\":{\"@id\":\"https:\/\/azulcima.com\/#organization\"},\"potentialAction\":[{\"@type\":\"SearchAction\",\"target\":{\"@type\":\"EntryPoint\",\"urlTemplate\":\"https:\/\/azulcima.com\/?s={search_term_string}\"},\"query-input\":{\"@type\":\"PropertyValueSpecification\",\"valueRequired\":true,\"valueName\":\"search_term_string\"}}],\"inLanguage\":\"es-CO\"},{\"@type\":\"Organization\",\"@id\":\"https:\/\/azulcima.com\/#organization\",\"name\":\"Clinica Azul - Una Experiencia en Salud\",\"url\":\"https:\/\/azulcima.com\/\",\"logo\":{\"@type\":\"ImageObject\",\"inLanguage\":\"es-CO\",\"@id\":\"https:\/\/azulcima.com\/#\/schema\/logo\/image\/\",\"url\":\"http:\/\/azulcima.com\/wp-content\/uploads\/2020\/05\/logo_clinicaAzul_color2X.png\",\"contentUrl\":\"http:\/\/azulcima.com\/wp-content\/uploads\/2020\/05\/logo_clinicaAzul_color2X.png\",\"width\":664,\"height\":132,\"caption\":\"Clinica Azul - Una Experiencia en Salud\"},\"image\":{\"@id\":\"https:\/\/azulcima.com\/#\/schema\/logo\/image\/\"}}]}<\/script>\n<!-- \/ Yoast SEO plugin. -->","yoast_head_json":{"title":"Cl\u00ednica del dolor | M\u00e1s que una cl\u00ednica, una experiencia en salud | Azul Cima","robots":{"index":"index","follow":"follow","max-snippet":"max-snippet:-1","max-image-preview":"max-image-preview:large","max-video-preview":"max-video-preview:-1"},"canonical":"https:\/\/azulcima.com\/index.php\/clinica-del-dolor\/","og_locale":"es_ES","og_type":"article","og_title":"Cl\u00ednica del dolor | M\u00e1s que una cl\u00ednica, una experiencia en salud | Azul Cima","og_description":"[vc_row full_width=&#8221;stretch_row&#8221; tlg_large_container=&#8221;extra-container&#8221; tlg_padding=&#8221;pt180 pb180 pt-xs-80 pb-xs-80&#8243; css=&#8221;.vc_custom_1598104090659{background: #ffffff url(http:\/\/azulcima.com\/wp-content\/uploads\/2020\/07\/banner_dolor.jpg?id=9258) !important;}&#8221;][vc_column][\/vc_column][\/vc_row][vc_row css_animation=&#8221;slideInUp&#8221; tlg_padding=&#8221;pb0&#8243; css=&#8221;.vc_custom_1590698168137{background-color: #ffffff !important;}&#8221;][vc_column][\/vc_column][\/vc_row][vc_row][vc_column][\/vc_column][\/vc_row]","og_url":"https:\/\/azulcima.com\/index.php\/clinica-del-dolor\/","og_site_name":"M\u00e1s que una cl\u00ednica, una experiencia en salud | Azul Cima","article_modified_time":"2025-08-13T21:54:18+00:00","twitter_card":"summary_large_image","twitter_misc":{"Tiempo de lectura":"1 minuto"},"schema":{"@context":"https:\/\/schema.org","@graph":[{"@type":"WebPage","@id":"https:\/\/azulcima.com\/index.php\/clinica-del-dolor\/","url":"https:\/\/azulcima.com\/index.php\/clinica-del-dolor\/","name":"Cl\u00ednica del dolor | M\u00e1s que una cl\u00ednica, una experiencia en salud | Azul Cima","isPartOf":{"@id":"https:\/\/azulcima.com\/#website"},"datePublished":"2020-07-21T23:07:05+00:00","dateModified":"2025-08-13T21:54:18+00:00","breadcrumb":{"@id":"https:\/\/azulcima.com\/index.php\/clinica-del-dolor\/#breadcrumb"},"inLanguage":"es-CO","potentialAction":[{"@type":"ReadAction","target":["https:\/\/azulcima.com\/index.php\/clinica-del-dolor\/"]}]},{"@type":"BreadcrumbList","@id":"https:\/\/azulcima.com\/index.php\/clinica-del-dolor\/#breadcrumb","itemListElement":[{"@type":"ListItem","position":1,"name":"Home","item":"https:\/\/azulcima.com\/"},{"@type":"ListItem","position":2,"name":"Cl\u00ednica del dolor"}]},{"@type":"WebSite","@id":"https:\/\/azulcima.com\/#website","url":"https:\/\/azulcima.com\/","name":"M\u00e1s que una cl\u00ednica, una experiencia en salud | Azul Cima","description":"M\u00e1s que una cl\u00ednica, una experiencia en salud |  Somos Azul Cima una de las m\u00e1s innovadoras de Colombia, pensada para brindarte una experiencia en Salud, con servicios de alta complejidad.","publisher":{"@id":"https:\/\/azulcima.com\/#organization"},"potentialAction":[{"@type":"SearchAction","target":{"@type":"EntryPoint","urlTemplate":"https:\/\/azulcima.com\/?s={search_term_string}"},"query-input":{"@type":"PropertyValueSpecification","valueRequired":true,"valueName":"search_term_string"}}],"inLanguage":"es-CO"},{"@type":"Organization","@id":"https:\/\/azulcima.com\/#organization","name":"Clinica Azul - Una Experiencia en Salud","url":"https:\/\/azulcima.com\/","logo":{"@type":"ImageObject","inLanguage":"es-CO","@id":"https:\/\/azulcima.com\/#\/schema\/logo\/image\/","url":"http:\/\/azulcima.com\/wp-content\/uploads\/2020\/05\/logo_clinicaAzul_color2X.png","contentUrl":"http:\/\/azulcima.com\/wp-content\/uploads\/2020\/05\/logo_clinicaAzul_color2X.png","width":664,"height":132,"caption":"Clinica Azul - Una Experiencia en Salud"},"image":{"@id":"https:\/\/azulcima.com\/#\/schema\/logo\/image\/"}}]}},"_links":{"self":[{"href":"https:\/\/azulcima.com\/index.php\/wp-json\/wp\/v2\/pages\/9077"}],"collection":[{"href":"https:\/\/azulcima.com\/index.php\/wp-json\/wp\/v2\/pages"}],"about":[{"href":"https:\/\/azulcima.com\/index.php\/wp-json\/wp\/v2\/types\/page"}],"author":[{"embeddable":true,"href":"https:\/\/azulcima.com\/index.php\/wp-json\/wp\/v2\/users\/3"}],"replies":[{"embeddable":true,"href":"https:\/\/azulcima.com\/index.php\/wp-json\/wp\/v2\/comments?post=9077"}],"version-history":[{"count":9,"href":"https:\/\/azulcima.com\/index.php\/wp-json\/wp\/v2\/pages\/9077\/revisions"}],"predecessor-version":[{"id":9944,"href":"https:\/\/azulcima.com\/index.php\/wp-json\/wp\/v2\/pages\/9077\/revisions\/9944"}],"wp:attachment":[{"href":"https:\/\/azulcima.com\/index.php\/wp-json\/wp\/v2\/media?parent=9077"}],"curies":[{"name":"wp","href":"https:\/\/api.w.org\/{rel}","templated":true}]}}