{"id":9043,"date":"2020-07-21T23:42:41","date_gmt":"2020-07-22T04:42:41","guid":{"rendered":"http:\/\/www.clinicaazul.co\/?page_id=9043"},"modified":"2025-08-21T22:57:32","modified_gmt":"2025-08-22T03:57:32","slug":"infraestructura-y-alta-tecnologia","status":"publish","type":"page","link":"https:\/\/azulcima.com\/index.php\/infraestructura-y-alta-tecnologia\/","title":{"rendered":"Infraestructura"},"content":{"rendered":"<div class=\"wpb-content-wrapper\"><p>[vc_row full_width=&#8221;stretch_row&#8221; tlg_large_container=&#8221;extra-container&#8221; tlg_padding=&#8221;pt180 pb180 pt-xs-80 pb-xs-80&#8243; css=&#8221;.vc_custom_1598104450564{background: #ffffff url(http:\/\/azulcima.com\/wp-content\/uploads\/2020\/07\/banner_infraestructura.jpg?id=9261) !important;}&#8221;][vc_column]<div class=\"tlg-spacer  \" data-height=\"80\" data-height-tablet=\"60\" data-height-mobile=\"50\" style=\"clear:both;display:block;height:80px;\"><\/div>[\/vc_column][\/vc_row][vc_row css_animation=&#8221;slideInUp&#8221; tlg_padding=&#8221;pb0&#8243; css=&#8221;.vc_custom_1590698168137{background-color: #ffffff !important;}&#8221;][vc_column]<div class=\"headings-title \"><div class=\"mb0 mb-xs-40 text-left\"><h1 style=\"color:#00498b!important;font-size:52px;line-height:62px;letter-spacing:1px!important;text-transform: none!important;\" class=\"widgettitle mb0\">Infraestructura<\/h1><\/div><\/div>[\/vc_column][\/vc_row][vc_row full_width=&#8221;stretch_row_content_no_spaces&#8221; tlg_padding=&#8221;pb0&#8243; css=&#8221;.vc_custom_1595699848938{background-color: #ffffff !important;}&#8221;][vc_column parallax=&#8221;content-moving-fade&#8221; parallax_image=&#8221;9047&#8243;]\n\t\t\t<!-- START Slider Infraestructura REVOLUTION SLIDER 6.7.15 --><p class=\"rs-p-wp-fix\"><\/p>\n\t\t\t<rs-module-wrap id=\"rev_slider_6_1_wrapper\" data-source=\"gallery\" style=\"visibility:hidden;background:linear-gradient(rgba(0,73,139,1) 0%, rgba(215,215,215,1) 100%);padding:0;margin:0px auto;margin-top:0;margin-bottom:0;\">\n\t\t\t\t<rs-module id=\"rev_slider_6_1\" style=\"\" data-version=\"6.7.15\">\n\t\t\t\t\t<rs-slides style=\"overflow: hidden; position: absolute;\">\n\t\t\t\t\t\t<rs-slide style=\"position: absolute;\" data-key=\"rs-26\" data-title=\"nivel\" data-thumb=\"\/\/azulcima.com\/wp-content\/uploads\/2020\/08\/Infraestructura_01-100x50.jpg\" data-in=\"o:1;x:(100%);\" data-out=\"x:(-60%);\">\n\t\t\t\t\t\t\t<img decoding=\"async\" src=\"\/\/azulcima.com\/wp-content\/plugins\/revslider\/sr6\/assets\/assets\/dummy.png\" alt=\"venta-de-medicamentos\" title=\"Infraestructura_01\" width=\"960\" height=\"640\" class=\"rev-slidebg tp-rs-img rs-lazyload\" data-lazyload=\"\/\/azulcima.com\/wp-content\/uploads\/2020\/08\/Infraestructura_01.jpg\" data-bg=\"f:contain;\" data-parallax=\"off\" data-no-retina>\n<!---->\t\t\t\t\t<\/rs-slide>\n\t\t\t\t\t\t<rs-slide style=\"position: absolute;\" data-key=\"rs-27\" data-title=\"habitacionSuit\" data-thumb=\"\/\/azulcima.com\/wp-content\/uploads\/2020\/08\/Infraestructura_02-100x50.jpg\" data-in=\"o:1;x:(100%);\" data-out=\"x:(-60%);\">\n\t\t\t\t\t\t\t<img decoding=\"async\" src=\"\/\/azulcima.com\/wp-content\/plugins\/revslider\/sr6\/assets\/assets\/dummy.png\" alt=\"venta-de-medicamentos\" title=\"Infraestructura_02\" width=\"960\" height=\"640\" class=\"rev-slidebg tp-rs-img rs-lazyload\" data-lazyload=\"\/\/azulcima.com\/wp-content\/uploads\/2020\/08\/Infraestructura_02.jpg\" data-bg=\"f:contain;\" data-parallax=\"off\" data-no-retina>\n<!---->\t\t\t\t\t<\/rs-slide>\n\t\t\t\t\t\t<rs-slide style=\"position: absolute;\" data-key=\"rs-28\" data-title=\"habitacion2\" data-thumb=\"\/\/azulcima.com\/wp-content\/uploads\/2020\/08\/Infraestructura_03-100x50.jpg\" data-in=\"o:1;x:(100%);\" data-out=\"x:(-60%);\">\n\t\t\t\t\t\t\t<img decoding=\"async\" src=\"\/\/azulcima.com\/wp-content\/plugins\/revslider\/sr6\/assets\/assets\/dummy.png\" alt=\"venta-de-medicamentos\" title=\"Infraestructura_03\" width=\"960\" height=\"640\" class=\"rev-slidebg tp-rs-img rs-lazyload\" data-lazyload=\"\/\/azulcima.com\/wp-content\/uploads\/2020\/08\/Infraestructura_03.jpg\" data-bg=\"f:contain;\" data-parallax=\"off\" data-no-retina>\n<!---->\t\t\t\t\t<\/rs-slide>\n\t\t\t\t\t\t<rs-slide style=\"position: absolute;\" data-key=\"rs-19\" data-title=\"panel2\" data-thumb=\"\/\/azulcima.com\/wp-content\/uploads\/2020\/08\/Infraestructura_04-100x50.jpg\" data-in=\"o:1;x:(100%);\" data-out=\"x:(-60%);\">\n\t\t\t\t\t\t\t<img decoding=\"async\" src=\"\/\/azulcima.com\/wp-content\/plugins\/revslider\/sr6\/assets\/assets\/dummy.png\" alt=\"venta-de-medicamentos\" title=\"Infraestructura_04\" width=\"960\" height=\"640\" class=\"rev-slidebg tp-rs-img rs-lazyload\" data-lazyload=\"\/\/azulcima.com\/wp-content\/uploads\/2020\/08\/Infraestructura_04.jpg\" data-bg=\"f:contain;\" data-parallax=\"off\" data-no-retina>\n<!---->\t\t\t\t\t<\/rs-slide>\n\t\t\t\t\t\t<rs-slide style=\"position: absolute;\" data-key=\"rs-29\" data-title=\"pasillo\" data-thumb=\"\/\/azulcima.com\/wp-content\/uploads\/2020\/08\/Infraestructura_05-100x50.jpg\" data-in=\"o:1;x:(100%);\" data-out=\"x:(-60%);\">\n\t\t\t\t\t\t\t<img decoding=\"async\" src=\"\/\/azulcima.com\/wp-content\/plugins\/revslider\/sr6\/assets\/assets\/dummy.png\" alt=\"venta-de-medicamentos\" title=\"Infraestructura_05\" width=\"960\" height=\"640\" class=\"rev-slidebg tp-rs-img rs-lazyload\" data-lazyload=\"\/\/azulcima.com\/wp-content\/uploads\/2020\/08\/Infraestructura_05.jpg\" data-bg=\"f:contain;\" data-parallax=\"off\" data-no-retina>\n<!---->\t\t\t\t\t<\/rs-slide>\n\t\t\t\t\t<\/rs-slides>\n\t\t\t\t<\/rs-module>\n\t\t\t\t<script>\n\t\t\t\t\tsetREVStartSize({c: 'rev_slider_6_1',rl:[1240,1024,778,480],el:[640,768,960,720],gw:[960,960,578,330],gh:[640,640,540,340],type:'standard',justify:'',layout:'fullwidth',mh:\"0\"});if (window.RS_MODULES!==undefined && window.RS_MODULES.modules!==undefined && window.RS_MODULES.modules[\"revslider61\"]!==undefined) {window.RS_MODULES.modules[\"revslider61\"].once = false;window.revapi6 = undefined;if (window.RS_MODULES.checkMinimal!==undefined) window.RS_MODULES.checkMinimal()}\n\t\t\t\t<\/script>\n\t\t\t<\/rs-module-wrap>\n\t\t\t<!-- END REVOLUTION SLIDER -->\n[\/vc_column][\/vc_row][vc_row tlg_padding=&#8221;pb0&#8243; tlg_text_align=&#8221;text-left&#8221;][vc_column][vc_column_text css=&#8221;&#8221;]AZUL, ha sido concebida como mucho m\u00e1s que un centro m\u00e9dico: es un espacio dise\u00f1ado para transformar la experiencia en salud. Su arquitectura de vanguardia incorpora elementos que inspiran tranquilidad, bienestar<br \/>\ny confianza desde el primer momento.<\/p>\n<p>El uso protag\u00f3nico del vidrio en fachadas e interiores permite el ingreso de luz natural, crea una atm\u00f3sfera c\u00e1lida y genera una conexi\u00f3n visual con el entorno. Este lenguaje arquitect\u00f3nico, lejos de remitir al concepto tradicional de una cl\u00ednica, propone formas alegres y espacios generosos que inciden positivamente en el estado<br \/>\nemocional de los pacientes y sus acompa\u00f1antes.<\/p>\n<p>Cada rinc\u00f3n ha sido pensado para ofrecer confort y funcionalidad. Contamos con \u00e1reas asistenciales amplias, dotadas con tecnolog\u00eda de \u00faltima generaci\u00f3n, salas h\u00edbridas de alta complejidad, y zonas exclusivas que hacen de cada visita una experiencia digna y humana.<\/p>\n<p>La infraestructura tambi\u00e9n incluye espacios diferenciadores como zonas de coworking en salas de espera, ideales para quienes no quieren desconectarse del todo mientras cuidan su salud; una hoteler\u00eda VIP que eleva el est\u00e1ndar de hospitalizaci\u00f3n; un oratorio para la reflexi\u00f3n personal y espiritual; y ambientes tem\u00e1ticos como la Sala Cohete, dise\u00f1ada especialmente para que los m\u00e1s peque\u00f1os vivan la atenci\u00f3n pedi\u00e1trica en un entorno l\u00fadico y seguro.<\/p>\n<p>En AZUL, creemos que la arquitectura tambi\u00e9n cuida. Por eso, cada detalle \u2014desde la distribuci\u00f3n de los espacios hasta los materiales elegidos\u2014 responde a un principio fundamental: que nuestros usuarios se sientan atendidos, acompa\u00f1ados y en paz.[\/vc_column_text]<div class=\"tlg-spacer  \" data-height=\"80\" data-height-tablet=\"60\" data-height-mobile=\"50\" style=\"clear:both;display:block;height:80px;\"><\/div>[\/vc_column][\/vc_row]<\/p>\n<\/div>","protected":false},"excerpt":{"rendered":"<p>[vc_row full_width=&#8221;stretch_row&#8221; tlg_large_container=&#8221;extra-container&#8221; tlg_padding=&#8221;pt180 pb180 pt-xs-80 pb-xs-80&#8243; css=&#8221;.vc_custom_1598104450564{background: #ffffff url(http:\/\/azulcima.com\/wp-content\/uploads\/2020\/07\/banner_infraestructura.jpg?id=9261) !important;}&#8221;][vc_column][\/vc_column][\/vc_row][vc_row css_animation=&#8221;slideInUp&#8221; tlg_padding=&#8221;pb0&#8243; css=&#8221;.vc_custom_1590698168137{background-color: #ffffff !important;}&#8221;][vc_column][\/vc_column][\/vc_row][vc_row full_width=&#8221;stretch_row_content_no_spaces&#8221; tlg_padding=&#8221;pb0&#8243; css=&#8221;.vc_custom_1595699848938{background-color: #ffffff !important;}&#8221;][vc_column parallax=&#8221;content-moving-fade&#8221; parallax_image=&#8221;9047&#8243;][\/vc_column][\/vc_row][vc_row tlg_padding=&#8221;pb0&#8243; tlg_text_align=&#8221;text-left&#8221;][vc_column][vc_column_text css=&#8221;&#8221;]AZUL, ha sido concebida como mucho m\u00e1s que un centro m\u00e9dico: es un espacio dise\u00f1ado para transformar la experiencia en salud. Su arquitectura de vanguardia incorpora elementos que inspiran tranquilidad,&#8230;<\/p>\n","protected":false},"author":3,"featured_media":0,"parent":0,"menu_order":0,"comment_status":"closed","ping_status":"closed","template":"","meta":{"footnotes":""},"class_list":["post-9043","page","type-page","status-publish","hentry"],"yoast_head":"<!-- This site is optimized with the Yoast SEO plugin v23.5 - https:\/\/yoast.com\/wordpress\/plugins\/seo\/ -->\n<title>Infraestructura | Azul Cima | Cl\u00ednica de especialistas<\/title>\n<meta name=\"description\" content=\"En la Azul Cima contamos con desarrollo m\u00e9dico y de infraestructura de \u00faltima generaci\u00f3n y de alta tecnolog\u00eda en salud.\" \/>\n<meta name=\"robots\" content=\"index, follow, max-snippet:-1, max-image-preview:large, max-video-preview:-1\" \/>\n<link rel=\"canonical\" href=\"https:\/\/azulcima.com\/index.php\/infraestructura-y-alta-tecnologia\/\" \/>\n<meta property=\"og:locale\" content=\"es_ES\" \/>\n<meta property=\"og:type\" content=\"article\" \/>\n<meta property=\"og:title\" content=\"Infraestructura | Azul Cima | Cl\u00ednica de especialistas\" \/>\n<meta property=\"og:description\" content=\"En la Azul Cima contamos con desarrollo m\u00e9dico y de infraestructura de \u00faltima generaci\u00f3n y de alta tecnolog\u00eda en salud.\" \/>\n<meta property=\"og:url\" content=\"https:\/\/azulcima.com\/index.php\/infraestructura-y-alta-tecnologia\/\" \/>\n<meta property=\"og:site_name\" content=\"M\u00e1s que una cl\u00ednica, una experiencia en salud | Azul Cima\" \/>\n<meta property=\"article:modified_time\" content=\"2025-08-22T03:57:32+00:00\" \/>\n<meta name=\"twitter:card\" content=\"summary_large_image\" \/>\n<meta name=\"twitter:label1\" content=\"Tiempo de lectura\" \/>\n\t<meta name=\"twitter:data1\" content=\"2 minutos\" \/>\n<script type=\"application\/ld+json\" class=\"yoast-schema-graph\">{\"@context\":\"https:\/\/schema.org\",\"@graph\":[{\"@type\":\"WebPage\",\"@id\":\"https:\/\/azulcima.com\/index.php\/infraestructura-y-alta-tecnologia\/\",\"url\":\"https:\/\/azulcima.com\/index.php\/infraestructura-y-alta-tecnologia\/\",\"name\":\"Infraestructura | Azul Cima | Cl\u00ednica de especialistas\",\"isPartOf\":{\"@id\":\"https:\/\/azulcima.com\/#website\"},\"datePublished\":\"2020-07-22T04:42:41+00:00\",\"dateModified\":\"2025-08-22T03:57:32+00:00\",\"description\":\"En la Azul Cima contamos con desarrollo m\u00e9dico y de infraestructura de \u00faltima generaci\u00f3n y de alta tecnolog\u00eda en salud.\",\"breadcrumb\":{\"@id\":\"https:\/\/azulcima.com\/index.php\/infraestructura-y-alta-tecnologia\/#breadcrumb\"},\"inLanguage\":\"es-CO\",\"potentialAction\":[{\"@type\":\"ReadAction\",\"target\":[\"https:\/\/azulcima.com\/index.php\/infraestructura-y-alta-tecnologia\/\"]}]},{\"@type\":\"BreadcrumbList\",\"@id\":\"https:\/\/azulcima.com\/index.php\/infraestructura-y-alta-tecnologia\/#breadcrumb\",\"itemListElement\":[{\"@type\":\"ListItem\",\"position\":1,\"name\":\"Home\",\"item\":\"https:\/\/azulcima.com\/\"},{\"@type\":\"ListItem\",\"position\":2,\"name\":\"Infraestructura\"}]},{\"@type\":\"WebSite\",\"@id\":\"https:\/\/azulcima.com\/#website\",\"url\":\"https:\/\/azulcima.com\/\",\"name\":\"M\u00e1s que una cl\u00ednica, una experiencia en salud | Azul Cima\",\"description\":\"M\u00e1s que una cl\u00ednica, una experiencia en salud |  Somos Azul Cima una de las m\u00e1s innovadoras de Colombia, pensada para brindarte una experiencia en Salud, con servicios de alta complejidad.\",\"publisher\":{\"@id\":\"https:\/\/azulcima.com\/#organization\"},\"potentialAction\":[{\"@type\":\"SearchAction\",\"target\":{\"@type\":\"EntryPoint\",\"urlTemplate\":\"https:\/\/azulcima.com\/?s={search_term_string}\"},\"query-input\":{\"@type\":\"PropertyValueSpecification\",\"valueRequired\":true,\"valueName\":\"search_term_string\"}}],\"inLanguage\":\"es-CO\"},{\"@type\":\"Organization\",\"@id\":\"https:\/\/azulcima.com\/#organization\",\"name\":\"Clinica Azul - Una Experiencia en Salud\",\"url\":\"https:\/\/azulcima.com\/\",\"logo\":{\"@type\":\"ImageObject\",\"inLanguage\":\"es-CO\",\"@id\":\"https:\/\/azulcima.com\/#\/schema\/logo\/image\/\",\"url\":\"http:\/\/azulcima.com\/wp-content\/uploads\/2020\/05\/logo_clinicaAzul_color2X.png\",\"contentUrl\":\"http:\/\/azulcima.com\/wp-content\/uploads\/2020\/05\/logo_clinicaAzul_color2X.png\",\"width\":664,\"height\":132,\"caption\":\"Clinica Azul - Una Experiencia en Salud\"},\"image\":{\"@id\":\"https:\/\/azulcima.com\/#\/schema\/logo\/image\/\"}}]}<\/script>\n<!-- \/ Yoast SEO plugin. -->","yoast_head_json":{"title":"Infraestructura | Azul Cima | Cl\u00ednica de especialistas","description":"En la Azul Cima contamos con desarrollo m\u00e9dico y de infraestructura de \u00faltima generaci\u00f3n y de alta tecnolog\u00eda en salud.","robots":{"index":"index","follow":"follow","max-snippet":"max-snippet:-1","max-image-preview":"max-image-preview:large","max-video-preview":"max-video-preview:-1"},"canonical":"https:\/\/azulcima.com\/index.php\/infraestructura-y-alta-tecnologia\/","og_locale":"es_ES","og_type":"article","og_title":"Infraestructura | Azul Cima | Cl\u00ednica de especialistas","og_description":"En la Azul Cima contamos con desarrollo m\u00e9dico y de infraestructura de \u00faltima generaci\u00f3n y de alta tecnolog\u00eda en salud.","og_url":"https:\/\/azulcima.com\/index.php\/infraestructura-y-alta-tecnologia\/","og_site_name":"M\u00e1s que una cl\u00ednica, una experiencia en salud | Azul Cima","article_modified_time":"2025-08-22T03:57:32+00:00","twitter_card":"summary_large_image","twitter_misc":{"Tiempo de lectura":"2 minutos"},"schema":{"@context":"https:\/\/schema.org","@graph":[{"@type":"WebPage","@id":"https:\/\/azulcima.com\/index.php\/infraestructura-y-alta-tecnologia\/","url":"https:\/\/azulcima.com\/index.php\/infraestructura-y-alta-tecnologia\/","name":"Infraestructura | Azul Cima | Cl\u00ednica de especialistas","isPartOf":{"@id":"https:\/\/azulcima.com\/#website"},"datePublished":"2020-07-22T04:42:41+00:00","dateModified":"2025-08-22T03:57:32+00:00","description":"En la Azul Cima contamos con desarrollo m\u00e9dico y de infraestructura de \u00faltima generaci\u00f3n y de alta tecnolog\u00eda en salud.","breadcrumb":{"@id":"https:\/\/azulcima.com\/index.php\/infraestructura-y-alta-tecnologia\/#breadcrumb"},"inLanguage":"es-CO","potentialAction":[{"@type":"ReadAction","target":["https:\/\/azulcima.com\/index.php\/infraestructura-y-alta-tecnologia\/"]}]},{"@type":"BreadcrumbList","@id":"https:\/\/azulcima.com\/index.php\/infraestructura-y-alta-tecnologia\/#breadcrumb","itemListElement":[{"@type":"ListItem","position":1,"name":"Home","item":"https:\/\/azulcima.com\/"},{"@type":"ListItem","position":2,"name":"Infraestructura"}]},{"@type":"WebSite","@id":"https:\/\/azulcima.com\/#website","url":"https:\/\/azulcima.com\/","name":"M\u00e1s que una cl\u00ednica, una experiencia en salud | Azul Cima","description":"M\u00e1s que una cl\u00ednica, una experiencia en salud |  Somos Azul Cima una de las m\u00e1s innovadoras de Colombia, pensada para brindarte una experiencia en Salud, con servicios de alta complejidad.","publisher":{"@id":"https:\/\/azulcima.com\/#organization"},"potentialAction":[{"@type":"SearchAction","target":{"@type":"EntryPoint","urlTemplate":"https:\/\/azulcima.com\/?s={search_term_string}"},"query-input":{"@type":"PropertyValueSpecification","valueRequired":true,"valueName":"search_term_string"}}],"inLanguage":"es-CO"},{"@type":"Organization","@id":"https:\/\/azulcima.com\/#organization","name":"Clinica Azul - Una Experiencia en Salud","url":"https:\/\/azulcima.com\/","logo":{"@type":"ImageObject","inLanguage":"es-CO","@id":"https:\/\/azulcima.com\/#\/schema\/logo\/image\/","url":"http:\/\/azulcima.com\/wp-content\/uploads\/2020\/05\/logo_clinicaAzul_color2X.png","contentUrl":"http:\/\/azulcima.com\/wp-content\/uploads\/2020\/05\/logo_clinicaAzul_color2X.png","width":664,"height":132,"caption":"Clinica Azul - Una Experiencia en Salud"},"image":{"@id":"https:\/\/azulcima.com\/#\/schema\/logo\/image\/"}}]}},"_links":{"self":[{"href":"https:\/\/azulcima.com\/index.php\/wp-json\/wp\/v2\/pages\/9043"}],"collection":[{"href":"https:\/\/azulcima.com\/index.php\/wp-json\/wp\/v2\/pages"}],"about":[{"href":"https:\/\/azulcima.com\/index.php\/wp-json\/wp\/v2\/types\/page"}],"author":[{"embeddable":true,"href":"https:\/\/azulcima.com\/index.php\/wp-json\/wp\/v2\/users\/3"}],"replies":[{"embeddable":true,"href":"https:\/\/azulcima.com\/index.php\/wp-json\/wp\/v2\/comments?post=9043"}],"version-history":[{"count":24,"href":"https:\/\/azulcima.com\/index.php\/wp-json\/wp\/v2\/pages\/9043\/revisions"}],"predecessor-version":[{"id":11379,"href":"https:\/\/azulcima.com\/index.php\/wp-json\/wp\/v2\/pages\/9043\/revisions\/11379"}],"wp:attachment":[{"href":"https:\/\/azulcima.com\/index.php\/wp-json\/wp\/v2\/media?parent=9043"}],"curies":[{"name":"wp","href":"https:\/\/api.w.org\/{rel}","templated":true}]}}