{"id":9029,"date":"2020-07-17T19:25:03","date_gmt":"2020-07-18T00:25:03","guid":{"rendered":"http:\/\/www.clinicaazul.co\/?page_id=9029"},"modified":"2025-08-21T22:52:56","modified_gmt":"2025-08-22T03:52:56","slug":"modelo-de-atencion","status":"publish","type":"page","link":"https:\/\/azulcima.com\/index.php\/modelo-de-atencion\/","title":{"rendered":"Modelo de Atenci\u00f3n"},"content":{"rendered":"<div class=\"wpb-content-wrapper\"><p>[vc_row full_width=&#8221;stretch_row&#8221; tlg_large_container=&#8221;extra-container&#8221; tlg_padding=&#8221;pt180 pb180 pt-xs-80 pb-xs-80&#8243; css=&#8221;.vc_custom_1598104536458{background: #ffffff url(http:\/\/azulcima.com\/wp-content\/uploads\/2020\/08\/Banner_atencion.jpg?id=9823) !important;}&#8221;][vc_column]<div class=\"tlg-spacer  \" data-height=\"80\" data-height-tablet=\"60\" data-height-mobile=\"50\" style=\"clear:both;display:block;height:80px;\"><\/div>[\/vc_column][\/vc_row][vc_row css_animation=&#8221;slideInUp&#8221; tlg_padding=&#8221;pb0&#8243; css=&#8221;.vc_custom_1590698168137{background-color: #ffffff !important;}&#8221;][vc_column]<div class=\"headings-title \"><div class=\"mb0 mb-xs-40 text-left\"><h1 style=\"color:#00498b!important;font-size:52px;line-height:62px;letter-spacing:1px!important;text-transform: none!important;\" class=\"widgettitle mb0\">Modelo de Atenci\u00f3n<\/h1><\/div><\/div>[\/vc_column][\/vc_row][vc_row css=&#8221;.vc_custom_1595042690587{padding-bottom: 5px !important;}&#8221;][vc_column width=&#8221;1\/2&#8243;][vc_single_image image=&#8221;9276&#8243; img_size=&#8221;full&#8221; alignment=&#8221;center&#8221; style=&#8221;vc_box_shadow_3d&#8221;][vc_column_text css=&#8221;&#8221;]Ubicar al paciente en el centro de la atenci\u00f3n, garantizando una experiencia segura, humana y personalizada en cada punto de contacto.[\/vc_column_text][\/vc_column][vc_column width=&#8221;1\/2&#8243;][vc_single_image image=&#8221;9275&#8243; img_size=&#8221;full&#8221; alignment=&#8221;center&#8221; style=&#8221;vc_box_shadow_3d&#8221;][vc_column_text css=&#8221;&#8221;]Coordinar equipos interdisciplinarios, para abordar integralmente condiciones complejas con conocimiento, agilidad y empat\u00eda.[\/vc_column_text][\/vc_column][\/vc_row][vc_row][vc_column width=&#8221;1\/2&#8243;][vc_single_image image=&#8221;9274&#8243; img_size=&#8221;full&#8221; alignment=&#8221;center&#8221; style=&#8221;vc_box_shadow_3d&#8221;][vc_column_text css=&#8221;&#8221;]Integrar tecnolog\u00eda de vanguardia, que permita optimizar procesos cl\u00ednicos y administrativos, asegurando eficiencia y trazabilidad.[\/vc_column_text]<div class=\"tlg-spacer  \" data-height=\"40\" data-height-tablet=\"30\" data-height-mobile=\"25\" style=\"clear:both;display:block;height:40px;\"><\/div>[\/vc_column][vc_column width=&#8221;1\/2&#8243;][vc_single_image image=&#8221;9277&#8243; img_size=&#8221;full&#8221; alignment=&#8221;center&#8221; style=&#8221;vc_box_shadow_3d&#8221;][vc_column_text css=&#8221;&#8221;]Impulsar la excelencia m\u00e9dica con sentido humano, combinando altos est\u00e1ndares cient\u00edficos con cercan\u00eda, respeto y compromiso[\/vc_column_text]<div class=\"tlg-spacer  \" data-height=\"40\" data-height-tablet=\"30\" data-height-mobile=\"25\" style=\"clear:both;display:block;height:40px;\"><\/div>[\/vc_column][\/vc_row][vc_row css=&#8221;.vc_custom_1595042495381{padding-bottom: 20px !important;}&#8221;][vc_column width=&#8221;1\/2&#8243;][vc_single_image image=&#8221;9272&#8243; img_size=&#8221;full&#8221; alignment=&#8221;center&#8221; style=&#8221;vc_box_shadow_3d&#8221; css=&#8221;&#8221;][vc_column_text css=&#8221;&#8221;]Nuestro modelo de atenci\u00f3n est\u00e1 dise\u00f1ado para poner al paciente en el centro de cada proceso, combinando ciencia, tecnolog\u00eda y humanidad. Integra la atenci\u00f3n m\u00e9dica especializada con un acompa\u00f1amiento cercano, emp\u00e1tico y continuo, desde la prevenci\u00f3n hasta la recuperaci\u00f3n.[\/vc_column_text]<div class=\"tlg-spacer  \" data-height=\"40\" data-height-tablet=\"30\" data-height-mobile=\"25\" style=\"clear:both;display:block;height:40px;\"><\/div>[\/vc_column][vc_column width=&#8221;1\/2&#8243;][vc_single_image image=&#8221;11377&#8243; img_size=&#8221;full&#8221; alignment=&#8221;center&#8221; style=&#8221;vc_box_shadow_3d&#8221; css=&#8221;&#8221;][vc_column_text css=&#8221;&#8221;]Operamos bajo est\u00e1ndares de alta complejidad, lo que nos permite ofrecer diagn\u00f3sticos precisos, tratamientos oportunos y soluciones integrales para condiciones de salud complejas. Utilizamos herramientas digitales y sistemas inteligentes para garantizar eficiencia, seguridad y trazabilidad en cada etapa del cuidado.[\/vc_column_text][\/vc_column][\/vc_row]<\/p>\n<\/div>","protected":false},"excerpt":{"rendered":"<p>[vc_row full_width=&#8221;stretch_row&#8221; tlg_large_container=&#8221;extra-container&#8221; tlg_padding=&#8221;pt180 pb180 pt-xs-80 pb-xs-80&#8243; css=&#8221;.vc_custom_1598104536458{background: #ffffff url(http:\/\/azulcima.com\/wp-content\/uploads\/2020\/08\/Banner_atencion.jpg?id=9823) !important;}&#8221;][vc_column][\/vc_column][\/vc_row][vc_row css_animation=&#8221;slideInUp&#8221; tlg_padding=&#8221;pb0&#8243; css=&#8221;.vc_custom_1590698168137{background-color: #ffffff !important;}&#8221;][vc_column][\/vc_column][\/vc_row][vc_row css=&#8221;.vc_custom_1595042690587{padding-bottom: 5px !important;}&#8221;][vc_column width=&#8221;1\/2&#8243;][vc_single_image image=&#8221;9276&#8243; img_size=&#8221;full&#8221; alignment=&#8221;center&#8221; style=&#8221;vc_box_shadow_3d&#8221;][vc_column_text css=&#8221;&#8221;]Ubicar al paciente en el centro de la atenci\u00f3n, garantizando una experiencia segura, humana y personalizada en cada punto de contacto.[\/vc_column_text][\/vc_column][vc_column width=&#8221;1\/2&#8243;][vc_single_image image=&#8221;9275&#8243; img_size=&#8221;full&#8221; alignment=&#8221;center&#8221; style=&#8221;vc_box_shadow_3d&#8221;][vc_column_text css=&#8221;&#8221;]Coordinar equipos interdisciplinarios, para abordar&#8230;<\/p>\n","protected":false},"author":3,"featured_media":0,"parent":0,"menu_order":0,"comment_status":"closed","ping_status":"closed","template":"","meta":{"footnotes":""},"class_list":["post-9029","page","type-page","status-publish","hentry"],"yoast_head":"<!-- This site is optimized with the Yoast SEO plugin v23.5 - https:\/\/yoast.com\/wordpress\/plugins\/seo\/ -->\n<title>Modelo de Atenci\u00f3n | Azul Cima | Cl\u00ednica de especialistas<\/title>\n<meta name=\"description\" content=\"Modelo Atenci\u00f3n y Gesti\u00f3n en Salud, Centrado en el paciente, mejorando su calidad de vida y la de sus familias.\" \/>\n<meta name=\"robots\" content=\"index, follow, max-snippet:-1, max-image-preview:large, max-video-preview:-1\" \/>\n<link rel=\"canonical\" href=\"https:\/\/azulcima.com\/index.php\/modelo-de-atencion\/\" \/>\n<meta property=\"og:locale\" content=\"es_ES\" \/>\n<meta property=\"og:type\" content=\"article\" \/>\n<meta property=\"og:title\" content=\"Modelo de Atenci\u00f3n | Azul Cima | Cl\u00ednica de especialistas\" \/>\n<meta property=\"og:description\" content=\"Modelo Atenci\u00f3n y Gesti\u00f3n en Salud, Centrado en el paciente, mejorando su calidad de vida y la de sus familias.\" \/>\n<meta property=\"og:url\" content=\"https:\/\/azulcima.com\/index.php\/modelo-de-atencion\/\" \/>\n<meta property=\"og:site_name\" content=\"M\u00e1s que una cl\u00ednica, una experiencia en salud | Azul Cima\" \/>\n<meta property=\"article:modified_time\" content=\"2025-08-22T03:52:56+00:00\" \/>\n<meta name=\"twitter:card\" content=\"summary_large_image\" \/>\n<meta name=\"twitter:label1\" content=\"Tiempo de lectura\" \/>\n\t<meta name=\"twitter:data1\" content=\"3 minutos\" \/>\n<script type=\"application\/ld+json\" class=\"yoast-schema-graph\">{\"@context\":\"https:\/\/schema.org\",\"@graph\":[{\"@type\":\"WebPage\",\"@id\":\"https:\/\/azulcima.com\/index.php\/modelo-de-atencion\/\",\"url\":\"https:\/\/azulcima.com\/index.php\/modelo-de-atencion\/\",\"name\":\"Modelo de Atenci\u00f3n | Azul Cima | Cl\u00ednica de especialistas\",\"isPartOf\":{\"@id\":\"https:\/\/azulcima.com\/#website\"},\"datePublished\":\"2020-07-18T00:25:03+00:00\",\"dateModified\":\"2025-08-22T03:52:56+00:00\",\"description\":\"Modelo Atenci\u00f3n y Gesti\u00f3n en Salud, Centrado en el paciente, mejorando su calidad de vida y la de sus familias.\",\"breadcrumb\":{\"@id\":\"https:\/\/azulcima.com\/index.php\/modelo-de-atencion\/#breadcrumb\"},\"inLanguage\":\"es-CO\",\"potentialAction\":[{\"@type\":\"ReadAction\",\"target\":[\"https:\/\/azulcima.com\/index.php\/modelo-de-atencion\/\"]}]},{\"@type\":\"BreadcrumbList\",\"@id\":\"https:\/\/azulcima.com\/index.php\/modelo-de-atencion\/#breadcrumb\",\"itemListElement\":[{\"@type\":\"ListItem\",\"position\":1,\"name\":\"Home\",\"item\":\"https:\/\/azulcima.com\/\"},{\"@type\":\"ListItem\",\"position\":2,\"name\":\"Modelo de Atenci\u00f3n\"}]},{\"@type\":\"WebSite\",\"@id\":\"https:\/\/azulcima.com\/#website\",\"url\":\"https:\/\/azulcima.com\/\",\"name\":\"M\u00e1s que una cl\u00ednica, una experiencia en salud | Azul Cima\",\"description\":\"M\u00e1s que una cl\u00ednica, una experiencia en salud |  Somos Azul Cima una de las m\u00e1s innovadoras de Colombia, pensada para brindarte una experiencia en Salud, con servicios de alta complejidad.\",\"publisher\":{\"@id\":\"https:\/\/azulcima.com\/#organization\"},\"potentialAction\":[{\"@type\":\"SearchAction\",\"target\":{\"@type\":\"EntryPoint\",\"urlTemplate\":\"https:\/\/azulcima.com\/?s={search_term_string}\"},\"query-input\":{\"@type\":\"PropertyValueSpecification\",\"valueRequired\":true,\"valueName\":\"search_term_string\"}}],\"inLanguage\":\"es-CO\"},{\"@type\":\"Organization\",\"@id\":\"https:\/\/azulcima.com\/#organization\",\"name\":\"Clinica Azul - Una Experiencia en Salud\",\"url\":\"https:\/\/azulcima.com\/\",\"logo\":{\"@type\":\"ImageObject\",\"inLanguage\":\"es-CO\",\"@id\":\"https:\/\/azulcima.com\/#\/schema\/logo\/image\/\",\"url\":\"http:\/\/azulcima.com\/wp-content\/uploads\/2020\/05\/logo_clinicaAzul_color2X.png\",\"contentUrl\":\"http:\/\/azulcima.com\/wp-content\/uploads\/2020\/05\/logo_clinicaAzul_color2X.png\",\"width\":664,\"height\":132,\"caption\":\"Clinica Azul - Una Experiencia en Salud\"},\"image\":{\"@id\":\"https:\/\/azulcima.com\/#\/schema\/logo\/image\/\"}}]}<\/script>\n<!-- \/ Yoast SEO plugin. -->","yoast_head_json":{"title":"Modelo de Atenci\u00f3n | Azul Cima | Cl\u00ednica de especialistas","description":"Modelo Atenci\u00f3n y Gesti\u00f3n en Salud, Centrado en el paciente, mejorando su calidad de vida y la de sus familias.","robots":{"index":"index","follow":"follow","max-snippet":"max-snippet:-1","max-image-preview":"max-image-preview:large","max-video-preview":"max-video-preview:-1"},"canonical":"https:\/\/azulcima.com\/index.php\/modelo-de-atencion\/","og_locale":"es_ES","og_type":"article","og_title":"Modelo de Atenci\u00f3n | Azul Cima | Cl\u00ednica de especialistas","og_description":"Modelo Atenci\u00f3n y Gesti\u00f3n en Salud, Centrado en el paciente, mejorando su calidad de vida y la de sus familias.","og_url":"https:\/\/azulcima.com\/index.php\/modelo-de-atencion\/","og_site_name":"M\u00e1s que una cl\u00ednica, una experiencia en salud | Azul Cima","article_modified_time":"2025-08-22T03:52:56+00:00","twitter_card":"summary_large_image","twitter_misc":{"Tiempo de lectura":"3 minutos"},"schema":{"@context":"https:\/\/schema.org","@graph":[{"@type":"WebPage","@id":"https:\/\/azulcima.com\/index.php\/modelo-de-atencion\/","url":"https:\/\/azulcima.com\/index.php\/modelo-de-atencion\/","name":"Modelo de Atenci\u00f3n | Azul Cima | Cl\u00ednica de especialistas","isPartOf":{"@id":"https:\/\/azulcima.com\/#website"},"datePublished":"2020-07-18T00:25:03+00:00","dateModified":"2025-08-22T03:52:56+00:00","description":"Modelo Atenci\u00f3n y Gesti\u00f3n en Salud, Centrado en el paciente, mejorando su calidad de vida y la de sus familias.","breadcrumb":{"@id":"https:\/\/azulcima.com\/index.php\/modelo-de-atencion\/#breadcrumb"},"inLanguage":"es-CO","potentialAction":[{"@type":"ReadAction","target":["https:\/\/azulcima.com\/index.php\/modelo-de-atencion\/"]}]},{"@type":"BreadcrumbList","@id":"https:\/\/azulcima.com\/index.php\/modelo-de-atencion\/#breadcrumb","itemListElement":[{"@type":"ListItem","position":1,"name":"Home","item":"https:\/\/azulcima.com\/"},{"@type":"ListItem","position":2,"name":"Modelo de Atenci\u00f3n"}]},{"@type":"WebSite","@id":"https:\/\/azulcima.com\/#website","url":"https:\/\/azulcima.com\/","name":"M\u00e1s que una cl\u00ednica, una experiencia en salud | Azul Cima","description":"M\u00e1s que una cl\u00ednica, una experiencia en salud |  Somos Azul Cima una de las m\u00e1s innovadoras de Colombia, pensada para brindarte una experiencia en Salud, con servicios de alta complejidad.","publisher":{"@id":"https:\/\/azulcima.com\/#organization"},"potentialAction":[{"@type":"SearchAction","target":{"@type":"EntryPoint","urlTemplate":"https:\/\/azulcima.com\/?s={search_term_string}"},"query-input":{"@type":"PropertyValueSpecification","valueRequired":true,"valueName":"search_term_string"}}],"inLanguage":"es-CO"},{"@type":"Organization","@id":"https:\/\/azulcima.com\/#organization","name":"Clinica Azul - Una Experiencia en Salud","url":"https:\/\/azulcima.com\/","logo":{"@type":"ImageObject","inLanguage":"es-CO","@id":"https:\/\/azulcima.com\/#\/schema\/logo\/image\/","url":"http:\/\/azulcima.com\/wp-content\/uploads\/2020\/05\/logo_clinicaAzul_color2X.png","contentUrl":"http:\/\/azulcima.com\/wp-content\/uploads\/2020\/05\/logo_clinicaAzul_color2X.png","width":664,"height":132,"caption":"Clinica Azul - Una Experiencia en Salud"},"image":{"@id":"https:\/\/azulcima.com\/#\/schema\/logo\/image\/"}}]}},"_links":{"self":[{"href":"https:\/\/azulcima.com\/index.php\/wp-json\/wp\/v2\/pages\/9029"}],"collection":[{"href":"https:\/\/azulcima.com\/index.php\/wp-json\/wp\/v2\/pages"}],"about":[{"href":"https:\/\/azulcima.com\/index.php\/wp-json\/wp\/v2\/types\/page"}],"author":[{"embeddable":true,"href":"https:\/\/azulcima.com\/index.php\/wp-json\/wp\/v2\/users\/3"}],"replies":[{"embeddable":true,"href":"https:\/\/azulcima.com\/index.php\/wp-json\/wp\/v2\/comments?post=9029"}],"version-history":[{"count":18,"href":"https:\/\/azulcima.com\/index.php\/wp-json\/wp\/v2\/pages\/9029\/revisions"}],"predecessor-version":[{"id":11378,"href":"https:\/\/azulcima.com\/index.php\/wp-json\/wp\/v2\/pages\/9029\/revisions\/11378"}],"wp:attachment":[{"href":"https:\/\/azulcima.com\/index.php\/wp-json\/wp\/v2\/media?parent=9029"}],"curies":[{"name":"wp","href":"https:\/\/api.w.org\/{rel}","templated":true}]}}