{"id":9019,"date":"2020-07-17T19:05:12","date_gmt":"2020-07-18T00:05:12","guid":{"rendered":"http:\/\/www.clinicaazul.co\/?page_id=9019"},"modified":"2025-08-21T22:41:13","modified_gmt":"2025-08-22T03:41:13","slug":"que-nos-hace-diferentes","status":"publish","type":"page","link":"https:\/\/azulcima.com\/index.php\/que-nos-hace-diferentes\/","title":{"rendered":"\u00bfQu\u00e9 nos hace diferentes?"},"content":{"rendered":"<div class=\"wpb-content-wrapper\"><p>[vc_row full_width=&#8221;stretch_row&#8221; tlg_large_container=&#8221;extra-container&#8221; tlg_padding=&#8221;pt180 pb180 pt-xs-80 pb-xs-80&#8243; css=&#8221;.vc_custom_1598103909389{background: #ffffff url(http:\/\/azulcima.com\/wp-content\/uploads\/2020\/08\/Banner_diferentes.jpg?id=9827) !important;}&#8221;][vc_column]<div class=\"tlg-spacer  \" data-height=\"80\" data-height-tablet=\"60\" data-height-mobile=\"50\" style=\"clear:both;display:block;height:80px;\"><\/div>[\/vc_column][\/vc_row][vc_row css_animation=&#8221;slideInUp&#8221; css=&#8221;.vc_custom_1596573751585{background-color: #ffffff !important;}&#8221;][vc_column]<div class=\"headings-title \"><div class=\"mb0 mb-xs-40 text-left\"><h1 style=\"color:#00498b!important;font-size:52px;line-height:62px;letter-spacing:1px!important;text-transform: none!important;\" class=\"widgettitle mb0\">\u00bfQu\u00e9 nos hace diferentes?<\/h1><\/div><\/div>[\/vc_column][\/vc_row][vc_row tlg_padding=&#8221;pt0 pb0&#8243; el_class=&#8221;fila_diferentes&#8221;][vc_column width=&#8221;1\/2&#8243;]<div id=\"step-69df52e26ed18\" class=\" wpb_animate_when_almost_visible wpb_fadeInUp fadeInUp steps-content steps-style-1 \"><ol class=\"steps\"><li id=\"step-item-69df52e26ed3e\" class=\"steps-item\">\r\n\t\t\t\t\t<div class=\"steps-item-inner\" style=\"background-color:#f2f2f2;\"><div class=\"steps-icon\"><i style=\"background-color:#f2f2f2;\" class=\"ti-user inline-block\"><\/i><\/div><div class=\"steps-main\">\r\n\t\t\t\t\t\t\t<h5 class=\"step-title\" style=\"\"><span>Servicio Humanizado<\/span><\/h5>\r\n\t\t\t\t\t\t\t<div class=\"step-content\" style=\"\">El servicio es parte estrat\u00e9gica y esencial en nuestra cl\u00ednica y se sustenta en garantizar una atenci\u00f3n humanizada acompa\u00f1ada de los recursos tecnol\u00f3gicos de m\u00e1s alto nivel y de una moderna infraestructura, lo cual le permite a los pacientes y a sus familias tener una experiencia \u00fanica y adaptada a sus necesidades de salud y bienestar, siendo el paciente y su familia nuestro eje fundamental.<\/div>\r\n\t\t\t\t\t\t<\/div>\r\n\t\t\t\t\t<\/div>\r\n\t\t\t\t<\/li><\/ol><\/div>[\/vc_column][vc_column width=&#8221;1\/2&#8243;]<div id=\"step-69df52e26ed55\" class=\" wpb_animate_when_almost_visible wpb_fadeInUp fadeInUp steps-content steps-style-1 \"><ol class=\"steps\"><li id=\"step-item-69df52e26ed66\" class=\"steps-item\">\r\n\t\t\t\t\t<div class=\"steps-item-inner\" style=\"background-color:#f2f2f2;\"><div class=\"steps-icon\"><i style=\"background-color:#f2f2f2;\" class=\"ti-pulse inline-block\"><\/i><\/div><div class=\"steps-main\">\r\n\t\t\t\t\t\t\t<h5 class=\"step-title\" style=\"\"><span>Servicios M\u00e9dicos de Alta Complejidad<\/span><\/h5>\r\n\t\t\t\t\t\t\t<div class=\"step-content\" style=\"\">Operamos a trav\u00e9s de servicios m\u00e9dicos especializados de alta complejidad, basados en tecnolog\u00eda biom\u00e9dica para cubrir y superar las necesidades y expectativas de nuestros usuarios, proveedores y aliados. Nuestro amplio portafolio incluye servicios m\u00e9dicos y quir\u00fargicos disponibles para instituciones medicina prepagada, planes obligatorios de salud, complementarios, entre otros.<\/div>\r\n\t\t\t\t\t\t<\/div>\r\n\t\t\t\t\t<\/div>\r\n\t\t\t\t<\/li><\/ol><\/div>[\/vc_column][\/vc_row][vc_row tlg_padding=&#8221;pt0 pb0&#8243; el_class=&#8221;fila_diferentes&#8221;][vc_column width=&#8221;1\/2&#8243;]<div id=\"step-69df52e26ed6d\" class=\" wpb_animate_when_almost_visible wpb_fadeInUp fadeInUp steps-content steps-style-1 \"><ol class=\"steps\"><li id=\"step-item-69df52e26ed7a\" class=\"steps-item\">\r\n\t\t\t\t\t<div class=\"steps-item-inner\" style=\"background-color:#f2f2f2;\"><div class=\"steps-icon\"><i style=\"background-color:#f2f2f2;\" class=\"ti-heart inline-block\"><\/i><\/div><div class=\"steps-main\">\r\n\t\t\t\t\t\t\t<h5 class=\"step-title\" style=\"\"><span>Integrales y C\u00e1lidos<\/span><\/h5>\r\n\t\t\t\t\t\t\t<div class=\"step-content\" style=\"\">Somos sensibles a la realidad de aquellos pacientes que buscan algo m\u00e1s que un servicio m\u00e9dico. Hemos construido para ellos una infraestructura innovadora cuyo dise\u00f1o y arquitectura crean un ambiente que los har\u00e1 sentir seguros y c\u00f3modos a\u00fan en medio de situaciones de salud complejas.<\/div>\r\n\t\t\t\t\t\t<\/div>\r\n\t\t\t\t\t<\/div>\r\n\t\t\t\t<\/li><\/ol><\/div>[\/vc_column][vc_column width=&#8221;1\/2&#8243;]<div id=\"step-69df52e26ed82\" class=\" wpb_animate_when_almost_visible wpb_fadeInUp fadeInUp steps-content steps-style-1 \"><ol class=\"steps\"><li id=\"step-item-69df52e26ed8f\" class=\"steps-item\">\r\n\t\t\t\t\t<div class=\"steps-item-inner\" style=\"background-color:#f2f2f2;\"><div class=\"steps-icon\"><i style=\"background-color:#f2f2f2;\" class=\"ti-home inline-block\"><\/i><\/div><div class=\"steps-main\">\r\n\t\t\t\t\t\t\t<h5 class=\"step-title\" style=\"\"><span>Familia<\/span><\/h5>\r\n\t\t\t\t\t\t\t<div class=\"step-content\" style=\"\">Reconocemos la importancia de la familia como parte inherente del proceso de recuperaci\u00f3n de cualquier paciente, la involucramos en el enfoque de servicio que hemos adoptado y trabajamos en conjunto para brindar a los pacientes la contenci\u00f3n emocional y m\u00e9dica necesaria para su bienestar.<\/div>\r\n\t\t\t\t\t\t<\/div>\r\n\t\t\t\t\t<\/div>\r\n\t\t\t\t<\/li><\/ol><\/div>[\/vc_column][\/vc_row][vc_row tlg_padding=&#8221;pt0 pb0&#8243; tlg_equal_height=&#8221;equal-height&#8221; el_class=&#8221;fila_diferentes&#8221;][vc_column width=&#8221;1\/2&#8243;]<div id=\"step-69df52e26ed95\" class=\" wpb_animate_when_almost_visible wpb_fadeInUp fadeInUp steps-content steps-style-1 \"><ol class=\"steps\"><li id=\"step-item-69df52e26eda3\" class=\"steps-item\">\r\n\t\t\t\t\t<div class=\"steps-item-inner\" style=\"background-color:#f2f2f2;\"><div class=\"steps-icon\"><i style=\"background-color:#f2f2f2;\" class=\"ti-settings inline-block\"><\/i><\/div><div class=\"steps-main\">\r\n\t\t\t\t\t\t\t<h5 class=\"step-title\" style=\"\"><span>Innovaci\u00f3n y Tecnolog\u00eda<\/span><\/h5>\r\n\t\t\t\t\t\t\t<div class=\"step-content\" style=\"\">Contamos con tecnolog\u00eda de punta para responder a las necesidades cada vez m\u00e1s crecientes de procesos tecnol\u00f3gicos m\u00e9dicos que garanticen seguridad, eficacia y efectividad en el tratamiento m\u00e9dico de nuestros pacientes. Tendremos la capacidad de atender en la sala h\u00edbrida, la segunda en su tipo en Colombia, la cual permitir\u00e1 realizar procedimientos quir\u00fargicos complejos cardiovasculares y neurol\u00f3gicos, minimizando el riesgo y donde es posible hacer diagn\u00f3stico e intervenci\u00f3n en el mismo lugar.<\/div>\r\n\t\t\t\t\t\t<\/div>\r\n\t\t\t\t\t<\/div>\r\n\t\t\t\t<\/li><\/ol><\/div>[\/vc_column][vc_column width=&#8221;1\/2&#8243;]<div id=\"step-69df52e26eda9\" class=\" wpb_animate_when_almost_visible wpb_fadeInUp fadeInUp steps-content steps-style-1 \"><ol class=\"steps\"><li id=\"step-item-69df52e26edb5\" class=\"steps-item\">\r\n\t\t\t\t\t<div class=\"steps-item-inner\" style=\"background-color:#f2f2f2;\"><div class=\"steps-icon\"><i style=\"background-color:#f2f2f2;\" class=\"ti-location-pin inline-block\"><\/i><\/div><div class=\"steps-main\">\r\n\t\t\t\t\t\t\t<h5 class=\"step-title\" style=\"\"><span>Ubicaci\u00f3n Estrat\u00e9gica<\/span><\/h5>\r\n\t\t\t\t\t\t\t<div class=\"step-content\" style=\"\">Queremos estar cerca de nuestros pacientes y por eso somos accesibles, estamos ubicados en una zona estrat\u00e9gica de la ciudad donde confluyen distintas v\u00edas fundamentales y redes de transporte p\u00fablico.<\/div>\r\n\t\t\t\t\t\t<\/div>\r\n\t\t\t\t\t<\/div>\r\n\t\t\t\t<\/li><\/ol><\/div>[\/vc_column][\/vc_row][vc_row tlg_padding=&#8221;pt0&#8243; el_class=&#8221;fila_diferentes&#8221;][vc_column width=&#8221;1\/2&#8243;]<div id=\"step-69df52e26edbb\" class=\" wpb_animate_when_almost_visible wpb_fadeInUp fadeInUp steps-content steps-style-1 \"><ol class=\"steps\"><li id=\"step-item-69df52e26edc8\" class=\"steps-item\">\r\n\t\t\t\t\t<div class=\"steps-item-inner\" style=\"background-color:#f2f2f2;\"><div class=\"steps-icon\"><i style=\"background-color:#f2f2f2;\" class=\"ti-direction-alt inline-block\"><\/i><\/div><div class=\"steps-main\">\r\n\t\t\t\t\t\t\t<h5 class=\"step-title\" style=\"\"><span>Infraestructura Moderna e Inteligente<\/span><\/h5>\r\n\t\t\t\t\t\t\t<div class=\"step-content\" style=\"\">Nuestro edificio inteligente rompe el concepto de atenci\u00f3n hospitalaria tradicional y proporciona una ambiente c\u00e1lido y confortable. El complejo fue construido a partir de un dise\u00f1o de vanguardia, que garantiza una atenci\u00f3n de calidad. Contamos con unidades m\u00e9dicas especializadas, en diferentes disciplinas, que prestan un servicio integral al paciente.<\/div>\r\n\t\t\t\t\t\t<\/div>\r\n\t\t\t\t\t<\/div>\r\n\t\t\t\t<\/li><\/ol><\/div>[\/vc_column][vc_column width=&#8221;1\/2&#8243;]<div id=\"step-69df52e26edce\" class=\" wpb_animate_when_almost_visible wpb_fadeInUp fadeInUp steps-content steps-style-1 \"><ol class=\"steps\"><li id=\"step-item-69df52e26eddc\" class=\"steps-item\">\r\n\t\t\t\t\t<div class=\"steps-item-inner\" style=\"background-color:#f2f2f2;\"><div class=\"steps-icon\"><i style=\"background-color:#f2f2f2;\" class=\"ti-infinite inline-block\"><\/i><\/div><div class=\"steps-main\">\r\n\t\t\t\t\t\t\t<h5 class=\"step-title\" style=\"\"><span>Sostenibilidad Ambiental<\/span><\/h5>\r\n\t\t\t\t\t\t\t<div class=\"step-content\" style=\"\">Se incorporaron criterios de sostenibilidad ambiental, previniendo, reduciendo y mitigando los impactos negativos sobre el ambiente. \u2022 Tecnolog\u00eda en equipos que ayudan a la conservaci\u00f3n y uso racional y eficiente del agua y energ\u00eda. \u2022 Planta de tratamiento de aguas residuales \u2022 Planta de tratamiento de aguas lluvias \u2022 Instalaciones hidrosanitarias ahorradoras \u2022 Reutilizaci\u00f3n de vapor (aire acondicionado) para calefacci\u00f3n de habitaciones \u2022 Amplias zonas verdes.<\/div>\r\n\t\t\t\t\t\t<\/div>\r\n\t\t\t\t\t<\/div>\r\n\t\t\t\t<\/li><\/ol><\/div>[\/vc_column][\/vc_row][vc_row tlg_padding=&#8221;pt0&#8243; el_class=&#8221;fila_diferentes&#8221;][vc_column width=&#8221;1\/2&#8243;]<div id=\"step-69df52e26ede3\" class=\" wpb_animate_when_almost_visible wpb_fadeInUp fadeInUp steps-content steps-style-1 \"><ol class=\"steps\"><li id=\"step-item-69df52e26edee\" class=\"steps-item\">\r\n\t\t\t\t\t<div class=\"steps-item-inner\" style=\"background-color:#f2f2f2;\"><div class=\"steps-icon\"><i style=\"background-color:#f2f2f2;\" class=\"ti-id-badge inline-block\"><\/i><\/div><div class=\"steps-main\">\r\n\t\t\t\t\t\t\t<h5 class=\"step-title\" style=\"\"><span>Talento especializado<\/span><\/h5>\r\n\t\t\t\t\t\t\t<div class=\"step-content\" style=\"\">Contamos con un equipo m\u00e9dico y asistencial altamente calificado, comprometido con la excelencia y la actualizaci\u00f3n continua.<\/div>\r\n\t\t\t\t\t\t<\/div>\r\n\t\t\t\t\t<\/div>\r\n\t\t\t\t<\/li><\/ol><\/div>[\/vc_column][vc_column width=&#8221;1\/2&#8243;]<div id=\"step-69df52e26edf4\" class=\" wpb_animate_when_almost_visible wpb_fadeInUp fadeInUp steps-content steps-style-1 \"><ol class=\"steps\"><\/ol><\/div>[\/vc_column][\/vc_row]<\/p>\n<\/div>","protected":false},"excerpt":{"rendered":"<p>[vc_row full_width=&#8221;stretch_row&#8221; tlg_large_container=&#8221;extra-container&#8221; tlg_padding=&#8221;pt180 pb180 pt-xs-80 pb-xs-80&#8243; css=&#8221;.vc_custom_1598103909389{background: #ffffff url(http:\/\/azulcima.com\/wp-content\/uploads\/2020\/08\/Banner_diferentes.jpg?id=9827) !important;}&#8221;][vc_column][\/vc_column][\/vc_row][vc_row css_animation=&#8221;slideInUp&#8221; css=&#8221;.vc_custom_1596573751585{background-color: #ffffff !important;}&#8221;][vc_column][\/vc_column][\/vc_row][vc_row tlg_padding=&#8221;pt0 pb0&#8243; el_class=&#8221;fila_diferentes&#8221;][vc_column width=&#8221;1\/2&#8243;][\/vc_column][vc_column width=&#8221;1\/2&#8243;][\/vc_column][\/vc_row][vc_row tlg_padding=&#8221;pt0 pb0&#8243; el_class=&#8221;fila_diferentes&#8221;][vc_column width=&#8221;1\/2&#8243;][\/vc_column][vc_column width=&#8221;1\/2&#8243;][\/vc_column][\/vc_row][vc_row tlg_padding=&#8221;pt0 pb0&#8243; tlg_equal_height=&#8221;equal-height&#8221; el_class=&#8221;fila_diferentes&#8221;][vc_column width=&#8221;1\/2&#8243;][\/vc_column][vc_column width=&#8221;1\/2&#8243;][\/vc_column][\/vc_row][vc_row tlg_padding=&#8221;pt0&#8243; el_class=&#8221;fila_diferentes&#8221;][vc_column width=&#8221;1\/2&#8243;][\/vc_column][vc_column width=&#8221;1\/2&#8243;][\/vc_column][\/vc_row][vc_row tlg_padding=&#8221;pt0&#8243; el_class=&#8221;fila_diferentes&#8221;][vc_column width=&#8221;1\/2&#8243;][\/vc_column][vc_column width=&#8221;1\/2&#8243;][\/vc_column][\/vc_row]<\/p>\n","protected":false},"author":3,"featured_media":0,"parent":0,"menu_order":0,"comment_status":"closed","ping_status":"closed","template":"","meta":{"footnotes":""},"class_list":["post-9019","page","type-page","status-publish","hentry"],"yoast_head":"<!-- This site is optimized with the Yoast SEO plugin v23.5 - https:\/\/yoast.com\/wordpress\/plugins\/seo\/ -->\n<title>\u00bfQu\u00e9 nos hace diferentes? | Azul Cima | Servisalud citas<\/title>\n<meta name=\"description\" content=\"Azul Cima se caracteriza por su atenci\u00f3n humanizada, dise\u00f1o innovador, hoteler\u00eda hospitalaria Y sostenibilidad ambiental.\" \/>\n<meta name=\"robots\" content=\"index, follow, max-snippet:-1, max-image-preview:large, max-video-preview:-1\" \/>\n<link rel=\"canonical\" href=\"https:\/\/azulcima.com\/index.php\/que-nos-hace-diferentes\/\" \/>\n<meta property=\"og:locale\" content=\"es_ES\" \/>\n<meta property=\"og:type\" content=\"article\" \/>\n<meta property=\"og:title\" content=\"\u00bfQu\u00e9 nos hace diferentes? | Azul Cima | Servisalud citas\" \/>\n<meta property=\"og:description\" content=\"Azul Cima se caracteriza por su atenci\u00f3n humanizada, dise\u00f1o innovador, hoteler\u00eda hospitalaria Y sostenibilidad ambiental.\" \/>\n<meta property=\"og:url\" content=\"https:\/\/azulcima.com\/index.php\/que-nos-hace-diferentes\/\" \/>\n<meta property=\"og:site_name\" content=\"M\u00e1s que una cl\u00ednica, una experiencia en salud | Azul Cima\" \/>\n<meta property=\"article:modified_time\" content=\"2025-08-22T03:41:13+00:00\" \/>\n<meta name=\"twitter:card\" content=\"summary_large_image\" \/>\n<meta name=\"twitter:label1\" content=\"Tiempo de lectura\" \/>\n\t<meta name=\"twitter:data1\" content=\"3 minutos\" \/>\n<script type=\"application\/ld+json\" class=\"yoast-schema-graph\">{\"@context\":\"https:\/\/schema.org\",\"@graph\":[{\"@type\":\"WebPage\",\"@id\":\"https:\/\/azulcima.com\/index.php\/que-nos-hace-diferentes\/\",\"url\":\"https:\/\/azulcima.com\/index.php\/que-nos-hace-diferentes\/\",\"name\":\"\u00bfQu\u00e9 nos hace diferentes? | Azul Cima | Servisalud citas\",\"isPartOf\":{\"@id\":\"https:\/\/azulcima.com\/#website\"},\"datePublished\":\"2020-07-18T00:05:12+00:00\",\"dateModified\":\"2025-08-22T03:41:13+00:00\",\"description\":\"Azul Cima se caracteriza por su atenci\u00f3n humanizada, dise\u00f1o innovador, hoteler\u00eda hospitalaria Y sostenibilidad ambiental.\",\"breadcrumb\":{\"@id\":\"https:\/\/azulcima.com\/index.php\/que-nos-hace-diferentes\/#breadcrumb\"},\"inLanguage\":\"es-CO\",\"potentialAction\":[{\"@type\":\"ReadAction\",\"target\":[\"https:\/\/azulcima.com\/index.php\/que-nos-hace-diferentes\/\"]}]},{\"@type\":\"BreadcrumbList\",\"@id\":\"https:\/\/azulcima.com\/index.php\/que-nos-hace-diferentes\/#breadcrumb\",\"itemListElement\":[{\"@type\":\"ListItem\",\"position\":1,\"name\":\"Home\",\"item\":\"https:\/\/azulcima.com\/\"},{\"@type\":\"ListItem\",\"position\":2,\"name\":\"\u00bfQu\u00e9 nos hace diferentes?\"}]},{\"@type\":\"WebSite\",\"@id\":\"https:\/\/azulcima.com\/#website\",\"url\":\"https:\/\/azulcima.com\/\",\"name\":\"M\u00e1s que una cl\u00ednica, una experiencia en salud | Azul Cima\",\"description\":\"M\u00e1s que una cl\u00ednica, una experiencia en salud |  Somos Azul Cima una de las m\u00e1s innovadoras de Colombia, pensada para brindarte una experiencia en Salud, con servicios de alta complejidad.\",\"publisher\":{\"@id\":\"https:\/\/azulcima.com\/#organization\"},\"potentialAction\":[{\"@type\":\"SearchAction\",\"target\":{\"@type\":\"EntryPoint\",\"urlTemplate\":\"https:\/\/azulcima.com\/?s={search_term_string}\"},\"query-input\":{\"@type\":\"PropertyValueSpecification\",\"valueRequired\":true,\"valueName\":\"search_term_string\"}}],\"inLanguage\":\"es-CO\"},{\"@type\":\"Organization\",\"@id\":\"https:\/\/azulcima.com\/#organization\",\"name\":\"Clinica Azul - Una Experiencia en Salud\",\"url\":\"https:\/\/azulcima.com\/\",\"logo\":{\"@type\":\"ImageObject\",\"inLanguage\":\"es-CO\",\"@id\":\"https:\/\/azulcima.com\/#\/schema\/logo\/image\/\",\"url\":\"http:\/\/azulcima.com\/wp-content\/uploads\/2020\/05\/logo_clinicaAzul_color2X.png\",\"contentUrl\":\"http:\/\/azulcima.com\/wp-content\/uploads\/2020\/05\/logo_clinicaAzul_color2X.png\",\"width\":664,\"height\":132,\"caption\":\"Clinica Azul - Una Experiencia en Salud\"},\"image\":{\"@id\":\"https:\/\/azulcima.com\/#\/schema\/logo\/image\/\"}}]}<\/script>\n<!-- \/ Yoast SEO plugin. -->","yoast_head_json":{"title":"\u00bfQu\u00e9 nos hace diferentes? | Azul Cima | Servisalud citas","description":"Azul Cima se caracteriza por su atenci\u00f3n humanizada, dise\u00f1o innovador, hoteler\u00eda hospitalaria Y sostenibilidad ambiental.","robots":{"index":"index","follow":"follow","max-snippet":"max-snippet:-1","max-image-preview":"max-image-preview:large","max-video-preview":"max-video-preview:-1"},"canonical":"https:\/\/azulcima.com\/index.php\/que-nos-hace-diferentes\/","og_locale":"es_ES","og_type":"article","og_title":"\u00bfQu\u00e9 nos hace diferentes? | Azul Cima | Servisalud citas","og_description":"Azul Cima se caracteriza por su atenci\u00f3n humanizada, dise\u00f1o innovador, hoteler\u00eda hospitalaria Y sostenibilidad ambiental.","og_url":"https:\/\/azulcima.com\/index.php\/que-nos-hace-diferentes\/","og_site_name":"M\u00e1s que una cl\u00ednica, una experiencia en salud | Azul Cima","article_modified_time":"2025-08-22T03:41:13+00:00","twitter_card":"summary_large_image","twitter_misc":{"Tiempo de lectura":"3 minutos"},"schema":{"@context":"https:\/\/schema.org","@graph":[{"@type":"WebPage","@id":"https:\/\/azulcima.com\/index.php\/que-nos-hace-diferentes\/","url":"https:\/\/azulcima.com\/index.php\/que-nos-hace-diferentes\/","name":"\u00bfQu\u00e9 nos hace diferentes? | Azul Cima | Servisalud citas","isPartOf":{"@id":"https:\/\/azulcima.com\/#website"},"datePublished":"2020-07-18T00:05:12+00:00","dateModified":"2025-08-22T03:41:13+00:00","description":"Azul Cima se caracteriza por su atenci\u00f3n humanizada, dise\u00f1o innovador, hoteler\u00eda hospitalaria Y sostenibilidad ambiental.","breadcrumb":{"@id":"https:\/\/azulcima.com\/index.php\/que-nos-hace-diferentes\/#breadcrumb"},"inLanguage":"es-CO","potentialAction":[{"@type":"ReadAction","target":["https:\/\/azulcima.com\/index.php\/que-nos-hace-diferentes\/"]}]},{"@type":"BreadcrumbList","@id":"https:\/\/azulcima.com\/index.php\/que-nos-hace-diferentes\/#breadcrumb","itemListElement":[{"@type":"ListItem","position":1,"name":"Home","item":"https:\/\/azulcima.com\/"},{"@type":"ListItem","position":2,"name":"\u00bfQu\u00e9 nos hace diferentes?"}]},{"@type":"WebSite","@id":"https:\/\/azulcima.com\/#website","url":"https:\/\/azulcima.com\/","name":"M\u00e1s que una cl\u00ednica, una experiencia en salud | Azul Cima","description":"M\u00e1s que una cl\u00ednica, una experiencia en salud |  Somos Azul Cima una de las m\u00e1s innovadoras de Colombia, pensada para brindarte una experiencia en Salud, con servicios de alta complejidad.","publisher":{"@id":"https:\/\/azulcima.com\/#organization"},"potentialAction":[{"@type":"SearchAction","target":{"@type":"EntryPoint","urlTemplate":"https:\/\/azulcima.com\/?s={search_term_string}"},"query-input":{"@type":"PropertyValueSpecification","valueRequired":true,"valueName":"search_term_string"}}],"inLanguage":"es-CO"},{"@type":"Organization","@id":"https:\/\/azulcima.com\/#organization","name":"Clinica Azul - Una Experiencia en Salud","url":"https:\/\/azulcima.com\/","logo":{"@type":"ImageObject","inLanguage":"es-CO","@id":"https:\/\/azulcima.com\/#\/schema\/logo\/image\/","url":"http:\/\/azulcima.com\/wp-content\/uploads\/2020\/05\/logo_clinicaAzul_color2X.png","contentUrl":"http:\/\/azulcima.com\/wp-content\/uploads\/2020\/05\/logo_clinicaAzul_color2X.png","width":664,"height":132,"caption":"Clinica Azul - Una Experiencia en Salud"},"image":{"@id":"https:\/\/azulcima.com\/#\/schema\/logo\/image\/"}}]}},"_links":{"self":[{"href":"https:\/\/azulcima.com\/index.php\/wp-json\/wp\/v2\/pages\/9019"}],"collection":[{"href":"https:\/\/azulcima.com\/index.php\/wp-json\/wp\/v2\/pages"}],"about":[{"href":"https:\/\/azulcima.com\/index.php\/wp-json\/wp\/v2\/types\/page"}],"author":[{"embeddable":true,"href":"https:\/\/azulcima.com\/index.php\/wp-json\/wp\/v2\/users\/3"}],"replies":[{"embeddable":true,"href":"https:\/\/azulcima.com\/index.php\/wp-json\/wp\/v2\/comments?post=9019"}],"version-history":[{"count":24,"href":"https:\/\/azulcima.com\/index.php\/wp-json\/wp\/v2\/pages\/9019\/revisions"}],"predecessor-version":[{"id":11376,"href":"https:\/\/azulcima.com\/index.php\/wp-json\/wp\/v2\/pages\/9019\/revisions\/11376"}],"wp:attachment":[{"href":"https:\/\/azulcima.com\/index.php\/wp-json\/wp\/v2\/media?parent=9019"}],"curies":[{"name":"wp","href":"https:\/\/api.w.org\/{rel}","templated":true}]}}