{"id":8853,"date":"2020-05-28T15:55:33","date_gmt":"2020-05-28T20:55:33","guid":{"rendered":"http:\/\/www.clinicaazul.co\/?page_id=8853"},"modified":"2025-08-21T22:32:55","modified_gmt":"2025-08-22T03:32:55","slug":"datos-principales","status":"publish","type":"page","link":"https:\/\/azulcima.com\/index.php\/datos-principales\/","title":{"rendered":"Datos principales"},"content":{"rendered":"<div class=\"wpb-content-wrapper\"><p>[vc_row full_width=&#8221;stretch_row&#8221; tlg_large_container=&#8221;extra-container&#8221; tlg_padding=&#8221;pt180 pb180 pt-xs-80 pb-xs-80&#8243; css=&#8221;.vc_custom_1598104183253{background: #ffffff url(http:\/\/azulcima.com\/wp-content\/uploads\/2020\/05\/imagen_cifras.jpg?id=8879) !important;}&#8221;][vc_column]<div class=\"tlg-spacer  \" data-height=\"80\" data-height-tablet=\"60\" data-height-mobile=\"50\" style=\"clear:both;display:block;height:80px;\"><\/div>[\/vc_column][\/vc_row][vc_row css_animation=&#8221;slideInUp&#8221; tlg_padding=&#8221;pb0&#8243; css=&#8221;.vc_custom_1744053351356{background-color: #ffffff !important;}&#8221;][vc_column width=&#8221;1\/3&#8243;]<div class=\"headings-title \"><div class=\"mb0 mb-xs-40 text-left\"><h1 style=\"color:#00498b!important;font-size:52px;line-height:62px;letter-spacing:1px!important;text-transform: none!important;\" class=\"widgettitle mb0\">Datos Principales<\/h1><\/div><\/div>[\/vc_column][vc_column width=&#8221;1\/3&#8243; el_id=&#8221;estados_financieros_izquierda&#8221;]<div class=\" text-left\"><a  id=\"btn-69df4e4e488c4\" class=\"btn btn-filled    btn-sm-sm\" href= \"http:\/\/azulcima.com\/wp-content\/uploads\/2021\/04\/EEFF-CLINICA-SANTA-MONICA-DICIEMBRE-2020.pdf\" target='_blank' >Estados financieros 2020<\/a><\/div><div class=\" text-left\"><a  id=\"btn-69df4e4e488ec\" class=\"btn btn-filled    btn-sm-sm\" href= \"http:\/\/azulcima.com\/wp-content\/uploads\/2022\/04\/EEFF-Dic-2021-Cl\u00a1nica-SM-.pdf\" target='_blank' >Estados financieros 2021<\/a><\/div><div class=\" text-left\"><a  id=\"btn-69df4e4e488ff\" class=\"btn btn-filled    btn-sm-sm\" href= \"http:\/\/azulcima.com\/wp-content\/uploads\/2023\/03\/EEFF-Clinica-Santa-Monica-Dic-2022.pdf\" target='_blank' >Estados financieros 2022<\/a><\/div><div class=\" text-left\"><a  id=\"btn-69df4e4e48911\" class=\"btn btn-filled    btn-sm-sm\" href= \"http:\/\/azulcima.com\/wp-content\/uploads\/2023\/07\/EEFF-Operadora-Dic-2022.pdf\" target='_blank' >Estados financieros operadora Cl\u00ednica Azul 2022<\/a><\/div>[\/vc_column][vc_column width=&#8221;1\/3&#8243; el_id=&#8221;estados_financieros_derecha&#8221;]<div class=\" text-left\"><a  id=\"btn-69df4e4e48921\" class=\"btn btn-filled    btn-sm-sm\" href= \"http:\/\/azulcima.com\/wp-content\/uploads\/2024\/04\/EEFF-Operadora-Clinica-Azul-SAS-Dic-2023.pdf\" target='_blank' >Estados financieros operadora Cl\u00ednica Azul 2023<\/a><\/div><div class=\" text-left\"><a  id=\"btn-69df4e4e48939\" class=\"btn btn-filled    btn-sm-sm\" href= \"http:\/\/azulcima.com\/wp-content\/uploads\/2024\/04\/EEFF-Clinica-Santa-Monica-de-Bogota-SAS-Dic-2023.pdf\" target='_blank' >Estados financieros 2023<\/a><\/div><div class=\" text-left\"><a  id=\"btn-69df4e4e48947\" class=\"btn btn-filled    btn-sm-sm\" href= \"http:\/\/azulcima.com\/wp-content\/uploads\/2025\/03\/EEFF-Clinica-Santa-Monica-dic-2024.pdf\" target='_blank' >Estados financieros 2024<\/a><\/div><div class=\" text-left\"><a  id=\"btn-69df4e4e4895d\" class=\"btn btn-filled    btn-sm-sm\" href= \"http:\/\/azulcima.com\/wp-content\/uploads\/2025\/03\/EEFF-Operadora-dic-2024.pdf\" target='_blank' >Estados financieros operadora Cl\u00ednica Azul 2024<\/a><\/div>[\/vc_column][\/vc_row][vc_row tlg_padding=&#8221;pt0&#8243; tlg_text_align=&#8221;text-left&#8221; tlg_vertical_align=&#8221;yes&#8221; tlg_equal_height=&#8221;equal-height&#8221; el_class=&#8221;fila_cifras&#8221;][vc_column width=&#8221;1\/5&#8243;]<div id=\"iconbox-69df4e4e4897b\" class=\"   \"><div class=\"icon-link\"><div  class=\"boxed-icon boxed boxed-intro relative mb0 text-center radius-large\">\n\t\t\t\t\t\t\t\t<i  class=\"  inline-block mb30 icon-text icon-lg\"><\/i><h5 style=\"color:#8ab420!important;font-size:48px!important;line-height:58px;text-transform: uppercase!important;\" class=\"widgettitle\">15.208<\/h5><div style=\"color:#004988!important;font-size:22px!important;line-height:27px;text-transform: none!important;\" class=\"widgetsubtitle\">metros cuadrados<\/div><\/div><\/div><\/div>[\/vc_column][vc_column width=&#8221;1\/5&#8243;]<div id=\"iconbox-69df4e4e48997\" class=\"   \"><div class=\"icon-link\"><div  class=\"boxed-icon boxed boxed-intro relative mb0 text-center radius-large\">\n\t\t\t\t\t\t\t\t<i  class=\"  inline-block mb30 icon-text icon-lg\"><\/i><h5 style=\"color:#8ab420!important;font-size:48px!important;line-height:58px;text-transform: uppercase!important;\" class=\"widgettitle\">122<\/h5><div style=\"color:#004988!important;font-size:22px!important;line-height:27px;text-transform: none!important;\" class=\"widgetsubtitle\">camas de hospitalizaci\u00f3n<\/div><\/div><\/div><\/div>[\/vc_column][vc_column width=&#8221;1\/5&#8243;]<div id=\"iconbox-69df4e4e489a6\" class=\"   \"><div class=\"icon-link\"><div  class=\"boxed-icon boxed boxed-intro relative mb0 text-center radius-large\">\n\t\t\t\t\t\t\t\t<i  class=\"  inline-block mb30 icon-text icon-lg\"><\/i><h5 style=\"color:#8ab420!important;font-size:48px!important;line-height:58px;text-transform: uppercase!important;\" class=\"widgettitle\">33<\/h5><div style=\"color:#004988!important;font-size:22px!important;line-height:27px;text-transform: none!important;\" class=\"widgetsubtitle\">camas de cuidado intensivo<\/div><\/div><\/div><\/div>[\/vc_column][vc_column width=&#8221;1\/5&#8243;]<div id=\"iconbox-69df4e4e489b2\" class=\"   \"><div class=\"icon-link\"><div  class=\"boxed-icon boxed boxed-intro relative mb0 text-center radius-large\">\n\t\t\t\t\t\t\t\t<i  class=\"  inline-block mb30 icon-text icon-lg\"><\/i><h5 style=\"color:#8ab420!important;font-size:48px!important;line-height:58px;text-transform: uppercase!important;\" class=\"widgettitle\">10<\/h5><div style=\"color:#004988!important;font-size:22px!important;line-height:27px;text-transform: none!important;\" class=\"widgetsubtitle\">consultorios de urgencias<\/div><\/div><\/div><\/div>[\/vc_column][vc_column width=&#8221;1\/5&#8243;]<div id=\"iconbox-69df4e4e489be\" class=\"   \"><div class=\"icon-link\"><div  class=\"boxed-icon boxed boxed-intro relative mb0 text-center radius-large\">\n\t\t\t\t\t\t\t\t<i  class=\"  inline-block mb30 icon-text icon-lg\"><\/i><h5 style=\"color:#8ab420!important;font-size:48px!important;line-height:58px;text-transform: uppercase!important;\" class=\"widgettitle\">1<\/h5><div style=\"color:#004988!important;font-size:22px!important;line-height:27px;text-transform: none!important;\" class=\"widgetsubtitle\">sala de reanimaci\u00f3n<\/div><\/div><\/div><\/div>[\/vc_column][\/vc_row][vc_row tlg_padding=&#8221;pt0&#8243; tlg_text_align=&#8221;text-left&#8221; tlg_vertical_align=&#8221;yes&#8221; tlg_equal_height=&#8221;equal-height&#8221; el_class=&#8221;fila_cifras&#8221;][vc_column width=&#8221;1\/5&#8243;]<div id=\"iconbox-69df4e4e489cb\" class=\"   \"><div class=\"icon-link\"><div  class=\"boxed-icon boxed boxed-intro relative mb0 text-center radius-large\">\n\t\t\t\t\t\t\t\t<i  class=\"  inline-block mb30 icon-text icon-lg\"><\/i><h5 style=\"color:#8ab420!important;font-size:48px!important;line-height:58px;text-transform: uppercase!important;\" class=\"widgettitle\">1<\/h5><div style=\"color:#004988!important;font-size:22px!important;line-height:27px;text-transform: none!important;\" class=\"widgetsubtitle\">sala de procedimientos de urgencias<\/div><\/div><\/div><\/div>[\/vc_column][vc_column width=&#8221;1\/5&#8243;]<div id=\"iconbox-69df4e4e489d7\" class=\"   \"><div class=\"icon-link\"><div  class=\"boxed-icon boxed boxed-intro relative mb0 text-center radius-large\">\n\t\t\t\t\t\t\t\t<i  class=\"  inline-block mb30 icon-text icon-lg\"><\/i><h5 style=\"color:#8ab420!important;font-size:48px!important;line-height:58px;text-transform: uppercase!important;\" class=\"widgettitle\">20<\/h5><div style=\"color:#004988!important;font-size:22px!important;line-height:27px;text-transform: none!important;\" class=\"widgetsubtitle\">cub\u00edculos de observaci\u00f3n<\/div><\/div><\/div><\/div>[\/vc_column][vc_column width=&#8221;1\/5&#8243;]<div id=\"iconbox-69df4e4e489e3\" class=\"   \"><div class=\"icon-link\"><div  class=\"boxed-icon boxed boxed-intro relative mb0 text-center radius-large\">\n\t\t\t\t\t\t\t\t<i  class=\"  inline-block mb30 icon-text icon-lg\"><\/i><h5 style=\"color:#8ab420!important;font-size:48px!important;line-height:58px;text-transform: uppercase!important;\" class=\"widgettitle\">5<\/h5><div style=\"color:#004988!important;font-size:22px!important;line-height:27px;text-transform: none!important;\" class=\"widgetsubtitle\">salas de cirug\u00eda<\/div><\/div><\/div><\/div>[\/vc_column][vc_column width=&#8221;1\/5&#8243;]<div id=\"iconbox-69df4e4e489f0\" class=\"   \"><div class=\"icon-link\"><div  class=\"boxed-icon boxed boxed-intro relative mb0 text-center radius-large\">\n\t\t\t\t\t\t\t\t<i  class=\"  inline-block mb30 icon-text icon-lg\"><\/i><h5 style=\"color:#8ab420!important;font-size:48px!important;line-height:58px;text-transform: uppercase!important;\" class=\"widgettitle\">1<\/h5><div style=\"color:#004988!important;font-size:22px!important;line-height:27px;text-transform: none!important;\" class=\"widgetsubtitle\">sala h\u00edbrida para procedimientos de alta complejidad<\/div><\/div><\/div><\/div>[\/vc_column][vc_column width=&#8221;1\/5&#8243;]<div id=\"iconbox-69df4e4e489fc\" class=\"   \"><div class=\"icon-link\"><div  class=\"boxed-icon boxed boxed-intro relative mb0 text-center radius-large\">\n\t\t\t\t\t\t\t\t<i  class=\"  inline-block mb30 icon-text icon-lg\"><\/i><h5 style=\"color:#8ab420!important;font-size:48px!important;line-height:58px;text-transform: uppercase!important;\" class=\"widgettitle\">1<\/h5><div style=\"color:#004988!important;font-size:22px!important;line-height:27px;text-transform: none!important;\" class=\"widgetsubtitle\">1 sala de procedimientos pedi\u00e1tricos de urgencias<\/div><\/div><\/div><\/div>[\/vc_column][\/vc_row][vc_row tlg_padding=&#8221;pt0&#8243; tlg_text_align=&#8221;text-left&#8221; tlg_vertical_align=&#8221;yes&#8221; tlg_equal_height=&#8221;equal-height&#8221; el_class=&#8221;fila_cifras&#8221;][vc_column width=&#8221;1\/5&#8243;]<div id=\"iconbox-69df4e4e48a08\" class=\"   \"><div class=\"icon-link\"><div  class=\"boxed-icon boxed boxed-intro relative mb0 text-center radius-large\">\n\t\t\t\t\t\t\t\t<i  class=\"  inline-block mb30 icon-text icon-lg\"><\/i><h5 style=\"color:#8ab420!important;font-size:48px!important;line-height:58px;text-transform: uppercase!important;\" class=\"widgettitle\">5<\/h5><div style=\"color:#004988!important;font-size:22px!important;line-height:27px;text-transform: none!important;\" class=\"widgetsubtitle\">consultorios de observaci\u00f3n pedi\u00e1trica en urgencias<\/div><\/div><\/div><\/div>[\/vc_column][vc_column width=&#8221;1\/5&#8243;][\/vc_column][vc_column width=&#8221;1\/5&#8243;][\/vc_column][vc_column width=&#8221;1\/5&#8243;][\/vc_column][vc_column width=&#8221;1\/5&#8243;][\/vc_column][\/vc_row]<\/p>\n<\/div>","protected":false},"excerpt":{"rendered":"<p>[vc_row full_width=&#8221;stretch_row&#8221; tlg_large_container=&#8221;extra-container&#8221; tlg_padding=&#8221;pt180 pb180 pt-xs-80 pb-xs-80&#8243; css=&#8221;.vc_custom_1598104183253{background: #ffffff url(http:\/\/azulcima.com\/wp-content\/uploads\/2020\/05\/imagen_cifras.jpg?id=8879) !important;}&#8221;][vc_column][\/vc_column][\/vc_row][vc_row css_animation=&#8221;slideInUp&#8221; tlg_padding=&#8221;pb0&#8243; css=&#8221;.vc_custom_1744053351356{background-color: #ffffff !important;}&#8221;][vc_column width=&#8221;1\/3&#8243;][\/vc_column][vc_column width=&#8221;1\/3&#8243; el_id=&#8221;estados_financieros_izquierda&#8221;][\/vc_column][vc_column width=&#8221;1\/3&#8243; el_id=&#8221;estados_financieros_derecha&#8221;][\/vc_column][\/vc_row][vc_row tlg_padding=&#8221;pt0&#8243; tlg_text_align=&#8221;text-left&#8221; tlg_vertical_align=&#8221;yes&#8221; tlg_equal_height=&#8221;equal-height&#8221; el_class=&#8221;fila_cifras&#8221;][vc_column width=&#8221;1\/5&#8243;][\/vc_column][vc_column width=&#8221;1\/5&#8243;][\/vc_column][vc_column width=&#8221;1\/5&#8243;][\/vc_column][vc_column width=&#8221;1\/5&#8243;][\/vc_column][vc_column width=&#8221;1\/5&#8243;][\/vc_column][\/vc_row][vc_row tlg_padding=&#8221;pt0&#8243; tlg_text_align=&#8221;text-left&#8221; tlg_vertical_align=&#8221;yes&#8221; tlg_equal_height=&#8221;equal-height&#8221; el_class=&#8221;fila_cifras&#8221;][vc_column width=&#8221;1\/5&#8243;][\/vc_column][vc_column width=&#8221;1\/5&#8243;][\/vc_column][vc_column width=&#8221;1\/5&#8243;][\/vc_column][vc_column width=&#8221;1\/5&#8243;][\/vc_column][vc_column width=&#8221;1\/5&#8243;][\/vc_column][\/vc_row][vc_row tlg_padding=&#8221;pt0&#8243; tlg_text_align=&#8221;text-left&#8221; tlg_vertical_align=&#8221;yes&#8221; tlg_equal_height=&#8221;equal-height&#8221; el_class=&#8221;fila_cifras&#8221;][vc_column width=&#8221;1\/5&#8243;][\/vc_column][vc_column width=&#8221;1\/5&#8243;][\/vc_column][vc_column width=&#8221;1\/5&#8243;][\/vc_column][vc_column width=&#8221;1\/5&#8243;][\/vc_column][vc_column width=&#8221;1\/5&#8243;][\/vc_column][\/vc_row]<\/p>\n","protected":false},"author":3,"featured_media":0,"parent":0,"menu_order":0,"comment_status":"closed","ping_status":"closed","template":"","meta":{"footnotes":""},"class_list":["post-8853","page","type-page","status-publish","hentry"],"yoast_head":"<!-- This site is optimized with the Yoast SEO plugin v23.5 - https:\/\/yoast.com\/wordpress\/plugins\/seo\/ -->\n<title>Datos principales | Azul Cima | Servisalud urgencias<\/title>\n<meta name=\"description\" content=\"Accede a todos los datos principales de Azul Cima ingresando a nuestra p\u00e1gina web. Aqu\u00ed encontrar\u00e1s informaci\u00f3n de tu inter\u00e9s.\" \/>\n<meta name=\"robots\" content=\"index, follow, max-snippet:-1, max-image-preview:large, max-video-preview:-1\" \/>\n<link rel=\"canonical\" href=\"https:\/\/azulcima.com\/index.php\/datos-principales\/\" \/>\n<meta property=\"og:locale\" content=\"es_ES\" \/>\n<meta property=\"og:type\" content=\"article\" \/>\n<meta property=\"og:title\" content=\"Datos principales | Azul Cima | Servisalud urgencias\" \/>\n<meta property=\"og:description\" content=\"Accede a todos los datos principales de Azul Cima ingresando a nuestra p\u00e1gina web. Aqu\u00ed encontrar\u00e1s informaci\u00f3n de tu inter\u00e9s.\" \/>\n<meta property=\"og:url\" content=\"https:\/\/azulcima.com\/index.php\/datos-principales\/\" \/>\n<meta property=\"og:site_name\" content=\"M\u00e1s que una cl\u00ednica, una experiencia en salud | Azul Cima\" \/>\n<meta property=\"article:modified_time\" content=\"2025-08-22T03:32:55+00:00\" \/>\n<meta name=\"twitter:card\" content=\"summary_large_image\" \/>\n<meta name=\"twitter:label1\" content=\"Tiempo de lectura\" \/>\n\t<meta name=\"twitter:data1\" content=\"1 minuto\" \/>\n<script type=\"application\/ld+json\" class=\"yoast-schema-graph\">{\"@context\":\"https:\/\/schema.org\",\"@graph\":[{\"@type\":\"WebPage\",\"@id\":\"https:\/\/azulcima.com\/index.php\/datos-principales\/\",\"url\":\"https:\/\/azulcima.com\/index.php\/datos-principales\/\",\"name\":\"Datos principales | Azul Cima | Servisalud urgencias\",\"isPartOf\":{\"@id\":\"https:\/\/azulcima.com\/#website\"},\"datePublished\":\"2020-05-28T20:55:33+00:00\",\"dateModified\":\"2025-08-22T03:32:55+00:00\",\"description\":\"Accede a todos los datos principales de Azul Cima ingresando a nuestra p\u00e1gina web. Aqu\u00ed encontrar\u00e1s informaci\u00f3n de tu inter\u00e9s.\",\"breadcrumb\":{\"@id\":\"https:\/\/azulcima.com\/index.php\/datos-principales\/#breadcrumb\"},\"inLanguage\":\"es-CO\",\"potentialAction\":[{\"@type\":\"ReadAction\",\"target\":[\"https:\/\/azulcima.com\/index.php\/datos-principales\/\"]}]},{\"@type\":\"BreadcrumbList\",\"@id\":\"https:\/\/azulcima.com\/index.php\/datos-principales\/#breadcrumb\",\"itemListElement\":[{\"@type\":\"ListItem\",\"position\":1,\"name\":\"Home\",\"item\":\"https:\/\/azulcima.com\/\"},{\"@type\":\"ListItem\",\"position\":2,\"name\":\"Datos principales\"}]},{\"@type\":\"WebSite\",\"@id\":\"https:\/\/azulcima.com\/#website\",\"url\":\"https:\/\/azulcima.com\/\",\"name\":\"M\u00e1s que una cl\u00ednica, una experiencia en salud | Azul Cima\",\"description\":\"M\u00e1s que una cl\u00ednica, una experiencia en salud |  Somos Azul Cima una de las m\u00e1s innovadoras de Colombia, pensada para brindarte una experiencia en Salud, con servicios de alta complejidad.\",\"publisher\":{\"@id\":\"https:\/\/azulcima.com\/#organization\"},\"potentialAction\":[{\"@type\":\"SearchAction\",\"target\":{\"@type\":\"EntryPoint\",\"urlTemplate\":\"https:\/\/azulcima.com\/?s={search_term_string}\"},\"query-input\":{\"@type\":\"PropertyValueSpecification\",\"valueRequired\":true,\"valueName\":\"search_term_string\"}}],\"inLanguage\":\"es-CO\"},{\"@type\":\"Organization\",\"@id\":\"https:\/\/azulcima.com\/#organization\",\"name\":\"Clinica Azul - Una Experiencia en Salud\",\"url\":\"https:\/\/azulcima.com\/\",\"logo\":{\"@type\":\"ImageObject\",\"inLanguage\":\"es-CO\",\"@id\":\"https:\/\/azulcima.com\/#\/schema\/logo\/image\/\",\"url\":\"http:\/\/azulcima.com\/wp-content\/uploads\/2020\/05\/logo_clinicaAzul_color2X.png\",\"contentUrl\":\"http:\/\/azulcima.com\/wp-content\/uploads\/2020\/05\/logo_clinicaAzul_color2X.png\",\"width\":664,\"height\":132,\"caption\":\"Clinica Azul - Una Experiencia en Salud\"},\"image\":{\"@id\":\"https:\/\/azulcima.com\/#\/schema\/logo\/image\/\"}}]}<\/script>\n<!-- \/ Yoast SEO plugin. -->","yoast_head_json":{"title":"Datos principales | Azul Cima | Servisalud urgencias","description":"Accede a todos los datos principales de Azul Cima ingresando a nuestra p\u00e1gina web. Aqu\u00ed encontrar\u00e1s informaci\u00f3n de tu inter\u00e9s.","robots":{"index":"index","follow":"follow","max-snippet":"max-snippet:-1","max-image-preview":"max-image-preview:large","max-video-preview":"max-video-preview:-1"},"canonical":"https:\/\/azulcima.com\/index.php\/datos-principales\/","og_locale":"es_ES","og_type":"article","og_title":"Datos principales | Azul Cima | Servisalud urgencias","og_description":"Accede a todos los datos principales de Azul Cima ingresando a nuestra p\u00e1gina web. Aqu\u00ed encontrar\u00e1s informaci\u00f3n de tu inter\u00e9s.","og_url":"https:\/\/azulcima.com\/index.php\/datos-principales\/","og_site_name":"M\u00e1s que una cl\u00ednica, una experiencia en salud | Azul Cima","article_modified_time":"2025-08-22T03:32:55+00:00","twitter_card":"summary_large_image","twitter_misc":{"Tiempo de lectura":"1 minuto"},"schema":{"@context":"https:\/\/schema.org","@graph":[{"@type":"WebPage","@id":"https:\/\/azulcima.com\/index.php\/datos-principales\/","url":"https:\/\/azulcima.com\/index.php\/datos-principales\/","name":"Datos principales | Azul Cima | Servisalud urgencias","isPartOf":{"@id":"https:\/\/azulcima.com\/#website"},"datePublished":"2020-05-28T20:55:33+00:00","dateModified":"2025-08-22T03:32:55+00:00","description":"Accede a todos los datos principales de Azul Cima ingresando a nuestra p\u00e1gina web. Aqu\u00ed encontrar\u00e1s informaci\u00f3n de tu inter\u00e9s.","breadcrumb":{"@id":"https:\/\/azulcima.com\/index.php\/datos-principales\/#breadcrumb"},"inLanguage":"es-CO","potentialAction":[{"@type":"ReadAction","target":["https:\/\/azulcima.com\/index.php\/datos-principales\/"]}]},{"@type":"BreadcrumbList","@id":"https:\/\/azulcima.com\/index.php\/datos-principales\/#breadcrumb","itemListElement":[{"@type":"ListItem","position":1,"name":"Home","item":"https:\/\/azulcima.com\/"},{"@type":"ListItem","position":2,"name":"Datos principales"}]},{"@type":"WebSite","@id":"https:\/\/azulcima.com\/#website","url":"https:\/\/azulcima.com\/","name":"M\u00e1s que una cl\u00ednica, una experiencia en salud | Azul Cima","description":"M\u00e1s que una cl\u00ednica, una experiencia en salud |  Somos Azul Cima una de las m\u00e1s innovadoras de Colombia, pensada para brindarte una experiencia en Salud, con servicios de alta complejidad.","publisher":{"@id":"https:\/\/azulcima.com\/#organization"},"potentialAction":[{"@type":"SearchAction","target":{"@type":"EntryPoint","urlTemplate":"https:\/\/azulcima.com\/?s={search_term_string}"},"query-input":{"@type":"PropertyValueSpecification","valueRequired":true,"valueName":"search_term_string"}}],"inLanguage":"es-CO"},{"@type":"Organization","@id":"https:\/\/azulcima.com\/#organization","name":"Clinica Azul - Una Experiencia en Salud","url":"https:\/\/azulcima.com\/","logo":{"@type":"ImageObject","inLanguage":"es-CO","@id":"https:\/\/azulcima.com\/#\/schema\/logo\/image\/","url":"http:\/\/azulcima.com\/wp-content\/uploads\/2020\/05\/logo_clinicaAzul_color2X.png","contentUrl":"http:\/\/azulcima.com\/wp-content\/uploads\/2020\/05\/logo_clinicaAzul_color2X.png","width":664,"height":132,"caption":"Clinica Azul - Una Experiencia en Salud"},"image":{"@id":"https:\/\/azulcima.com\/#\/schema\/logo\/image\/"}}]}},"_links":{"self":[{"href":"https:\/\/azulcima.com\/index.php\/wp-json\/wp\/v2\/pages\/8853"}],"collection":[{"href":"https:\/\/azulcima.com\/index.php\/wp-json\/wp\/v2\/pages"}],"about":[{"href":"https:\/\/azulcima.com\/index.php\/wp-json\/wp\/v2\/types\/page"}],"author":[{"embeddable":true,"href":"https:\/\/azulcima.com\/index.php\/wp-json\/wp\/v2\/users\/3"}],"replies":[{"embeddable":true,"href":"https:\/\/azulcima.com\/index.php\/wp-json\/wp\/v2\/comments?post=8853"}],"version-history":[{"count":66,"href":"https:\/\/azulcima.com\/index.php\/wp-json\/wp\/v2\/pages\/8853\/revisions"}],"predecessor-version":[{"id":11372,"href":"https:\/\/azulcima.com\/index.php\/wp-json\/wp\/v2\/pages\/8853\/revisions\/11372"}],"wp:attachment":[{"href":"https:\/\/azulcima.com\/index.php\/wp-json\/wp\/v2\/media?parent=8853"}],"curies":[{"name":"wp","href":"https:\/\/api.w.org\/{rel}","templated":true}]}}