{"id":8727,"date":"2020-05-27T15:27:41","date_gmt":"2020-05-27T20:27:41","guid":{"rendered":"http:\/\/www.clinicaazul.co\/?page_id=8727"},"modified":"2025-10-01T11:19:39","modified_gmt":"2025-10-01T16:19:39","slug":"quienes-somos","status":"publish","type":"page","link":"https:\/\/azulcima.com\/index.php\/quienes-somos\/","title":{"rendered":"Quienes somos"},"content":{"rendered":"<div class=\"wpb-content-wrapper\"><p>[vc_row full_width=&#8221;stretch_row&#8221; tlg_large_container=&#8221;extra-container&#8221; tlg_padding=&#8221;pt180 pb180 pt-xs-80 pb-xs-80&#8243; css=&#8221;.vc_custom_1759335575539{background: #ffffff url(https:\/\/azulcima.com\/wp-content\/uploads\/2025\/10\/weef.jpg?id=11408) !important;}&#8221;][vc_column]<div class=\"tlg-spacer  \" data-height=\"500\" data-height-tablet=\"400\" data-height-mobile=\"200\" style=\"clear:both;display:block;height:500px;\"><\/div>[\/vc_column][\/vc_row][vc_row css_animation=&#8221;slideInUp&#8221; tlg_padding=&#8221;pb0&#8243; css=&#8221;.vc_custom_1590698168137{background-color: #ffffff !important;}&#8221;][vc_column]<div class=\"headings-title \"><div class=\"mb0 mb-xs-40 text-left\"><h1 style=\"color:#00498b!important;font-size:52px;line-height:62px;letter-spacing:1px!important;text-transform: none!important;\" class=\"widgettitle mb0\">Qui\u00e9nes Somos<\/h1><\/div><\/div>[\/vc_column][\/vc_row][vc_row tlg_padding=&#8221;pb0&#8243; tlg_text_align=&#8221;text-left&#8221;][vc_column][vc_column_text css=&#8221;&#8221;]En AZUL, somos el Complejo M\u00e9dico Internacional de Medicina Avanzada, un proyecto innovador que redefine la atenci\u00f3n m\u00e9dica privada en Colombia. Nacimos con la visi\u00f3n de crear un modelo de salud premium, tecnol\u00f3gico y humano, que responda a las necesidades del paciente moderno, combinando innovaci\u00f3n, sostenibilidad y calidez en cada detalle.<br \/>\nRespaldados por MedPlus, Cl\u00ednica Azul y BlueCare, ofrecemos un ecosistema integral de salud que articula servicios m\u00e9dicos y odontol\u00f3gicos en un mismo lugar, con un enfoque preventivo, personalizado y centrado en el bienestar de las personas. Nuestro compromiso es transformar la experiencia m\u00e9dica, facilitando el acceso a una atenci\u00f3n de calidad, eficiente y digna.<\/p>\n<p>En AZUL, creemos que la salud es mucho m\u00e1s que un servicio; es una experiencia que debe inspirar confianza, tranquilidad y esperanza. Por eso, dise\u00f1amos espacios confortables, equipados con tecnolog\u00eda de \u00faltima generaci\u00f3n y un equipo humano dedicado a cuidar de ti y de tu familia, con respeto y calidez.[\/vc_column_text][\/vc_column][\/vc_row][vc_row tlg_padding=&#8221;pb0&#8243; el_class=&#8221;fila_titulo&#8221; css=&#8221;.vc_custom_1590099864772{background-color: #ffffff !important;}&#8221;][vc_column]<div class=\"headings-title  wpb_animate_when_almost_visible wpb_fadeInUp fadeInUp\"><div class=\"mb40 mb-xs-40 text-center\"><h2 style=\"color:#5b5b5b!important;font-size:45px;line-height:55px;letter-spacing:1px!important;text-transform: none!important;\" class=\"widgettitle mb0\">Nuestra Historia<\/h2><\/div><\/div>[\/vc_column][\/vc_row][vc_row tlg_padding=&#8221;pt0&#8243; tlg_text_align=&#8221;text-left&#8221;][vc_column][vc_column_text css=&#8221;&#8221;]AZUL, nace como la evoluci\u00f3n natural de MedPlus y sus aliados estrat\u00e9gicos, Cl\u00ednica Azul y BlueCare, con la misi\u00f3n de transformar la salud privada en Colombia. Desde sus inicios, este proyecto ha buscado romper con los modelos tradicionales, apostando por la integraci\u00f3n tecnol\u00f3gica, la humanizaci\u00f3n de la atenci\u00f3n y la sostenibilidad como pilares fundamentales.<\/p>\n<p>Ubicado en una infraestructura renovada y de \u00faltima generaci\u00f3n en Bogot\u00e1, AZUL ha logrado impactar positivamente la vida de m\u00e1s de 111.000 personas, ofreciendo una experiencia m\u00e9dica \u00fanica que combina medicina avanzada, atenci\u00f3n personalizada y espacios dise\u00f1ados para el bienestar de pacientes y sus familias.<\/p>\n<p>A lo largo de su desarrollo, el complejo ha consolidado una red robusta y articulada que integra servicios m\u00e9dicos, odontol\u00f3gicos y tecnol\u00f3gicos, posicion\u00e1ndose como un referente nacional en salud premium y accesible. Hoy, AZUL contin\u00faa innovando, siempre con el prop\u00f3sito de anticipar las necesidades del paciente moderno y transformar la forma en que se vive la salud en Colombia.[\/vc_column_text][\/vc_column][\/vc_row][vc_row][vc_column width=&#8221;1\/2&#8243; ancho=&#8221;1\/2&#8243;][vc_column_text css=&#8221;&#8221;]<img loading=\"lazy\" decoding=\"async\" class=\"aligncenter size-full wp-image-9299\" src=\"https:\/\/azulcima.com\/wp-content\/uploads\/2020\/07\/panel.jpg\" alt=\"medplus-medicina-prepagada-cali\" width=\"960\" height=\"640\" srcset=\"https:\/\/azulcima.com\/wp-content\/uploads\/2020\/07\/panel.jpg 960w, https:\/\/azulcima.com\/wp-content\/uploads\/2020\/07\/panel-300x200.jpg 300w, https:\/\/azulcima.com\/wp-content\/uploads\/2020\/07\/panel-768x512.jpg 768w\" sizes=\"(max-width: 960px) 100vw, 960px\" \/>[\/vc_column_text][\/vc_column][vc_column width=&#8221;1\/2&#8243; ancho=&#8221;1\/2&#8243;][vc_column_text css=&#8221;&#8221;]<img loading=\"lazy\" decoding=\"async\" class=\"aligncenter size-full wp-image-9295\" src=\"https:\/\/azulcima.com\/wp-content\/uploads\/2020\/07\/hab03.jpg\" alt=\"medplus-medicina-prepagada-cali\" width=\"960\" height=\"640\" srcset=\"https:\/\/azulcima.com\/wp-content\/uploads\/2020\/07\/hab03.jpg 960w, https:\/\/azulcima.com\/wp-content\/uploads\/2020\/07\/hab03-300x200.jpg 300w, https:\/\/azulcima.com\/wp-content\/uploads\/2020\/07\/hab03-768x512.jpg 768w\" sizes=\"(max-width: 960px) 100vw, 960px\" \/>[\/vc_column_text][\/vc_column][\/vc_row][vc_row][vc_column][vc_column_text][\/vc_column_text][\/vc_column][\/vc_row]<\/p>\n<\/div>","protected":false},"excerpt":{"rendered":"<p>[vc_row full_width=&#8221;stretch_row&#8221; tlg_large_container=&#8221;extra-container&#8221; tlg_padding=&#8221;pt180 pb180 pt-xs-80 pb-xs-80&#8243; css=&#8221;.vc_custom_1759335575539{background: #ffffff url(https:\/\/azulcima.com\/wp-content\/uploads\/2025\/10\/weef.jpg?id=11408) !important;}&#8221;][vc_column][\/vc_column][\/vc_row][vc_row css_animation=&#8221;slideInUp&#8221; tlg_padding=&#8221;pb0&#8243; css=&#8221;.vc_custom_1590698168137{background-color: #ffffff !important;}&#8221;][vc_column][\/vc_column][\/vc_row][vc_row tlg_padding=&#8221;pb0&#8243; tlg_text_align=&#8221;text-left&#8221;][vc_column][vc_column_text css=&#8221;&#8221;]En AZUL, somos el Complejo M\u00e9dico Internacional de Medicina Avanzada, un proyecto innovador que redefine la atenci\u00f3n m\u00e9dica privada en Colombia. Nacimos con la visi\u00f3n de crear un modelo de salud premium, tecnol\u00f3gico y humano, que responda&#8230;<\/p>\n","protected":false},"author":3,"featured_media":0,"parent":0,"menu_order":0,"comment_status":"closed","ping_status":"closed","template":"","meta":{"footnotes":""},"class_list":["post-8727","page","type-page","status-publish","hentry"],"yoast_head":"<!-- This site is optimized with the Yoast SEO plugin v23.5 - https:\/\/yoast.com\/wordpress\/plugins\/seo\/ -->\n<title>Qui\u00e9nes somos | Azul Cima | Im\u00e1genes diagnosticas Bogot\u00e1<\/title>\n<meta name=\"description\" content=\"LaAzul Cima nace como un apoyo a las necesidades de salud en Colombia. Conoce qui\u00e9nes somos en nuestra p\u00e1gina web.\" \/>\n<meta name=\"robots\" content=\"index, follow, max-snippet:-1, max-image-preview:large, max-video-preview:-1\" \/>\n<link rel=\"canonical\" href=\"https:\/\/azulcima.com\/index.php\/quienes-somos\/\" \/>\n<meta property=\"og:locale\" content=\"es_ES\" \/>\n<meta property=\"og:type\" content=\"article\" \/>\n<meta property=\"og:title\" content=\"Qui\u00e9nes somos | Azul Cima | Im\u00e1genes diagnosticas Bogot\u00e1\" \/>\n<meta property=\"og:description\" content=\"LaAzul Cima nace como un apoyo a las necesidades de salud en Colombia. Conoce qui\u00e9nes somos en nuestra p\u00e1gina web.\" \/>\n<meta property=\"og:url\" content=\"https:\/\/azulcima.com\/index.php\/quienes-somos\/\" \/>\n<meta property=\"og:site_name\" content=\"M\u00e1s que una cl\u00ednica, una experiencia en salud | Azul Cima\" \/>\n<meta property=\"article:modified_time\" content=\"2025-10-01T16:19:39+00:00\" \/>\n<meta property=\"og:image\" content=\"https:\/\/azulcima.com\/wp-content\/uploads\/2020\/07\/panel.jpg\" \/>\n<meta name=\"twitter:card\" content=\"summary_large_image\" \/>\n<meta name=\"twitter:label1\" content=\"Tiempo de lectura\" \/>\n\t<meta name=\"twitter:data1\" content=\"3 minutos\" \/>\n<script type=\"application\/ld+json\" class=\"yoast-schema-graph\">{\"@context\":\"https:\/\/schema.org\",\"@graph\":[{\"@type\":\"WebPage\",\"@id\":\"https:\/\/azulcima.com\/index.php\/quienes-somos\/\",\"url\":\"https:\/\/azulcima.com\/index.php\/quienes-somos\/\",\"name\":\"Qui\u00e9nes somos | Azul Cima | Im\u00e1genes diagnosticas Bogot\u00e1\",\"isPartOf\":{\"@id\":\"https:\/\/azulcima.com\/#website\"},\"primaryImageOfPage\":{\"@id\":\"https:\/\/azulcima.com\/index.php\/quienes-somos\/#primaryimage\"},\"image\":{\"@id\":\"https:\/\/azulcima.com\/index.php\/quienes-somos\/#primaryimage\"},\"thumbnailUrl\":\"https:\/\/azulcima.com\/wp-content\/uploads\/2020\/07\/panel.jpg\",\"datePublished\":\"2020-05-27T20:27:41+00:00\",\"dateModified\":\"2025-10-01T16:19:39+00:00\",\"description\":\"LaAzul Cima nace como un apoyo a las necesidades de salud en Colombia. Conoce qui\u00e9nes somos en nuestra p\u00e1gina web.\",\"breadcrumb\":{\"@id\":\"https:\/\/azulcima.com\/index.php\/quienes-somos\/#breadcrumb\"},\"inLanguage\":\"es-CO\",\"potentialAction\":[{\"@type\":\"ReadAction\",\"target\":[\"https:\/\/azulcima.com\/index.php\/quienes-somos\/\"]}]},{\"@type\":\"ImageObject\",\"inLanguage\":\"es-CO\",\"@id\":\"https:\/\/azulcima.com\/index.php\/quienes-somos\/#primaryimage\",\"url\":\"https:\/\/azulcima.com\/wp-content\/uploads\/2020\/07\/panel.jpg\",\"contentUrl\":\"https:\/\/azulcima.com\/wp-content\/uploads\/2020\/07\/panel.jpg\",\"width\":960,\"height\":640,\"caption\":\"medplus-medicina-prepagada-cali\"},{\"@type\":\"BreadcrumbList\",\"@id\":\"https:\/\/azulcima.com\/index.php\/quienes-somos\/#breadcrumb\",\"itemListElement\":[{\"@type\":\"ListItem\",\"position\":1,\"name\":\"Home\",\"item\":\"https:\/\/azulcima.com\/\"},{\"@type\":\"ListItem\",\"position\":2,\"name\":\"Quienes somos\"}]},{\"@type\":\"WebSite\",\"@id\":\"https:\/\/azulcima.com\/#website\",\"url\":\"https:\/\/azulcima.com\/\",\"name\":\"M\u00e1s que una cl\u00ednica, una experiencia en salud | Azul Cima\",\"description\":\"M\u00e1s que una cl\u00ednica, una experiencia en salud |  Somos Azul Cima una de las m\u00e1s innovadoras de Colombia, pensada para brindarte una experiencia en Salud, con servicios de alta complejidad.\",\"publisher\":{\"@id\":\"https:\/\/azulcima.com\/#organization\"},\"potentialAction\":[{\"@type\":\"SearchAction\",\"target\":{\"@type\":\"EntryPoint\",\"urlTemplate\":\"https:\/\/azulcima.com\/?s={search_term_string}\"},\"query-input\":{\"@type\":\"PropertyValueSpecification\",\"valueRequired\":true,\"valueName\":\"search_term_string\"}}],\"inLanguage\":\"es-CO\"},{\"@type\":\"Organization\",\"@id\":\"https:\/\/azulcima.com\/#organization\",\"name\":\"Clinica Azul - Una Experiencia en Salud\",\"url\":\"https:\/\/azulcima.com\/\",\"logo\":{\"@type\":\"ImageObject\",\"inLanguage\":\"es-CO\",\"@id\":\"https:\/\/azulcima.com\/#\/schema\/logo\/image\/\",\"url\":\"http:\/\/azulcima.com\/wp-content\/uploads\/2020\/05\/logo_clinicaAzul_color2X.png\",\"contentUrl\":\"http:\/\/azulcima.com\/wp-content\/uploads\/2020\/05\/logo_clinicaAzul_color2X.png\",\"width\":664,\"height\":132,\"caption\":\"Clinica Azul - Una Experiencia en Salud\"},\"image\":{\"@id\":\"https:\/\/azulcima.com\/#\/schema\/logo\/image\/\"}}]}<\/script>\n<!-- \/ Yoast SEO plugin. -->","yoast_head_json":{"title":"Qui\u00e9nes somos | Azul Cima | Im\u00e1genes diagnosticas Bogot\u00e1","description":"LaAzul Cima nace como un apoyo a las necesidades de salud en Colombia. Conoce qui\u00e9nes somos en nuestra p\u00e1gina web.","robots":{"index":"index","follow":"follow","max-snippet":"max-snippet:-1","max-image-preview":"max-image-preview:large","max-video-preview":"max-video-preview:-1"},"canonical":"https:\/\/azulcima.com\/index.php\/quienes-somos\/","og_locale":"es_ES","og_type":"article","og_title":"Qui\u00e9nes somos | Azul Cima | Im\u00e1genes diagnosticas Bogot\u00e1","og_description":"LaAzul Cima nace como un apoyo a las necesidades de salud en Colombia. Conoce qui\u00e9nes somos en nuestra p\u00e1gina web.","og_url":"https:\/\/azulcima.com\/index.php\/quienes-somos\/","og_site_name":"M\u00e1s que una cl\u00ednica, una experiencia en salud | Azul Cima","article_modified_time":"2025-10-01T16:19:39+00:00","og_image":[{"url":"https:\/\/azulcima.com\/wp-content\/uploads\/2020\/07\/panel.jpg"}],"twitter_card":"summary_large_image","twitter_misc":{"Tiempo de lectura":"3 minutos"},"schema":{"@context":"https:\/\/schema.org","@graph":[{"@type":"WebPage","@id":"https:\/\/azulcima.com\/index.php\/quienes-somos\/","url":"https:\/\/azulcima.com\/index.php\/quienes-somos\/","name":"Qui\u00e9nes somos | Azul Cima | Im\u00e1genes diagnosticas Bogot\u00e1","isPartOf":{"@id":"https:\/\/azulcima.com\/#website"},"primaryImageOfPage":{"@id":"https:\/\/azulcima.com\/index.php\/quienes-somos\/#primaryimage"},"image":{"@id":"https:\/\/azulcima.com\/index.php\/quienes-somos\/#primaryimage"},"thumbnailUrl":"https:\/\/azulcima.com\/wp-content\/uploads\/2020\/07\/panel.jpg","datePublished":"2020-05-27T20:27:41+00:00","dateModified":"2025-10-01T16:19:39+00:00","description":"LaAzul Cima nace como un apoyo a las necesidades de salud en Colombia. Conoce qui\u00e9nes somos en nuestra p\u00e1gina web.","breadcrumb":{"@id":"https:\/\/azulcima.com\/index.php\/quienes-somos\/#breadcrumb"},"inLanguage":"es-CO","potentialAction":[{"@type":"ReadAction","target":["https:\/\/azulcima.com\/index.php\/quienes-somos\/"]}]},{"@type":"ImageObject","inLanguage":"es-CO","@id":"https:\/\/azulcima.com\/index.php\/quienes-somos\/#primaryimage","url":"https:\/\/azulcima.com\/wp-content\/uploads\/2020\/07\/panel.jpg","contentUrl":"https:\/\/azulcima.com\/wp-content\/uploads\/2020\/07\/panel.jpg","width":960,"height":640,"caption":"medplus-medicina-prepagada-cali"},{"@type":"BreadcrumbList","@id":"https:\/\/azulcima.com\/index.php\/quienes-somos\/#breadcrumb","itemListElement":[{"@type":"ListItem","position":1,"name":"Home","item":"https:\/\/azulcima.com\/"},{"@type":"ListItem","position":2,"name":"Quienes somos"}]},{"@type":"WebSite","@id":"https:\/\/azulcima.com\/#website","url":"https:\/\/azulcima.com\/","name":"M\u00e1s que una cl\u00ednica, una experiencia en salud | Azul Cima","description":"M\u00e1s que una cl\u00ednica, una experiencia en salud |  Somos Azul Cima una de las m\u00e1s innovadoras de Colombia, pensada para brindarte una experiencia en Salud, con servicios de alta complejidad.","publisher":{"@id":"https:\/\/azulcima.com\/#organization"},"potentialAction":[{"@type":"SearchAction","target":{"@type":"EntryPoint","urlTemplate":"https:\/\/azulcima.com\/?s={search_term_string}"},"query-input":{"@type":"PropertyValueSpecification","valueRequired":true,"valueName":"search_term_string"}}],"inLanguage":"es-CO"},{"@type":"Organization","@id":"https:\/\/azulcima.com\/#organization","name":"Clinica Azul - Una Experiencia en Salud","url":"https:\/\/azulcima.com\/","logo":{"@type":"ImageObject","inLanguage":"es-CO","@id":"https:\/\/azulcima.com\/#\/schema\/logo\/image\/","url":"http:\/\/azulcima.com\/wp-content\/uploads\/2020\/05\/logo_clinicaAzul_color2X.png","contentUrl":"http:\/\/azulcima.com\/wp-content\/uploads\/2020\/05\/logo_clinicaAzul_color2X.png","width":664,"height":132,"caption":"Clinica Azul - Una Experiencia en Salud"},"image":{"@id":"https:\/\/azulcima.com\/#\/schema\/logo\/image\/"}}]}},"_links":{"self":[{"href":"https:\/\/azulcima.com\/index.php\/wp-json\/wp\/v2\/pages\/8727"}],"collection":[{"href":"https:\/\/azulcima.com\/index.php\/wp-json\/wp\/v2\/pages"}],"about":[{"href":"https:\/\/azulcima.com\/index.php\/wp-json\/wp\/v2\/types\/page"}],"author":[{"embeddable":true,"href":"https:\/\/azulcima.com\/index.php\/wp-json\/wp\/v2\/users\/3"}],"replies":[{"embeddable":true,"href":"https:\/\/azulcima.com\/index.php\/wp-json\/wp\/v2\/comments?post=8727"}],"version-history":[{"count":74,"href":"https:\/\/azulcima.com\/index.php\/wp-json\/wp\/v2\/pages\/8727\/revisions"}],"predecessor-version":[{"id":11425,"href":"https:\/\/azulcima.com\/index.php\/wp-json\/wp\/v2\/pages\/8727\/revisions\/11425"}],"wp:attachment":[{"href":"https:\/\/azulcima.com\/index.php\/wp-json\/wp\/v2\/media?parent=8727"}],"curies":[{"name":"wp","href":"https:\/\/api.w.org\/{rel}","templated":true}]}}