{"id":11107,"date":"2025-01-28T14:05:40","date_gmt":"2025-01-28T19:05:40","guid":{"rendered":"https:\/\/clinicaazul.com.co\/?page_id=11107"},"modified":"2025-10-01T11:24:46","modified_gmt":"2025-10-01T16:24:46","slug":"asociacion-de-usuarios","status":"publish","type":"page","link":"https:\/\/azulcima.com\/index.php\/asociacion-de-usuarios\/","title":{"rendered":"Asociaci\u00f3n de usuarios"},"content":{"rendered":"<div class=\"wpb-content-wrapper\"><p>[vc_row full_width=&#8221;stretch_row&#8221; tlg_large_container=&#8221;extra-container&#8221; tlg_padding=&#8221;pt180 pb180 pt-xs-80 pb-xs-80&#8243; css=&#8221;.vc_custom_1759335878292{background: #ffffff url(https:\/\/azulcima.com\/wp-content\/uploads\/2025\/10\/wefw3.jpg?id=11409) !important;background-position: center !important;background-repeat: no-repeat !important;background-size: cover !important;}&#8221;][vc_column]<div class=\"tlg-spacer  \" data-height=\"500\" data-height-tablet=\"400\" data-height-mobile=\"200\" style=\"clear:both;display:block;height:500px;\"><\/div>[\/vc_column][\/vc_row][vc_row css_animation=&#8221;slideInUp&#8221; tlg_padding=&#8221;pb0&#8243; css=&#8221;.vc_custom_1590698168137{background-color: #ffffff !important;}&#8221;][vc_column]<div class=\"headings-title \"><div class=\"mb0 mb-xs-40 text-left\"><h1 style=\"color:#00498b!important;font-size:52px;line-height:62px;letter-spacing:1px!important;text-transform: none!important;\" class=\"widgettitle mb0\">Asociaci\u00f3n de usuarios<\/h1><\/div><\/div>[\/vc_column][\/vc_row][vc_row tlg_padding=&#8221;pb0&#8243; el_class=&#8221;fila_titulo_servicios fila_listado_protocolo&#8221; css=&#8221;.vc_custom_1596225470874{padding-bottom: 0px !important;background-color: #ffffff !important;}&#8221;][vc_column]<section class=\"box-content image-standard  \">\n\t\t\t\t\t\t    <div class=\"container p0-sm-min\">\n\t\t\t\t\t\t        <div class=\"row vertical-flex\">\n\t\t\t\t\t\t            <div class=\"col-md-4 col-sm-5 mb-xs-24 p0-sm-min\"><h2  class=\"widgettitle mb8\">Objetivo de la Asociaci\u00f3n de Usuarios de Azul<\/h2><div class=\"primary-line\"><\/div><div class=\"intro-content-content\"><p>La Asociaci\u00f3n de Usuarios de Azul es un espacio fundamental para fomentar la participaci\u00f3n activa de nuestros pacientes, familiares y usuarios en la mejora continua de nuestros servicios de salud. A trav\u00e9s de esta asociaci\u00f3n, buscamos fortalecer el compromiso mutuo, promoviendo una colaboraci\u00f3n constante que impulse la calidad de nuestra atenci\u00f3n y nos permita adaptarnos mejor a las necesidades de quienes conf\u00edan en nosotros para su bienestar.<\/p>\n<\/div><\/div>\n\t\t\t\t\t\t            <div class=\"col-md-7 col-md-offset-1 col-sm-6 col-sm-offset-1 text-center p0-sm-min border-radius-m shadow-img\">\n\t\t\t\t\t\t            \t<div class=\"intro-image\"><img loading=\"lazy\" decoding=\"async\" width=\"1280\" height=\"960\" src=\"https:\/\/azulcima.com\/wp-content\/uploads\/2025\/01\/WhatsApp-Image-2025-01-24-at-3.01.09-PM.jpeg\" class=\"attachment-full size-full\" alt=\"\" srcset=\"https:\/\/azulcima.com\/wp-content\/uploads\/2025\/01\/WhatsApp-Image-2025-01-24-at-3.01.09-PM.jpeg 1280w, https:\/\/azulcima.com\/wp-content\/uploads\/2025\/01\/WhatsApp-Image-2025-01-24-at-3.01.09-PM-300x225.jpeg 300w, https:\/\/azulcima.com\/wp-content\/uploads\/2025\/01\/WhatsApp-Image-2025-01-24-at-3.01.09-PM-1024x768.jpeg 1024w, https:\/\/azulcima.com\/wp-content\/uploads\/2025\/01\/WhatsApp-Image-2025-01-24-at-3.01.09-PM-768x576.jpeg 768w, https:\/\/azulcima.com\/wp-content\/uploads\/2025\/01\/WhatsApp-Image-2025-01-24-at-3.01.09-PM-600x450.jpeg 600w, https:\/\/azulcima.com\/wp-content\/uploads\/2025\/01\/WhatsApp-Image-2025-01-24-at-3.01.09-PM-960x720.jpeg 960w\" sizes=\"(max-width: 1280px) 100vw, 1280px\" \/><\/div>\n\t\t\t\t\t\t            <\/div>\n\t\t\t\t\t\t        <\/div>\n\t\t\t\t\t\t    <\/div>\n\t\t\t\t\t\t<\/section>[\/vc_column][\/vc_row][vc_row tlg_padding=&#8221;pb0&#8243; el_class=&#8221;fila_titulo_servicios fila_listado_protocolo&#8221; css=&#8221;.vc_custom_1596225477650{padding-bottom: 0px !important;background-color: #ffffff !important;}&#8221;][vc_column offset=&#8221;vc_hidden-sm vc_hidden-xs&#8221;]<section class=\"box-content image-standard  \">\n\t\t\t\t\t\t    <div class=\"container p0-sm-min\">\n\t\t\t\t\t\t        <div class=\"row vertical-flex\">\n\t\t\t\t\t\t            <div class=\"col-md-7 col-sm-6 text-center mb-xs-24 p0-sm-min border-radius-m shadow-img\">\n\t\t\t\t\t\t            \t<div class=\"intro-image\"><img loading=\"lazy\" decoding=\"async\" width=\"1280\" height=\"960\" src=\"https:\/\/azulcima.com\/wp-content\/uploads\/2025\/02\/image.jpg\" class=\"attachment-full size-full\" alt=\"\" srcset=\"https:\/\/azulcima.com\/wp-content\/uploads\/2025\/02\/image.jpg 1280w, https:\/\/azulcima.com\/wp-content\/uploads\/2025\/02\/image-300x225.jpg 300w, https:\/\/azulcima.com\/wp-content\/uploads\/2025\/02\/image-1024x768.jpg 1024w, https:\/\/azulcima.com\/wp-content\/uploads\/2025\/02\/image-768x576.jpg 768w, https:\/\/azulcima.com\/wp-content\/uploads\/2025\/02\/image-600x450.jpg 600w, https:\/\/azulcima.com\/wp-content\/uploads\/2025\/02\/image-960x720.jpg 960w\" sizes=\"(max-width: 1280px) 100vw, 1280px\" \/><\/div>\n\t\t\t\t\t\t            <\/div>\n\t\t\t\t\t\t            <div class=\"col-md-4 col-md-offset-1 col-sm-5 col-sm-offset-1 p0-sm-min\"><h2  class=\"widgettitle mb8\">Se crea el Comit\u00e9 de Asociaci\u00f3n de Usuarios, el cual tiene las siguientes funciones y responsabilidades:<\/h2><div class=\"primary-line\"><\/div><div class=\"intro-content-content\"><\/p>\n<ol>\n<li><strong>Participaci\u00f3n activa:<\/strong> Asistir a reuniones peri\u00f3dicas con la direcci\u00f3n de Azul para expresar las inquietudes y propuestas de los usuarios.<\/li>\n<li><strong>Recolecci\u00f3n de opiniones:<\/strong> Organizar mecanismos de consulta, como encuestas o foros, para recabar las opiniones y sugerencias de los usuarios sobre los servicios prestados.<\/li>\n<li><strong>Elaboraci\u00f3n de informes:<\/strong> Preparar informes peri\u00f3dicos con recomendaciones y propuestas para mejorar la calidad de los servicios.<\/li>\n<li><strong>Mediaci\u00f3n:<\/strong> Fungir como instancia de mediaci\u00f3n en caso de conflictos entre los usuarios y la instituci\u00f3n, garantizando el respeto a los derechos de los mismos.<\/li>\n<\/ol>\n<p>\n<\/div><\/div>\n\t\t\t\t\t\t        <\/div>\n\t\t\t\t\t\t    <\/div>\n\t\t\t\t\t\t<\/section><script type=\"text\/javascript\">jQuery(document).ready(function(){jQuery('head').append('<style type=\"text\/css\" id=\"tlg-custom-css-btn-69df4ebaea856\">#btn-69df4ebaea856:hover{color:#565656!important;background:transparent!important;border-color:transparent!important;}<\/style>');});<\/script>[\/vc_column][\/vc_row][vc_row tlg_padding=&#8221;pb0&#8243; el_class=&#8221;fila_titulo&#8221; css=&#8221;.vc_custom_1590099864772{background-color: #ffffff !important;}&#8221;][vc_column]<div class=\" text-center\"><a  id=\"btn-69df4ebaeabe3\" class=\"btn btn-filled  ti-download hvr-float btn-sm-sm\" href= \"https:\/\/azulcima.com\/wp-content\/uploads\/2025\/03\/Evidencias-reporte-Participacion-Ciudadana-2024.pdf\" target='_blank' >Participaci\u00f3n Ciudadana 2024<\/a><\/div><div class=\"tlg-spacer  \" data-height=\"40\" data-height-tablet=\"30\" data-height-mobile=\"25\" style=\"clear:both;display:block;height:40px;\"><\/div>[\/vc_column][\/vc_row]<\/p>\n<\/div>","protected":false},"excerpt":{"rendered":"<p>[vc_row full_width=&#8221;stretch_row&#8221; tlg_large_container=&#8221;extra-container&#8221; tlg_padding=&#8221;pt180 pb180 pt-xs-80 pb-xs-80&#8243; css=&#8221;.vc_custom_1759335878292{background: #ffffff url(https:\/\/azulcima.com\/wp-content\/uploads\/2025\/10\/wefw3.jpg?id=11409) !important;background-position: center !important;background-repeat: no-repeat !important;background-size: cover !important;}&#8221;][vc_column][\/vc_column][\/vc_row][vc_row css_animation=&#8221;slideInUp&#8221; tlg_padding=&#8221;pb0&#8243; css=&#8221;.vc_custom_1590698168137{background-color: #ffffff !important;}&#8221;][vc_column][\/vc_column][\/vc_row][vc_row tlg_padding=&#8221;pb0&#8243; el_class=&#8221;fila_titulo_servicios fila_listado_protocolo&#8221; css=&#8221;.vc_custom_1596225470874{padding-bottom: 0px !important;background-color: #ffffff !important;}&#8221;][vc_column][\/vc_column][\/vc_row][vc_row tlg_padding=&#8221;pb0&#8243; el_class=&#8221;fila_titulo_servicios fila_listado_protocolo&#8221; css=&#8221;.vc_custom_1596225477650{padding-bottom: 0px !important;background-color: #ffffff !important;}&#8221;][vc_column offset=&#8221;vc_hidden-sm vc_hidden-xs&#8221;][\/vc_column][\/vc_row][vc_row tlg_padding=&#8221;pb0&#8243; el_class=&#8221;fila_titulo&#8221; css=&#8221;.vc_custom_1590099864772{background-color: #ffffff !important;}&#8221;][vc_column][\/vc_column][\/vc_row]<\/p>\n","protected":false},"author":3,"featured_media":0,"parent":0,"menu_order":0,"comment_status":"closed","ping_status":"closed","template":"","meta":{"footnotes":""},"class_list":["post-11107","page","type-page","status-publish","hentry"],"yoast_head":"<!-- This site is optimized with the Yoast SEO plugin v23.5 - https:\/\/yoast.com\/wordpress\/plugins\/seo\/ -->\n<title>Asociaci\u00f3n de usuarios | Azul Cima | Servisalud citas<\/title>\n<meta name=\"description\" content=\"Conoce los protocolos de ingreso y visitas que tenemos en Azul Cima para que tengas toda la informaci\u00f3n para tus visitas.\" \/>\n<meta name=\"robots\" content=\"index, follow, max-snippet:-1, max-image-preview:large, max-video-preview:-1\" \/>\n<link rel=\"canonical\" href=\"https:\/\/azulcima.com\/index.php\/asociacion-de-usuarios\/\" \/>\n<meta property=\"og:locale\" content=\"es_ES\" \/>\n<meta property=\"og:type\" content=\"article\" \/>\n<meta property=\"og:title\" content=\"Asociaci\u00f3n de usuarios | Azul Cima | Servisalud citas\" \/>\n<meta property=\"og:description\" content=\"Conoce los protocolos de ingreso y visitas que tenemos en Azul Cima para que tengas toda la informaci\u00f3n para tus visitas.\" \/>\n<meta property=\"og:url\" content=\"https:\/\/azulcima.com\/index.php\/asociacion-de-usuarios\/\" \/>\n<meta property=\"og:site_name\" content=\"M\u00e1s que una cl\u00ednica, una experiencia en salud | Azul Cima\" \/>\n<meta property=\"article:modified_time\" content=\"2025-10-01T16:24:46+00:00\" \/>\n<meta name=\"twitter:card\" content=\"summary_large_image\" \/>\n<meta name=\"twitter:label1\" content=\"Tiempo de lectura\" \/>\n\t<meta name=\"twitter:data1\" content=\"2 minutos\" \/>\n<script type=\"application\/ld+json\" class=\"yoast-schema-graph\">{\"@context\":\"https:\/\/schema.org\",\"@graph\":[{\"@type\":\"WebPage\",\"@id\":\"https:\/\/azulcima.com\/index.php\/asociacion-de-usuarios\/\",\"url\":\"https:\/\/azulcima.com\/index.php\/asociacion-de-usuarios\/\",\"name\":\"Asociaci\u00f3n de usuarios | Azul Cima | Servisalud citas\",\"isPartOf\":{\"@id\":\"https:\/\/azulcima.com\/#website\"},\"datePublished\":\"2025-01-28T19:05:40+00:00\",\"dateModified\":\"2025-10-01T16:24:46+00:00\",\"description\":\"Conoce los protocolos de ingreso y visitas que tenemos en Azul Cima para que tengas toda la informaci\u00f3n para tus visitas.\",\"breadcrumb\":{\"@id\":\"https:\/\/azulcima.com\/index.php\/asociacion-de-usuarios\/#breadcrumb\"},\"inLanguage\":\"es-CO\",\"potentialAction\":[{\"@type\":\"ReadAction\",\"target\":[\"https:\/\/azulcima.com\/index.php\/asociacion-de-usuarios\/\"]}]},{\"@type\":\"BreadcrumbList\",\"@id\":\"https:\/\/azulcima.com\/index.php\/asociacion-de-usuarios\/#breadcrumb\",\"itemListElement\":[{\"@type\":\"ListItem\",\"position\":1,\"name\":\"Home\",\"item\":\"https:\/\/azulcima.com\/\"},{\"@type\":\"ListItem\",\"position\":2,\"name\":\"Asociaci\u00f3n de usuarios\"}]},{\"@type\":\"WebSite\",\"@id\":\"https:\/\/azulcima.com\/#website\",\"url\":\"https:\/\/azulcima.com\/\",\"name\":\"M\u00e1s que una cl\u00ednica, una experiencia en salud | Azul Cima\",\"description\":\"M\u00e1s que una cl\u00ednica, una experiencia en salud |  Somos Azul Cima una de las m\u00e1s innovadoras de Colombia, pensada para brindarte una experiencia en Salud, con servicios de alta complejidad.\",\"publisher\":{\"@id\":\"https:\/\/azulcima.com\/#organization\"},\"potentialAction\":[{\"@type\":\"SearchAction\",\"target\":{\"@type\":\"EntryPoint\",\"urlTemplate\":\"https:\/\/azulcima.com\/?s={search_term_string}\"},\"query-input\":{\"@type\":\"PropertyValueSpecification\",\"valueRequired\":true,\"valueName\":\"search_term_string\"}}],\"inLanguage\":\"es-CO\"},{\"@type\":\"Organization\",\"@id\":\"https:\/\/azulcima.com\/#organization\",\"name\":\"Clinica Azul - Una Experiencia en Salud\",\"url\":\"https:\/\/azulcima.com\/\",\"logo\":{\"@type\":\"ImageObject\",\"inLanguage\":\"es-CO\",\"@id\":\"https:\/\/azulcima.com\/#\/schema\/logo\/image\/\",\"url\":\"http:\/\/azulcima.com\/wp-content\/uploads\/2020\/05\/logo_clinicaAzul_color2X.png\",\"contentUrl\":\"http:\/\/azulcima.com\/wp-content\/uploads\/2020\/05\/logo_clinicaAzul_color2X.png\",\"width\":664,\"height\":132,\"caption\":\"Clinica Azul - Una Experiencia en Salud\"},\"image\":{\"@id\":\"https:\/\/azulcima.com\/#\/schema\/logo\/image\/\"}}]}<\/script>\n<!-- \/ Yoast SEO plugin. -->","yoast_head_json":{"title":"Asociaci\u00f3n de usuarios | Azul Cima | Servisalud citas","description":"Conoce los protocolos de ingreso y visitas que tenemos en Azul Cima para que tengas toda la informaci\u00f3n para tus visitas.","robots":{"index":"index","follow":"follow","max-snippet":"max-snippet:-1","max-image-preview":"max-image-preview:large","max-video-preview":"max-video-preview:-1"},"canonical":"https:\/\/azulcima.com\/index.php\/asociacion-de-usuarios\/","og_locale":"es_ES","og_type":"article","og_title":"Asociaci\u00f3n de usuarios | Azul Cima | Servisalud citas","og_description":"Conoce los protocolos de ingreso y visitas que tenemos en Azul Cima para que tengas toda la informaci\u00f3n para tus visitas.","og_url":"https:\/\/azulcima.com\/index.php\/asociacion-de-usuarios\/","og_site_name":"M\u00e1s que una cl\u00ednica, una experiencia en salud | Azul Cima","article_modified_time":"2025-10-01T16:24:46+00:00","twitter_card":"summary_large_image","twitter_misc":{"Tiempo de lectura":"2 minutos"},"schema":{"@context":"https:\/\/schema.org","@graph":[{"@type":"WebPage","@id":"https:\/\/azulcima.com\/index.php\/asociacion-de-usuarios\/","url":"https:\/\/azulcima.com\/index.php\/asociacion-de-usuarios\/","name":"Asociaci\u00f3n de usuarios | Azul Cima | Servisalud citas","isPartOf":{"@id":"https:\/\/azulcima.com\/#website"},"datePublished":"2025-01-28T19:05:40+00:00","dateModified":"2025-10-01T16:24:46+00:00","description":"Conoce los protocolos de ingreso y visitas que tenemos en Azul Cima para que tengas toda la informaci\u00f3n para tus visitas.","breadcrumb":{"@id":"https:\/\/azulcima.com\/index.php\/asociacion-de-usuarios\/#breadcrumb"},"inLanguage":"es-CO","potentialAction":[{"@type":"ReadAction","target":["https:\/\/azulcima.com\/index.php\/asociacion-de-usuarios\/"]}]},{"@type":"BreadcrumbList","@id":"https:\/\/azulcima.com\/index.php\/asociacion-de-usuarios\/#breadcrumb","itemListElement":[{"@type":"ListItem","position":1,"name":"Home","item":"https:\/\/azulcima.com\/"},{"@type":"ListItem","position":2,"name":"Asociaci\u00f3n de usuarios"}]},{"@type":"WebSite","@id":"https:\/\/azulcima.com\/#website","url":"https:\/\/azulcima.com\/","name":"M\u00e1s que una cl\u00ednica, una experiencia en salud | Azul Cima","description":"M\u00e1s que una cl\u00ednica, una experiencia en salud |  Somos Azul Cima una de las m\u00e1s innovadoras de Colombia, pensada para brindarte una experiencia en Salud, con servicios de alta complejidad.","publisher":{"@id":"https:\/\/azulcima.com\/#organization"},"potentialAction":[{"@type":"SearchAction","target":{"@type":"EntryPoint","urlTemplate":"https:\/\/azulcima.com\/?s={search_term_string}"},"query-input":{"@type":"PropertyValueSpecification","valueRequired":true,"valueName":"search_term_string"}}],"inLanguage":"es-CO"},{"@type":"Organization","@id":"https:\/\/azulcima.com\/#organization","name":"Clinica Azul - Una Experiencia en Salud","url":"https:\/\/azulcima.com\/","logo":{"@type":"ImageObject","inLanguage":"es-CO","@id":"https:\/\/azulcima.com\/#\/schema\/logo\/image\/","url":"http:\/\/azulcima.com\/wp-content\/uploads\/2020\/05\/logo_clinicaAzul_color2X.png","contentUrl":"http:\/\/azulcima.com\/wp-content\/uploads\/2020\/05\/logo_clinicaAzul_color2X.png","width":664,"height":132,"caption":"Clinica Azul - Una Experiencia en Salud"},"image":{"@id":"https:\/\/azulcima.com\/#\/schema\/logo\/image\/"}}]}},"_links":{"self":[{"href":"https:\/\/azulcima.com\/index.php\/wp-json\/wp\/v2\/pages\/11107"}],"collection":[{"href":"https:\/\/azulcima.com\/index.php\/wp-json\/wp\/v2\/pages"}],"about":[{"href":"https:\/\/azulcima.com\/index.php\/wp-json\/wp\/v2\/types\/page"}],"author":[{"embeddable":true,"href":"https:\/\/azulcima.com\/index.php\/wp-json\/wp\/v2\/users\/3"}],"replies":[{"embeddable":true,"href":"https:\/\/azulcima.com\/index.php\/wp-json\/wp\/v2\/comments?post=11107"}],"version-history":[{"count":16,"href":"https:\/\/azulcima.com\/index.php\/wp-json\/wp\/v2\/pages\/11107\/revisions"}],"predecessor-version":[{"id":11427,"href":"https:\/\/azulcima.com\/index.php\/wp-json\/wp\/v2\/pages\/11107\/revisions\/11427"}],"wp:attachment":[{"href":"https:\/\/azulcima.com\/index.php\/wp-json\/wp\/v2\/media?parent=11107"}],"curies":[{"name":"wp","href":"https:\/\/api.w.org\/{rel}","templated":true}]}}