{"id":10307,"date":"2022-03-29T07:18:13","date_gmt":"2022-03-29T12:18:13","guid":{"rendered":"http:\/\/clinicaazul.com.co\/?page_id=10307"},"modified":"2025-10-01T10:32:56","modified_gmt":"2025-10-01T15:32:56","slug":"historia-clinica","status":"publish","type":"page","link":"https:\/\/azulcima.com\/index.php\/historia-clinica\/","title":{"rendered":"Historia Clinica"},"content":{"rendered":"<div class=\"wpb-content-wrapper\"><p>[vc_row full_width=&#8221;stretch_row&#8221; tlg_large_container=&#8221;extra-container&#8221; tlg_padding=&#8221;pt180 pb180 pt-xs-80 pb-xs-80&#8243; css=&#8221;.vc_custom_1759332539259{background: #ffffff url(https:\/\/azulcima.com\/wp-content\/uploads\/2025\/10\/sefw.jpg?id=11406) !important;background-position: center !important;background-repeat: no-repeat !important;background-size: contain !important;}&#8221;][vc_column]<div class=\"tlg-spacer  \" data-height=\"500\" data-height-tablet=\"200\" data-height-mobile=\"120\" style=\"clear:both;display:block;height:500px;\"><\/div>[\/vc_column][\/vc_row][vc_row tlg_padding=&#8221;pb0&#8243; el_class=&#8221;fila_titulo&#8221; css=&#8221;.vc_custom_1593138394570{background-color: #ffffff !important;}&#8221;][vc_column width=&#8221;1\/4&#8243;][\/vc_column][vc_column width=&#8221;1\/2&#8243;]<div class=\"headings-title  wpb_animate_when_almost_visible wpb_fadeInUp fadeInUp\"><div class=\"mb40 mb-xs-40 text-center\"><div style=\"color:#848484!important;font-size:16px;line-height:21px;letter-spacing:2px!important;text-transform: uppercase!important;\" class=\"widgetsubtitle mb8\">debe realizar los siguientes pasos<\/div><h2 style=\"color:#004988!important;font-size:45px;line-height:55px;letter-spacing:1px!important;text-transform: none!important;\" class=\"widgettitle mb0\">Para solicitar historia cl\u00ednica por correo electr\u00f3nico<\/h2><\/div><\/div>[\/vc_column][vc_column width=&#8221;1\/4&#8243;][\/vc_column][\/vc_row][vc_row tlg_padding=&#8221;pt0&#8243; tlg_text_align=&#8221;text-center&#8221; css=&#8221;.vc_custom_1593138401704{background-color: #ffffff !important;}&#8221;][vc_column width=&#8221;1\/2&#8243;][vc_column_text]<\/p>\n<div style=\"text-align: justify;\">\n<p><span style=\"font-weight: 400;\"><strong><span style=\"color: #3366ff;\">1-<\/span><\/strong> Diligenciar el formato de CONSENTIMIENTO\/ AUTORIZACI\u00d3N PARA ENVIO DE HISTORIA CLINICA POR CORREO ELECTRONICO, en el espacio seg\u00fan sea el caso:<\/span><\/p>\n<ul>\n<li style=\"font-weight: 400;\" aria-level=\"1\"><span style=\"font-weight: 400;\">Paciente\u00a0<\/span><\/li>\n<li style=\"font-weight: 400;\" aria-level=\"1\"><span style=\"font-weight: 400;\">Familiar o Representante Legal del paciente incapacitado \/ Interdicto<\/span><\/li>\n<li style=\"font-weight: 400;\" aria-level=\"1\"><span style=\"font-weight: 400;\">Paciente fallecido.<\/span><\/li>\n<\/ul>\n<\/div>\n<p>[\/vc_column_text]<div class=\"display-table action-box\"><div class=\"display-cell display-none-sm display-icon\"><i  class=\"fade-color ms-text ti-arrow-circle-down icon\"><\/i><\/div>\n\t\t\t\t\t<div class=\"display-cell text-center-sm\">\n\t\t\t\t\t\t<h2  class=\"maintitle\">Descarga formato<\/h2>\n\t\t\t\t\t\t<p  class=\"mb0\"><\/p>\n\t\t\t\t\t<\/div>\n\t\t\t\t\t<div class=\"display-cell text-center-sm text-right\"><a  id=\"btn-69df507701dd4\" class=\"btn btn-filled btn-rounded  btn-sm-sm text-center mr-0 mb0 mt-xs-24\" href= \"http:\/\/azulcima.com\/wp-content\/uploads\/2022\/05\/CAB-GL-FO-029-Formato-autorizacion-para-envio-de-hcl-por-correo-electronico.pdf\" target='_blank' >Descarga<\/a><\/div>\n\t\t\t\t<\/div>[\/vc_column][vc_column width=&#8221;1\/2&#8243;][vc_column_text]<\/p>\n<div style=\"text-align: justify;\">\n<p><strong><span style=\"color: #3366ff;\">2<\/span><\/strong>&#8211; Enviar\u00a0 el formato diligenciado y adjuntar los documentos seg\u00fan corresponda el caso y enviarlo al correo HistoriasClinicas.ca@clinicaazul.co<\/p>\n<\/div>\n<p>[\/vc_column_text][vc_column_text]<\/p>\n<div style=\"text-align: justify;\">\n<p><span style=\"color: #3366ff;\"><b>TIEMPO DE ENVIO <\/b><\/span><\/p>\n<ul>\n<li style=\"font-weight: 400;\" aria-level=\"1\"><span style=\"font-weight: 400;\">Tres d\u00edas h\u00e1biles en caso de solicitud de\u00a0 Paciente \/ Familiar o Representante Legal del paciente incapacitado \/ Interdicto<\/span><\/li>\n<li style=\"font-weight: 400;\" aria-level=\"1\"><span style=\"font-weight: 400;\">Tres a Quince d\u00edas h\u00e1biles en casos de Pacientes Fallecido <\/span><\/li>\n<\/ul>\n<\/div>\n<p>[\/vc_column_text][\/vc_column][\/vc_row][vc_column][\/vc_column][vc_column][\/vc_column]<\/p>\n<\/div>","protected":false},"excerpt":{"rendered":"<p>[vc_row full_width=&#8221;stretch_row&#8221; tlg_large_container=&#8221;extra-container&#8221; tlg_padding=&#8221;pt180 pb180 pt-xs-80 pb-xs-80&#8243; css=&#8221;.vc_custom_1759332539259{background: #ffffff url(https:\/\/azulcima.com\/wp-content\/uploads\/2025\/10\/sefw.jpg?id=11406) !important;background-position: center !important;background-repeat: no-repeat !important;background-size: contain !important;}&#8221;][vc_column][\/vc_column][\/vc_row][vc_row tlg_padding=&#8221;pb0&#8243; el_class=&#8221;fila_titulo&#8221; css=&#8221;.vc_custom_1593138394570{background-color: #ffffff !important;}&#8221;][vc_column width=&#8221;1\/4&#8243;][\/vc_column][vc_column width=&#8221;1\/2&#8243;][\/vc_column][vc_column width=&#8221;1\/4&#8243;][\/vc_column][\/vc_row][vc_row tlg_padding=&#8221;pt0&#8243; tlg_text_align=&#8221;text-center&#8221; css=&#8221;.vc_custom_1593138401704{background-color: #ffffff !important;}&#8221;][vc_column width=&#8221;1\/2&#8243;][vc_column_text] 1- Diligenciar el formato de CONSENTIMIENTO\/ AUTORIZACI\u00d3N PARA ENVIO DE HISTORIA CLINICA POR CORREO ELECTRONICO, en el espacio seg\u00fan sea el caso: Paciente\u00a0 Familiar&#8230;<\/p>\n","protected":false},"author":3,"featured_media":0,"parent":0,"menu_order":0,"comment_status":"closed","ping_status":"closed","template":"","meta":{"footnotes":""},"class_list":["post-10307","page","type-page","status-publish","hentry"],"yoast_head":"<!-- This site is optimized with the Yoast SEO plugin v23.5 - https:\/\/yoast.com\/wordpress\/plugins\/seo\/ -->\n<title>Historia Cl\u00ednica | Azul Cima | Imagenes diagnosticas Bogot\u00e1<\/title>\n<meta name=\"description\" content=\"Conoce la historia cl\u00ednica de Azul Cima ingresando a nuestra p\u00e1gina web. Conoce m\u00e1s informaci\u00f3n y todo lo que deseas saber.\" \/>\n<meta name=\"robots\" content=\"index, follow, max-snippet:-1, max-image-preview:large, max-video-preview:-1\" \/>\n<link rel=\"canonical\" href=\"https:\/\/azulcima.com\/index.php\/historia-clinica\/\" \/>\n<meta property=\"og:locale\" content=\"es_ES\" \/>\n<meta property=\"og:type\" content=\"article\" \/>\n<meta property=\"og:title\" content=\"Historia Cl\u00ednica | Azul Cima | Imagenes diagnosticas Bogot\u00e1\" \/>\n<meta property=\"og:description\" content=\"Conoce la historia cl\u00ednica de Azul Cima ingresando a nuestra p\u00e1gina web. Conoce m\u00e1s informaci\u00f3n y todo lo que deseas saber.\" \/>\n<meta property=\"og:url\" content=\"https:\/\/azulcima.com\/index.php\/historia-clinica\/\" \/>\n<meta property=\"og:site_name\" content=\"M\u00e1s que una cl\u00ednica, una experiencia en salud | Azul Cima\" \/>\n<meta property=\"article:modified_time\" content=\"2025-10-01T15:32:56+00:00\" \/>\n<meta name=\"twitter:card\" content=\"summary_large_image\" \/>\n<meta name=\"twitter:label1\" content=\"Tiempo de lectura\" \/>\n\t<meta name=\"twitter:data1\" content=\"1 minuto\" \/>\n<script type=\"application\/ld+json\" class=\"yoast-schema-graph\">{\"@context\":\"https:\/\/schema.org\",\"@graph\":[{\"@type\":\"WebPage\",\"@id\":\"https:\/\/azulcima.com\/index.php\/historia-clinica\/\",\"url\":\"https:\/\/azulcima.com\/index.php\/historia-clinica\/\",\"name\":\"Historia Cl\u00ednica | Azul Cima | Imagenes diagnosticas Bogot\u00e1\",\"isPartOf\":{\"@id\":\"https:\/\/azulcima.com\/#website\"},\"datePublished\":\"2022-03-29T12:18:13+00:00\",\"dateModified\":\"2025-10-01T15:32:56+00:00\",\"description\":\"Conoce la historia cl\u00ednica de Azul Cima ingresando a nuestra p\u00e1gina web. Conoce m\u00e1s informaci\u00f3n y todo lo que deseas saber.\",\"breadcrumb\":{\"@id\":\"https:\/\/azulcima.com\/index.php\/historia-clinica\/#breadcrumb\"},\"inLanguage\":\"es-CO\",\"potentialAction\":[{\"@type\":\"ReadAction\",\"target\":[\"https:\/\/azulcima.com\/index.php\/historia-clinica\/\"]}]},{\"@type\":\"BreadcrumbList\",\"@id\":\"https:\/\/azulcima.com\/index.php\/historia-clinica\/#breadcrumb\",\"itemListElement\":[{\"@type\":\"ListItem\",\"position\":1,\"name\":\"Home\",\"item\":\"https:\/\/azulcima.com\/\"},{\"@type\":\"ListItem\",\"position\":2,\"name\":\"Historia Clinica\"}]},{\"@type\":\"WebSite\",\"@id\":\"https:\/\/azulcima.com\/#website\",\"url\":\"https:\/\/azulcima.com\/\",\"name\":\"M\u00e1s que una cl\u00ednica, una experiencia en salud | Azul Cima\",\"description\":\"M\u00e1s que una cl\u00ednica, una experiencia en salud |  Somos Azul Cima una de las m\u00e1s innovadoras de Colombia, pensada para brindarte una experiencia en Salud, con servicios de alta complejidad.\",\"publisher\":{\"@id\":\"https:\/\/azulcima.com\/#organization\"},\"potentialAction\":[{\"@type\":\"SearchAction\",\"target\":{\"@type\":\"EntryPoint\",\"urlTemplate\":\"https:\/\/azulcima.com\/?s={search_term_string}\"},\"query-input\":{\"@type\":\"PropertyValueSpecification\",\"valueRequired\":true,\"valueName\":\"search_term_string\"}}],\"inLanguage\":\"es-CO\"},{\"@type\":\"Organization\",\"@id\":\"https:\/\/azulcima.com\/#organization\",\"name\":\"Clinica Azul - Una Experiencia en Salud\",\"url\":\"https:\/\/azulcima.com\/\",\"logo\":{\"@type\":\"ImageObject\",\"inLanguage\":\"es-CO\",\"@id\":\"https:\/\/azulcima.com\/#\/schema\/logo\/image\/\",\"url\":\"http:\/\/azulcima.com\/wp-content\/uploads\/2020\/05\/logo_clinicaAzul_color2X.png\",\"contentUrl\":\"http:\/\/azulcima.com\/wp-content\/uploads\/2020\/05\/logo_clinicaAzul_color2X.png\",\"width\":664,\"height\":132,\"caption\":\"Clinica Azul - Una Experiencia en Salud\"},\"image\":{\"@id\":\"https:\/\/azulcima.com\/#\/schema\/logo\/image\/\"}}]}<\/script>\n<!-- \/ Yoast SEO plugin. -->","yoast_head_json":{"title":"Historia Cl\u00ednica | Azul Cima | Imagenes diagnosticas Bogot\u00e1","description":"Conoce la historia cl\u00ednica de Azul Cima ingresando a nuestra p\u00e1gina web. Conoce m\u00e1s informaci\u00f3n y todo lo que deseas saber.","robots":{"index":"index","follow":"follow","max-snippet":"max-snippet:-1","max-image-preview":"max-image-preview:large","max-video-preview":"max-video-preview:-1"},"canonical":"https:\/\/azulcima.com\/index.php\/historia-clinica\/","og_locale":"es_ES","og_type":"article","og_title":"Historia Cl\u00ednica | Azul Cima | Imagenes diagnosticas Bogot\u00e1","og_description":"Conoce la historia cl\u00ednica de Azul Cima ingresando a nuestra p\u00e1gina web. Conoce m\u00e1s informaci\u00f3n y todo lo que deseas saber.","og_url":"https:\/\/azulcima.com\/index.php\/historia-clinica\/","og_site_name":"M\u00e1s que una cl\u00ednica, una experiencia en salud | Azul Cima","article_modified_time":"2025-10-01T15:32:56+00:00","twitter_card":"summary_large_image","twitter_misc":{"Tiempo de lectura":"1 minuto"},"schema":{"@context":"https:\/\/schema.org","@graph":[{"@type":"WebPage","@id":"https:\/\/azulcima.com\/index.php\/historia-clinica\/","url":"https:\/\/azulcima.com\/index.php\/historia-clinica\/","name":"Historia Cl\u00ednica | Azul Cima | Imagenes diagnosticas Bogot\u00e1","isPartOf":{"@id":"https:\/\/azulcima.com\/#website"},"datePublished":"2022-03-29T12:18:13+00:00","dateModified":"2025-10-01T15:32:56+00:00","description":"Conoce la historia cl\u00ednica de Azul Cima ingresando a nuestra p\u00e1gina web. Conoce m\u00e1s informaci\u00f3n y todo lo que deseas saber.","breadcrumb":{"@id":"https:\/\/azulcima.com\/index.php\/historia-clinica\/#breadcrumb"},"inLanguage":"es-CO","potentialAction":[{"@type":"ReadAction","target":["https:\/\/azulcima.com\/index.php\/historia-clinica\/"]}]},{"@type":"BreadcrumbList","@id":"https:\/\/azulcima.com\/index.php\/historia-clinica\/#breadcrumb","itemListElement":[{"@type":"ListItem","position":1,"name":"Home","item":"https:\/\/azulcima.com\/"},{"@type":"ListItem","position":2,"name":"Historia Clinica"}]},{"@type":"WebSite","@id":"https:\/\/azulcima.com\/#website","url":"https:\/\/azulcima.com\/","name":"M\u00e1s que una cl\u00ednica, una experiencia en salud | Azul Cima","description":"M\u00e1s que una cl\u00ednica, una experiencia en salud |  Somos Azul Cima una de las m\u00e1s innovadoras de Colombia, pensada para brindarte una experiencia en Salud, con servicios de alta complejidad.","publisher":{"@id":"https:\/\/azulcima.com\/#organization"},"potentialAction":[{"@type":"SearchAction","target":{"@type":"EntryPoint","urlTemplate":"https:\/\/azulcima.com\/?s={search_term_string}"},"query-input":{"@type":"PropertyValueSpecification","valueRequired":true,"valueName":"search_term_string"}}],"inLanguage":"es-CO"},{"@type":"Organization","@id":"https:\/\/azulcima.com\/#organization","name":"Clinica Azul - Una Experiencia en Salud","url":"https:\/\/azulcima.com\/","logo":{"@type":"ImageObject","inLanguage":"es-CO","@id":"https:\/\/azulcima.com\/#\/schema\/logo\/image\/","url":"http:\/\/azulcima.com\/wp-content\/uploads\/2020\/05\/logo_clinicaAzul_color2X.png","contentUrl":"http:\/\/azulcima.com\/wp-content\/uploads\/2020\/05\/logo_clinicaAzul_color2X.png","width":664,"height":132,"caption":"Clinica Azul - Una Experiencia en Salud"},"image":{"@id":"https:\/\/azulcima.com\/#\/schema\/logo\/image\/"}}]}},"_links":{"self":[{"href":"https:\/\/azulcima.com\/index.php\/wp-json\/wp\/v2\/pages\/10307"}],"collection":[{"href":"https:\/\/azulcima.com\/index.php\/wp-json\/wp\/v2\/pages"}],"about":[{"href":"https:\/\/azulcima.com\/index.php\/wp-json\/wp\/v2\/types\/page"}],"author":[{"embeddable":true,"href":"https:\/\/azulcima.com\/index.php\/wp-json\/wp\/v2\/users\/3"}],"replies":[{"embeddable":true,"href":"https:\/\/azulcima.com\/index.php\/wp-json\/wp\/v2\/comments?post=10307"}],"version-history":[{"count":25,"href":"https:\/\/azulcima.com\/index.php\/wp-json\/wp\/v2\/pages\/10307\/revisions"}],"predecessor-version":[{"id":11420,"href":"https:\/\/azulcima.com\/index.php\/wp-json\/wp\/v2\/pages\/10307\/revisions\/11420"}],"wp:attachment":[{"href":"https:\/\/azulcima.com\/index.php\/wp-json\/wp\/v2\/media?parent=10307"}],"curies":[{"name":"wp","href":"https:\/\/api.w.org\/{rel}","templated":true}]}}