{"id":10146,"date":"2021-06-03T12:23:54","date_gmt":"2021-06-03T17:23:54","guid":{"rendered":"http:\/\/clinicaazul.com.co\/?page_id=10146"},"modified":"2025-10-01T13:28:26","modified_gmt":"2025-10-01T18:28:26","slug":"servicio-de-hemodinamia-y-electrofisiologia","status":"publish","type":"page","link":"https:\/\/azulcima.com\/index.php\/servicio-de-hemodinamia-y-electrofisiologia\/","title":{"rendered":"Servicio de Hemodinamia y Electrofisiolog\u00eda"},"content":{"rendered":"<div class=\"wpb-content-wrapper\"><p>[vc_row full_width=&#8221;stretch_row&#8221; tlg_large_container=&#8221;extra-container&#8221; tlg_padding=&#8221;pt180 pb180 pt-xs-80 pb-xs-80&#8243; css=&#8221;.vc_custom_1759343302621{background: #ffffff url(https:\/\/azulcima.com\/wp-content\/uploads\/2025\/10\/w4fsdf.jpg?id=11407) !important;background-position: center !important;background-repeat: no-repeat !important;background-size: cover !important;}&#8221;][vc_column]<div class=\"tlg-spacer  \" data-height=\"500\" data-height-tablet=\"400\" data-height-mobile=\"200\" style=\"clear:both;display:block;height:500px;\"><\/div>[\/vc_column][\/vc_row][vc_row css_animation=&#8221;slideInUp&#8221; tlg_padding=&#8221;pb0&#8243; css=&#8221;.vc_custom_1590698168137{background-color: #ffffff !important;}&#8221;][vc_column]<div class=\"headings-title \"><div class=\"mb0 mb-xs-40 text-left\"><h1 style=\"color:#00498b!important;font-size:52px;line-height:62px;letter-spacing:1px!important;text-transform: none!important;\" class=\"widgettitle mb0\">Servicio de Hemodinamia y Electrofisiolog\u00eda<\/h1><\/div><\/div>[\/vc_column][\/vc_row][vc_row tlg_padding=&#8221;pb0&#8243; el_class=&#8221;fila_titulo_servicios&#8221; css=&#8221;.vc_custom_1595710399718{padding-bottom: 0px !important;background-color: #ffffff !important;}&#8221;][vc_column]<section class=\"box-content image-standard  \">\n\t\t\t\t\t\t    <div class=\"container p0-sm-min\">\n\t\t\t\t\t\t        <div class=\"row vertical-flex\">\n\t\t\t\t\t\t            <div class=\"col-md-4 col-sm-5 mb-xs-24 p0-sm-min\"><div class=\"primary-line\"><\/div><div class=\"intro-content-content\"><p>Es un <strong>servicio de alta complejidad<\/strong> dise\u00f1ado para el diagn\u00f3stico y tratamiento de las enfermedades que afectan el sistema cardiovascular, a trav\u00e9s de intervenciones m\u00ednimamente invasivas para el diagn\u00f3stico y tratamiento de enfermedades vasculares cerebrales, abdominales, cardiopulmonares, de miembros superiores e inferiores con tecnolog\u00eda de \u00faltima generaci\u00f3n.<\/p>\n<p>Dentro de las patolog\u00edas que se pueden tratar en el servicio de Hemodianamia se destacan:<\/p>\n<ul>\n<li>Enfermedad coronaria y perif\u00e9rica<\/li>\n<li>Enfermedades cong\u00e9nitas del adulto (comunicaci\u00f3n interauricular, comunicaci\u00f3n interventricular, fistulas arteriovenosas)<\/li>\n<li>enfermedades estructurales del coraz\u00f3n<\/li>\n<li>Enfermedades de aorta<\/li>\n<li>Tromboembolismo pulmonar agudo y cr\u00f3nico, entre otras patolog\u00edas.<\/li>\n<\/ul>\n<p>\n<\/div><\/div>\n\t\t\t\t\t\t            <div class=\"col-md-7 col-md-offset-1 col-sm-6 col-sm-offset-1 text-center p0-sm-min border-radius-m shadow-img\">\n\t\t\t\t\t\t            \t<div class=\"intro-image\"><img loading=\"lazy\" decoding=\"async\" width=\"1200\" height=\"800\" src=\"https:\/\/azulcima.com\/wp-content\/uploads\/2021\/06\/DSC4059-Ret.jpg\" class=\"attachment-full size-full\" alt=\"medicina-prepagada-bogota\" srcset=\"https:\/\/azulcima.com\/wp-content\/uploads\/2021\/06\/DSC4059-Ret.jpg 1200w, https:\/\/azulcima.com\/wp-content\/uploads\/2021\/06\/DSC4059-Ret-300x200.jpg 300w, https:\/\/azulcima.com\/wp-content\/uploads\/2021\/06\/DSC4059-Ret-1024x683.jpg 1024w, https:\/\/azulcima.com\/wp-content\/uploads\/2021\/06\/DSC4059-Ret-768x512.jpg 768w\" sizes=\"(max-width: 1200px) 100vw, 1200px\" \/><\/div>\n\t\t\t\t\t\t            <\/div>\n\t\t\t\t\t\t        <\/div>\n\t\t\t\t\t\t    <\/div>\n\t\t\t\t\t\t<\/section>[\/vc_column][\/vc_row][vc_row tlg_padding=&#8221;pb0&#8243; el_class=&#8221;fila_titulo_servicios&#8221; css=&#8221;.vc_custom_1595710399718{padding-bottom: 0px !important;background-color: #ffffff !important;}&#8221;][vc_column]<section class=\"box-content image-standard  \">\n\t\t\t\t\t\t    <div class=\"container p0-sm-min\">\n\t\t\t\t\t\t        <div class=\"row vertical-flex\">\n\t\t\t\t\t\t            <div class=\"col-md-7 col-sm-6 text-center mb-xs-24 p0-sm-min border-radius-m shadow-img\">\n\t\t\t\t\t\t            \t<div class=\"intro-image\"><img loading=\"lazy\" decoding=\"async\" width=\"1200\" height=\"800\" src=\"https:\/\/azulcima.com\/wp-content\/uploads\/2021\/06\/DSF0289-Ret.jpg\" class=\"attachment-full size-full\" alt=\"medicina-prepagada-bogota\" srcset=\"https:\/\/azulcima.com\/wp-content\/uploads\/2021\/06\/DSF0289-Ret.jpg 1200w, https:\/\/azulcima.com\/wp-content\/uploads\/2021\/06\/DSF0289-Ret-300x200.jpg 300w, https:\/\/azulcima.com\/wp-content\/uploads\/2021\/06\/DSF0289-Ret-1024x683.jpg 1024w, https:\/\/azulcima.com\/wp-content\/uploads\/2021\/06\/DSF0289-Ret-768x512.jpg 768w\" sizes=\"(max-width: 1200px) 100vw, 1200px\" \/><\/div>\n\t\t\t\t\t\t            <\/div>\n\t\t\t\t\t\t            <div class=\"col-md-4 col-md-offset-1 col-sm-5 col-sm-offset-1 p0-sm-min\"><div class=\"primary-line\"><\/div><div class=\"intro-content-content\"><p>Nuestro servicio de Hemodinamia, cuenta con un equipo m\u00e9dico altamente calificado y con experiencia de m\u00e1s de 10 a\u00f1os en diferentes Cl\u00ednicas de alta de complejidad de Bogot\u00e1, compuesto por m\u00e9dicos cardi\u00f3logos intervencionistas, electrofisi\u00f3logos, m\u00e9dicos neurocirujanos intervencionistas; al igual que un grupo interdisciplinario de profesionales especializados y calificados para ofrecer una atenci\u00f3n integral a las personas con enfermedades del coraz\u00f3n y de los grandes vasos, con alto nivel cient\u00edfico y t\u00e9cnico, calidad en el servicio y procesos orientados a la seguridad y mejora de la vida del paciente.<\/p>\n<p>Para la realizaci\u00f3n de los procedimientos, nuestra sala de Hemodinamia esta completamente dotada con tecnolog\u00eda de punta, disponemos de un angi\u00f3grafo de \u00faltima generaci\u00f3n dise\u00f1ado especialmente para filmar las estructuras cardiovasculares desde todos los \u00e1ngulos requeridos seg\u00fan la anatom\u00eda particular del paciente.<\/p>\n<\/div><\/div>\n\t\t\t\t\t\t        <\/div>\n\t\t\t\t\t\t    <\/div>\n\t\t\t\t\t\t<\/section>[\/vc_column][\/vc_row][vc_row tlg_padding=&#8221;pb0&#8243; el_class=&#8221;fila_titulo_servicios&#8221; css=&#8221;.vc_custom_1595710399718{padding-bottom: 0px !important;background-color: #ffffff !important;}&#8221;][vc_column][vc_column_text]<\/p>\n<h3><strong>PROCEDIMIENTOS DE <\/strong><strong>DIAGN\u00d3STICO<\/strong><\/h3>\n<ul>\n<li>Arteriograf\u00eda coronaria y ventriculograma.<\/li>\n<li>Cateterismo cardiaco<\/li>\n<li>Aortograma<\/li>\n<li>Arteriograf\u00eda perif\u00e9rica<\/li>\n<li>Arteriograf\u00eda pulmonar<\/li>\n<\/ul>\n<h3><strong>\u00a0<\/strong><strong>PROCEDIMIENTOS <\/strong><strong>TERAP\u00c9UTICO<\/strong><\/h3>\n<ul>\n<li>Angioplastia coronaria con bal\u00f3n\u00a0 m\u00e1s colocaci\u00f3n de Stent<\/li>\n<li>Angioplastia perif\u00e9rica + Colocaci\u00f3n de Stent<\/li>\n<li>Implantaci\u00f3n de endopr\u00f3tesis a\u00f3rtica<\/li>\n<li>Cierre percut\u00e1neo de CIA \/ CIV<\/li>\n<li>Aneurisma a\u00f3rtico<\/li>\n<li>Aneurisma de arteria il\u00edaca<\/li>\n<li>Aneurisma de arteria femoral<\/li>\n<li>Malformaciones arteriovenosas<\/li>\n<li>Obstrucci\u00f3n arterial y venosa<\/li>\n<\/ul>\n<h3><strong>ELECTROFISIOLOG\u00cdA<br \/>\n<\/strong><\/h3>\n<ul>\n<li>Implante de marcapasos<\/li>\n<li>Implante de cardio resincronizadores<\/li>\n<li>Implante de desfibriladores<\/li>\n<li>Aislamiento de venas pulmonares<\/li>\n<li>Mapeos y ablaciones por radiofrecuencia y 3D<\/li>\n<\/ul>\n<p>[\/vc_column_text][\/vc_column][\/vc_row][vc_row tlg_padding=&#8221;pb0&#8243; el_class=&#8221;fila_titulo&#8221; css=&#8221;.vc_custom_1590099864772{background-color: #ffffff !important;}&#8221;][vc_column]<div class=\"tlg-spacer  \" data-height=\"40\" data-height-tablet=\"30\" data-height-mobile=\"25\" style=\"clear:both;display:block;height:40px;\"><\/div>[\/vc_column][\/vc_row]<\/p>\n<\/div>","protected":false},"excerpt":{"rendered":"<p>[vc_row full_width=&#8221;stretch_row&#8221; tlg_large_container=&#8221;extra-container&#8221; tlg_padding=&#8221;pt180 pb180 pt-xs-80 pb-xs-80&#8243; css=&#8221;.vc_custom_1759343302621{background: #ffffff url(https:\/\/azulcima.com\/wp-content\/uploads\/2025\/10\/w4fsdf.jpg?id=11407) !important;background-position: center !important;background-repeat: no-repeat !important;background-size: cover !important;}&#8221;][vc_column][\/vc_column][\/vc_row][vc_row css_animation=&#8221;slideInUp&#8221; tlg_padding=&#8221;pb0&#8243; css=&#8221;.vc_custom_1590698168137{background-color: #ffffff !important;}&#8221;][vc_column][\/vc_column][\/vc_row][vc_row tlg_padding=&#8221;pb0&#8243; el_class=&#8221;fila_titulo_servicios&#8221; css=&#8221;.vc_custom_1595710399718{padding-bottom: 0px !important;background-color: #ffffff !important;}&#8221;][vc_column][\/vc_column][\/vc_row][vc_row tlg_padding=&#8221;pb0&#8243; el_class=&#8221;fila_titulo_servicios&#8221; css=&#8221;.vc_custom_1595710399718{padding-bottom: 0px !important;background-color: #ffffff !important;}&#8221;][vc_column][\/vc_column][\/vc_row][vc_row tlg_padding=&#8221;pb0&#8243; el_class=&#8221;fila_titulo_servicios&#8221; css=&#8221;.vc_custom_1595710399718{padding-bottom: 0px !important;background-color: #ffffff !important;}&#8221;][vc_column][vc_column_text] PROCEDIMIENTOS DE DIAGN\u00d3STICO Arteriograf\u00eda coronaria y ventriculograma. Cateterismo cardiaco Aortograma Arteriograf\u00eda perif\u00e9rica&#8230;<\/p>\n","protected":false},"author":3,"featured_media":0,"parent":0,"menu_order":0,"comment_status":"closed","ping_status":"closed","template":"","meta":{"footnotes":""},"class_list":["post-10146","page","type-page","status-publish","hentry"],"yoast_head":"<!-- This site is optimized with the Yoast SEO plugin v23.5 - https:\/\/yoast.com\/wordpress\/plugins\/seo\/ -->\n<title>Servicio de Hemodinamia y Electrofisiolog\u00eda | Azul Cima<\/title>\n<meta name=\"description\" content=\"Conoce toda la informaci\u00f3n que necesitas saber sobre nuestro servicio de Hemodinamia y Electrofisiolog\u00eda. Conoce m\u00e1s en nuestra p\u00e1gina.\" \/>\n<meta name=\"robots\" content=\"index, follow, max-snippet:-1, max-image-preview:large, max-video-preview:-1\" \/>\n<link rel=\"canonical\" href=\"https:\/\/azulcima.com\/index.php\/servicio-de-hemodinamia-y-electrofisiologia\/\" \/>\n<meta property=\"og:locale\" content=\"es_ES\" \/>\n<meta property=\"og:type\" content=\"article\" \/>\n<meta property=\"og:title\" content=\"Servicio de Hemodinamia y Electrofisiolog\u00eda | Azul Cima\" \/>\n<meta property=\"og:description\" content=\"Conoce toda la informaci\u00f3n que necesitas saber sobre nuestro servicio de Hemodinamia y Electrofisiolog\u00eda. Conoce m\u00e1s en nuestra p\u00e1gina.\" \/>\n<meta property=\"og:url\" content=\"https:\/\/azulcima.com\/index.php\/servicio-de-hemodinamia-y-electrofisiologia\/\" \/>\n<meta property=\"og:site_name\" content=\"M\u00e1s que una cl\u00ednica, una experiencia en salud | Azul Cima\" \/>\n<meta property=\"article:modified_time\" content=\"2025-10-01T18:28:26+00:00\" \/>\n<meta name=\"twitter:card\" content=\"summary_large_image\" \/>\n<meta name=\"twitter:label1\" content=\"Tiempo de lectura\" \/>\n\t<meta name=\"twitter:data1\" content=\"3 minutos\" \/>\n<script type=\"application\/ld+json\" class=\"yoast-schema-graph\">{\"@context\":\"https:\/\/schema.org\",\"@graph\":[{\"@type\":\"WebPage\",\"@id\":\"https:\/\/azulcima.com\/index.php\/servicio-de-hemodinamia-y-electrofisiologia\/\",\"url\":\"https:\/\/azulcima.com\/index.php\/servicio-de-hemodinamia-y-electrofisiologia\/\",\"name\":\"Servicio de Hemodinamia y Electrofisiolog\u00eda | Azul Cima\",\"isPartOf\":{\"@id\":\"https:\/\/azulcima.com\/#website\"},\"datePublished\":\"2021-06-03T17:23:54+00:00\",\"dateModified\":\"2025-10-01T18:28:26+00:00\",\"description\":\"Conoce toda la informaci\u00f3n que necesitas saber sobre nuestro servicio de Hemodinamia y Electrofisiolog\u00eda. Conoce m\u00e1s en nuestra p\u00e1gina.\",\"breadcrumb\":{\"@id\":\"https:\/\/azulcima.com\/index.php\/servicio-de-hemodinamia-y-electrofisiologia\/#breadcrumb\"},\"inLanguage\":\"es-CO\",\"potentialAction\":[{\"@type\":\"ReadAction\",\"target\":[\"https:\/\/azulcima.com\/index.php\/servicio-de-hemodinamia-y-electrofisiologia\/\"]}]},{\"@type\":\"BreadcrumbList\",\"@id\":\"https:\/\/azulcima.com\/index.php\/servicio-de-hemodinamia-y-electrofisiologia\/#breadcrumb\",\"itemListElement\":[{\"@type\":\"ListItem\",\"position\":1,\"name\":\"Home\",\"item\":\"https:\/\/azulcima.com\/\"},{\"@type\":\"ListItem\",\"position\":2,\"name\":\"Servicio de Hemodinamia y Electrofisiolog\u00eda\"}]},{\"@type\":\"WebSite\",\"@id\":\"https:\/\/azulcima.com\/#website\",\"url\":\"https:\/\/azulcima.com\/\",\"name\":\"M\u00e1s que una cl\u00ednica, una experiencia en salud | Azul Cima\",\"description\":\"M\u00e1s que una cl\u00ednica, una experiencia en salud |  Somos Azul Cima una de las m\u00e1s innovadoras de Colombia, pensada para brindarte una experiencia en Salud, con servicios de alta complejidad.\",\"publisher\":{\"@id\":\"https:\/\/azulcima.com\/#organization\"},\"potentialAction\":[{\"@type\":\"SearchAction\",\"target\":{\"@type\":\"EntryPoint\",\"urlTemplate\":\"https:\/\/azulcima.com\/?s={search_term_string}\"},\"query-input\":{\"@type\":\"PropertyValueSpecification\",\"valueRequired\":true,\"valueName\":\"search_term_string\"}}],\"inLanguage\":\"es-CO\"},{\"@type\":\"Organization\",\"@id\":\"https:\/\/azulcima.com\/#organization\",\"name\":\"Clinica Azul - Una Experiencia en Salud\",\"url\":\"https:\/\/azulcima.com\/\",\"logo\":{\"@type\":\"ImageObject\",\"inLanguage\":\"es-CO\",\"@id\":\"https:\/\/azulcima.com\/#\/schema\/logo\/image\/\",\"url\":\"http:\/\/azulcima.com\/wp-content\/uploads\/2020\/05\/logo_clinicaAzul_color2X.png\",\"contentUrl\":\"http:\/\/azulcima.com\/wp-content\/uploads\/2020\/05\/logo_clinicaAzul_color2X.png\",\"width\":664,\"height\":132,\"caption\":\"Clinica Azul - Una Experiencia en Salud\"},\"image\":{\"@id\":\"https:\/\/azulcima.com\/#\/schema\/logo\/image\/\"}}]}<\/script>\n<!-- \/ Yoast SEO plugin. -->","yoast_head_json":{"title":"Servicio de Hemodinamia y Electrofisiolog\u00eda | Azul Cima","description":"Conoce toda la informaci\u00f3n que necesitas saber sobre nuestro servicio de Hemodinamia y Electrofisiolog\u00eda. Conoce m\u00e1s en nuestra p\u00e1gina.","robots":{"index":"index","follow":"follow","max-snippet":"max-snippet:-1","max-image-preview":"max-image-preview:large","max-video-preview":"max-video-preview:-1"},"canonical":"https:\/\/azulcima.com\/index.php\/servicio-de-hemodinamia-y-electrofisiologia\/","og_locale":"es_ES","og_type":"article","og_title":"Servicio de Hemodinamia y Electrofisiolog\u00eda | Azul Cima","og_description":"Conoce toda la informaci\u00f3n que necesitas saber sobre nuestro servicio de Hemodinamia y Electrofisiolog\u00eda. Conoce m\u00e1s en nuestra p\u00e1gina.","og_url":"https:\/\/azulcima.com\/index.php\/servicio-de-hemodinamia-y-electrofisiologia\/","og_site_name":"M\u00e1s que una cl\u00ednica, una experiencia en salud | Azul Cima","article_modified_time":"2025-10-01T18:28:26+00:00","twitter_card":"summary_large_image","twitter_misc":{"Tiempo de lectura":"3 minutos"},"schema":{"@context":"https:\/\/schema.org","@graph":[{"@type":"WebPage","@id":"https:\/\/azulcima.com\/index.php\/servicio-de-hemodinamia-y-electrofisiologia\/","url":"https:\/\/azulcima.com\/index.php\/servicio-de-hemodinamia-y-electrofisiologia\/","name":"Servicio de Hemodinamia y Electrofisiolog\u00eda | Azul Cima","isPartOf":{"@id":"https:\/\/azulcima.com\/#website"},"datePublished":"2021-06-03T17:23:54+00:00","dateModified":"2025-10-01T18:28:26+00:00","description":"Conoce toda la informaci\u00f3n que necesitas saber sobre nuestro servicio de Hemodinamia y Electrofisiolog\u00eda. Conoce m\u00e1s en nuestra p\u00e1gina.","breadcrumb":{"@id":"https:\/\/azulcima.com\/index.php\/servicio-de-hemodinamia-y-electrofisiologia\/#breadcrumb"},"inLanguage":"es-CO","potentialAction":[{"@type":"ReadAction","target":["https:\/\/azulcima.com\/index.php\/servicio-de-hemodinamia-y-electrofisiologia\/"]}]},{"@type":"BreadcrumbList","@id":"https:\/\/azulcima.com\/index.php\/servicio-de-hemodinamia-y-electrofisiologia\/#breadcrumb","itemListElement":[{"@type":"ListItem","position":1,"name":"Home","item":"https:\/\/azulcima.com\/"},{"@type":"ListItem","position":2,"name":"Servicio de Hemodinamia y Electrofisiolog\u00eda"}]},{"@type":"WebSite","@id":"https:\/\/azulcima.com\/#website","url":"https:\/\/azulcima.com\/","name":"M\u00e1s que una cl\u00ednica, una experiencia en salud | Azul Cima","description":"M\u00e1s que una cl\u00ednica, una experiencia en salud |  Somos Azul Cima una de las m\u00e1s innovadoras de Colombia, pensada para brindarte una experiencia en Salud, con servicios de alta complejidad.","publisher":{"@id":"https:\/\/azulcima.com\/#organization"},"potentialAction":[{"@type":"SearchAction","target":{"@type":"EntryPoint","urlTemplate":"https:\/\/azulcima.com\/?s={search_term_string}"},"query-input":{"@type":"PropertyValueSpecification","valueRequired":true,"valueName":"search_term_string"}}],"inLanguage":"es-CO"},{"@type":"Organization","@id":"https:\/\/azulcima.com\/#organization","name":"Clinica Azul - Una Experiencia en Salud","url":"https:\/\/azulcima.com\/","logo":{"@type":"ImageObject","inLanguage":"es-CO","@id":"https:\/\/azulcima.com\/#\/schema\/logo\/image\/","url":"http:\/\/azulcima.com\/wp-content\/uploads\/2020\/05\/logo_clinicaAzul_color2X.png","contentUrl":"http:\/\/azulcima.com\/wp-content\/uploads\/2020\/05\/logo_clinicaAzul_color2X.png","width":664,"height":132,"caption":"Clinica Azul - Una Experiencia en Salud"},"image":{"@id":"https:\/\/azulcima.com\/#\/schema\/logo\/image\/"}}]}},"_links":{"self":[{"href":"https:\/\/azulcima.com\/index.php\/wp-json\/wp\/v2\/pages\/10146"}],"collection":[{"href":"https:\/\/azulcima.com\/index.php\/wp-json\/wp\/v2\/pages"}],"about":[{"href":"https:\/\/azulcima.com\/index.php\/wp-json\/wp\/v2\/types\/page"}],"author":[{"embeddable":true,"href":"https:\/\/azulcima.com\/index.php\/wp-json\/wp\/v2\/users\/3"}],"replies":[{"embeddable":true,"href":"https:\/\/azulcima.com\/index.php\/wp-json\/wp\/v2\/comments?post=10146"}],"version-history":[{"count":5,"href":"https:\/\/azulcima.com\/index.php\/wp-json\/wp\/v2\/pages\/10146\/revisions"}],"predecessor-version":[{"id":11431,"href":"https:\/\/azulcima.com\/index.php\/wp-json\/wp\/v2\/pages\/10146\/revisions\/11431"}],"wp:attachment":[{"href":"https:\/\/azulcima.com\/index.php\/wp-json\/wp\/v2\/media?parent=10146"}],"curies":[{"name":"wp","href":"https:\/\/api.w.org\/{rel}","templated":true}]}}