{"id":10026,"date":"2020-10-08T19:13:08","date_gmt":"2020-10-09T00:13:08","guid":{"rendered":"http:\/\/clinicaazul.com.co\/?page_id=10026"},"modified":"2025-10-01T11:21:15","modified_gmt":"2025-10-01T16:21:15","slug":"chequeomedicoejecutivobogota","status":"publish","type":"page","link":"https:\/\/azulcima.com\/index.php\/chequeomedicoejecutivobogota\/","title":{"rendered":"Chequeo M\u00e9dico Ejecutivo"},"content":{"rendered":"<div class=\"wpb-content-wrapper\"><p>[vc_row css=&#8221;.vc_custom_1759335671115{background-image: url(https:\/\/azulcima.com\/wp-content\/uploads\/2025\/10\/dbd.jpg?id=11403) !important;}&#8221;][vc_column]<div class=\"tlg-spacer  \" data-height=\"500\" data-height-tablet=\"400\" data-height-mobile=\"200\" style=\"clear:both;display:block;height:500px;\"><\/div><div class=\"headings-title  wpb_animate_when_almost_visible wpb_slideInUp slideInUp\"><div class=\"mb96 mb-xs-40 text-center\"><h1 style=\"color:#FFFFFF!important;\" class=\"widgettitle\">Chequeo M\u00e9dico Ejecutivo<\/h1><\/div><\/div>[\/vc_column][\/vc_row][vc_row][vc_column width=&#8221;1\/4&#8243;][\/vc_column][vc_column width=&#8221;1\/2&#8243;][vc_column_text]<\/p>\n<h3 style=\"text-align: center;\"><b>\u00bfQu\u00e9 es el chequeo m\u00e9dico ejecutivo?<\/b><\/h3>\n<p>[\/vc_column_text][vc_column_text]<span style=\"font-weight: 400;\">El chequeo m\u00e9dico ejecutivo esta\u0301 dise\u00f1ado para hacer un diagnostico del estado actual de la salud en mujeres y hombres de todas las edades y poder medir el riesgo potencial de sufrir enfermedades en el futuro, complementado con la u\u0301ltima tecnologi\u0301a para el cuidado de la salud. <\/span>[\/vc_column_text][\/vc_column][vc_column width=&#8221;1\/4&#8243;][\/vc_column][\/vc_row][vc_row][vc_column width=&#8221;1\/3&#8243;][vc_single_image image=&#8221;10270&#8243; img_size=&#8221;full&#8221; alignment=&#8221;center&#8221;][\/vc_column][vc_column width=&#8221;1\/3&#8243;][vc_single_image image=&#8221;10272&#8243; img_size=&#8221;full&#8221; alignment=&#8221;center&#8221;][\/vc_column][vc_column width=&#8221;1\/3&#8243;][vc_single_image image=&#8221;10273&#8243; img_size=&#8221;full&#8221; alignment=&#8221;center&#8221;][\/vc_column][\/vc_row][vc_row][vc_column][vc_single_image image=&#8221;10285&#8243; img_size=&#8221;full&#8221; alignment=&#8221;center&#8221;][\/vc_column][\/vc_row][vc_row][vc_column][vc_single_image image=&#8221;10287&#8243; img_size=&#8221;full&#8221; alignment=&#8221;center&#8221; onclick=&#8221;custom_link&#8221; img_link_target=&#8221;_blank&#8221; link=&#8221;https:\/\/bit.ly\/3Gxrlmh&#8221;][\/vc_column][\/vc_row]<\/p>\n<\/div>","protected":false},"excerpt":{"rendered":"<p>[vc_row css=&#8221;.vc_custom_1759335671115{background-image: url(https:\/\/azulcima.com\/wp-content\/uploads\/2025\/10\/dbd.jpg?id=11403) !important;}&#8221;][vc_column][\/vc_column][\/vc_row][vc_row][vc_column width=&#8221;1\/4&#8243;][\/vc_column][vc_column width=&#8221;1\/2&#8243;][vc_column_text] \u00bfQu\u00e9 es el chequeo m\u00e9dico ejecutivo? [\/vc_column_text][vc_column_text]El chequeo m\u00e9dico ejecutivo esta\u0301 dise\u00f1ado para hacer un diagnostico del estado actual de la salud en mujeres y hombres de todas las edades y poder medir el riesgo potencial de sufrir enfermedades en el futuro, complementado con la u\u0301ltima tecnologi\u0301a para el&#8230;<\/p>\n","protected":false},"author":3,"featured_media":0,"parent":0,"menu_order":0,"comment_status":"closed","ping_status":"closed","template":"","meta":{"footnotes":""},"class_list":["post-10026","page","type-page","status-publish","hentry"],"yoast_head":"<!-- This site is optimized with the Yoast SEO plugin v23.5 - https:\/\/yoast.com\/wordpress\/plugins\/seo\/ -->\n<title>Chequeo M\u00e9dico Ejecutivo | Azul Cima | Servisalud urgencias<\/title>\n<meta name=\"description\" content=\"Realizarse un Chequeo M\u00e9dico Ejecutivo te permite evaluar el estado real de tu salud, para tener una vida m\u00e1s larga y de mejor calidad.\" \/>\n<meta name=\"robots\" content=\"index, follow, max-snippet:-1, max-image-preview:large, max-video-preview:-1\" \/>\n<link rel=\"canonical\" href=\"https:\/\/azulcima.com\/index.php\/chequeomedicoejecutivobogota\/\" \/>\n<meta property=\"og:locale\" content=\"es_ES\" \/>\n<meta property=\"og:type\" content=\"article\" \/>\n<meta property=\"og:title\" content=\"Chequeo M\u00e9dico Ejecutivo | Azul Cima | Servisalud urgencias\" \/>\n<meta property=\"og:description\" content=\"Realizarse un Chequeo M\u00e9dico Ejecutivo te permite evaluar el estado real de tu salud, para tener una vida m\u00e1s larga y de mejor calidad.\" \/>\n<meta property=\"og:url\" content=\"https:\/\/azulcima.com\/index.php\/chequeomedicoejecutivobogota\/\" \/>\n<meta property=\"og:site_name\" content=\"M\u00e1s que una cl\u00ednica, una experiencia en salud | Azul Cima\" \/>\n<meta property=\"article:modified_time\" content=\"2025-10-01T16:21:15+00:00\" \/>\n<meta name=\"twitter:card\" content=\"summary_large_image\" \/>\n<meta name=\"twitter:label1\" content=\"Tiempo de lectura\" \/>\n\t<meta name=\"twitter:data1\" content=\"2 minutos\" \/>\n<script type=\"application\/ld+json\" class=\"yoast-schema-graph\">{\"@context\":\"https:\/\/schema.org\",\"@graph\":[{\"@type\":\"WebPage\",\"@id\":\"https:\/\/azulcima.com\/index.php\/chequeomedicoejecutivobogota\/\",\"url\":\"https:\/\/azulcima.com\/index.php\/chequeomedicoejecutivobogota\/\",\"name\":\"Chequeo M\u00e9dico Ejecutivo | Azul Cima | Servisalud urgencias\",\"isPartOf\":{\"@id\":\"https:\/\/azulcima.com\/#website\"},\"datePublished\":\"2020-10-09T00:13:08+00:00\",\"dateModified\":\"2025-10-01T16:21:15+00:00\",\"description\":\"Realizarse un Chequeo M\u00e9dico Ejecutivo te permite evaluar el estado real de tu salud, para tener una vida m\u00e1s larga y de mejor calidad.\",\"breadcrumb\":{\"@id\":\"https:\/\/azulcima.com\/index.php\/chequeomedicoejecutivobogota\/#breadcrumb\"},\"inLanguage\":\"es-CO\",\"potentialAction\":[{\"@type\":\"ReadAction\",\"target\":[\"https:\/\/azulcima.com\/index.php\/chequeomedicoejecutivobogota\/\"]}]},{\"@type\":\"BreadcrumbList\",\"@id\":\"https:\/\/azulcima.com\/index.php\/chequeomedicoejecutivobogota\/#breadcrumb\",\"itemListElement\":[{\"@type\":\"ListItem\",\"position\":1,\"name\":\"Home\",\"item\":\"https:\/\/azulcima.com\/\"},{\"@type\":\"ListItem\",\"position\":2,\"name\":\"Chequeo M\u00e9dico Ejecutivo\"}]},{\"@type\":\"WebSite\",\"@id\":\"https:\/\/azulcima.com\/#website\",\"url\":\"https:\/\/azulcima.com\/\",\"name\":\"M\u00e1s que una cl\u00ednica, una experiencia en salud | Azul Cima\",\"description\":\"M\u00e1s que una cl\u00ednica, una experiencia en salud |  Somos Azul Cima una de las m\u00e1s innovadoras de Colombia, pensada para brindarte una experiencia en Salud, con servicios de alta complejidad.\",\"publisher\":{\"@id\":\"https:\/\/azulcima.com\/#organization\"},\"potentialAction\":[{\"@type\":\"SearchAction\",\"target\":{\"@type\":\"EntryPoint\",\"urlTemplate\":\"https:\/\/azulcima.com\/?s={search_term_string}\"},\"query-input\":{\"@type\":\"PropertyValueSpecification\",\"valueRequired\":true,\"valueName\":\"search_term_string\"}}],\"inLanguage\":\"es-CO\"},{\"@type\":\"Organization\",\"@id\":\"https:\/\/azulcima.com\/#organization\",\"name\":\"Clinica Azul - Una Experiencia en Salud\",\"url\":\"https:\/\/azulcima.com\/\",\"logo\":{\"@type\":\"ImageObject\",\"inLanguage\":\"es-CO\",\"@id\":\"https:\/\/azulcima.com\/#\/schema\/logo\/image\/\",\"url\":\"http:\/\/azulcima.com\/wp-content\/uploads\/2020\/05\/logo_clinicaAzul_color2X.png\",\"contentUrl\":\"http:\/\/azulcima.com\/wp-content\/uploads\/2020\/05\/logo_clinicaAzul_color2X.png\",\"width\":664,\"height\":132,\"caption\":\"Clinica Azul - Una Experiencia en Salud\"},\"image\":{\"@id\":\"https:\/\/azulcima.com\/#\/schema\/logo\/image\/\"}}]}<\/script>\n<!-- \/ Yoast SEO plugin. -->","yoast_head_json":{"title":"Chequeo M\u00e9dico Ejecutivo | Azul Cima | Servisalud urgencias","description":"Realizarse un Chequeo M\u00e9dico Ejecutivo te permite evaluar el estado real de tu salud, para tener una vida m\u00e1s larga y de mejor calidad.","robots":{"index":"index","follow":"follow","max-snippet":"max-snippet:-1","max-image-preview":"max-image-preview:large","max-video-preview":"max-video-preview:-1"},"canonical":"https:\/\/azulcima.com\/index.php\/chequeomedicoejecutivobogota\/","og_locale":"es_ES","og_type":"article","og_title":"Chequeo M\u00e9dico Ejecutivo | Azul Cima | Servisalud urgencias","og_description":"Realizarse un Chequeo M\u00e9dico Ejecutivo te permite evaluar el estado real de tu salud, para tener una vida m\u00e1s larga y de mejor calidad.","og_url":"https:\/\/azulcima.com\/index.php\/chequeomedicoejecutivobogota\/","og_site_name":"M\u00e1s que una cl\u00ednica, una experiencia en salud | Azul Cima","article_modified_time":"2025-10-01T16:21:15+00:00","twitter_card":"summary_large_image","twitter_misc":{"Tiempo de lectura":"2 minutos"},"schema":{"@context":"https:\/\/schema.org","@graph":[{"@type":"WebPage","@id":"https:\/\/azulcima.com\/index.php\/chequeomedicoejecutivobogota\/","url":"https:\/\/azulcima.com\/index.php\/chequeomedicoejecutivobogota\/","name":"Chequeo M\u00e9dico Ejecutivo | Azul Cima | Servisalud urgencias","isPartOf":{"@id":"https:\/\/azulcima.com\/#website"},"datePublished":"2020-10-09T00:13:08+00:00","dateModified":"2025-10-01T16:21:15+00:00","description":"Realizarse un Chequeo M\u00e9dico Ejecutivo te permite evaluar el estado real de tu salud, para tener una vida m\u00e1s larga y de mejor calidad.","breadcrumb":{"@id":"https:\/\/azulcima.com\/index.php\/chequeomedicoejecutivobogota\/#breadcrumb"},"inLanguage":"es-CO","potentialAction":[{"@type":"ReadAction","target":["https:\/\/azulcima.com\/index.php\/chequeomedicoejecutivobogota\/"]}]},{"@type":"BreadcrumbList","@id":"https:\/\/azulcima.com\/index.php\/chequeomedicoejecutivobogota\/#breadcrumb","itemListElement":[{"@type":"ListItem","position":1,"name":"Home","item":"https:\/\/azulcima.com\/"},{"@type":"ListItem","position":2,"name":"Chequeo M\u00e9dico Ejecutivo"}]},{"@type":"WebSite","@id":"https:\/\/azulcima.com\/#website","url":"https:\/\/azulcima.com\/","name":"M\u00e1s que una cl\u00ednica, una experiencia en salud | Azul Cima","description":"M\u00e1s que una cl\u00ednica, una experiencia en salud |  Somos Azul Cima una de las m\u00e1s innovadoras de Colombia, pensada para brindarte una experiencia en Salud, con servicios de alta complejidad.","publisher":{"@id":"https:\/\/azulcima.com\/#organization"},"potentialAction":[{"@type":"SearchAction","target":{"@type":"EntryPoint","urlTemplate":"https:\/\/azulcima.com\/?s={search_term_string}"},"query-input":{"@type":"PropertyValueSpecification","valueRequired":true,"valueName":"search_term_string"}}],"inLanguage":"es-CO"},{"@type":"Organization","@id":"https:\/\/azulcima.com\/#organization","name":"Clinica Azul - Una Experiencia en Salud","url":"https:\/\/azulcima.com\/","logo":{"@type":"ImageObject","inLanguage":"es-CO","@id":"https:\/\/azulcima.com\/#\/schema\/logo\/image\/","url":"http:\/\/azulcima.com\/wp-content\/uploads\/2020\/05\/logo_clinicaAzul_color2X.png","contentUrl":"http:\/\/azulcima.com\/wp-content\/uploads\/2020\/05\/logo_clinicaAzul_color2X.png","width":664,"height":132,"caption":"Clinica Azul - Una Experiencia en Salud"},"image":{"@id":"https:\/\/azulcima.com\/#\/schema\/logo\/image\/"}}]}},"_links":{"self":[{"href":"https:\/\/azulcima.com\/index.php\/wp-json\/wp\/v2\/pages\/10026"}],"collection":[{"href":"https:\/\/azulcima.com\/index.php\/wp-json\/wp\/v2\/pages"}],"about":[{"href":"https:\/\/azulcima.com\/index.php\/wp-json\/wp\/v2\/types\/page"}],"author":[{"embeddable":true,"href":"https:\/\/azulcima.com\/index.php\/wp-json\/wp\/v2\/users\/3"}],"replies":[{"embeddable":true,"href":"https:\/\/azulcima.com\/index.php\/wp-json\/wp\/v2\/comments?post=10026"}],"version-history":[{"count":41,"href":"https:\/\/azulcima.com\/index.php\/wp-json\/wp\/v2\/pages\/10026\/revisions"}],"predecessor-version":[{"id":11426,"href":"https:\/\/azulcima.com\/index.php\/wp-json\/wp\/v2\/pages\/10026\/revisions\/11426"}],"wp:attachment":[{"href":"https:\/\/azulcima.com\/index.php\/wp-json\/wp\/v2\/media?parent=10026"}],"curies":[{"name":"wp","href":"https:\/\/api.w.org\/{rel}","templated":true}]}}