{"id":10014,"date":"2020-10-08T18:02:18","date_gmt":"2020-10-08T23:02:18","guid":{"rendered":"http:\/\/clinicaazul.com.co\/?page_id=10014"},"modified":"2025-08-13T16:56:17","modified_gmt":"2025-08-13T21:56:17","slug":"consultaprioritaria","status":"publish","type":"page","link":"https:\/\/azulcima.com\/index.php\/consultaprioritaria\/","title":{"rendered":"Consulta prioritaria"},"content":{"rendered":"<div class=\"wpb-content-wrapper\"><p>[vc_row full_width=&#8221;stretch_row&#8221; tlg_large_container=&#8221;extra-container&#8221; tlg_padding=&#8221;pt180 pb180 pt-xs-80 pb-xs-80&#8243; css=&#8221;.vc_custom_1602201195843{background: #ffffff url(http:\/\/azulcima.com\/wp-content\/uploads\/2020\/10\/20200909_110921-1-scaled.jpg?id=10023) !important;}&#8221;][vc_column]<div class=\"tlg-spacer  \" data-height=\"80\" data-height-tablet=\"60\" data-height-mobile=\"50\" style=\"clear:both;display:block;height:80px;\"><\/div>[\/vc_column][\/vc_row][vc_row css_animation=&#8221;slideInUp&#8221; tlg_padding=&#8221;pb0&#8243; css=&#8221;.vc_custom_1590698168137{background-color: #ffffff !important;}&#8221;][vc_column]<div class=\"headings-title \"><div class=\"mb0 mb-xs-40 text-left\"><h1 style=\"color:#00498b!important;font-size:52px;line-height:62px;letter-spacing:1px!important;text-transform: none!important;\" class=\"widgettitle mb0\">Consulta prioritaria<\/h1><\/div><\/div>[\/vc_column][\/vc_row][vc_row tlg_padding=&#8221;pb0&#8243;][vc_column]<section class=\"box-content image-standard  \">\n\t\t\t\t\t\t    <div class=\"container p0-sm-min\">\n\t\t\t\t\t\t        <div class=\"row vertical-flex\">\n\t\t\t\t\t\t            <div class=\"col-md-4 col-sm-5 mb-xs-24 p0-sm-min\"><div class=\"primary-line\"><\/div><div class=\"intro-content-content\"><p><strong>\u00bfEn qu\u00e9 consiste?<\/strong><\/p>\n<p>La consulta prioritaria\u00a0<strong>es una consulta de medicina general para el manejo de las enfermedades que no son urgencia y no comprometen la vida del paciente.<\/strong>\u00a0Sin embargo, requiere valoraci\u00f3n m\u00e9dica.<\/p>\n<p>&nbsp;<\/p>\n<p><strong>Servicio caracterizado por<\/strong><\/p>\n<ul>\n<li>Sin cita previa<\/li>\n<li>Atenci\u00f3n realizada por un m\u00e9dico especialista<\/li>\n<li>Brinda al paciente una atenci\u00f3n m\u00e1s r\u00e1pida evitando incomodidad y congesti\u00f3n<\/li>\n<li>Est\u00e1 completamente dotado con elementos y materiales para la realizaci\u00f3n de procedimientos menores.<\/li>\n<\/ul>\n<ul>\n<li>Resolutividad Medica de la patolog\u00eda por la que consulta no mayor a 2 horas.<\/li>\n<\/ul>\n<p><strong>Recomendaciones Especiales <\/strong><\/p>\n<ol>\n<li>Llamarse prioritaria no implica que la atenci\u00f3n sea inmediata, un n\u00famero importante de pacientes viene a Consulta Prioritaria, teniendo s\u00edntomas de largo tiempo que bien podr\u00edan haber sido valorados por Consulta Externa, de todas maneras, son atendidos.<\/li>\n<li>Antes de recibir atenci\u00f3n por el\/a m\u00e9dico\/a, que en nuestro caso es siempre un\/a especialista, debe contar con la autorizaci\u00f3n m\u00e9dica.<\/li>\n<li>Horario de atenci\u00f3n: Lunes a Domingo de 7:00 a.m. a 6:00 p.m.<\/li>\n<\/ol>\n<p>&nbsp;<\/p>\n<p>&nbsp;<\/p>\n<p>\n<\/div><\/div>\n\t\t\t\t\t\t            <div class=\"col-md-7 col-md-offset-1 col-sm-6 col-sm-offset-1 text-center p0-sm-min border-radius-m shadow-img\">\n\t\t\t\t\t\t            \t<div class=\"intro-image\"><img loading=\"lazy\" decoding=\"async\" width=\"1280\" height=\"960\" src=\"https:\/\/azulcima.com\/wp-content\/uploads\/2020\/10\/IMG-20200909-WA0011-1.jpg\" class=\"attachment-full size-full\" alt=\"venta-de-medicamentos\" srcset=\"https:\/\/azulcima.com\/wp-content\/uploads\/2020\/10\/IMG-20200909-WA0011-1.jpg 1280w, https:\/\/azulcima.com\/wp-content\/uploads\/2020\/10\/IMG-20200909-WA0011-1-300x225.jpg 300w, https:\/\/azulcima.com\/wp-content\/uploads\/2020\/10\/IMG-20200909-WA0011-1-1024x768.jpg 1024w, https:\/\/azulcima.com\/wp-content\/uploads\/2020\/10\/IMG-20200909-WA0011-1-768x576.jpg 768w, https:\/\/azulcima.com\/wp-content\/uploads\/2020\/10\/IMG-20200909-WA0011-1-600x450.jpg 600w, https:\/\/azulcima.com\/wp-content\/uploads\/2020\/10\/IMG-20200909-WA0011-1-960x720.jpg 960w\" sizes=\"(max-width: 1280px) 100vw, 1280px\" \/><\/div>\n\t\t\t\t\t\t            <\/div>\n\t\t\t\t\t\t        <\/div>\n\t\t\t\t\t\t    <\/div>\n\t\t\t\t\t\t<\/section>[\/vc_column][\/vc_row][vc_row tlg_padding=&#8221;pt0 pb0&#8243;][vc_column offset=&#8221;vc_hidden-lg vc_hidden-md&#8221;]<section class=\"box-content image-standard  \">\n\t\t\t\t\t\t    <div class=\"container p0-sm-min\">\n\t\t\t\t\t\t        <div class=\"row vertical-flex\">\n\t\t\t\t\t\t            <div class=\"col-md-4 col-sm-5 mb-xs-24 p0-sm-min\"><h2  class=\"widgettitle mb8\">PH Metr\u00eda<\/h2><div class=\"primary-line\"><\/div><div class=\"intro-content-content\"><p>Esta prueba sirve para cuantificar el \u00e1cido que existe en el es\u00f3fago.<\/p>\n<p>Para su realizaci\u00f3n, se coloca una sonda muy fina en el es\u00f3fago con uno o varios sensores en su porci\u00f3n final. Esta sonda est\u00e1 conectada a un registrador port\u00e1til de peque\u00f1o tama\u00f1o.<\/p>\n<p>Los resultados pueden ayudar a identificar causas de dolor tor\u00e1cico, ardor o, en algunos casos, problemas como dificultad o molestias durante el paso del alimento de la boca al est\u00f3mago.<\/p>\n<\/div><\/div>\n\t\t\t\t\t\t            <div class=\"col-md-7 col-md-offset-1 col-sm-6 col-sm-offset-1 text-center p0-sm-min border-radius-m shadow-img\">\n\t\t\t\t\t\t            \t<div class=\"intro-image\"><img loading=\"lazy\" decoding=\"async\" width=\"960\" height=\"640\" src=\"https:\/\/azulcima.com\/wp-content\/uploads\/2020\/07\/ph_metria.jpg\" class=\"attachment-full size-full\" alt=\"medplus-medicina-prepagada-cali\" srcset=\"https:\/\/azulcima.com\/wp-content\/uploads\/2020\/07\/ph_metria.jpg 960w, https:\/\/azulcima.com\/wp-content\/uploads\/2020\/07\/ph_metria-300x200.jpg 300w, https:\/\/azulcima.com\/wp-content\/uploads\/2020\/07\/ph_metria-768x512.jpg 768w\" sizes=\"(max-width: 960px) 100vw, 960px\" \/><\/div>\n\t\t\t\t\t\t            <\/div>\n\t\t\t\t\t\t        <\/div>\n\t\t\t\t\t\t    <\/div>\n\t\t\t\t\t\t<\/section>[\/vc_column][\/vc_row][vc_row tlg_padding=&#8221;pt0 pb0&#8243;][vc_column offset=&#8221;vc_hidden-lg vc_hidden-md&#8221;]<section class=\"box-content image-standard  \">\n\t\t\t\t\t\t    <div class=\"container p0-sm-min\">\n\t\t\t\t\t\t        <div class=\"row vertical-flex\">\n\t\t\t\t\t\t            <div class=\"col-md-4 col-sm-5 mb-xs-24 p0-sm-min\"><h2  class=\"widgettitle mb8\">Manometr\u00eda de alta resoluci\u00f3n<\/h2><div class=\"primary-line\"><\/div><div class=\"intro-content-content\"><p>Es una prueba diagn\u00f3stica que sirve para evaluar la motilidad del es\u00f3fago y sus esf\u00ednteres. Se valora la capacidad contr\u00e1ctil del cuerpo esof\u00e1gico durante la degluci\u00f3n como el tono del esf\u00ednter esof\u00e1gico superior e inferior. El procedimiento consiste en la introducci\u00f3n de una sonda fina por la nariz hasta el est\u00f3mago con t\u00e9cnicas que hacen del procedimiento sea lo m\u00e1s c\u00f3modo posible.<\/p>\n<\/div><\/div>\n\t\t\t\t\t\t            <div class=\"col-md-7 col-md-offset-1 col-sm-6 col-sm-offset-1 text-center p0-sm-min border-radius-m shadow-img\">\n\t\t\t\t\t\t            \t<div class=\"intro-image\"><img loading=\"lazy\" decoding=\"async\" width=\"960\" height=\"640\" src=\"https:\/\/azulcima.com\/wp-content\/uploads\/2020\/07\/manometria.jpg\" class=\"attachment-full size-full\" alt=\"medplus-medicina-prepagada-cali\" srcset=\"https:\/\/azulcima.com\/wp-content\/uploads\/2020\/07\/manometria.jpg 960w, https:\/\/azulcima.com\/wp-content\/uploads\/2020\/07\/manometria-300x200.jpg 300w, https:\/\/azulcima.com\/wp-content\/uploads\/2020\/07\/manometria-768x512.jpg 768w\" sizes=\"(max-width: 960px) 100vw, 960px\" \/><\/div>\n\t\t\t\t\t\t            <\/div>\n\t\t\t\t\t\t        <\/div>\n\t\t\t\t\t\t    <\/div>\n\t\t\t\t\t\t<\/section>[\/vc_column][\/vc_row][vc_row tlg_padding=&#8221;pt0&#8243;][vc_column offset=&#8221;vc_hidden-lg vc_hidden-md&#8221;]<section class=\"box-content image-standard  \">\n\t\t\t\t\t\t    <div class=\"container p0-sm-min\">\n\t\t\t\t\t\t        <div class=\"row vertical-flex\">\n\t\t\t\t\t\t            <div class=\"col-md-4 col-sm-5 mb-xs-24 p0-sm-min\"><h2  class=\"widgettitle mb8\">Colangiograf\u00eda<\/h2><div class=\"primary-line\"><\/div><div class=\"intro-content-content\"><p>Procedimiento que se realiza por la especialidad de Gastroenterolog\u00eda, con el objetivo de estudiar los conductos del h\u00edgado y el p\u00e1ncreas. Este procedimiento se realiza con t\u00e9cnica endosc\u00f3pica y permite el acceso a la v\u00eda biliar o pancre\u00e1tica a trav\u00e9s de la boca mediante un endoscopio flexible por v\u00eda oral, mientras el paciente se encuentra sedado.<\/p>\n<\/div><\/div>\n\t\t\t\t\t\t            <div class=\"col-md-7 col-md-offset-1 col-sm-6 col-sm-offset-1 text-center p0-sm-min border-radius-m shadow-img\">\n\t\t\t\t\t\t            \t<div class=\"intro-image\"><img loading=\"lazy\" decoding=\"async\" width=\"960\" height=\"640\" src=\"https:\/\/azulcima.com\/wp-content\/uploads\/2020\/07\/Colangiografia.jpg\" class=\"attachment-full size-full\" alt=\"medplus-medicina-prepagada-cali\" srcset=\"https:\/\/azulcima.com\/wp-content\/uploads\/2020\/07\/Colangiografia.jpg 960w, https:\/\/azulcima.com\/wp-content\/uploads\/2020\/07\/Colangiografia-300x200.jpg 300w, https:\/\/azulcima.com\/wp-content\/uploads\/2020\/07\/Colangiografia-768x512.jpg 768w\" sizes=\"(max-width: 960px) 100vw, 960px\" \/><\/div>\n\t\t\t\t\t\t            <\/div>\n\t\t\t\t\t\t        <\/div>\n\t\t\t\t\t\t    <\/div>\n\t\t\t\t\t\t<\/section>[\/vc_column][\/vc_row]<\/p>\n<\/div>","protected":false},"excerpt":{"rendered":"<p>[vc_row full_width=&#8221;stretch_row&#8221; tlg_large_container=&#8221;extra-container&#8221; tlg_padding=&#8221;pt180 pb180 pt-xs-80 pb-xs-80&#8243; css=&#8221;.vc_custom_1602201195843{background: #ffffff url(http:\/\/azulcima.com\/wp-content\/uploads\/2020\/10\/20200909_110921-1-scaled.jpg?id=10023) !important;}&#8221;][vc_column][\/vc_column][\/vc_row][vc_row css_animation=&#8221;slideInUp&#8221; tlg_padding=&#8221;pb0&#8243; css=&#8221;.vc_custom_1590698168137{background-color: #ffffff !important;}&#8221;][vc_column][\/vc_column][\/vc_row][vc_row tlg_padding=&#8221;pb0&#8243;][vc_column][\/vc_column][\/vc_row][vc_row tlg_padding=&#8221;pt0 pb0&#8243;][vc_column offset=&#8221;vc_hidden-lg vc_hidden-md&#8221;][\/vc_column][\/vc_row][vc_row tlg_padding=&#8221;pt0 pb0&#8243;][vc_column offset=&#8221;vc_hidden-lg vc_hidden-md&#8221;][\/vc_column][\/vc_row][vc_row tlg_padding=&#8221;pt0&#8243;][vc_column offset=&#8221;vc_hidden-lg vc_hidden-md&#8221;][\/vc_column][\/vc_row]<\/p>\n","protected":false},"author":3,"featured_media":0,"parent":0,"menu_order":0,"comment_status":"closed","ping_status":"closed","template":"","meta":{"footnotes":""},"class_list":["post-10014","page","type-page","status-publish","hentry"],"yoast_head":"<!-- This site is optimized with the Yoast SEO plugin v23.5 - https:\/\/yoast.com\/wordpress\/plugins\/seo\/ -->\n<title>Consulta prioritaria | Azul Cima | Servisalud urgencias<\/title>\n<meta name=\"description\" content=\"En Azul Cima prestamos servicio de consulta prioritaria para enfermedades que no comprometen la vida del paciente.\" \/>\n<meta name=\"robots\" content=\"index, follow, max-snippet:-1, max-image-preview:large, max-video-preview:-1\" \/>\n<link rel=\"canonical\" href=\"https:\/\/azulcima.com\/index.php\/consultaprioritaria\/\" \/>\n<meta property=\"og:locale\" content=\"es_ES\" \/>\n<meta property=\"og:type\" content=\"article\" \/>\n<meta property=\"og:title\" content=\"Consulta prioritaria | Azul Cima | Servisalud urgencias\" \/>\n<meta property=\"og:description\" content=\"En Azul Cima prestamos servicio de consulta prioritaria para enfermedades que no comprometen la vida del paciente.\" \/>\n<meta property=\"og:url\" content=\"https:\/\/azulcima.com\/index.php\/consultaprioritaria\/\" \/>\n<meta property=\"og:site_name\" content=\"M\u00e1s que una cl\u00ednica, una experiencia en salud | Azul Cima\" \/>\n<meta property=\"article:modified_time\" content=\"2025-08-13T21:56:17+00:00\" \/>\n<meta name=\"twitter:card\" content=\"summary_large_image\" \/>\n<meta name=\"twitter:label1\" content=\"Tiempo de lectura\" \/>\n\t<meta name=\"twitter:data1\" content=\"3 minutos\" \/>\n<script type=\"application\/ld+json\" class=\"yoast-schema-graph\">{\"@context\":\"https:\/\/schema.org\",\"@graph\":[{\"@type\":\"WebPage\",\"@id\":\"https:\/\/azulcima.com\/index.php\/consultaprioritaria\/\",\"url\":\"https:\/\/azulcima.com\/index.php\/consultaprioritaria\/\",\"name\":\"Consulta prioritaria | Azul Cima | Servisalud urgencias\",\"isPartOf\":{\"@id\":\"https:\/\/azulcima.com\/#website\"},\"datePublished\":\"2020-10-08T23:02:18+00:00\",\"dateModified\":\"2025-08-13T21:56:17+00:00\",\"description\":\"En Azul Cima prestamos servicio de consulta prioritaria para enfermedades que no comprometen la vida del paciente.\",\"breadcrumb\":{\"@id\":\"https:\/\/azulcima.com\/index.php\/consultaprioritaria\/#breadcrumb\"},\"inLanguage\":\"es-CO\",\"potentialAction\":[{\"@type\":\"ReadAction\",\"target\":[\"https:\/\/azulcima.com\/index.php\/consultaprioritaria\/\"]}]},{\"@type\":\"BreadcrumbList\",\"@id\":\"https:\/\/azulcima.com\/index.php\/consultaprioritaria\/#breadcrumb\",\"itemListElement\":[{\"@type\":\"ListItem\",\"position\":1,\"name\":\"Home\",\"item\":\"https:\/\/azulcima.com\/\"},{\"@type\":\"ListItem\",\"position\":2,\"name\":\"Consulta prioritaria\"}]},{\"@type\":\"WebSite\",\"@id\":\"https:\/\/azulcima.com\/#website\",\"url\":\"https:\/\/azulcima.com\/\",\"name\":\"M\u00e1s que una cl\u00ednica, una experiencia en salud | Azul Cima\",\"description\":\"M\u00e1s que una cl\u00ednica, una experiencia en salud |  Somos Azul Cima una de las m\u00e1s innovadoras de Colombia, pensada para brindarte una experiencia en Salud, con servicios de alta complejidad.\",\"publisher\":{\"@id\":\"https:\/\/azulcima.com\/#organization\"},\"potentialAction\":[{\"@type\":\"SearchAction\",\"target\":{\"@type\":\"EntryPoint\",\"urlTemplate\":\"https:\/\/azulcima.com\/?s={search_term_string}\"},\"query-input\":{\"@type\":\"PropertyValueSpecification\",\"valueRequired\":true,\"valueName\":\"search_term_string\"}}],\"inLanguage\":\"es-CO\"},{\"@type\":\"Organization\",\"@id\":\"https:\/\/azulcima.com\/#organization\",\"name\":\"Clinica Azul - Una Experiencia en Salud\",\"url\":\"https:\/\/azulcima.com\/\",\"logo\":{\"@type\":\"ImageObject\",\"inLanguage\":\"es-CO\",\"@id\":\"https:\/\/azulcima.com\/#\/schema\/logo\/image\/\",\"url\":\"http:\/\/azulcima.com\/wp-content\/uploads\/2020\/05\/logo_clinicaAzul_color2X.png\",\"contentUrl\":\"http:\/\/azulcima.com\/wp-content\/uploads\/2020\/05\/logo_clinicaAzul_color2X.png\",\"width\":664,\"height\":132,\"caption\":\"Clinica Azul - Una Experiencia en Salud\"},\"image\":{\"@id\":\"https:\/\/azulcima.com\/#\/schema\/logo\/image\/\"}}]}<\/script>\n<!-- \/ Yoast SEO plugin. -->","yoast_head_json":{"title":"Consulta prioritaria | Azul Cima | Servisalud urgencias","description":"En Azul Cima prestamos servicio de consulta prioritaria para enfermedades que no comprometen la vida del paciente.","robots":{"index":"index","follow":"follow","max-snippet":"max-snippet:-1","max-image-preview":"max-image-preview:large","max-video-preview":"max-video-preview:-1"},"canonical":"https:\/\/azulcima.com\/index.php\/consultaprioritaria\/","og_locale":"es_ES","og_type":"article","og_title":"Consulta prioritaria | Azul Cima | Servisalud urgencias","og_description":"En Azul Cima prestamos servicio de consulta prioritaria para enfermedades que no comprometen la vida del paciente.","og_url":"https:\/\/azulcima.com\/index.php\/consultaprioritaria\/","og_site_name":"M\u00e1s que una cl\u00ednica, una experiencia en salud | Azul Cima","article_modified_time":"2025-08-13T21:56:17+00:00","twitter_card":"summary_large_image","twitter_misc":{"Tiempo de lectura":"3 minutos"},"schema":{"@context":"https:\/\/schema.org","@graph":[{"@type":"WebPage","@id":"https:\/\/azulcima.com\/index.php\/consultaprioritaria\/","url":"https:\/\/azulcima.com\/index.php\/consultaprioritaria\/","name":"Consulta prioritaria | Azul Cima | Servisalud urgencias","isPartOf":{"@id":"https:\/\/azulcima.com\/#website"},"datePublished":"2020-10-08T23:02:18+00:00","dateModified":"2025-08-13T21:56:17+00:00","description":"En Azul Cima prestamos servicio de consulta prioritaria para enfermedades que no comprometen la vida del paciente.","breadcrumb":{"@id":"https:\/\/azulcima.com\/index.php\/consultaprioritaria\/#breadcrumb"},"inLanguage":"es-CO","potentialAction":[{"@type":"ReadAction","target":["https:\/\/azulcima.com\/index.php\/consultaprioritaria\/"]}]},{"@type":"BreadcrumbList","@id":"https:\/\/azulcima.com\/index.php\/consultaprioritaria\/#breadcrumb","itemListElement":[{"@type":"ListItem","position":1,"name":"Home","item":"https:\/\/azulcima.com\/"},{"@type":"ListItem","position":2,"name":"Consulta prioritaria"}]},{"@type":"WebSite","@id":"https:\/\/azulcima.com\/#website","url":"https:\/\/azulcima.com\/","name":"M\u00e1s que una cl\u00ednica, una experiencia en salud | Azul Cima","description":"M\u00e1s que una cl\u00ednica, una experiencia en salud |  Somos Azul Cima una de las m\u00e1s innovadoras de Colombia, pensada para brindarte una experiencia en Salud, con servicios de alta complejidad.","publisher":{"@id":"https:\/\/azulcima.com\/#organization"},"potentialAction":[{"@type":"SearchAction","target":{"@type":"EntryPoint","urlTemplate":"https:\/\/azulcima.com\/?s={search_term_string}"},"query-input":{"@type":"PropertyValueSpecification","valueRequired":true,"valueName":"search_term_string"}}],"inLanguage":"es-CO"},{"@type":"Organization","@id":"https:\/\/azulcima.com\/#organization","name":"Clinica Azul - Una Experiencia en Salud","url":"https:\/\/azulcima.com\/","logo":{"@type":"ImageObject","inLanguage":"es-CO","@id":"https:\/\/azulcima.com\/#\/schema\/logo\/image\/","url":"http:\/\/azulcima.com\/wp-content\/uploads\/2020\/05\/logo_clinicaAzul_color2X.png","contentUrl":"http:\/\/azulcima.com\/wp-content\/uploads\/2020\/05\/logo_clinicaAzul_color2X.png","width":664,"height":132,"caption":"Clinica Azul - Una Experiencia en Salud"},"image":{"@id":"https:\/\/azulcima.com\/#\/schema\/logo\/image\/"}}]}},"_links":{"self":[{"href":"https:\/\/azulcima.com\/index.php\/wp-json\/wp\/v2\/pages\/10014"}],"collection":[{"href":"https:\/\/azulcima.com\/index.php\/wp-json\/wp\/v2\/pages"}],"about":[{"href":"https:\/\/azulcima.com\/index.php\/wp-json\/wp\/v2\/types\/page"}],"author":[{"embeddable":true,"href":"https:\/\/azulcima.com\/index.php\/wp-json\/wp\/v2\/users\/3"}],"replies":[{"embeddable":true,"href":"https:\/\/azulcima.com\/index.php\/wp-json\/wp\/v2\/comments?post=10014"}],"version-history":[{"count":5,"href":"https:\/\/azulcima.com\/index.php\/wp-json\/wp\/v2\/pages\/10014\/revisions"}],"predecessor-version":[{"id":10025,"href":"https:\/\/azulcima.com\/index.php\/wp-json\/wp\/v2\/pages\/10014\/revisions\/10025"}],"wp:attachment":[{"href":"https:\/\/azulcima.com\/index.php\/wp-json\/wp\/v2\/media?parent=10014"}],"curies":[{"name":"wp","href":"https:\/\/api.w.org\/{rel}","templated":true}]}}